{"id":17472,"date":"2025-01-07T12:20:30","date_gmt":"2025-01-07T11:20:30","guid":{"rendered":"https:\/\/cmb.hu-berlin.de\/instances\/"},"modified":"2026-02-23T10:29:57","modified_gmt":"2026-02-23T09:29:57","slug":"instances","status":"publish","type":"page","link":"https:\/\/cmb.hu-berlin.de\/fr\/le-centre-marc-bloch\/instances\/","title":{"rendered":"Instances"},"content":{"rendered":"\n<div class=\"wp-block-columns is-layout-flex wp-container-core-columns-is-layout-9d6595d7 wp-block-columns-is-layout-flex\">\n<div class=\"wp-block-column is-layout-flow wp-block-column-is-layout-flow\" style=\"flex-basis:100%\"><section class=\"header-section\">\n    <h1 class=\"block-headline\">Instances<\/h1>\n\n<\/section>\n<\/div>\n<\/div>\n\n\n\n<div class=\"wp-block-columns is-layout-flex wp-container-core-columns-is-layout-9d6595d7 wp-block-columns-is-layout-flex\">\n<div class=\"wp-block-column is-layout-flow wp-block-column-is-layout-flow\" style=\"flex-basis:100%\">\n<section class=\"two-column-text-section\">\n    \n            <div class=\"two-column-content\">\n            <p>La structure du Centre Marc Bloch est marqu\u00e9e par son identit\u00e9 et mode de fonctionnement binational(e) qui ont \u00e9t\u00e9 consolid\u00e9s en 2015 par la cr\u00e9ation de l&rsquo;association \u00e0 but non lucratif\u00a0 Centre Marc Bloch e.V.\u00a0 Elle r\u00e9unit les tutelles fran\u00e7aises et allemandes du Centre Marc Bloch au sein d\u2019un \u00e9tablissement unique dans le paysage de la recherche.<\/p>\n<p>L&rsquo;obtention de la personnalit\u00e9 juridique allemande permet de maintenir les structures et les accords d\u00e9j\u00e0 existants avec le CNRS et le MEAE. Le Centre Marc Bloch continue donc \u00e0 faire partie du r\u00e9seau des instituts fran\u00e7ais de recherche \u00e0 l&rsquo;\u00e9tranger (en tant qu&rsquo;Unit\u00e9 mixte des instituts fran\u00e7ais de recherche \u00e0 l&rsquo;\u00e9tranger, UMIFRE n\u00b014 CNRS-MEAE) ainsi qu&rsquo;un organisme de recherche fran\u00e7ais du CNRS (en tant qu&rsquo;Unit\u00e9 d&rsquo;appui \u00e0 la recherche, UAR 3130).<\/p>\n<p>&nbsp;<\/p>\n<p>En outre, le CMB est solidement ancr\u00e9 dans le paysage universitaire berlinois : depuis mars 2011, il a le statut d&rsquo;<a href=\"https:\/\/cmb.hu-berlin.de\/fr\/le-centre-marc-bloch\/instances\/comite-de-coordination-de-lan-institut\/\">An-Institut <\/a>de l&rsquo;Universit\u00e9 Humboldt de Berlin.<\/p>\n        <\/div>\n    <\/section><\/div>\n<\/div>\n\n\n\n<div class=\"wp-block-columns is-layout-flex wp-container-core-columns-is-layout-9d6595d7 wp-block-columns-is-layout-flex\">\n<div class=\"wp-block-column is-layout-flow wp-block-column-is-layout-flow\" style=\"flex-basis:50%\">\n<div class=\"wp-block-buttons is-content-justification-space-between is-layout-flex wp-container-core-buttons-is-layout-92ad474a wp-block-buttons-is-layout-flex\">\n<div class=\"wp-block-button is-style-outline is-style-outline--1\"><a class=\"wp-block-button__link wp-element-button\" href=\"https:\/\/cmb.hu-berlin.de\/wp-content\/uploads\/2025\/10\/20240621_Statuts-actuels.pdf\">Statuts de l&rsquo;association Centre Marc Bloch e.V.<\/a><\/div>\n<\/div>\n\n\n\n<div class=\"wp-block-buttons is-layout-flex wp-block-buttons-is-layout-flex\">\n<div class=\"wp-block-button is-style-outline is-style-outline--2\"><a class=\"wp-block-button__link wp-element-button\" href=\"https:\/\/cmb.hu-berlin.de\/wp-content\/uploads\/2025\/10\/2024_reglement_Institutsordnung_08072024.pdf\">R\u00e8glement int\u00e9rieur du Centre Marc Bloch<\/a><\/div>\n<\/div>\n<\/div>\n\n\n\n<div class=\"wp-block-column is-layout-flow wp-block-column-is-layout-flow\" style=\"flex-basis:50%\">\n<div class=\"wp-block-buttons is-layout-flex wp-block-buttons-is-layout-flex\"><\/div>\n<\/div>\n<\/div>\n\n\n<section class=\"subpage-links-repeater\">\n\t          <h3 class=\"section-headline\">Comit\u00e9s<\/h3>\n    \t<div class=\"custom-page-links-repeater-wrapper\">\n   \n\n\t\t\t   \n\t\t\t  \t\t\t  \n\n\t\t\t <a href=\"https:\/\/cmb.hu-berlin.de\/fr\/le-centre-marc-bloch\/instances\/lassemblee-des-membres\/\" class=\"subpage-link\" >\n\t\t\t\t <img decoding=\"async\" src=\"https:\/\/cmb.hu-berlin.de\/wp-content\/themes\/cmb\/assets\/images\/arrow.svg\" alt=\"arrow\" class=\"arrow\">\n\t\t\t\t<h3 class=\"subpage-title\">Assembl\u00e9e des membres<\/h3>\n\t\t\t  <\/a><br\/>\n\t\t \n\t\t\t  \t\t\t  \n\n\t\t\t <a href=\"https:\/\/cmb.hu-berlin.de\/fr\/le-centre-marc-bloch\/instances\/wissenschaftlicher-beirat\/\" class=\"subpage-link\" >\n\t\t\t\t <img decoding=\"async\" src=\"https:\/\/cmb.hu-berlin.de\/wp-content\/themes\/cmb\/assets\/images\/arrow.svg\" alt=\"arrow\" class=\"arrow\">\n\t\t\t\t<h3 class=\"subpage-title\">Conseil scientifique<\/h3>\n\t\t\t  <\/a><br\/>\n\t\t \n\t\t\t  \t\t\t  \n\n\t\t\t <a href=\"https:\/\/cmb.hu-berlin.de\/fr\/le-centre-marc-bloch\/instances\/vorstand-directoire\/\" class=\"subpage-link\" >\n\t\t\t\t <img decoding=\"async\" src=\"https:\/\/cmb.hu-berlin.de\/wp-content\/themes\/cmb\/assets\/images\/arrow.svg\" alt=\"arrow\" class=\"arrow\">\n\t\t\t\t<h3 class=\"subpage-title\">Vorstand (directoire)<\/h3>\n\t\t\t  <\/a><br\/>\n\t\t \t\t\n\t <\/div>\n    <\/div>\n<\/section>\n\n<section class=\"subpage-links-repeater\">\n\t          <h3 class=\"section-headline\">Organes consultatifs<\/h3>\n    \t<div class=\"custom-page-links-repeater-wrapper\">\n   \n\n\t\t\t   \n\t\t\t  \t\t\t  \n\n\t\t\t <a href=\"https:\/\/cmb.hu-berlin.de\/fr\/le-centre-marc-bloch\/instances\/le-conseil-de-laboratoire\/\" class=\"subpage-link\" >\n\t\t\t\t <img decoding=\"async\" src=\"https:\/\/cmb.hu-berlin.de\/wp-content\/themes\/cmb\/assets\/images\/arrow.svg\" alt=\"arrow\" class=\"arrow\">\n\t\t\t\t<h3 class=\"subpage-title\">Conseil de laboratoire<\/h3>\n\t\t\t  <\/a><br\/>\n\t\t \n\t\t\t  \t\t\t  \n\n\t\t\t <a href=\"https:\/\/cmb.hu-berlin.de\/das-centre-marc-bloch\/struktur\/le-comite-de-selection\/\" class=\"subpage-link\" >\n\t\t\t\t <img decoding=\"async\" src=\"https:\/\/cmb.hu-berlin.de\/wp-content\/themes\/cmb\/assets\/images\/arrow.svg\" alt=\"arrow\" class=\"arrow\">\n\t\t\t\t<h3 class=\"subpage-title\">Comit\u00e9 de s\u00e9lection<\/h3>\n\t\t\t  <\/a><br\/>\n\t\t \n\t\t\t  \t\t\t  \n\n\t\t\t <a href=\"https:\/\/cmb.hu-berlin.de\/fr\/le-centre-marc-bloch\/instances\/comite-de-deontologie\/\" class=\"subpage-link\" >\n\t\t\t\t <img decoding=\"async\" src=\"https:\/\/cmb.hu-berlin.de\/wp-content\/themes\/cmb\/assets\/images\/arrow.svg\" alt=\"arrow\" class=\"arrow\">\n\t\t\t\t<h3 class=\"subpage-title\">Comit\u00e9 de d\u00e9ontologie<\/h3>\n\t\t\t  <\/a><br\/>\n\t\t \n\t\t\t  \t\t\t  \n\n\t\t\t <a href=\"https:\/\/cmb.hu-berlin.de\/fr\/le-centre-marc-bloch\/instances\/comite-de-coordination-de-lan-institut\/\" class=\"subpage-link\" >\n\t\t\t\t <img decoding=\"async\" src=\"https:\/\/cmb.hu-berlin.de\/wp-content\/themes\/cmb\/assets\/images\/arrow.svg\" alt=\"arrow\" class=\"arrow\">\n\t\t\t\t<h3 class=\"subpage-title\">Conseil de coordination de l&rsquo;An-Insitut (HU)<\/h3>\n\t\t\t  <\/a><br\/>\n\t\t \n\t\t\t  \t\t\t  \n\n\t\t\t <a href=\"https:\/\/cmb.hu-berlin.de\/fr\/le-centre-marc-bloch\/instances\/gt-protection-du-climat\/\" class=\"subpage-link\" >\n\t\t\t\t <img decoding=\"async\" src=\"https:\/\/cmb.hu-berlin.de\/wp-content\/themes\/cmb\/assets\/images\/arrow.svg\" alt=\"arrow\" class=\"arrow\">\n\t\t\t\t<h3 class=\"subpage-title\">GT Protection du climat<\/h3>\n\t\t\t  <\/a><br\/>\n\t\t \t\t\n\t <\/div>\n    <\/div>\n<\/section>\n\n\n<div class=\"wp-block-buttons is-layout-flex wp-block-buttons-is-layout-flex\"><\/div>\n\n\n\n<p><\/p>\n","protected":false},"excerpt":{"rendered":"","protected":false},"author":1,"featured_media":0,"parent":18269,"menu_order":0,"comment_status":"closed","ping_status":"closed","template":"page-modular.php","meta":{"_acf_changed":false,"footnotes":""},"class_list":["post-17472","page","type-page","status-publish","hentry"],"acf":[],"_links":{"self":[{"href":"https:\/\/cmb.hu-berlin.de\/fr\/wp-json\/wp\/v2\/pages\/17472","targetHints":{"allow":["GET"]}}],"collection":[{"href":"https:\/\/cmb.hu-berlin.de\/fr\/wp-json\/wp\/v2\/pages"}],"about":[{"href":"https:\/\/cmb.hu-berlin.de\/fr\/wp-json\/wp\/v2\/types\/page"}],"author":[{"embeddable":true,"href":"https:\/\/cmb.hu-berlin.de\/fr\/wp-json\/wp\/v2\/users\/1"}],"replies":[{"embeddable":true,"href":"https:\/\/cmb.hu-berlin.de\/fr\/wp-json\/wp\/v2\/comments?post=17472"}],"version-history":[{"count":7,"href":"https:\/\/cmb.hu-berlin.de\/fr\/wp-json\/wp\/v2\/pages\/17472\/revisions"}],"predecessor-version":[{"id":22693,"href":"https:\/\/cmb.hu-berlin.de\/fr\/wp-json\/wp\/v2\/pages\/17472\/revisions\/22693"}],"up":[{"embeddable":true,"href":"https:\/\/cmb.hu-berlin.de\/fr\/wp-json\/wp\/v2\/pages\/18269"}],"wp:attachment":[{"href":"https:\/\/cmb.hu-berlin.de\/fr\/wp-json\/wp\/v2\/media?parent=17472"}],"curies":[{"name":"wp","href":"https:\/\/api.w.org\/{rel}","templated":true}]}}