{"id":18242,"date":"2025-01-16T12:26:27","date_gmt":"2025-01-16T11:26:27","guid":{"rendered":"https:\/\/cmb.hu-berlin.de\/?page_id=18242"},"modified":"2026-03-05T12:04:22","modified_gmt":"2026-03-05T11:04:22","slug":"climat","status":"publish","type":"page","link":"https:\/\/cmb.hu-berlin.de\/fr\/le-centre-marc-bloch\/leitbild\/climat\/","title":{"rendered":"Climat"},"content":{"rendered":"<section class=\"header-section\">\n    <h1 class=\"block-headline\">Protection du climat<\/h1>\n\n<\/section>\n\n\n\n<section class=\"one-box-text-section\">\n    \n    <div class=\"box-container cut\">\n              \n    <\/div>\n<\/section>\n\n\n<section class=\"one-box-text-section\">\n    \n    <div class=\"box-container full\">\n                    <div class=\"text-box\">\n                <p>L&rsquo;urgence de la crise climatique, confirm\u00e9e par le GIEC, par de nombreux objectifs communs entre les gouvernements allemand et fran\u00e7ais, mais aussi globalement par l\u2019essentiel de la communaut\u00e9 scientifique mondiale, est pleinement reconnue et prise au s\u00e9rieux par le Centre Marc Bloch. Afin de r\u00e9pondre \u00e0 cette urgence, le Centre cherche \u00e0 contribuer activement \u00e0 la gestion de la crise climatique en r\u00e9duisant ses propres \u00e9missions de gaz \u00e0 effet de serre.<\/p>\n<p>&nbsp;<\/p>\n<p>Pour encourager la prise de d\u00e9cision et l\u2019action dans cette voie, un<strong> groupe de travail sur la protection du climat<\/strong> a \u00e9t\u00e9 cr\u00e9\u00e9 au Centre en 2022. Le groupe de travail \u00ab Protection du climat \u00bb est un organe consultatif du Centre Marc Bloch port\u00e9 sur les questions de d\u00e9veloppement durable et de lutte contre le changement climatique au sein du Centre. Il s\u2019agit d\u2019un lieu d&rsquo;\u00e9change ouvert \u00e0 tous les membres du Centre, quel que soit leur statut. Les r\u00e9unions ont g\u00e9n\u00e9ralement lieu tous les mois. Quant \u00e0 l\u2019ordre du jour des r\u00e9unions, celui-ci est \u00e9tabli selon les suggestions des membres du Centre. Le groupe de travail peut formuler des recommandations et signifier au Conseil de laboratoire les points qu&rsquo;il souhaite voir figurer \u00e0 l&rsquo;ordre du jour du Conseil.<\/p>\n            <\/div>\n              \n    <\/div>\n<\/section>\n\n\n<section class=\"two-box-text-section\">\n            <h3 class=\"section-headline\">Mesures de protection du climat<\/h3>\n    \n    <div class=\"box-container\">\n                    <div class=\"text-box\">\n                <p>Le groupe de travail \u00ab Protection du climat \u00bb a \u00e9labor\u00e9 la <strong><a href=\"https:\/\/cmb.hu-berlin.de\/wp-content\/uploads\/2025\/11\/CMB-Klimaschutzstrategie_final-dt.-frz.-Stand-Nov.-2025-1.pdf\">strat\u00e9gie de protection du climat du CMB<\/a><\/strong>. Auparavant, il avait d\u00e9j\u00e0 mis au point les mesures suivantes, qui ont ensuite \u00e9t\u00e9 adopt\u00e9es par le conseil de laboratoire de l&rsquo;institut apr\u00e8s une consultation approfondie et approuv\u00e9es par la direction\u00a0 Centre :<\/p>\n<p>&nbsp;<\/p>\n<p>&nbsp;<\/p>\n            <\/div>\n                            <div class=\"text-box\">\n                <ul>\n<li><a href=\"https:\/\/cmb.hu-berlin.de\/wp-content\/uploads\/2025\/11\/20250120_CMB-Reiserichtlinien_Update_vote.pdf\">Mesures<\/a> du Centre Marc Bloch concernant les voyages.<\/li>\n<li><a href=\"https:\/\/cmb.hu-berlin.de\/wp-content\/uploads\/2026\/03\/Hinweise-zu-Einladungen_2026.pdf\">Note pr\u00e9sente sur toutes les invitations du CMB<\/a> \u00e0 des invit\u00e9.e.s\/conf\u00e9rencier.e.s externes venant d&rsquo;autres pays europ\u00e9ens, leur demandant d&rsquo;\u00e9viter autant que possible de prendre l&rsquo;avion et de choisir le train.<\/li>\n<li><a href=\"https:\/\/cmb.hu-berlin.de\/wp-content\/uploads\/2025\/11\/Politique-de-remboursement-des-voyages-Stand-2025.pdf\">Plafonds de remboursement<\/a> \u00e9chelonn\u00e9s pour les voyages en train et en avion en Europe. Les vols int\u00e9rieurs ne sont pas rembours\u00e9s, les vols outre-mer seulement sous certaines conditions.<\/li>\n<li><a href=\"https:\/\/cmb.hu-berlin.de\/wp-content\/uploads\/2025\/11\/Massnahmen-Catering.pdf\" target=\"_blank\" rel=\"noopener\">Mesures<\/a> pour la restauration lors des \u00e9v\u00e9nements CMB (en principe v\u00e9g\u00e9tariens ou v\u00e9g\u00e9taliens)<\/li>\n<\/ul>\n            <\/div>\n            <\/div>\n<\/section>\n\n<section class=\"people-repeater\">\n      <h3 class=\"section-headline\">D\u00e9l\u00e9gu\u00e9.e.s<\/h3>\n  \n  <div class=\"people-grid\">\n          \n        \n        <a href=\"https:\/\/cmb.hu-berlin.de\/fr\/people\/lucile-debras\/\"\n           class=\"person-box person-box-link\"\n           data-person-gender=\"f\"\n           data-lang=\"fr\">\n\n          <div class=\"person-image-wrapper\">\n            <img decoding=\"async\" src=\"https:\/\/cmb.hu-berlin.de\/wp-content\/uploads\/2025\/04\/Lucile-Debras-683x1024.jpg\"\n                 alt=\"Lucile Debras\"\n                 class=\"person-image\" \/>\n          <\/div>\n\n          <h4 class=\"person-name\">Lucile Debras<\/h4>\n\n          <div class=\"person-meta\">\n                          <div class=\"person-position\">\n                <span class=\"genderize\">Administration UMIFRE \/ ERC \/ ANR<\/span>              <\/div>\n            \n                          <div class=\"person-function\">\n                <span class=\"genderize\">Klimaschutzbeauftragte<\/span>              <\/div>\n                      <\/div>\n\n        <\/a>\n\n      \n        \n        <a href=\"https:\/\/cmb.hu-berlin.de\/fr\/people\/benjamin-beuerle\/\"\n           class=\"person-box person-box-link\"\n           data-person-gender=\"m\"\n           data-lang=\"fr\">\n\n          <div class=\"person-image-wrapper\">\n            <img decoding=\"async\" src=\"https:\/\/cmb.hu-berlin.de\/wp-content\/uploads\/2025\/04\/DSC07406-bis-1024x928.jpg\"\n                 alt=\"Benjamin Beuerle\"\n                 class=\"person-image\" \/>\n          <\/div>\n\n          <h4 class=\"person-name\">Benjamin Beuerle<\/h4>\n\n          <div class=\"person-meta\">\n                          <div class=\"person-position\">\n                <span class=\"genderize\">Forschende<\/span>              <\/div>\n            \n                          <div class=\"person-function\">\n                <span class=\"genderize\">Klimaschutzbeauftragte<\/span>              <\/div>\n                      <\/div>\n\n        <\/a>\n\n            <\/div>\n<\/section>\n\n<section class=\"subpage-links-repeater\">\n\t  \t<div class=\"custom-page-links-repeater-wrapper\">\n   \n\n\t\t\t   \n\t\t\t  \t\t\t  \n\n\t\t\t <a href=\"https:\/\/cmb.hu-berlin.de\/fr\/le-centre-marc-bloch\/instances\/gt-protection-du-climat\/\" class=\"subpage-link\" >\n\t\t\t\t <img decoding=\"async\" src=\"https:\/\/cmb.hu-berlin.de\/wp-content\/themes\/cmb\/assets\/images\/arrow.svg\" alt=\"arrow\" class=\"arrow\">\n\t\t\t\t<h3 class=\"subpage-title\">AG Klimaschutz<\/h3>\n\t\t\t  <\/a><br\/>\n\t\t \t\t\n\t <\/div>\n    <\/div>\n<\/section>","protected":false},"excerpt":{"rendered":"","protected":false},"author":4,"featured_media":0,"parent":18560,"menu_order":0,"comment_status":"closed","ping_status":"closed","template":"page-modular.php","meta":{"_acf_changed":false,"footnotes":""},"class_list":["post-18242","page","type-page","status-publish","hentry"],"acf":[],"_links":{"self":[{"href":"https:\/\/cmb.hu-berlin.de\/fr\/wp-json\/wp\/v2\/pages\/18242","targetHints":{"allow":["GET"]}}],"collection":[{"href":"https:\/\/cmb.hu-berlin.de\/fr\/wp-json\/wp\/v2\/pages"}],"about":[{"href":"https:\/\/cmb.hu-berlin.de\/fr\/wp-json\/wp\/v2\/types\/page"}],"author":[{"embeddable":true,"href":"https:\/\/cmb.hu-berlin.de\/fr\/wp-json\/wp\/v2\/users\/4"}],"replies":[{"embeddable":true,"href":"https:\/\/cmb.hu-berlin.de\/fr\/wp-json\/wp\/v2\/comments?post=18242"}],"version-history":[{"count":27,"href":"https:\/\/cmb.hu-berlin.de\/fr\/wp-json\/wp\/v2\/pages\/18242\/revisions"}],"predecessor-version":[{"id":23173,"href":"https:\/\/cmb.hu-berlin.de\/fr\/wp-json\/wp\/v2\/pages\/18242\/revisions\/23173"}],"up":[{"embeddable":true,"href":"https:\/\/cmb.hu-berlin.de\/fr\/wp-json\/wp\/v2\/pages\/18560"}],"wp:attachment":[{"href":"https:\/\/cmb.hu-berlin.de\/fr\/wp-json\/wp\/v2\/media?parent=18242"}],"curies":[{"name":"wp","href":"https:\/\/api.w.org\/{rel}","templated":true}]}}