{"id":18269,"date":"2025-01-07T12:17:47","date_gmt":"2025-01-07T11:17:47","guid":{"rendered":"https:\/\/cmb.hu-berlin.de\/?page_id=18269"},"modified":"2026-02-23T09:30:47","modified_gmt":"2026-02-23T08:30:47","slug":"le-centre-marc-bloch","status":"publish","type":"page","link":"https:\/\/cmb.hu-berlin.de\/fr\/le-centre-marc-bloch\/","title":{"rendered":"Le Centre Marc Bloch"},"content":{"rendered":"<section class=\"header-section\">\n    <h1 class=\"block-headline\">Qui sommes-nous?<\/h1>\n\n<\/section>\n\n\n\t<section class=\"subheadline_section\">\n\t    <h2 class=\"block-subheadline\">Un centre franco-allemand de recherche en sciences humaines et sociales <\/h2>\n\t<\/section>\n\n\n\n<div class=\"wp-block-group\"><div class=\"wp-block-group__inner-container is-layout-constrained wp-block-group-is-layout-constrained\">\n<div class=\"wp-block-group\"><div class=\"wp-block-group__inner-container is-layout-constrained wp-block-group-is-layout-constrained\">\n<div class=\"wp-block-columns is-layout-flex wp-container-core-columns-is-layout-9d6595d7 wp-block-columns-is-layout-flex\">\n<div class=\"wp-block-column is-layout-flow wp-block-column-is-layout-flow\" style=\"flex-basis:100%\">\n<figure class=\"wp-block-gallery has-nested-images columns-default is-cropped wp-block-gallery-1 is-layout-flex wp-block-gallery-is-layout-flex\">\n<figure class=\"wp-block-image size-large\"><img loading=\"lazy\" decoding=\"async\" width=\"600\" height=\"415\" data-id=\"9934\" src=\"https:\/\/cmb.hu-berlin.de\/wp-content\/uploads\/2025\/06\/cmb.jpg\" alt=\"\" class=\"wp-image-9934\" srcset=\"https:\/\/cmb.hu-berlin.de\/wp-content\/uploads\/2025\/06\/cmb.jpg 600w, https:\/\/cmb.hu-berlin.de\/wp-content\/uploads\/2025\/06\/cmb-300x208.jpg 300w\" sizes=\"auto, (max-width: 600px) 100vw, 600px\" \/><\/figure>\n\n\n\n<figure class=\"wp-block-image size-large\"><img loading=\"lazy\" decoding=\"async\" width=\"1024\" height=\"768\" data-id=\"9932\" src=\"https:\/\/cmb.hu-berlin.de\/wp-content\/uploads\/2025\/06\/thumbnail_20200821_085423-1024x768.jpg\" alt=\"\" class=\"wp-image-9932\" srcset=\"https:\/\/cmb.hu-berlin.de\/wp-content\/uploads\/2025\/06\/thumbnail_20200821_085423-1024x768.jpg 1024w, https:\/\/cmb.hu-berlin.de\/wp-content\/uploads\/2025\/06\/thumbnail_20200821_085423-300x225.jpg 300w, https:\/\/cmb.hu-berlin.de\/wp-content\/uploads\/2025\/06\/thumbnail_20200821_085423-768x576.jpg 768w, https:\/\/cmb.hu-berlin.de\/wp-content\/uploads\/2025\/06\/thumbnail_20200821_085423.jpg 1280w\" sizes=\"auto, (max-width: 1024px) 100vw, 1024px\" \/><\/figure>\n\n\n\n<figure class=\"wp-block-image size-large\"><img loading=\"lazy\" decoding=\"async\" width=\"1024\" height=\"666\" data-id=\"9936\" src=\"https:\/\/cmb.hu-berlin.de\/wp-content\/uploads\/2025\/06\/IMG_2153-1024x666.jpg\" alt=\"\" class=\"wp-image-9936\" srcset=\"https:\/\/cmb.hu-berlin.de\/wp-content\/uploads\/2025\/06\/IMG_2153-1024x666.jpg 1024w, https:\/\/cmb.hu-berlin.de\/wp-content\/uploads\/2025\/06\/IMG_2153-300x195.jpg 300w, https:\/\/cmb.hu-berlin.de\/wp-content\/uploads\/2025\/06\/IMG_2153-768x500.jpg 768w, https:\/\/cmb.hu-berlin.de\/wp-content\/uploads\/2025\/06\/IMG_2153-1536x999.jpg 1536w, https:\/\/cmb.hu-berlin.de\/wp-content\/uploads\/2025\/06\/IMG_2153-2048x1332.jpg 2048w\" sizes=\"auto, (max-width: 1024px) 100vw, 1024px\" \/><\/figure>\n<\/figure>\n<\/div>\n<\/div>\n<\/div><\/div>\n<\/div><\/div>\n\n\n\n<section class=\"one-box-text-section\">\n    \n    <div class=\"box-container full\">\n                    <div class=\"text-box\">\n                <p><strong>Institution de recherche et de formation \u00e0 la recherche, le Centre Marc Bloch se caract\u00e9rise par son interdisciplinarit\u00e9 et sa dimension franco-allemande. La pratique interdisciplinaire est au c\u0153ur de tous les projets et des p\u00f4les de recherche du CMB, qui articulent les diff\u00e9rentes disciplines des sciences humaines et sociales.<\/strong><\/p>\n<p>&nbsp;<\/p>\n<p>La dimension franco-allemande est un enjeu essentiel de la pratique et de la r\u00e9flexion scientifiques au CMB. Elle constitue le socle \u00e0 partir duquel s\u2019\u00e9laborent des coop\u00e9rations europ\u00e9ennes et internationales plus larges, en particulier avec l\u2019Europe centrale et orientale et l\u2019espace m\u00e9diterran\u00e9en. Le Centre Marc Bloch joue un r\u00f4le important de \u00ab passeur \u00bb entre la France et l\u2019Allemagne, constituant un relais de premier plan dans la mise en r\u00e9seaux des universit\u00e9s, des laboratoires et des chercheur.e.s des deux pays.<\/p>\n            <\/div>\n              \n    <\/div>\n<\/section>\n\n\n<section class=\"one-box-text-section\">\n            <h3 class=\"section-headline\">Histoire du Centre Marc Bloch<\/h3>\n    \n    <div class=\"box-container full\">\n                    <div class=\"text-box\">\n                <p>Au lendemain de la chute du Mur de Berlin, les gouvernements fran\u00e7ais et allemand ont conjointement d\u00e9cid\u00e9 de cr\u00e9er un centre franco-allemand de recherche en sciences sociales ouvert sur l\u2019Europe. Fond\u00e9 le 9 octobre 1992, le CMB a \u00e9t\u00e9 plac\u00e9, lors de son inauguration le 8 septembre 1994, sous le patronage de l\u2019historien m\u00e9di\u00e9viste Marc Bloch (1886-1944).<\/p>\n<p>&nbsp;<\/p>\n<p>Le premier directeur en fut l\u2019historien \u00c9tienne Fran\u00e7ois (1992-1999), suivi par la philosophe Catherine Colliot-Th\u00e9l\u00e8ne (2000-2005), la politologue Pascale Laborier (2005-2010), l&rsquo;historien Patrice Veit (2010-2015), l&rsquo;historienne Catherine Gousseff (2015-2018) puis l\u2019historien Jakob Vogel (2018-2023). La direction est assur\u00e9e actuellement par le politologue <a href=\"https:\/\/cmb.hu-berlin.de\/fr\/people\/17704\/\">Jay Rowell<\/a>.<\/p>\n<p>&nbsp;<\/p>\n<p>Le Centre Marc Bloch se caract\u00e9rise par une identit\u00e9 et un mode de fonctionnement binationaux, renforc\u00e9s depuis 2015 par la cr\u00e9ation d\u2019une association reconnue d\u2019utilit\u00e9 publique de droit allemand qui porte le nom de \u00ab\u00a0Centre Marc Bloch e.V.\u00a0\u00bb. Celle-ci rassemble entre autres les tutelles fran\u00e7aises et allemandes du Centre Marc Bloch, en faisant une institution unique dans le monde de la recherche. Les membres de cette association se composent d\u2019une part des tutelles minist\u00e9rielles \u2013 le <a title=\"\u00d6ffnet externen Link in neuem Fenster\" href=\"http:\/\/www.diplomatie.gouv.fr\/fr\/\" target=\"_blank\" rel=\"noopener noreferrer\">Minist\u00e8re de l&rsquo;Europe et des Affaires \u00e9trang\u00e8res <\/a>(MEAE), le <a href=\"https:\/\/www.enseignementsup-recherche.gouv.fr\/fr\">Minist\u00e8re de l\u2019Enseignement sup\u00e9rieur, de la recherche\u00a0 et de l\u2019espace<\/a> (MESRE) et le <a title=\"\u00d6ffnet externen Link in neuem Fenster\" href=\"https:\/\/www.bmftr.bund.de\/DE\/Home\/home_node.html\" target=\"_blank\" rel=\"noopener noreferrer\">Minist\u00e8re f\u00e9d\u00e9ral allemand de la Recherche, de la Technologie et de l&rsquo;Espace\u00a0<\/a> (BMFTR) \u2013 et d\u2019autre part d\u2019institutions de recherche \u2013 le <a title=\"\u00d6ffnet externen Link in neuem Fenster\" href=\"http:\/\/www.cnrs.fr\/\" target=\"_blank\" rel=\"noopener noreferrer\">Centre national de la recherche scientifique<\/a> (CNRS), l\u2019<a title=\"\u00d6ffnet externen Link in neuem Fenster\" href=\"https:\/\/www.ehess.fr\/fr\" target=\"_blank\" rel=\"noopener noreferrer\">\u00c9cole des Hautes \u00c9tudes en Sciences Sociales<\/a> (EHESS) et le <a title=\"\u00d6ffnet externen Link in neuem Fenster\" href=\"https:\/\/www.wiko-berlin.de\/\" target=\"_blank\" rel=\"noopener noreferrer\">Wissenschaftskolleg zu Berlin<\/a> (WiKo). \u00c0 cela s\u2019ajoutent deux autres partenaires institutionnels, le <a title=\"\u00d6ffnet externen Link in neuem Fenster\" href=\"https:\/\/www.berlin.de\/rbmskzl\/aktuelles\/\" target=\"_blank\" rel=\"noopener noreferrer\">S\u00e9nat de Berlin<\/a> et l\u2019<a title=\"\u00d6ffnet externen Link in neuem Fenster\" href=\"https:\/\/www.dfh-ufa.org\/fr\/accueil\/\" target=\"_blank\" rel=\"noopener noreferrer\">Universit\u00e9 Franco-Allemande<\/a>, un acteur central de la coop\u00e9ration scientifique franco-allemande.<\/p>\n<p>&nbsp;<\/p>\n<p>Le Centre Marc Bloch reste \u00e9galement une Unit\u00e9 mixte des instituts fran\u00e7ais de recherche \u00e0 l\u2019\u00e9tranger (UMIFRE n\u00b0 14 CNRS \u2013 MEAE) et une Unit\u00e9 d&rsquo;appui et de recherche du CNRS (UAR 3130).<\/p>\n<p>&nbsp;<\/p>\n<p>Par ailleurs, depuis mars 2011, le CMB b\u00e9n\u00e9ficie du statut d\u2019\u00ab\u00a0<a href=\"https:\/\/cmb.hu-berlin.de\/fr\/le-centre-marc-bloch\/instances\/comite-de-coordination-de-lan-institut\/\">An-Institut\u00a0<\/a>\u00bb de l\u2019Universit\u00e9 Humboldt de Berlin, ce qui a consacr\u00e9 son int\u00e9gration p\u00e9renne au paysage scientifique berlinois.<\/p>\n            <\/div>\n              \n    <\/div>\n<\/section>\n\n<section class=\"subpage-links-repeater\">\n\t          <h3 class=\"section-headline\">Instances du CMB<\/h3>\n    \t<div class=\"custom-page-links-repeater-wrapper\">\n   \n\n\t\t\t   \n\t\t\t  \t\t\t  \n\n\t\t\t <a href=\"https:\/\/cmb.hu-berlin.de\/fr\/le-centre-marc-bloch\/instances\/\" class=\"subpage-link\" >\n\t\t\t\t <img decoding=\"async\" src=\"https:\/\/cmb.hu-berlin.de\/wp-content\/themes\/cmb\/assets\/images\/arrow.svg\" alt=\"arrow\" class=\"arrow\">\n\t\t\t\t<h3 class=\"subpage-title\">Instances du CMB<\/h3>\n\t\t\t  <\/a><br\/>\n\t\t \t\t\n\t <\/div>\n    <\/div>\n<\/section>\n\n<section class=\"people-repeater\">\n      <h3 class=\"section-headline\">Leitung<\/h3>\n  \n  <div class=\"people-grid\">\n          \n        \n        <a href=\"https:\/\/cmb.hu-berlin.de\/fr\/people\/17704\/\"\n           class=\"person-box person-box-link\"\n           data-person-gender=\"m\"\n           data-lang=\"fr\">\n\n          <div class=\"person-image-wrapper\">\n            <img decoding=\"async\" src=\"https:\/\/cmb.hu-berlin.de\/wp-content\/uploads\/2025\/04\/IMG_5251-683x1024.jpg\"\n                 alt=\"Jay Rowel\"\n                 class=\"person-image\" \/>\n          <\/div>\n\n          <h4 class=\"person-name\">Jay Rowel<\/h4>\n\n          <div class=\"person-meta\">\n                          <div class=\"person-position\">\n                <span class=\"genderize\">Direktor<\/span>              <\/div>\n            \n                      <\/div>\n\n        <\/a>\n\n      \n        \n        <a href=\"https:\/\/cmb.hu-berlin.de\/fr\/people\/fabien-theofilakis\/\"\n           class=\"person-box person-box-link\"\n           data-person-gender=\"m\"\n           data-lang=\"fr\">\n\n          <div class=\"person-image-wrapper\">\n            <img decoding=\"async\" src=\"https:\/\/cmb.hu-berlin.de\/wp-content\/uploads\/2025\/04\/PortraitFabien_CentreMarcBloch-683x1024.jpg\"\n                 alt=\"Fabien Th\u00e9ofilakis\"\n                 class=\"person-image\" \/>\n          <\/div>\n\n          <h4 class=\"person-name\">Fabien Th\u00e9ofilakis<\/h4>\n\n          <div class=\"person-meta\">\n                          <div class=\"person-position\">\n                <span class=\"genderize\">Stellvertretender Direktor<\/span>              <\/div>\n            \n                      <\/div>\n\n        <\/a>\n\n      \n        \n        <a href=\"https:\/\/cmb.hu-berlin.de\/fr\/people\/aurelie-denoyer\/\"\n           class=\"person-box person-box-link\"\n           data-person-gender=\"f\"\n           data-lang=\"fr\">\n\n          <div class=\"person-image-wrapper\">\n            <img decoding=\"async\" src=\"https:\/\/cmb.hu-berlin.de\/wp-content\/uploads\/2025\/04\/Porrtrait_Aurelie-sept.2025-683x1024.jpg\"\n                 alt=\"Aur\u00e9lie Denoyer\"\n                 class=\"person-image\" \/>\n          <\/div>\n\n          <h4 class=\"person-name\">Aur\u00e9lie Denoyer<\/h4>\n\n          <div class=\"person-meta\">\n                          <div class=\"person-position\">\n                <span class=\"genderize\">Gesch\u00e4ftsf\u00fchrerin<\/span>              <\/div>\n            \n                      <\/div>\n\n        <\/a>\n\n      \n              <\/div>\n<\/section>","protected":false},"excerpt":{"rendered":"","protected":false},"author":4,"featured_media":0,"parent":0,"menu_order":0,"comment_status":"closed","ping_status":"closed","template":"page-modular.php","meta":{"_acf_changed":false,"footnotes":""},"class_list":["post-18269","page","type-page","status-publish","hentry"],"acf":[],"_links":{"self":[{"href":"https:\/\/cmb.hu-berlin.de\/fr\/wp-json\/wp\/v2\/pages\/18269","targetHints":{"allow":["GET"]}}],"collection":[{"href":"https:\/\/cmb.hu-berlin.de\/fr\/wp-json\/wp\/v2\/pages"}],"about":[{"href":"https:\/\/cmb.hu-berlin.de\/fr\/wp-json\/wp\/v2\/types\/page"}],"author":[{"embeddable":true,"href":"https:\/\/cmb.hu-berlin.de\/fr\/wp-json\/wp\/v2\/users\/4"}],"replies":[{"embeddable":true,"href":"https:\/\/cmb.hu-berlin.de\/fr\/wp-json\/wp\/v2\/comments?post=18269"}],"version-history":[{"count":15,"href":"https:\/\/cmb.hu-berlin.de\/fr\/wp-json\/wp\/v2\/pages\/18269\/revisions"}],"predecessor-version":[{"id":22674,"href":"https:\/\/cmb.hu-berlin.de\/fr\/wp-json\/wp\/v2\/pages\/18269\/revisions\/22674"}],"wp:attachment":[{"href":"https:\/\/cmb.hu-berlin.de\/fr\/wp-json\/wp\/v2\/media?parent=18269"}],"curies":[{"name":"wp","href":"https:\/\/api.w.org\/{rel}","templated":true}]}}