{"id":18490,"date":"2025-03-17T11:26:25","date_gmt":"2025-03-17T10:26:25","guid":{"rendered":"https:\/\/cmb.hu-berlin.de\/?page_id=18490"},"modified":"2026-03-03T10:40:07","modified_gmt":"2026-03-03T09:40:07","slug":"18490-2","status":"publish","type":"page","link":"https:\/\/cmb.hu-berlin.de\/fr\/18490-2\/","title":{"rendered":"Communication scientifique"},"content":{"rendered":"<section class=\"header-section\">\n    <h1 class=\"block-headline\">Communication scientifique <\/h1>\n\n<\/section>\n\n\n\n\n\n<section class=\"one-box-text-section\">\n    \n    <div class=\"box-container full\">\n                    <div class=\"text-box\">\n                <p><strong data-start=\"64\" data-end=\"187\">La communication scientifique et le transfert de connaissances font partie des missions centrales du Centre Marc Bloch.<\/strong><\/p>\n<p>\u00c0 travers des formats tels que le podcast <a href=\"https:\/\/cmb.hu-berlin.de\/presse\/podcast-radio-marc-bloch\/\"><em data-start=\"232\" data-end=\"250\">Radio Marc Bloch<\/em><\/a>, des \u00e9v\u00e9nements publics (cin\u00e9-clubs, pr\u00e9sentations d\u2019ouvrages, science slams), ainsi que de nombreuses interventions m\u00e9diatiques de ses chercheur\u00b7e\u00b7s, le Centre accompagne les d\u00e9bats de soci\u00e9t\u00e9 en y apportant une expertise scientifique. Le dialogue entre sciences sociales et soci\u00e9t\u00e9 est au c\u0153ur de cette d\u00e9marche \u2013 dans une perspective interdisciplinaire, multilingue et europ\u00e9enne.<\/p>\n<p>&nbsp;<\/p>\n            <\/div>\n              \n    <\/div>\n<\/section>\n\n<section class=\"subpage-links-repeater\">\n\t  \t<div class=\"custom-page-links-repeater-wrapper\">\n   \n\n\t\t\t   \n\t\t\t  \t\t\t  \n\n\t\t\t <a href=\"https:\/\/cmb.hu-berlin.de\/fr\/presse\/\" class=\"subpage-link\" >\n\t\t\t\t <img decoding=\"async\" src=\"https:\/\/cmb.hu-berlin.de\/wp-content\/themes\/cmb\/assets\/images\/arrow.svg\" alt=\"arrow\" class=\"arrow\">\n\t\t\t\t<h3 class=\"subpage-title\">Presse<\/h3>\n\t\t\t  <\/a><br\/>\n\t\t \n\t\t\t  \t\t\t  \n\n\t\t\t <a href=\"https:\/\/cmb.hu-berlin.de\/fr\/presse\/podcast-radio-marc-bloch\/\" class=\"subpage-link\" >\n\t\t\t\t <img decoding=\"async\" src=\"https:\/\/cmb.hu-berlin.de\/wp-content\/themes\/cmb\/assets\/images\/arrow.svg\" alt=\"arrow\" class=\"arrow\">\n\t\t\t\t<h3 class=\"subpage-title\">Podcast \u2013 Radio Marc Bloch<\/h3>\n\t\t\t  <\/a><br\/>\n\t\t \n\t\t\t  \t\t\t  \n\n\t\t\t <a href=\"https:\/\/cmb.hu-berlin.de\/fr\/presse\/mediatheque\/\" class=\"subpage-link\" >\n\t\t\t\t <img decoding=\"async\" src=\"https:\/\/cmb.hu-berlin.de\/wp-content\/themes\/cmb\/assets\/images\/arrow.svg\" alt=\"arrow\" class=\"arrow\">\n\t\t\t\t<h3 class=\"subpage-title\">Mediath\u00e8que<\/h3>\n\t\t\t  <\/a><br\/>\n\t\t \t\t\n\t <\/div>\n    <\/div>\n<\/section>\n\n<section class=\"people-repeater\">\n      <h3 class=\"section-headline\">Contact presse <\/h3>\n  \n  <div class=\"people-grid\">\n          \n        \n        <a href=\"https:\/\/cmb.hu-berlin.de\/fr\/people\/camille-colleu\/\"\n           class=\"person-box person-box-link\"\n           data-person-gender=\"m\"\n           data-lang=\"fr\">\n\n          <div class=\"person-image-wrapper\">\n            <img decoding=\"async\" src=\"https:\/\/cmb.hu-berlin.de\/wp-content\/uploads\/2025\/04\/Camille-Colleu-683x1024.jpg\"\n                 alt=\"Camille Colleu\"\n                 class=\"person-image\" \/>\n          <\/div>\n\n          <h4 class=\"person-name\">Camille Colleu<\/h4>\n\n          <div class=\"person-meta\">\n                          <div class=\"person-position\">\n                <span class=\"genderize\">Wissenschaftskommunikation und \u00d6ffentlichkeitsarbeit<\/span>              <\/div>\n            \n                      <\/div>\n\n        <\/a>\n\n      \n        \n        <a href=\"https:\/\/cmb.hu-berlin.de\/fr\/people\/philon-griesel\/\"\n           class=\"person-box person-box-link\"\n           data-person-gender=\"m\"\n           data-lang=\"fr\">\n\n          <div class=\"person-image-wrapper\">\n            <img decoding=\"async\" src=\"https:\/\/cmb.hu-berlin.de\/wp-content\/uploads\/2025\/04\/csm__MG_1470_eb81f633fd.jpg\"\n                 alt=\"Philon Griesel\"\n                 class=\"person-image\" \/>\n          <\/div>\n\n          <h4 class=\"person-name\">Philon Griesel<\/h4>\n\n          <div class=\"person-meta\">\n                          <div class=\"person-position\">\n                <span class=\"genderize\">Wissenschaftskommunikation und \u00d6ffentlichkeitsarbeit<\/span>              <\/div>\n            \n                      <\/div>\n\n        <\/a>\n\n      \n        \n        <a href=\"https:\/\/cmb.hu-berlin.de\/fr\/people\/katerina-nikolova\/\"\n           class=\"person-box person-box-link\"\n           data-person-gender=\"f\"\n           data-lang=\"fr\">\n\n          <div class=\"person-image-wrapper\">\n            <img decoding=\"async\" src=\"https:\/\/cmb.hu-berlin.de\/wp-content\/uploads\/2025\/04\/WhatsApp-Image-2025-12-04-at-10.29.30-1-775x1024.jpeg\"\n                 alt=\"Katerina Nikolova\"\n                 class=\"person-image\" \/>\n          <\/div>\n\n          <h4 class=\"person-name\">Katerina Nikolova<\/h4>\n\n          <div class=\"person-meta\">\n                          <div class=\"person-position\">\n                <span class=\"genderize\">Studentische Hilfskraft<\/span>, <span class=\"genderize\">Wissenschaftskommunikation und \u00d6ffentlichkeitsarbeit<\/span>              <\/div>\n            \n                      <\/div>\n\n        <\/a>\n\n            <\/div>\n<\/section>\n\n\n<p><\/p>\n","protected":false},"excerpt":{"rendered":"","protected":false},"author":3,"featured_media":0,"parent":0,"menu_order":0,"comment_status":"closed","ping_status":"closed","template":"page-modular.php","meta":{"_acf_changed":false,"footnotes":""},"class_list":["post-18490","page","type-page","status-publish","hentry"],"acf":[],"_links":{"self":[{"href":"https:\/\/cmb.hu-berlin.de\/fr\/wp-json\/wp\/v2\/pages\/18490","targetHints":{"allow":["GET"]}}],"collection":[{"href":"https:\/\/cmb.hu-berlin.de\/fr\/wp-json\/wp\/v2\/pages"}],"about":[{"href":"https:\/\/cmb.hu-berlin.de\/fr\/wp-json\/wp\/v2\/types\/page"}],"author":[{"embeddable":true,"href":"https:\/\/cmb.hu-berlin.de\/fr\/wp-json\/wp\/v2\/users\/3"}],"replies":[{"embeddable":true,"href":"https:\/\/cmb.hu-berlin.de\/fr\/wp-json\/wp\/v2\/comments?post=18490"}],"version-history":[{"count":12,"href":"https:\/\/cmb.hu-berlin.de\/fr\/wp-json\/wp\/v2\/pages\/18490\/revisions"}],"predecessor-version":[{"id":23104,"href":"https:\/\/cmb.hu-berlin.de\/fr\/wp-json\/wp\/v2\/pages\/18490\/revisions\/23104"}],"wp:attachment":[{"href":"https:\/\/cmb.hu-berlin.de\/fr\/wp-json\/wp\/v2\/media?parent=18490"}],"curies":[{"name":"wp","href":"https:\/\/api.w.org\/{rel}","templated":true}]}}