{"id":18560,"date":"2025-01-07T12:21:22","date_gmt":"2025-01-07T11:21:22","guid":{"rendered":"https:\/\/cmb.hu-berlin.de\/?page_id=18560"},"modified":"2025-11-27T14:10:32","modified_gmt":"2025-11-27T13:10:32","slug":"leitbild","status":"publish","type":"page","link":"https:\/\/cmb.hu-berlin.de\/fr\/le-centre-marc-bloch\/leitbild\/","title":{"rendered":"Engagements"},"content":{"rendered":"<section class=\"header-section\">\n    <h1 class=\"block-headline\">Engagements<\/h1>\n\n<\/section>\n\n\n\n<section class=\"one-box-text-section\">\n    \n    <div class=\"box-container cut\">\n                    <div class=\"text-box\">\n                <p>Le Centre Marc Bloch s&rsquo;engage r\u00e9solument en faveur d&rsquo;un espace scientifique sans discrimination et d&rsquo;un environnement de travail respectueux. L&rsquo;institut vise \u00e9galement \u00e0 adopter des pratiques de travail conscientes et protectrices du climat et \u00e0 renforcer la sensibilisation aux enjeux environnementaux.<\/p>\n<p>&nbsp;<\/p>\n            <\/div>\n              \n    <\/div>\n<\/section>\n\n<section class=\"subpage-links-repeater\">\n\t  \t<div class=\"custom-page-links-repeater-wrapper\">\n   \n\n\t\t\t   \n\t\t\t  \t\t\t  \n\n\t\t\t <a href=\"https:\/\/cmb.hu-berlin.de\/fr\/le-centre-marc-bloch\/leitbild\/delegue-e-s-a-legalite\/\" class=\"subpage-link\" >\n\t\t\t\t <img decoding=\"async\" src=\"https:\/\/cmb.hu-berlin.de\/wp-content\/themes\/cmb\/assets\/images\/arrow.svg\" alt=\"arrow\" class=\"arrow\">\n\t\t\t\t<h3 class=\"subpage-title\"> Les d\u00e9l\u00e9gu\u00e9.e.s \u00e0 l\u2019\u00e9galit\u00e9<\/h3>\n\t\t\t  <\/a><br\/>\n\t\t \n\t\t\t  \t\t\t  \n\n\t\t\t <a href=\"https:\/\/cmb.hu-berlin.de\/fr\/le-centre-marc-bloch\/leitbild\/climat\/\" class=\"subpage-link\" >\n\t\t\t\t <img decoding=\"async\" src=\"https:\/\/cmb.hu-berlin.de\/wp-content\/themes\/cmb\/assets\/images\/arrow.svg\" alt=\"arrow\" class=\"arrow\">\n\t\t\t\t<h3 class=\"subpage-title\"> Protection du climat<\/h3>\n\t\t\t  <\/a><br\/>\n\t\t \n\t\t\t  \t\t\t  \n\n\t\t\t <a href=\"https:\/\/cmb.hu-berlin.de\/fr\/le-centre-marc-bloch\/leitbild\/bonnes-pratiques-collectives\/\" class=\"subpage-link\" >\n\t\t\t\t <img decoding=\"async\" src=\"https:\/\/cmb.hu-berlin.de\/wp-content\/themes\/cmb\/assets\/images\/arrow.svg\" alt=\"arrow\" class=\"arrow\">\n\t\t\t\t<h3 class=\"subpage-title\">Bonnes pratiques collectives<\/h3>\n\t\t\t  <\/a><br\/>\n\t\t \t\t\n\t <\/div>\n    <\/div>\n<\/section>","protected":false},"excerpt":{"rendered":"","protected":false},"author":4,"featured_media":0,"parent":18269,"menu_order":0,"comment_status":"closed","ping_status":"closed","template":"page-modular.php","meta":{"_acf_changed":false,"footnotes":""},"class_list":["post-18560","page","type-page","status-publish","hentry"],"acf":[],"_links":{"self":[{"href":"https:\/\/cmb.hu-berlin.de\/fr\/wp-json\/wp\/v2\/pages\/18560","targetHints":{"allow":["GET"]}}],"collection":[{"href":"https:\/\/cmb.hu-berlin.de\/fr\/wp-json\/wp\/v2\/pages"}],"about":[{"href":"https:\/\/cmb.hu-berlin.de\/fr\/wp-json\/wp\/v2\/types\/page"}],"author":[{"embeddable":true,"href":"https:\/\/cmb.hu-berlin.de\/fr\/wp-json\/wp\/v2\/users\/4"}],"replies":[{"embeddable":true,"href":"https:\/\/cmb.hu-berlin.de\/fr\/wp-json\/wp\/v2\/comments?post=18560"}],"version-history":[{"count":5,"href":"https:\/\/cmb.hu-berlin.de\/fr\/wp-json\/wp\/v2\/pages\/18560\/revisions"}],"predecessor-version":[{"id":20806,"href":"https:\/\/cmb.hu-berlin.de\/fr\/wp-json\/wp\/v2\/pages\/18560\/revisions\/20806"}],"up":[{"embeddable":true,"href":"https:\/\/cmb.hu-berlin.de\/fr\/wp-json\/wp\/v2\/pages\/18269"}],"wp:attachment":[{"href":"https:\/\/cmb.hu-berlin.de\/fr\/wp-json\/wp\/v2\/media?parent=18560"}],"curies":[{"name":"wp","href":"https:\/\/api.w.org\/{rel}","templated":true}]}}