{"id":19332,"date":"2025-01-16T12:03:03","date_gmt":"2025-01-16T11:03:03","guid":{"rendered":"https:\/\/cmb.hu-berlin.de\/?page_id=19332"},"modified":"2026-02-24T17:49:44","modified_gmt":"2026-02-24T16:49:44","slug":"delegue-e-s-a-legalite","status":"publish","type":"page","link":"https:\/\/cmb.hu-berlin.de\/fr\/le-centre-marc-bloch\/leitbild\/delegue-e-s-a-legalite\/","title":{"rendered":"D\u00e9l\u00e9gu\u00e9.e.s \u00e0 l\u2019\u00e9galit\u00e9"},"content":{"rendered":"<section class=\"header-section\">\n    <h1 class=\"block-headline\">Les d\u00e9l\u00e9gu\u00e9.e.s \u00e0 l\u2019\u00e9galit\u00e9 du Centre Marc Bloch <\/h1>\n\n<\/section>\n\n\n\n<section class=\"one-box-text-section\">\n    \n    <div class=\"box-container cut\">\n                    <div class=\"text-box\">\n                <p>En f\u00e9vrier 2016, la fonction de d\u00e9l\u00e9gu\u00e9 \u00e0 l&rsquo;\u00e9galit\u00e9 a \u00e9t\u00e9 cr\u00e9\u00e9e. En tant qu&rsquo;interlocuteurs et interlocutrices sur les questions relatives aux questions de discrimination et d&rsquo;\u00e9galit\u00e9, ils et elles ont pour mission de de sensibiliser et de jouer un r\u00f4le de m\u00e9diation sur ces th\u00e9matiques.<\/p>\n<p>&nbsp;<\/p>\n<p>Les d\u00e9l\u00e9gu\u00e9.e.s \u00e0 l\u2019\u00e9galit\u00e9 organisent chaque ann\u00e9e des \u00e9v\u00e9nements (conf\u00e9rences, formations, etc.).<\/p>\n<p class=\"x\"><strong>contact<\/strong>: gleichstellungsbeauftragte [ at ] cmb.hu-berlin.de<\/p>\n<p>&nbsp;<\/p>\n            <\/div>\n              \n    <\/div>\n<\/section>\n\n<section class=\"people-repeater\">\n      <h3 class=\"section-headline\">D\u00e9l\u00e9gu\u00e9.es \u00e9lu.es<\/h3>\n  \n  <div class=\"people-grid\">\n          \n        \n        <a href=\"https:\/\/cmb.hu-berlin.de\/fr\/people\/josephine-starke\/\"\n           class=\"person-box person-box-link\"\n           data-person-gender=\"f\"\n           data-lang=\"fr\">\n\n          <div class=\"person-image-wrapper\">\n            <img decoding=\"async\" src=\"https:\/\/cmb.hu-berlin.de\/wp-content\/uploads\/2025\/09\/DSC036921-732x1024.jpg\"\n                 alt=\"Josephine Starke\"\n                 class=\"person-image\" \/>\n          <\/div>\n\n          <h4 class=\"person-name\">Josephine Starke<\/h4>\n\n          <div class=\"person-meta\">\n            \n                          <div class=\"person-function\">\n                <span class=\"genderize\">Gleichstellungsbeauftragte<\/span>              <\/div>\n                      <\/div>\n\n        <\/a>\n\n      \n        \n        <a href=\"https:\/\/cmb.hu-berlin.de\/fr\/people\/nur-yasemin-ural\/\"\n           class=\"person-box person-box-link\"\n           data-person-gender=\"f\"\n           data-lang=\"fr\">\n\n          <div class=\"person-image-wrapper\">\n            <img decoding=\"async\" src=\"https:\/\/cmb.hu-berlin.de\/wp-content\/themes\/cmb\/assets\/images\/placeholder.png\"\n                 alt=\"Nur Yasemin Ural\"\n                 class=\"person-image\" \/>\n          <\/div>\n\n          <h4 class=\"person-name\">Nur Yasemin Ural<\/h4>\n\n          <div class=\"person-meta\">\n                          <div class=\"person-position\">\n                <span class=\"genderize\">Assoziierte Forschende<\/span>              <\/div>\n            \n                          <div class=\"person-function\">\n                <span class=\"genderize\">Gleichstellungsbeauftragte<\/span>              <\/div>\n                      <\/div>\n\n        <\/a>\n\n            <\/div>\n<\/section>\n\n\n<section class=\"one-box-text-section\">\n            <h3 class=\"section-headline\">Dokumente<\/h3>\n    \n    <div class=\"box-container cut\">\n              \n    <\/div>\n<\/section>\n\n\n<div class=\"wp-block-buttons is-content-justification-center is-layout-flex wp-container-core-buttons-is-layout-16018d1d wp-block-buttons-is-layout-flex\">\n<div class=\"wp-block-button is-style-outline is-style-outline--1\"><a class=\"wp-block-button__link wp-element-button\" href=\"https:\/\/cmb.hu-berlin.de\/wp-content\/uploads\/2025\/11\/Gleichstellungskonzept-des-Centre-Marc-Bloch_FR_DE.pdf\"><strong>Concept d&rsquo;\u00e9galit\u00e9 du Centre Marc Bloch<\/strong><\/a><\/div>\n\n\n\n<div class=\"wp-block-button is-style-outline is-style-outline--2\"><a class=\"wp-block-button__link wp-element-button\" href=\"https:\/\/cmb.hu-berlin.de\/wp-content\/uploads\/2025\/11\/2023_Bonnes-pratiques-FR.pdf\"><strong>Charte des bonnes pratiques<\/strong><\/a><\/div>\n\n\n\n<div class=\"wp-block-button is-style-outline is-style-outline--3\"><a class=\"wp-block-button__link wp-element-button\"><strong>Richtlinie gegen sexistische und sexualisierte Bel\u00e4stigung, Diskriminierung und Gewalt<\/strong><\/a><\/div>\n\n\n\n<div class=\"wp-block-button is-style-outline is-style-outline--4\"><a class=\"wp-block-button__link wp-element-button\" href=\"https:\/\/cmb.hu-berlin.de\/wp-content\/uploads\/2025\/11\/2024_Informationsblatt-zur-Gleichstellung.pdf\"><strong>Feuille d&rsquo;information sur les d\u00e9l\u00e9gu\u00e9.e.s \u00e0 \u00e9galit\u00e9<\/strong><\/a><\/div>\n<\/div>\n\n\n\n<section class=\"one-box-text-section\">\n            <h3 class=\"section-headline\">Useful Links<\/h3>\n    \n    <div class=\"box-container cut\">\n                    <div class=\"text-box\">\n                <ul>\n<li><a href=\"http:\/\/bukof.de\">Die Bundeskonferenz der Frauen- und Gleichstellungsbeauftragten an Hochschulen (bukof)<\/a><\/li>\n<li><a href=\"https:\/\/frauenbeauftragte.hu-berlin.de\/de\">Die zentrale Frauenbeauftragte, HU Berlin<\/a><\/li>\n<li><a href=\"https:\/\/clasches.fr\">Le CLASCHES (Collectif de lutte contre le harc\u00e8lement sexuel dans l&rsquo;enseignement sup\u00e9rieur)<\/a><\/li>\n<li><a href=\"https:\/\/unisafe-gbv.eu\/wp-content\/uploads\/2022\/11\/UniSAFE-survey_prevalence-results_2022.pdf\">Gender-based violence and its consequences in European Academia: FIRST RESULTS FROM THE UNISAFE SURVEY,\u00a0<\/a><\/li>\n<\/ul>\n            <\/div>\n              \n    <\/div>\n<\/section>\n\n\n<section class=\"two-column-text-section\">\n            <h3 class=\"section-headline\">Vergangene Veranstaltungen<\/h3>\n    \n            <div class=\"two-column-content\">\n            <p><strong>2025<\/strong><\/p>\n<ul>\n<li>Event ???<\/li>\n<\/ul>\n<p>&nbsp;<\/p>\n<p><strong>2024<\/strong><\/p>\n<ul>\n<li><a href=\"https:\/\/cmb.hu-berlin.de\/kalender\/termin\/sexualisierte-belaestigung-diskriminierung-und-gewalt-im-kontext-von-forschungsorganisationen-perspektiven-und-herausforderungen\" target=\"_blank\" rel=\"noopener\">19. Februar 2024 <\/a>: Forschungskolloquium zum Thema \u201eSexualisierte Bel\u00e4stigung, Diskriminierung und Gewalt im Kontext von Forschungsorganisationen. Perspektiven und Herausforderungen\u201c (Heike Pantelmann, FU Berlin), Germaine-Tillion-Saal<\/li>\n<\/ul>\n<p>&nbsp;<\/p>\n<p class=\"x\"><strong>2023<\/strong><\/p>\n<ul>\n<li class=\"x\">10.07.2023 &#8211; Forschungskolloquium zum Thema \u201eSystemische und strukturelle Ungleichheiten innerhalb der Hochschulen\u201c (Nazan Maksudyan, Camilla Brenni, Marie Huber)<\/li>\n<\/ul>\n<p>&nbsp;<\/p>\n<p class=\"x\"><strong>2022<\/strong><\/p>\n<ul>\n<li class=\"x\">30.05.2022 &#8211; Forschungskolloquium zum Thema \u201cBerliner Wohnungspolitik\u201d (Andrej Holm, HU Berlin)<\/li>\n<\/ul>\n<p>&nbsp;<\/p>\n<p class=\"x\"><strong>2021<\/strong><\/p>\n<ul>\n<li class=\"x\">22.11.2021 &#8211; Forschungskolloquium zum Thema \u201ePrekarisierung im Hochschulkontext w\u00e4hrend der Pandemie\u201c (Alexander Gallas, Universit\u00e4t Kassel)<\/li>\n<\/ul>\n<p>&nbsp;<\/p>\n<p class=\"x\"><strong>2020<\/strong><\/p>\n<ul>\n<li class=\"x\">16.11.2020 &#8211; Forschungskolloquium zum Thema \u201e\u00a0Whitewashing diversity : paradoxes de\u00a0l\u2019institutionnalisation de la lutte contre les discriminations en Europe et en France \u201c\u00a0(Milena Doytcheva, Universit\u00e9 de Caen Normandie)<\/li>\n<li class=\"x\">08.06.2020 &#8211; Forschungskolloquium zum Thema \u201ePrekarisierung in der Wissenschaft und hochschulpolitische K\u00e4mpfe in Deutschland und international\u201c\u00a0(Asli\u00a0<strong>Vatansever<\/strong>\u00a0, HU Berlin, und Peter Ullrich, TU Berlin)<\/li>\n<\/ul>\n<p>&nbsp;<\/p>\n<p class=\"x\"><strong>2019<\/strong><\/p>\n<ul>\n<li class=\"x\">17.06.2019 &#8211; Performance-Konferenz der Forscherin und Aktivistin Rachele Borghi (Universit\u00e4t Paris 4) zum Thema \u201eEloge des marges : exp\u00e9rimentations de r\u00e9sistance et de cr\u00e9ation \u00e0 partir de la marge d\u2019un espace centre\u201c<\/li>\n<\/ul>\n<p>&nbsp;<\/p>\n<p class=\"x\">\u00a0<strong>2018<\/strong><\/p>\n<ul>\n<li class=\"x\">Zwei Fortbildungen zur Pr\u00e4vention von sexueller Bel\u00e4stigung am Arbeitsplatz im akademischen Kontext, jeweils von der franz\u00f6sischen Organisation CLASCHES (Collectif de lutte contre le harc\u00e8lement sexuel dans l&rsquo;enseignement sup\u00e9rieur) am 05.06.2018 und von der Coach Iris Koall am 05.12.2018.<\/li>\n<\/ul>\n        <\/div>\n    <\/section>\n\n\n<section class=\"two-box-text-section\">\n            <h3 class=\"section-headline\">Ehemalige Gleichstellungsbeauftragte<\/h3>\n    \n    <div class=\"box-container\">\n                    <div class=\"text-box\">\n                <p><strong>2024 &#8211; 2025\u00a0<\/strong> Layla Kiefel, Nazan Maksudyan<\/p>\n<p class=\"x\"><strong>2023 &#8211;\u00a0<\/strong>Camilla Brenni, Nazan Maksudyan<\/p>\n<p class=\"x\"><strong>2022 &#8211;\u00a0<\/strong>Guillaume Placide-Breitenbucher, Maiwenn Roudaut<\/p>\n<p class=\"x\"><strong>2021 &#8211;\u00a0<\/strong>Yasmin Afshar, Johara Berriane<\/p>\n<p class=\"x\"><strong>2020 &#8211;\u00a0<\/strong>Christine Barwick,\u00a0Lucie Lamy<\/p>\n            <\/div>\n                            <div class=\"text-box\">\n                <p class=\"x\"><strong>2019 &#8211;\u00a0<\/strong>J\u00e9r\u00e9my Geeraert, Ayse Yuva<\/p>\n<p class=\"x\"><strong>2018 &#8211;\u00a0<\/strong>Christine Barwick, Salima Na\u00eft<\/p>\n<p class=\"x\"><strong>2017 &#8211;\u00a0<\/strong>Leyla Dakhli,\u00a0Caroline Garrido<\/p>\n<p class=\"x\"><strong>2016 &#8211;\u00a0<\/strong>Leyla Dakhli,\u00a0Estelle Ferrarese<\/p>\n            <\/div>\n            <\/div>\n<\/section>","protected":false},"excerpt":{"rendered":"","protected":false},"author":3,"featured_media":0,"parent":18560,"menu_order":0,"comment_status":"closed","ping_status":"closed","template":"page-modular.php","meta":{"_acf_changed":false,"footnotes":""},"class_list":["post-19332","page","type-page","status-publish","hentry"],"acf":[],"_links":{"self":[{"href":"https:\/\/cmb.hu-berlin.de\/fr\/wp-json\/wp\/v2\/pages\/19332","targetHints":{"allow":["GET"]}}],"collection":[{"href":"https:\/\/cmb.hu-berlin.de\/fr\/wp-json\/wp\/v2\/pages"}],"about":[{"href":"https:\/\/cmb.hu-berlin.de\/fr\/wp-json\/wp\/v2\/types\/page"}],"author":[{"embeddable":true,"href":"https:\/\/cmb.hu-berlin.de\/fr\/wp-json\/wp\/v2\/users\/3"}],"replies":[{"embeddable":true,"href":"https:\/\/cmb.hu-berlin.de\/fr\/wp-json\/wp\/v2\/comments?post=19332"}],"version-history":[{"count":10,"href":"https:\/\/cmb.hu-berlin.de\/fr\/wp-json\/wp\/v2\/pages\/19332\/revisions"}],"predecessor-version":[{"id":22987,"href":"https:\/\/cmb.hu-berlin.de\/fr\/wp-json\/wp\/v2\/pages\/19332\/revisions\/22987"}],"up":[{"embeddable":true,"href":"https:\/\/cmb.hu-berlin.de\/fr\/wp-json\/wp\/v2\/pages\/18560"}],"wp:attachment":[{"href":"https:\/\/cmb.hu-berlin.de\/fr\/wp-json\/wp\/v2\/media?parent=19332"}],"curies":[{"name":"wp","href":"https:\/\/api.w.org\/{rel}","templated":true}]}}