{"id":19457,"date":"2025-04-11T10:48:33","date_gmt":"2025-04-11T08:48:33","guid":{"rendered":"https:\/\/cmb.hu-berlin.de\/le-centre-marc-bloch\/instances\/wissenschaftlicher-beirat\/"},"modified":"2026-02-23T09:49:24","modified_gmt":"2026-02-23T08:49:24","slug":"wissenschaftlicher-beirat","status":"publish","type":"page","link":"https:\/\/cmb.hu-berlin.de\/fr\/le-centre-marc-bloch\/instances\/wissenschaftlicher-beirat\/","title":{"rendered":"Conseil scientifique"},"content":{"rendered":"<section class=\"header-section\">\n    <h1 class=\"block-headline\">Conseil scientifique<\/h1>\n\n<\/section>\n\n\n\n<section class=\"one-box-text-section\">\n    \n    <div class=\"box-container cut\">\n                    <div class=\"text-box\">\n                <p>Le Conseil scientifique est compos\u00e9 de 10 membres, dont la moiti\u00e9 sont des personnalit\u00e9s de culture scientifique allemande et et l&rsquo;autre moiti\u00e9 des personnalit\u00e9s de culture scientifique fran\u00e7aise, qui sont mandat\u00e9s pour deux ans, renouvelable deux fois. Les membres de culture scientifique allemandes sont nomm\u00e9s par le minist\u00e8re f\u00e9d\u00e9ral de de la Recherche, la Technologie et de l&rsquo;Espace (BMFTR), les membres fran\u00e7ais par le minist\u00e8re fran\u00e7ais des Affaires \u00e9trang\u00e8res (MEAE), le Centre national de la recherche scientifique (CNRS) et le minist\u00e8re fran\u00e7ais de l&rsquo;Enseignement Sup\u00e9rieur et de la Recherche et de l&rsquo;espace (MESRE). Le Conseil scientifique se r\u00e9unit au moins une fois par an, alternativement \u00e0 Berlin et \u00e0 Paris.<\/p>\n<p>&nbsp;<\/p>\n<p>Les membres du Conseil scientifique \u00e9lisent parmi eux un.e pr\u00e9sident.e qui repr\u00e9sente \u00e9galement le Conseil scientifique lors de l&rsquo;assembl\u00e9e des membres. Le conseil scientifique prend ses d\u00e9cisions \u00e0 la majorit\u00e9 des deux tiers. Il conseille les autres instances de l&rsquo;association dans la r\u00e9alisation des objectifs de celle-ci et sur toutes les questions relatives \u00e0 ses activit\u00e9s. Sur la base du rapport d&rsquo;activit\u00e9, il se prononce notamment sur l&rsquo;orientation scientifique de l&rsquo;association, la d\u00e9finition des p\u00f4les de recherche et de son fonctionnement.<\/p>\n            <\/div>\n              \n    <\/div>\n<\/section>\n\n\n<section class=\"one-box-text-section\">\n            <h3 class=\"section-headline\">Membres du Conseil scientifique<\/h3>\n    \n    <div class=\"box-container cut\">\n                    <div class=\"text-box\">\n                <ul>\n<li><a href=\"https:\/\/www.tu-chemnitz.de\/phil\/ipp\/bwp\/professur\/inhaber.php.fr\">Prof. Dr. Volker Bank,<\/a> Technische Universit\u00e4t Chemnitz<\/li>\n<li><a href=\"https:\/\/univ-droit.fr\/universitaires\/5989-hamann-andrea\" target=\"_blank\" rel=\"noopener noreferrer\">Prof. Dr. Andrea Hamann<\/a>, Universit\u00e9 de Strasbourg<\/li>\n<li><a href=\"https:\/\/www.polsoz.fu-berlin.de\/polwiss\/forschung\/international\/de-fr\/Team\/Hartlapp\/index.html\" target=\"_blank\" rel=\"noopener noreferrer\">Prof. Dr. Miriam Hartlapp<\/a>, Freie Universit\u00e4t Berlin<\/li>\n<li><a href=\"https:\/\/www.cresppa.cnrs.fr\/labtop\/equipe\/les-membres-du-labtop\/hulak-florence\/?lang=fr\" target=\"_blank\" rel=\"noopener noreferrer\">Prof. Dr. Florence Hulak<\/a>, Cresppa, Universit\u00e9 Paris 8 Vincennes Sant-Denis<\/li>\n<li><a href=\"https:\/\/univ-paris12.academia.edu\/ChristineLelevrier\" target=\"_blank\" rel=\"noopener noreferrer\">Prof. Dr. Christine Lel\u00e9vrier<\/a>, Universit\u00e9 Paris Est<\/li>\n<li><a href=\"https:\/\/www.uni-leipzig.de\/personenprofil\/mitarbeiter\/prof-dr-matthias-middell\" target=\"_blank\" rel=\"noopener noreferrer\">Prof. Dr. Matthias Middell<\/a>, Universit\u00e4t Leipzg<\/li>\n<li><a href=\"https:\/\/www.ericmonnet.eu\/\">Prof. Dr. \u00c9ric Monnet,<\/a> EHESS &amp; Paris School of Economics<\/li>\n<li><a href=\"https:\/\/www.romanistik.uni-mainz.de\/prof-dr-veronique-porra-neuere-franzoesische-literatur-unter-beruecksichtigung-der-frankophonie\/\">Prof. Dr.\u00a0V\u00e9ronique Porra<\/a>, Universit\u00e4t Mainz<\/li>\n<li><a href=\"https:\/\/tu-dresden.de\/gsw\/phil\/iso\/tuk\/die-professur\/prof-dr-schrage\">Prof. Dr. Dominik Schrage,<\/a> Technische Universit\u00e4t Dresden<\/li>\n<li><a href=\"https:\/\/centre-lucien-febvre.univ-fcomte.fr\/membre\/marie-benedicte-vincent\/\">Prof. Dr. Marie-B\u00e9n\u00e9dicte Vincent<\/a>, Universit\u00e9 de Franche-Comt\u00e9<\/li>\n<\/ul>\n            <\/div>\n              \n    <\/div>\n<\/section>\n\n<section class=\"people-repeater\">\n  \n  <div class=\"people-grid\">\n          \n              <\/div>\n<\/section>","protected":false},"excerpt":{"rendered":"","protected":false},"author":1,"featured_media":0,"parent":17472,"menu_order":0,"comment_status":"closed","ping_status":"closed","template":"page-modular.php","meta":{"_acf_changed":false,"footnotes":""},"class_list":["post-19457","page","type-page","status-publish","hentry"],"acf":[],"_links":{"self":[{"href":"https:\/\/cmb.hu-berlin.de\/fr\/wp-json\/wp\/v2\/pages\/19457","targetHints":{"allow":["GET"]}}],"collection":[{"href":"https:\/\/cmb.hu-berlin.de\/fr\/wp-json\/wp\/v2\/pages"}],"about":[{"href":"https:\/\/cmb.hu-berlin.de\/fr\/wp-json\/wp\/v2\/types\/page"}],"author":[{"embeddable":true,"href":"https:\/\/cmb.hu-berlin.de\/fr\/wp-json\/wp\/v2\/users\/1"}],"replies":[{"embeddable":true,"href":"https:\/\/cmb.hu-berlin.de\/fr\/wp-json\/wp\/v2\/comments?post=19457"}],"version-history":[{"count":3,"href":"https:\/\/cmb.hu-berlin.de\/fr\/wp-json\/wp\/v2\/pages\/19457\/revisions"}],"predecessor-version":[{"id":22684,"href":"https:\/\/cmb.hu-berlin.de\/fr\/wp-json\/wp\/v2\/pages\/19457\/revisions\/22684"}],"up":[{"embeddable":true,"href":"https:\/\/cmb.hu-berlin.de\/fr\/wp-json\/wp\/v2\/pages\/17472"}],"wp:attachment":[{"href":"https:\/\/cmb.hu-berlin.de\/fr\/wp-json\/wp\/v2\/media?parent=19457"}],"curies":[{"name":"wp","href":"https:\/\/api.w.org\/{rel}","templated":true}]}}