{"id":19640,"date":"2025-10-09T10:41:02","date_gmt":"2025-10-09T08:41:02","guid":{"rendered":"https:\/\/cmb.hu-berlin.de\/forschungsgruppen\/"},"modified":"2026-02-23T16:55:53","modified_gmt":"2026-02-23T15:55:53","slug":"forschungsgruppen","status":"publish","type":"page","link":"https:\/\/cmb.hu-berlin.de\/fr\/forschungsgruppen\/","title":{"rendered":"Groupes de recherche"},"content":{"rendered":"<section class=\"header-section\">\n    <h1 class=\"block-headline\">Groupes de recherche<\/h1>\n\n<\/section>\n\n\n\n<section class=\"one-box-text-section\">\n            <h3 class=\"section-headline\">Art et recherche<\/h3>\n    \n    <div class=\"box-container cut\">\n                    <div class=\"text-box\">\n                <div class=\"\">\n<p>Le groupe \u00ab\u00a0Art et recherche\u00a0\u00bb organise des rencontres rassemblant des chercheur\u00b7e\u00b7s du CMB qui travaillent sur des sujets li\u00e9s \u00e0 l\u2019art ou qui sont confront\u00e9\u00b7e\u00b7s \u00e0 des \u0153uvres artistiques, \u00e0 des artistes ou \u00e0 des questions en rapport avec l\u2019art, comme \u00e9l\u00e9ments de leurs enqu\u00eates, dans le but de pouvoir \u00e9changer, questionner, pr\u00e9senter des travaux en cours, envisager des approches ou entamer de nouvelles recherches.<\/p>\n<\/div>\n<p>&nbsp;<\/p>\n<div class=\"\">\n<p>En plus des rencontres r\u00e9guli\u00e8res par Zoom, nous organisons des JE et colloques \u2013 <em class=\"\">Lieux communs: Arts et spatialit\u00e9s<\/em> (Poitiers, 2025), <em>Sound<\/em> (Berlin, 2023 et 2024), etc. \u2013, des publications collaboratives (avec l\u2019Universit\u00e9 Viadrina : <em>Bio-art<\/em>, transcript, 2024,\u00a0<span id=\"OBJ_PREFIX_DWT268_com_zimbra_url\" class=\"Object\" role=\"link\"><a class=\"safe---anchor---wc\" href=\"https:\/\/www.transcript-publishing.com\/978-3-8376-7177-3\/bio-art\/\" target=\"_blank\" rel=\"noopener noreferrer nofollow\">https:\/\/www.transcript-publishing.com\/978-3-8376-7177-3\/bio-art\/<\/a><\/span>\u00a0; ou <em>Sound as Affect, Media, Data<\/em>, \u00e9dit\u00e9 par N. Maksudyan, J. Velasco, L. Petitjean et S. Kiani, HASP, 2025, \u00e0 para\u00eetre) \u2013 ainsi que l\u2019exposition transdisciplinaire pour les 25 ans du CMB, <em>Les voi.es.x de la carte<\/em> (<span id=\"OBJ_PREFIX_DWT269_com_zimbra_url\" class=\"Object\" role=\"link\"><a class=\"safe---anchor---wc\" href=\"https:\/\/lesvoiesxdelacarte.eu\/fr\/lesvoiesxdelacarte-eu-home-fr\/\" target=\"_blank\" rel=\"noopener noreferrer nofollow\">https:\/\/lesvoiesxdelacarte.eu\/fr\/lesvoiesxdelacarte-eu-home-fr\/<\/a><\/span>, Institut fran\u00e7ais de Berlin, 2023).<\/p>\n<\/div>\n<p>&nbsp;<\/p>\n<div class=\"\">\n<div class=\"\">Tout le monde est le\u00b7la bienvenu\u00b7e. Nous encourageons et pratiquons des approches interdisciplinaires, et nous insistons sur le \u00ab\u00a0et\u00a0\u00bb dans notre nom (Art ET recherche) : le rapport entre les deux fait partie de notre interrogation.<\/div>\n<\/div>\n<p>&nbsp;<\/p>\n<p><strong>Contact :<\/strong> <a href=\"https:\/\/cmb.hu-berlin.de\/people\/marion-picker\/\">Marion Picker<\/a> und <a href=\"https:\/\/cmb.hu-berlin.de\/people\/julio-velasco\/\">Julio Velasco<\/a><\/p>\n            <\/div>\n              \n    <\/div>\n<\/section>\n\n\n<section class=\"one-box-text-section\">\n            <h3 class=\"section-headline\">Afrikaforschung<\/h3>\n    \n    <div class=\"box-container cut\">\n                    <div class=\"text-box\">\n                <p>Die AG \u201eAfrikaforschung\u201c des Centre Marc Bloch vereint die Forscherinnen und Forscher des Zentrums, die \u00fcber oder in Zusammenarbeit mit dem afrikanischen Kontinent arbeiten. Diese Arbeitsgruppe organisiert Veranstaltungen im Zusammenhang mit den Afrikastudien in Berlin und der Region, darunter wissenschaftliche Aktivit\u00e4ten (Graduiertenworkshops, Forschungsseminar, spezielle wissenschaftliche Veranstaltungen) sowie \u201eau\u00dfermurale\u201c Aktivit\u00e4ten (Filmvorf\u00fchrungen, Ausstellungsbesuche usw.).<\/p>\n<p>&nbsp;<\/p>\n<p><strong>Kontakt:<\/strong> <a href=\"https:\/\/cmb.hu-berlin.de\/people\/romain-tiquet\/\">Romain Tiquet<\/a><\/p>\n            <\/div>\n              \n    <\/div>\n<\/section>\n\n\n<section class=\"one-box-text-section\">\n            <h3 class=\"section-headline\">Analysen des Faschismus<\/h3>\n    \n    <div class=\"box-container cut\">\n                    <div class=\"text-box\">\n                <p>Der Lesekreis \u201eAnalysen des Faschismus\u201c trifft sich monatlich, um zentrale theoretische und historische Texte zu diskutieren, die sich mit dem Ph\u00e4nomen des Faschismus auseinandersetzen. Die ausgew\u00e4hlten Lekt\u00fcren umfassen eine breite Vielfalt theoretischer Traditionen \u2013 von marxistischen und psychoanalytischen Ans\u00e4tzen \u00fcber politische Theorie und Ideologiekritik bis hin zu zeitgen\u00f6ssischen Analysen autorit\u00e4rer Bewegungen.<\/p>\n<p>&nbsp;<\/p>\n<p>Im Mittelpunkt steht der Versuch, unterschiedliche Theorien des Faschismus miteinander zu vergleichen, historisch zu kontextualisieren und in Beziehung zu setzen. Ein besonderer Fokus liegt dabei auf den Verflechtungen zwischen Faschismus und Liberalismus sowie auf der Frage, wie liberale Ordnungen selbst Voraussetzungen f\u00fcr autorit\u00e4re Tendenzen schaffen k\u00f6nnen. Dar\u00fcber hinaus werden auch eigene Arbeiten, Analysen und theoretische Entw\u00fcrfe der Teilnehmenden vorgestellt und diskutiert, um den Austausch zu vertiefen und neue Perspektiven auf bekannte Theorien zu er\u00f6ffnen.<\/p>\n<p>&nbsp;<\/p>\n<p><strong>Kontakt:<\/strong> <a href=\"https:\/\/cmb.hu-berlin.de\/people\/yasmin-afshar\/\">Yasmin Afshar<\/a><\/p>\n            <\/div>\n              \n    <\/div>\n<\/section>","protected":false},"excerpt":{"rendered":"","protected":false},"author":2,"featured_media":0,"parent":0,"menu_order":0,"comment_status":"closed","ping_status":"closed","template":"page-modular.php","meta":{"_acf_changed":false,"footnotes":""},"class_list":["post-19640","page","type-page","status-publish","hentry"],"acf":[],"_links":{"self":[{"href":"https:\/\/cmb.hu-berlin.de\/fr\/wp-json\/wp\/v2\/pages\/19640","targetHints":{"allow":["GET"]}}],"collection":[{"href":"https:\/\/cmb.hu-berlin.de\/fr\/wp-json\/wp\/v2\/pages"}],"about":[{"href":"https:\/\/cmb.hu-berlin.de\/fr\/wp-json\/wp\/v2\/types\/page"}],"author":[{"embeddable":true,"href":"https:\/\/cmb.hu-berlin.de\/fr\/wp-json\/wp\/v2\/users\/2"}],"replies":[{"embeddable":true,"href":"https:\/\/cmb.hu-berlin.de\/fr\/wp-json\/wp\/v2\/comments?post=19640"}],"version-history":[{"count":9,"href":"https:\/\/cmb.hu-berlin.de\/fr\/wp-json\/wp\/v2\/pages\/19640\/revisions"}],"predecessor-version":[{"id":22930,"href":"https:\/\/cmb.hu-berlin.de\/fr\/wp-json\/wp\/v2\/pages\/19640\/revisions\/22930"}],"wp:attachment":[{"href":"https:\/\/cmb.hu-berlin.de\/fr\/wp-json\/wp\/v2\/media?parent=19640"}],"curies":[{"name":"wp","href":"https:\/\/api.w.org\/{rel}","templated":true}]}}