{"id":20035,"date":"2025-01-07T12:24:45","date_gmt":"2025-01-07T11:24:45","guid":{"rendered":"https:\/\/cmb.hu-berlin.de\/forschung\/"},"modified":"2026-03-02T15:41:45","modified_gmt":"2026-03-02T14:41:45","slug":"forschung","status":"publish","type":"page","link":"https:\/\/cmb.hu-berlin.de\/fr\/forschung\/","title":{"rendered":"Recherche"},"content":{"rendered":"<section class=\"header-section\">\n    <h1 class=\"block-headline\">Recherche<\/h1>\n\n<\/section>\n\n\n\n<section class=\"two-box-text-section\">\n    \n    <div class=\"box-container\">\n                    <div class=\"text-box\">\n                <p>Le Centre Marc Bloch est une institution de recherche et de formation \u00e0 la recherche en sciences humaines et sociales. Ses groupes de recherche r\u00e9unissent des chercheurs et chercheuses et des doctorant.es venu.e.s d\u2019horizons disciplinaires et nationaux diff\u00e9rents autour de sujets transversaux. Il s\u2019attache \u00e0 susciter la rencontre et la confrontation des traditions scientifiques allemande et fran\u00e7aise \u00e0 travers des projets concrets centr\u00e9s sur un large \u00e9ventail d\u2019objets europ\u00e9ens. Il organise ou co-organise des colloques, des journ\u00e9es d\u2019\u00e9tudes, des conf\u00e9rences auxquels sont invit\u00e9.es des intervenant.es venant d&rsquo;universit\u00e9s ou d&rsquo;institutions de recherche fran\u00e7aises, allemandes mais aussi d\u2019autres pays. Le Centre m\u00e8ne par ailleurs une politique active de <a class=\"external-link-new-window\" title=\"Projets sur appel d'offre\" href=\"http:\/\/www.cmb.hu-berlin.de\/fr\/la-recherche\/projets-sur-appel-doffre\" target=\"_blank\" rel=\"noopener\" data-cke-saved-href=\"http:\/\/www.cmb.hu-berlin.de\/fr\/la-recherche\/projets-sur-appel-doffre\">projets sur appels d\u2019offres<\/a> et sur financements tiers, qui engagent des coop\u00e9rations \u00e0 plus long terme franco-allemandes et plus largement europ\u00e9ennes.<\/p>\n            <\/div>\n                            <div class=\"text-box\">\n                <p>Le Centre accorde une large place \u00e0 la formation doctorale, accueillant des doctorant.e.s pour des s\u00e9jours de dur\u00e9e variable. Il tient r\u00e9guli\u00e8rement un s\u00e9minaire de recherche dans lequel sont pr\u00e9sent\u00e9s et discut\u00e9s les travaux en cours. Il pilote des programmes de formation doctorale et organise des ateliers et \u00e9coles d\u2019\u00e9t\u00e9. Le Centre veille par ailleurs \u00e0 la bonne insertion de ses doctorant.es et de ses chercheurs et chercheuses dans les divers instituts et centres de recherche berlinois. Les doctorant.e.s rattach\u00e9.e.s au Centre sont encadr\u00e9.es sous la forme de tutorats et sont \u00e9galement associ\u00e9.es \u00e0 la mise en \u0153uvre de ses programmes et autres activit\u00e9s de recherche.<\/p>\n            <\/div>\n            <\/div>\n<\/section>\n\n<section class=\"subpage-links-repeater\">\n\t  \t<div class=\"custom-page-links-repeater-wrapper\">\n   \n\n\t\t\t   \n\t\t\t  \t\t\t  \n\n\t\t\t <a href=\"https:\/\/cmb.hu-berlin.de\/fr\/forschung\/les-poles-de-recherche\/\" class=\"subpage-link\" >\n\t\t\t\t <img decoding=\"async\" src=\"https:\/\/cmb.hu-berlin.de\/wp-content\/themes\/cmb\/assets\/images\/arrow.svg\" alt=\"arrow\" class=\"arrow\">\n\t\t\t\t<h3 class=\"subpage-title\">Les p\u00f4les de recherche<\/h3>\n\t\t\t  <\/a><br\/>\n\t\t \n\t\t\t  \t\t\t  \n\n\t\t\t <a href=\"https:\/\/cmb.hu-berlin.de\/fr\/les-projets-sur-financements-tiers\/\" class=\"subpage-link\" >\n\t\t\t\t <img decoding=\"async\" src=\"https:\/\/cmb.hu-berlin.de\/wp-content\/themes\/cmb\/assets\/images\/arrow.svg\" alt=\"arrow\" class=\"arrow\">\n\t\t\t\t<h3 class=\"subpage-title\">Les projets sur financements tiers<\/h3>\n\t\t\t  <\/a><br\/>\n\t\t \n\t\t\t  \t\t\t  \n\n\t\t\t <a href=\"https:\/\/cmb.hu-berlin.de\/fr\/forschung\/18893-2\/\" class=\"subpage-link\" >\n\t\t\t\t <img decoding=\"async\" src=\"https:\/\/cmb.hu-berlin.de\/wp-content\/themes\/cmb\/assets\/images\/arrow.svg\" alt=\"arrow\" class=\"arrow\">\n\t\t\t\t<h3 class=\"subpage-title\">Programmes h\u00e9berg\u00e9s<\/h3>\n\t\t\t  <\/a><br\/>\n\t\t \n\t\t\t  \t\t\t  \n\n\t\t\t <a href=\"https:\/\/cmb.hu-berlin.de\/fr\/forschung\/carriere\/\" class=\"subpage-link\" >\n\t\t\t\t <img decoding=\"async\" src=\"https:\/\/cmb.hu-berlin.de\/wp-content\/themes\/cmb\/assets\/images\/arrow.svg\" alt=\"arrow\" class=\"arrow\">\n\t\t\t\t<h3 class=\"subpage-title\">Financements et carri\u00e8re<\/h3>\n\t\t\t  <\/a><br\/>\n\t\t \t\t\n\t <\/div>\n    <\/div>\n<\/section>","protected":false},"excerpt":{"rendered":"","protected":false},"author":1,"featured_media":0,"parent":0,"menu_order":0,"comment_status":"closed","ping_status":"closed","template":"page-modular.php","meta":{"_acf_changed":false,"footnotes":""},"class_list":["post-20035","page","type-page","status-publish","hentry"],"acf":[],"_links":{"self":[{"href":"https:\/\/cmb.hu-berlin.de\/fr\/wp-json\/wp\/v2\/pages\/20035","targetHints":{"allow":["GET"]}}],"collection":[{"href":"https:\/\/cmb.hu-berlin.de\/fr\/wp-json\/wp\/v2\/pages"}],"about":[{"href":"https:\/\/cmb.hu-berlin.de\/fr\/wp-json\/wp\/v2\/types\/page"}],"author":[{"embeddable":true,"href":"https:\/\/cmb.hu-berlin.de\/fr\/wp-json\/wp\/v2\/users\/1"}],"replies":[{"embeddable":true,"href":"https:\/\/cmb.hu-berlin.de\/fr\/wp-json\/wp\/v2\/comments?post=20035"}],"version-history":[{"count":6,"href":"https:\/\/cmb.hu-berlin.de\/fr\/wp-json\/wp\/v2\/pages\/20035\/revisions"}],"predecessor-version":[{"id":23094,"href":"https:\/\/cmb.hu-berlin.de\/fr\/wp-json\/wp\/v2\/pages\/20035\/revisions\/23094"}],"wp:attachment":[{"href":"https:\/\/cmb.hu-berlin.de\/fr\/wp-json\/wp\/v2\/media?parent=20035"}],"curies":[{"name":"wp","href":"https:\/\/api.w.org\/{rel}","templated":true}]}}