{"id":20062,"date":"2025-08-22T12:40:51","date_gmt":"2025-08-22T10:40:51","guid":{"rendered":"https:\/\/cmb.hu-berlin.de\/deutsch-franzoesisches-kolloquium\/"},"modified":"2026-02-23T17:27:10","modified_gmt":"2026-02-23T16:27:10","slug":"deutsch-franzoesisches-kolloquium","status":"publish","type":"page","link":"https:\/\/cmb.hu-berlin.de\/fr\/evenements\/deutsch-franzoesisches-kolloquium\/","title":{"rendered":"Colloque franco-allemand"},"content":{"rendered":"<section class=\"header-section\">\n    <h1 class=\"block-headline\">Colloque franco-allemand<\/h1>\n\n<\/section>\n\n\n\n<div class=\"wp-block-group\"><div class=\"wp-block-group__inner-container is-layout-constrained wp-block-group-is-layout-constrained\">\n<section class=\"one-box-text-section\">\n    \n    <div class=\"box-container full\">\n                    <div class=\"text-box\">\n                <p>Le colloque franco-allemand (Deutsch-franz\u00f6sisches Kolloquium) se consacre \u00e0 des sujets, des projets et des publications actuels de caract\u00e8re scientifique et dans une perspective franco-allemande. Il s\u2019agit d\u2019un lieu d\u2019\u00e9change accueillant tous les \u00e9tudiant\u00b7es, chercheurs et chercheuses qui travaillent sur des sujets franco-allemands \u00e0 Berlin, Potsdam et au-del\u00e0.<\/p>\n<p>&nbsp;<\/p>\n<p><em>Une collaboration entre le <a href=\"https:\/\/www.geisteswissenschaften.fu-berlin.de\/frankreichzentrum\/index.html\" target=\"_blank\" rel=\"noopener noreferrer\" data-cke-saved-href=\"https:\/\/www.geisteswissenschaften.fu-berlin.de\/frankreichzentrum\/index.html\">Frankreichzentrums<\/a> der Freien Universit\u00e4t Berlin, le Leibniz-Zentrums f\u00fcr Zeithistorische Forschung Potsdam (<a href=\"https:\/\/zzf-potsdam.de\" target=\"_blank\" rel=\"noopener noreferrer\" data-cke-saved-href=\"https:\/\/zzf-potsdam.de\">ZZF<\/a>) et le Centre Marc Bloch Berlin.<\/em><\/p>\n<p>&nbsp;<\/p>\n<p>Inscription : <a href=\"mailto:frankreichzentrum@fu-berlin.de\">frankreichzentrum@fu-berlin.de<\/a><\/p>\n            <\/div>\n              \n    <\/div>\n<\/section><\/div><\/div>\n\n\n\n<div class=\"wp-block-group is-vertical is-content-justification-center is-layout-flex wp-container-core-group-is-layout-4b2eccd6 wp-block-group-is-layout-flex\">\n<section class=\"one-box-text-section\">\n            <h3 class=\"section-headline\">D\u00e9sindustrialisation et changement social<\/h3>\n    \n    <div class=\"box-container full\">\n                    <div class=\"text-box\">\n                <h3>Programme du semestre d&rsquo;hiver 2025-2026<\/h3>\n            <\/div>\n              \n    <\/div>\n<\/section><\/div>\n\n\n<div class=\"wp-block-image\">\n<figure class=\"aligncenter size-full\"><img loading=\"lazy\" decoding=\"async\" width=\"453\" height=\"640\" src=\"https:\/\/cmb.hu-berlin.de\/wp-content\/uploads\/2025\/11\/DFK_PLAKAT-1.jpeg\" alt=\"\" class=\"wp-image-20224\" srcset=\"https:\/\/cmb.hu-berlin.de\/wp-content\/uploads\/2025\/11\/DFK_PLAKAT-1.jpeg 453w, https:\/\/cmb.hu-berlin.de\/wp-content\/uploads\/2025\/11\/DFK_PLAKAT-1-212x300.jpeg 212w\" sizes=\"auto, (max-width: 453px) 100vw, 453px\" \/><\/figure>\n<\/div>\n\n\n<section class=\"cmb-block cmb-block--events-list\">\n      <p class=\"events-list__empty\">No events found for this selection.<\/p>\n  <\/section>\n\n\n<div class=\"wp-block-media-text is-stacked-on-mobile is-vertically-aligned-bottom\" style=\"grid-template-columns:20% auto\"><figure class=\"wp-block-media-text__media\"><img loading=\"lazy\" decoding=\"async\" width=\"200\" height=\"283\" src=\"https:\/\/cmb.hu-berlin.de\/wp-content\/uploads\/2025\/08\/csm_DFK_Poster_WS_2024_2025_final_page-0001_928308fe0b.jpg\" alt=\"\" class=\"wp-image-18839 size-full\"\/><\/figure><div class=\"wp-block-media-text__content\">\n<p><\/p>\n\n\n\n<p><\/p>\n\n\n\n<p><\/p>\n\n\n\n<section class=\"one-box-text-section\">\n            <h3 class=\"section-headline\">Politique &amp; Affect<\/h3>\n    \n    <div class=\"box-container cut\">\n                    <div class=\"text-box\">\n                <h3><\/h3>\n<h3>Programme du semestre d&rsquo;hiver<\/h3>\n<p>&nbsp;<\/p>\n<p><strong>08.01.2025 | 17h00\u201319h00 Uhr<\/strong><br \/>\n<a href=\"https:\/\/www.geisteswissenschaften.fu-berlin.de\/frankreichzentrum\/dfk\/2024_25_WS_Politik_Affekt_Brosteaux.html\" target=\"_blank\" rel=\"noopener noreferrer\">La politisation des affects dans les ann\u00e9es 1960: la Neue Rechte comme r\u00e9action \u00e0 la Neue Linke<\/a><\/p>\n<p>&nbsp;<\/p>\n<p><strong>13.02.2025 | 17h00\u201319h00 Uhr<\/strong><br \/>\n<a href=\"https:\/\/www.geisteswissenschaften.fu-berlin.de\/frankreichzentrum\/dfk\/2024_25_WS_Politik_Affekt_Ural.html\" target=\"_blank\" rel=\"noopener noreferrer\">Die Republik und das Schwein: Affekte der Laizit\u00e4t und die Kulturalisierung des Geschmacks<\/a><\/p>\n            <\/div>\n              \n    <\/div>\n<\/section><\/div><\/div>\n","protected":false},"excerpt":{"rendered":"","protected":false},"author":2,"featured_media":0,"parent":20434,"menu_order":0,"comment_status":"closed","ping_status":"closed","template":"page-modular.php","meta":{"_acf_changed":false,"footnotes":""},"class_list":["post-20062","page","type-page","status-publish","hentry"],"acf":[],"_links":{"self":[{"href":"https:\/\/cmb.hu-berlin.de\/fr\/wp-json\/wp\/v2\/pages\/20062","targetHints":{"allow":["GET"]}}],"collection":[{"href":"https:\/\/cmb.hu-berlin.de\/fr\/wp-json\/wp\/v2\/pages"}],"about":[{"href":"https:\/\/cmb.hu-berlin.de\/fr\/wp-json\/wp\/v2\/types\/page"}],"author":[{"embeddable":true,"href":"https:\/\/cmb.hu-berlin.de\/fr\/wp-json\/wp\/v2\/users\/2"}],"replies":[{"embeddable":true,"href":"https:\/\/cmb.hu-berlin.de\/fr\/wp-json\/wp\/v2\/comments?post=20062"}],"version-history":[{"count":8,"href":"https:\/\/cmb.hu-berlin.de\/fr\/wp-json\/wp\/v2\/pages\/20062\/revisions"}],"predecessor-version":[{"id":22945,"href":"https:\/\/cmb.hu-berlin.de\/fr\/wp-json\/wp\/v2\/pages\/20062\/revisions\/22945"}],"up":[{"embeddable":true,"href":"https:\/\/cmb.hu-berlin.de\/fr\/wp-json\/wp\/v2\/pages\/20434"}],"wp:attachment":[{"href":"https:\/\/cmb.hu-berlin.de\/fr\/wp-json\/wp\/v2\/media?parent=20062"}],"curies":[{"name":"wp","href":"https:\/\/api.w.org\/{rel}","templated":true}]}}