{"id":20074,"date":"2025-01-26T20:45:05","date_gmt":"2025-01-26T19:45:05","guid":{"rendered":"https:\/\/cmb.hu-berlin.de\/forschung\/18893-2\/provenienzforschungsfonds\/"},"modified":"2026-02-23T16:53:13","modified_gmt":"2026-02-23T15:53:13","slug":"provenienzforschungsfonds","status":"publish","type":"page","link":"https:\/\/cmb.hu-berlin.de\/fr\/forschung\/18893-2\/provenienzforschungsfonds\/","title":{"rendered":"Fonds de recherche sur la provenance"},"content":{"rendered":"<div class=\"wp-block-image\">\n<figure class=\"alignright size-large is-resized\"><img loading=\"lazy\" decoding=\"async\" width=\"1024\" height=\"387\" src=\"https:\/\/cmb.hu-berlin.de\/wp-content\/uploads\/2025\/08\/Logo_PFF_final_farbe-1024x387.png\" alt=\"\" class=\"wp-image-18579\" style=\"width:650px;height:auto\" srcset=\"https:\/\/cmb.hu-berlin.de\/wp-content\/uploads\/2025\/08\/Logo_PFF_final_farbe-1024x387.png 1024w, https:\/\/cmb.hu-berlin.de\/wp-content\/uploads\/2025\/08\/Logo_PFF_final_farbe-300x113.png 300w, https:\/\/cmb.hu-berlin.de\/wp-content\/uploads\/2025\/08\/Logo_PFF_final_farbe-768x290.png 768w, https:\/\/cmb.hu-berlin.de\/wp-content\/uploads\/2025\/08\/Logo_PFF_final_farbe.png 1323w\" sizes=\"auto, (max-width: 1024px) 100vw, 1024px\" \/><\/figure>\n<\/div>\n\n\t<section class=\"subheadline_section\">\n\t    <h2 class=\"block-subheadline\">Fonds franco-allemand de recherche sur la provenance des objets culturels d&#039;Afrique sub-saharienne<\/h2>\n\t<\/section>\n\n\n\n<section class=\"one-box-text-section\">\n    \n    <div class=\"box-container full\">\n                    <div class=\"text-box\">\n                <p>&nbsp;<\/p>\n<p>&nbsp;<\/p>\n<p>&nbsp;<\/p>\n<p>En 2023, \u00e0 l&rsquo;occasion du 60e anniversaire du Trait\u00e9 de l&rsquo;Elys\u00e9e, l&rsquo;Allemagne et la France se sont engag\u00e9es \u00e0 reconna\u00eetre l&rsquo;importance d&rsquo;un traitement adapt\u00e9 de ces biens culturels. La cr\u00e9ation du Fonds franco-allemand de recherche sur la provenance des biens culturels d\u2019Afrique subsaharienne fait partie int\u00e9grante d&rsquo;une politique culturelle plus large visant \u00e0 renforcer et \u00e0 renouveler les partenariats avec l&rsquo;Afrique.<\/p>\n<p>&nbsp;<\/p>\n<p>En Allemagne comme en France, les mus\u00e9es et les institutions culturelles, scientifiques et universitaires renferment de nombreuses collections de biens culturels rev\u00eatant une importance symbolique, artistique, historique ou soci\u00e9tale consid\u00e9rable pour les pays et les soci\u00e9t\u00e9s dont ils sont issus. Au cours des derni\u00e8res ann\u00e9es, l&rsquo;Allemagne et la France, comme nombre d\u2019autres pays europ\u00e9ens, ont fait de la recherche sur la provenance de ces biens culturels un objectif majeur. La France et l&rsquo;Allemagne souhaitent aujourd\u2019hui contribuer ensemble \u00e0 rendre ce patrimoine culturel \u00e0 nouveau accessible au public subsaharien.<\/p>\n            <\/div>\n              \n    <\/div>\n<\/section>\n\n\t<section class=\"subheadline_section\">\n\t    <h2 class=\"block-subheadline\">Vous trouverez toutes les informations sur les projets financ\u00e9s sur le site Internet.<\/h2>\n\t<\/section>\n\n\n\n<div class=\"wp-block-buttons is-content-justification-center is-layout-flex wp-container-core-buttons-is-layout-16018d1d wp-block-buttons-is-layout-flex\">\n<div class=\"wp-block-button\"><a class=\"wp-block-button__link wp-element-button\" href=\"https:\/\/provenanceresearchfund.org\/\"><strong>provenanceresearchfund.org<\/strong><\/a><\/div>\n<\/div>\n\n\n\n<figure class=\"wp-block-gallery aligncenter has-nested-images columns-default is-cropped wp-block-gallery-1 is-layout-flex wp-block-gallery-is-layout-flex\">\n<figure class=\"wp-block-image size-full\"><img loading=\"lazy\" decoding=\"async\" width=\"1000\" height=\"667\" data-id=\"18776\" src=\"https:\/\/cmb.hu-berlin.de\/wp-content\/uploads\/2025\/08\/csm_Matrimoines_illustration1_5db5a6060a.jpg\" alt=\"\" class=\"wp-image-18776\" srcset=\"https:\/\/cmb.hu-berlin.de\/wp-content\/uploads\/2025\/08\/csm_Matrimoines_illustration1_5db5a6060a.jpg 1000w, https:\/\/cmb.hu-berlin.de\/wp-content\/uploads\/2025\/08\/csm_Matrimoines_illustration1_5db5a6060a-300x200.jpg 300w, https:\/\/cmb.hu-berlin.de\/wp-content\/uploads\/2025\/08\/csm_Matrimoines_illustration1_5db5a6060a-768x512.jpg 768w\" sizes=\"auto, (max-width: 1000px) 100vw, 1000px\" \/><\/figure>\n\n\n\n<figure class=\"wp-block-image size-full\"><img loading=\"lazy\" decoding=\"async\" width=\"2560\" height=\"1707\" data-id=\"19193\" src=\"https:\/\/cmb.hu-berlin.de\/wp-content\/uploads\/2025\/09\/3Y4A9315-Kopie-scaled.jpg\" alt=\"\" class=\"wp-image-19193\" srcset=\"https:\/\/cmb.hu-berlin.de\/wp-content\/uploads\/2025\/09\/3Y4A9315-Kopie-scaled.jpg 2560w, https:\/\/cmb.hu-berlin.de\/wp-content\/uploads\/2025\/09\/3Y4A9315-Kopie-300x200.jpg 300w, https:\/\/cmb.hu-berlin.de\/wp-content\/uploads\/2025\/09\/3Y4A9315-Kopie-1024x683.jpg 1024w, https:\/\/cmb.hu-berlin.de\/wp-content\/uploads\/2025\/09\/3Y4A9315-Kopie-768x512.jpg 768w, https:\/\/cmb.hu-berlin.de\/wp-content\/uploads\/2025\/09\/3Y4A9315-Kopie-1536x1024.jpg 1536w, https:\/\/cmb.hu-berlin.de\/wp-content\/uploads\/2025\/09\/3Y4A9315-Kopie-2048x1365.jpg 2048w\" sizes=\"auto, (max-width: 2560px) 100vw, 2560px\" \/><\/figure>\n<\/figure>\n\n\n\n<div class=\"wp-block-columns is-layout-flex wp-container-core-columns-is-layout-9d6595d7 wp-block-columns-is-layout-flex\">\n<div class=\"wp-block-column is-layout-flow wp-block-column-is-layout-flow\" style=\"flex-basis:100%\"><\/div>\n<\/div>\n\n\n\n<section class=\"two-box-text-section\">\n            <h3 class=\"section-headline\">Conseil Scientifique<\/h3>\n    \n    <div class=\"box-container\">\n                    <div class=\"text-box\">\n                <p><em>Pr\u00e9sident<\/em><br \/>\n<strong>Souleymane Bachir DIAGNE<\/strong><br \/>\nProfesseur, Columbia University<br \/>\nDiscipline : Philosophie<\/p>\n<p>&nbsp;<\/p>\n<p><em>Membres<\/em><br \/>\n<strong>Felicity BODENSTEIN<\/strong><br \/>\nMa\u00eetresse de conf\u00e9rence, Sorbonne Universit\u00e9<br \/>\nDiscipline : Histoire de l&rsquo;Art<\/p>\n<p><strong>Hugues HEUMEN TCHANA<\/strong><br \/>\nDirecteur, National Museum of Cameroon<br \/>\nDiscipline : Mus\u00e9ologie<\/p>\n<p><strong>Emmanuel KASARHEROU<\/strong><br \/>\nDirecteur, Mus\u00e9e du Quai Branly &#8211; Jacques Chirac<br \/>\nDiscipline : Mus\u00e9ologie<\/p>\n            <\/div>\n                            <div class=\"text-box\">\n                <p><strong>Antoinette MAGET DOMINIC\u00c9 <\/strong><br \/>\nProfesseur, Universit\u00e9 de Gen\u00e8ve<br \/>\nDiscipline : Droit<\/p>\n<p><strong>Nzila Marina MUBUSISI<\/strong><br \/>\nConservatrice en cheffe, National Museum of Namibia<br \/>\nDiscipline : Heritage Management<\/p>\n<p><strong>Barbara PLANKENSTEINER<\/strong><br \/>\nDirectrice, MARKK Museum am Rothenbaum Hamburg<br \/>\nDiscipline : Ethnologie<\/p>\n<p><strong>Emilie SALABERRY<\/strong><br \/>\nDirectrice, Mus\u00e9e d&rsquo;Angoul\u00eame<br \/>\nDiscipline : Histoire de l&rsquo;Art<\/p>\n<p><strong>B\u00e9n\u00e9dicte SAVOY <\/strong><br \/>\nProfesseur, TU Berlin<br \/>\nDiscipline : Histoire de l&rsquo;Art<\/p>\n            <\/div>\n            <\/div>\n<\/section>\n\n<div class=\"wp-block-image\">\n<figure class=\"aligncenter size-full is-resized\"><img loading=\"lazy\" decoding=\"async\" width=\"1000\" height=\"667\" src=\"https:\/\/cmb.hu-berlin.de\/wp-content\/uploads\/2025\/08\/csm__MG_7540_22afce1145.jpg\" alt=\"\" class=\"wp-image-18801\" style=\"width:770px;height:auto\" srcset=\"https:\/\/cmb.hu-berlin.de\/wp-content\/uploads\/2025\/08\/csm__MG_7540_22afce1145.jpg 1000w, https:\/\/cmb.hu-berlin.de\/wp-content\/uploads\/2025\/08\/csm__MG_7540_22afce1145-300x200.jpg 300w, https:\/\/cmb.hu-berlin.de\/wp-content\/uploads\/2025\/08\/csm__MG_7540_22afce1145-768x512.jpg 768w\" sizes=\"auto, (max-width: 1000px) 100vw, 1000px\" \/><\/figure>\n<\/div>\n\n\n<section class=\"one-box-text-section\">\n            <h3 class=\"section-headline\">Kontakt<\/h3>\n    \n    <div class=\"box-container cut\">\n                    <div class=\"text-box\">\n                <p><em>Cheffe de projet :<\/em><br \/>\n<a href=\"https:\/\/cmb.hu-berlin.de\/people\/julie-sissia\/\">Dr. Julie Sissia<\/a><br \/>\njulie.sissia@cmb.hu-berlin.de<\/p>\n<p>&nbsp;<\/p>\n<p><em>Charg\u00e9 de projet :<\/em><br \/>\n<a href=\"https:\/\/cmb.hu-berlin.de\/people\/philon-griesel\/\">Philon Griesel<\/a><br \/>\nphilon.griesel@cmb.hu-berlin.de<\/p>\n            <\/div>\n              \n    <\/div>\n<\/section>\n\n<div class=\"wp-block-image\">\n<figure class=\"aligncenter size-full\"><img loading=\"lazy\" decoding=\"async\" width=\"1000\" height=\"192\" src=\"https:\/\/cmb.hu-berlin.de\/wp-content\/uploads\/2025\/08\/csm_Banniere_Nouvelle_debe28e726.png\" alt=\"\" class=\"wp-image-18805\" srcset=\"https:\/\/cmb.hu-berlin.de\/wp-content\/uploads\/2025\/08\/csm_Banniere_Nouvelle_debe28e726.png 1000w, https:\/\/cmb.hu-berlin.de\/wp-content\/uploads\/2025\/08\/csm_Banniere_Nouvelle_debe28e726-300x58.png 300w, https:\/\/cmb.hu-berlin.de\/wp-content\/uploads\/2025\/08\/csm_Banniere_Nouvelle_debe28e726-768x147.png 768w\" sizes=\"auto, (max-width: 1000px) 100vw, 1000px\" \/><\/figure>\n<\/div>\n\n\n<p><\/p>\n","protected":false},"excerpt":{"rendered":"","protected":false},"author":1,"featured_media":0,"parent":18893,"menu_order":0,"comment_status":"closed","ping_status":"closed","template":"page-modular.php","meta":{"_acf_changed":false,"footnotes":""},"class_list":["post-20074","page","type-page","status-publish","hentry"],"acf":[],"_links":{"self":[{"href":"https:\/\/cmb.hu-berlin.de\/fr\/wp-json\/wp\/v2\/pages\/20074","targetHints":{"allow":["GET"]}}],"collection":[{"href":"https:\/\/cmb.hu-berlin.de\/fr\/wp-json\/wp\/v2\/pages"}],"about":[{"href":"https:\/\/cmb.hu-berlin.de\/fr\/wp-json\/wp\/v2\/types\/page"}],"author":[{"embeddable":true,"href":"https:\/\/cmb.hu-berlin.de\/fr\/wp-json\/wp\/v2\/users\/1"}],"replies":[{"embeddable":true,"href":"https:\/\/cmb.hu-berlin.de\/fr\/wp-json\/wp\/v2\/comments?post=20074"}],"version-history":[{"count":7,"href":"https:\/\/cmb.hu-berlin.de\/fr\/wp-json\/wp\/v2\/pages\/20074\/revisions"}],"predecessor-version":[{"id":22924,"href":"https:\/\/cmb.hu-berlin.de\/fr\/wp-json\/wp\/v2\/pages\/20074\/revisions\/22924"}],"up":[{"embeddable":true,"href":"https:\/\/cmb.hu-berlin.de\/fr\/wp-json\/wp\/v2\/pages\/18893"}],"wp:attachment":[{"href":"https:\/\/cmb.hu-berlin.de\/fr\/wp-json\/wp\/v2\/media?parent=20074"}],"curies":[{"name":"wp","href":"https:\/\/api.w.org\/{rel}","templated":true}]}}