{"id":20274,"date":"2025-01-07T12:23:15","date_gmt":"2025-01-07T11:23:15","guid":{"rendered":"https:\/\/cmb.hu-berlin.de\/?page_id=20274"},"modified":"2026-03-23T16:55:55","modified_gmt":"2026-03-23T15:55:55","slug":"rapports-dactivites","status":"publish","type":"page","link":"https:\/\/cmb.hu-berlin.de\/fr\/le-centre-marc-bloch\/rapports-dactivites\/","title":{"rendered":"Rapports d&rsquo;activit\u00e9s"},"content":{"rendered":"<section class=\"header-section\">\n    <h1 class=\"block-headline\">Rapports d&#039;activit\u00e9s<\/h1>\n\n<\/section>\n\n\n\n<section class=\"one-box-text-section\">\n    \n    <div class=\"box-container cut\">\n                    <div class=\"text-box\">\n                <p>&nbsp;<\/p>\n<p><strong>2024<br \/>\n<\/strong>Vous pouvez t\u00e9l\u00e9charger ici le <a href=\"https:\/\/cmb.hu-berlin.de\/wp-content\/uploads\/2026\/03\/Rapport_FR_2024_webversion.pdf\">rapport annuel 2024<\/a>.<\/p>\n<p>&nbsp;<\/p>\n<p><strong>2023<br \/>\n<\/strong>Vous pouvez t\u00e9l\u00e9charger ici le <a href=\"https:\/\/cmb.hu-berlin.de\/wp-content\/uploads\/2026\/01\/Rapport_FR_2023_web.pdf\">rapport annuel 2023<\/a>.<\/p>\n<p>&nbsp;<\/p>\n<p><b>2022<br \/>\n<\/b>Vous pouvez t\u00e9l\u00e9charger ici le <a href=\"https:\/\/cmb.hu-berlin.de\/fileadmin\/user_upload\/Rapport_DE_2022_web.pdf\">rapport annuel 2022<\/a>.<\/p>\n<p>&nbsp;<\/p>\n<p><strong>2021<br \/>\n<\/strong>Vous pouvez t\u00e9l\u00e9charger ici le <a href=\"https:\/\/cmb.hu-berlin.de\/fileadmin\/user_upload\/Rapport_DE_2021_web.pdf\">rapport annuel 2021<\/a>.<\/p>\n<p>&nbsp;<\/p>\n<p><strong>2020<br \/>\n<\/strong>Vous pouvez t\u00e9l\u00e9charger ici le <a href=\"https:\/\/cmb.hu-berlin.de\/fileadmin\/cmb_data\/cmb_files\/Rapport_DE_2020_web.pdf\">rapport annuel 2020<\/a>.<\/p>\n<p>&nbsp;<\/p>\n<p><strong>2019<br \/>\n<\/strong>Vous pouvez t\u00e9l\u00e9charger ici le <a href=\"https:\/\/cmb.hu-berlin.de\/fileadmin\/cmb_data\/cmb_files\/Bericht_CMB_2019.pdf\">rapport annuel 2019<\/a>.<\/p>\n<p>&nbsp;<\/p>\n<p><b>2018<br \/>\n<\/b>Vous pouvez t\u00e9l\u00e9charger ici le <a href=\"https:\/\/cmb.hu-berlin.de\/fileadmin\/cmb_data\/cmb_files\/Rapport_CMB_2018.pdf\">rapport annuel 2018.<\/a><\/p>\n<p>&nbsp;<\/p>\n<p><b>2017<br \/>\n<\/b>Vous pouvez t\u00e9l\u00e9charger ici le <a href=\"https:\/\/cmb.hu-berlin.de\/fileadmin\/user_upload\/Rapport_DE_2017_versand.pdf\">rapport annuel 2017.<\/a><\/p>\n<p>&nbsp;<\/p>\n<p><strong>2016<br \/>\n<\/strong>Vous pouvez t\u00e9l\u00e9charger ici le <a href=\"https:\/\/cmb.hu-berlin.de\/fileadmin\/user_upload\/Jahresbericht-2016_web.pdf\">rapport annuel 2016.<\/a><\/p>\n<p>&nbsp;<\/p>\n<p><strong>2015<br \/>\n<\/strong>Vous pouvez t\u00e9l\u00e9charger ici le <a href=\"https:\/\/cmb.hu-berlin.de\/fileadmin\/user_upload\/20160321_rapport_2015.pdf\">rapport annuel 2015.<\/a><\/p>\n<p>&nbsp;<\/p>\n<p><strong>2014<br \/>\n<\/strong>Vous pouvez t\u00e9l\u00e9charger ici le <a href=\"https:\/\/cmb.hu-berlin.de\/fileadmin\/user_upload\/rapport_2014-_texte.pdf\">rapport annuel 2014.<\/a><\/p>\n<p>&nbsp;<\/p>\n<p><strong>2013<br \/>\n<\/strong>Vous pouvez t\u00e9l\u00e9charger ici le <a href=\"https:\/\/cmb.hu-berlin.de\/fileadmin\/user_upload\/Jahresbericht2013_komplett_20032014_144dpi.pdf\">rapport annuel 2013<\/a>.<\/p>\n<p><strong>2012<br \/>\n<\/strong>Vous pouvez t\u00e9l\u00e9charger ici le <a href=\"https:\/\/cmb.hu-berlin.de\/fileadmin\/user_upload\/rapport_annuel_2012.pdf\">rapport annuel 2012<\/a>.<\/p>\n<p><strong>2011<br \/>\n<\/strong>Vous pouvez t\u00e9l\u00e9charger ici le <a href=\"https:\/\/cmb.hu-berlin.de\/fileadmin\/user_upload\/RAPPORT_AERES_COMPLET.pdf\">rapport \u00ab AERES \u00bb 2007-2011<\/a>.<\/p>\n<p>Vous pouvez t\u00e9l\u00e9charger ici le <a href=\"https:\/\/cmb.hu-berlin.de\/fileadmin\/user_upload\/CMB-Bericht.pdf\">rapport destin\u00e9 au Conseil scientifique 2007-2011<\/a>.<\/p>\n<p>&nbsp;<\/p>\n<p><strong>2010<br \/>\n<\/strong>Vous pouvez t\u00e9l\u00e9charger ici <a href=\"https:\/\/cmb.hu-berlin.de\/fileadmin\/user_upload\/RAPPORT2010-02-03-11.pdf\">le rapport annuel 2010<\/a>.<\/p>\n<p>&nbsp;<\/p>\n<p><b>2009<br \/>\n<\/b>Vous pouvez t\u00e9l\u00e9charger ici <a href=\"https:\/\/cmb.hu-berlin.de\/fileadmin\/user_upload\/rapport-cmb-2009-all.pdf\">le rapport annuel 2009<\/a> (en allemand).<\/p>\n<p>Vous pouvez t\u00e9l\u00e9charger ici <a href=\"https:\/\/cmb.hu-berlin.de\/fileadmin\/user_upload\/rapport-cmb-2009-frs.pdf\">le rapport annuel 2009<\/a> (en fran\u00e7ais).<\/p>\n<p>&nbsp;<\/p>\n<p><strong>2008<br \/>\n<\/strong>Vous pouvez t\u00e9l\u00e9charger ici <a href=\"https:\/\/cmb.hu-berlin.de\/fileadmin\/user_upload\/rapport_cmb_frs_2008.pdf\">le rapport annuel 2008<\/a> (en fran\u00e7ais).<\/p>\n<p>Vous pouvez t\u00e9l\u00e9charger ici <a href=\"https:\/\/cmb.hu-berlin.de\/fileadmin\/user_upload\/Jahresbericht_CMB_Teil_A_2008.pdf\">le rapport annuel 2008 &#8211; partie A<\/a> (en allemand).<\/p>\n<p>&nbsp;<\/p>\n<p><b>2007<br \/>\n<\/b>Vous pouvez t\u00e9l\u00e9charger ici <a href=\"https:\/\/cmb.hu-berlin.de\/fileadmin\/user_upload\/rapport2007.pdf\">le rapport annuel 2007<\/a> (en fran\u00e7ais).<\/p>\n<p>&nbsp;<\/p>\n<p><strong>2006<br \/>\n<\/strong>Vous pouvez t\u00e9l\u00e9charger ici <a href=\"https:\/\/cmb.hu-berlin.de\/fileadmin\/user_upload\/rapport_cmb_2006.pdf\">le rapport annuel 2006<\/a> pour la p\u00e9riode du 1er mars 2005 au 28 f\u00e9vrier 2006.<\/p>\n<p>&nbsp;<\/p>\n<p><strong>2005<br \/>\n<\/strong>Vous pouvez t\u00e9l\u00e9charger ici <a href=\"https:\/\/cmb.hu-berlin.de\/fileadmin\/user_upload\/Rapport_2005.pdf\">le rapport annuel 2005<\/a> (en fran\u00e7ais) pour la p\u00e9riode du 1er mars 2004 au 28 f\u00e9vrier 2005.<\/p>\n            <\/div>\n              \n    <\/div>\n<\/section>","protected":false},"excerpt":{"rendered":"","protected":false},"author":2,"featured_media":0,"parent":18269,"menu_order":0,"comment_status":"closed","ping_status":"closed","template":"page-modular.php","meta":{"_acf_changed":false,"footnotes":""},"class_list":["post-20274","page","type-page","status-publish","hentry"],"acf":[],"_links":{"self":[{"href":"https:\/\/cmb.hu-berlin.de\/fr\/wp-json\/wp\/v2\/pages\/20274","targetHints":{"allow":["GET"]}}],"collection":[{"href":"https:\/\/cmb.hu-berlin.de\/fr\/wp-json\/wp\/v2\/pages"}],"about":[{"href":"https:\/\/cmb.hu-berlin.de\/fr\/wp-json\/wp\/v2\/types\/page"}],"author":[{"embeddable":true,"href":"https:\/\/cmb.hu-berlin.de\/fr\/wp-json\/wp\/v2\/users\/2"}],"replies":[{"embeddable":true,"href":"https:\/\/cmb.hu-berlin.de\/fr\/wp-json\/wp\/v2\/comments?post=20274"}],"version-history":[{"count":4,"href":"https:\/\/cmb.hu-berlin.de\/fr\/wp-json\/wp\/v2\/pages\/20274\/revisions"}],"predecessor-version":[{"id":23611,"href":"https:\/\/cmb.hu-berlin.de\/fr\/wp-json\/wp\/v2\/pages\/20274\/revisions\/23611"}],"up":[{"embeddable":true,"href":"https:\/\/cmb.hu-berlin.de\/fr\/wp-json\/wp\/v2\/pages\/18269"}],"wp:attachment":[{"href":"https:\/\/cmb.hu-berlin.de\/fr\/wp-json\/wp\/v2\/media?parent=20274"}],"curies":[{"name":"wp","href":"https:\/\/api.w.org\/{rel}","templated":true}]}}