{"id":20377,"date":"2025-03-17T10:36:43","date_gmt":"2025-03-17T09:36:43","guid":{"rendered":"https:\/\/cmb.hu-berlin.de\/?page_id=20377"},"modified":"2025-12-01T11:22:53","modified_gmt":"2025-12-01T10:22:53","slug":"programme-de-mobilite","status":"publish","type":"page","link":"https:\/\/cmb.hu-berlin.de\/fr\/le-centre-marc-bloch\/cooperations\/programme-de-mobilite\/","title":{"rendered":"Programme de mobilit\u00e9"},"content":{"rendered":"<section class=\"header-section\">\n    <h1 class=\"block-headline\">Programme de mobilit\u00e9<\/h1>\n\n<\/section>\n\n\n\t<section class=\"subheadline_section\">\n\t    <h2 class=\"block-subheadline\">\u25ba Appel \u00e0 candidatures interne &#8211; Date limite annuelle de candidature : 30 juin <\/h2>\n\t<\/section>\n\n\n\n<section class=\"one-box-text-section\">\n    \n    <div class=\"box-container cut\">\n                    <div class=\"text-box\">\n                <p>Le Centre Marc Bloch encourage ses chercheur.e.s et doctorant.e.s \u00e0 effectuer des s\u00e9jours aupr\u00e8s des institutions partenaires mais aussi \u00e0 mettre en place des projets de recherche et des manifestations scientifiques contribuant \u00e0 la mise en r\u00e9seau strat\u00e9gique du CMB.<\/p>\n<p>&nbsp;<\/p>\n<p>Un appel interne \u00e0 candidatures pour les programmes de mobilit\u00e9 est g\u00e9n\u00e9ralement lanc\u00e9 en d\u00e9but d&rsquo;\u00e9t\u00e9 pour l&rsquo;ann\u00e9e civile suivante.Formulaire<\/p>\n<p>&nbsp;<\/p>\n<p><strong>Contakt:<\/strong> Dr. Alix Winter : <a>cooperation\u00a0 ( at ) \u00a0cmb.hu-berlin.de<\/a><\/p>\n            <\/div>\n              \n    <\/div>\n<\/section>\n\n\n<div class=\"wp-block-buttons is-content-justification-center is-layout-flex wp-container-core-buttons-is-layout-16018d1d wp-block-buttons-is-layout-flex\">\n<div class=\"wp-block-button is-style-outline is-style-outline--1\"><a class=\"wp-block-button__link wp-element-button\" href=\"https:\/\/cmb.hu-berlin.de\/wp-content\/uploads\/2025\/07\/Formulaire_-_AaC_Mobilite_1_-1.docx\">Formulaire &#8211; Mobilit\u00e4tsprogramme<\/a><\/div>\n<\/div>\n\n\n<section class=\"people-repeater\">\n  \n  <div class=\"people-grid\">\n          \n        \n        <a href=\"https:\/\/cmb.hu-berlin.de\/fr\/people\/alix-winter\/\"\n           class=\"person-box person-box-link\"\n           data-person-gender=\"f\"\n           data-lang=\"fr\">\n\n          <div class=\"person-image-wrapper\">\n            <img decoding=\"async\" src=\"https:\/\/cmb.hu-berlin.de\/wp-content\/uploads\/2025\/04\/csm_Portraits_Alix_947Mai_11_2021_Sarah_Wiltschek_1_-_Kopie_89879de0d3.jpg\"\n                 alt=\"Alix Winter\"\n                 class=\"person-image\" \/>\n          <\/div>\n\n          <h4 class=\"person-name\">Alix Winter<\/h4>\n\n          <div class=\"person-meta\">\n                          <div class=\"person-position\">\n                <span class=\"genderize\">Forschungs- und Karrieref\u00f6rderung<\/span>, <span class=\"genderize\">Referentin f\u00fcr Kooperationen<\/span>              <\/div>\n            \n                      <\/div>\n\n        <\/a>\n\n      \n              <\/div>\n<\/section>","protected":false},"excerpt":{"rendered":"","protected":false},"author":2,"featured_media":0,"parent":20375,"menu_order":0,"comment_status":"closed","ping_status":"closed","template":"page-modular.php","meta":{"_acf_changed":false,"footnotes":""},"class_list":["post-20377","page","type-page","status-publish","hentry"],"acf":[],"_links":{"self":[{"href":"https:\/\/cmb.hu-berlin.de\/fr\/wp-json\/wp\/v2\/pages\/20377","targetHints":{"allow":["GET"]}}],"collection":[{"href":"https:\/\/cmb.hu-berlin.de\/fr\/wp-json\/wp\/v2\/pages"}],"about":[{"href":"https:\/\/cmb.hu-berlin.de\/fr\/wp-json\/wp\/v2\/types\/page"}],"author":[{"embeddable":true,"href":"https:\/\/cmb.hu-berlin.de\/fr\/wp-json\/wp\/v2\/users\/2"}],"replies":[{"embeddable":true,"href":"https:\/\/cmb.hu-berlin.de\/fr\/wp-json\/wp\/v2\/comments?post=20377"}],"version-history":[{"count":3,"href":"https:\/\/cmb.hu-berlin.de\/fr\/wp-json\/wp\/v2\/pages\/20377\/revisions"}],"predecessor-version":[{"id":20825,"href":"https:\/\/cmb.hu-berlin.de\/fr\/wp-json\/wp\/v2\/pages\/20377\/revisions\/20825"}],"up":[{"embeddable":true,"href":"https:\/\/cmb.hu-berlin.de\/fr\/wp-json\/wp\/v2\/pages\/20375"}],"wp:attachment":[{"href":"https:\/\/cmb.hu-berlin.de\/fr\/wp-json\/wp\/v2\/media?parent=20377"}],"curies":[{"name":"wp","href":"https:\/\/api.w.org\/{rel}","templated":true}]}}