{"id":20379,"date":"2025-03-17T10:39:17","date_gmt":"2025-03-17T09:39:17","guid":{"rendered":"https:\/\/cmb.hu-berlin.de\/?page_id=20379"},"modified":"2026-02-23T14:27:40","modified_gmt":"2026-02-23T13:27:40","slug":"chaire-marc-bloch","status":"publish","type":"page","link":"https:\/\/cmb.hu-berlin.de\/fr\/le-centre-marc-bloch\/cooperations\/chaire-marc-bloch\/","title":{"rendered":"Chaire Marc Bloch"},"content":{"rendered":"<section class=\"header-section\">\n    <h1 class=\"block-headline\">Chaire Marc Bloch<\/h1>\n\n<\/section>\n\n\n\n<section class=\"one-box-text-section\">\n    \n    <div class=\"box-container full\">\n                    <div class=\"text-box\">\n                <p>Dans le cadre de la convention pass\u00e9e respectivement avec l\u2019EHESS, l\u2019Universit\u00e9 de Strasbourg et Sciences Po Grenoble, un appel \u00e0 candidature est ouvert chaque ann\u00e9e au sein de ces institutions pour l\u2019accueil d\u2019un enseignant-chercheur\/d\u2019une enseignante-chercheuse invit\u00e9.e au Centre Marc Bloch, dans le domaine des sciences humaines et sociales, pour le semestre d\u2019hiver ou le semestre d\u2019\u00e9t\u00e9 ou l\u2019ann\u00e9e compl\u00e8te (d\u00e9pend de l\u2019accord de coop\u00e9ration) . Le Centre Marc Bloch vise une extension de ce dispositif \u00e0 d&rsquo;autres \u00e9tablissements.<\/p>\n<p>&nbsp;<\/p>\n<p>Ces \u00ab Chaires Marc Bloch \u00bb comprennent l\u2019obligation de donner un cours ou s\u00e9minaire (deux heures par semaine, en allemand de pr\u00e9f\u00e9rence ou en anglais) \u00e0 l\u2019Universit\u00e9 Humboldt ou dans une autre universit\u00e9 berlinoise, et de participer aux activit\u00e9s de recherche et de formation \u00e0 la recherche du Centre Marc Bloch, au sein d\u2019un des cinq p\u00f4les de recherche \u00abEurope et d\u00e9mocratie en tensions\u00bb, \u00abDynamiques des in\u00e9galit\u00e9s\u00bb et \u00ab Circulations et espaces socio-politiques\u00bb, \u00abEnvironnement, climat, \u00e9nergie\u00bb, \u00abL&rsquo;art de la critique\u00bb.<\/p>\n<p>&nbsp;<\/p>\n<p>Le\/la titulaire de cette chaire b\u00e9n\u00e9ficie d\u2019un espace de travail, et de l\u2019infrastructure du Centre Marc Bloch. Une indemnisation de 1.500 \u20ac par mois, li\u00e9e aux frais de s\u00e9jour, sera assur\u00e9e par le Centre Marc Bloch.<\/p>\n<p>&nbsp;<\/p>\n<p>L\u2019appel \u00e0 candidatures est lanc\u00e9 chaque ann\u00e9e dans les institutions partenaires. Pour tout renseignement compl\u00e9mentaire relatif \u00e0 la proc\u00e9dure de candidature, vous pouvez contacter directement B\u00e9n\u00e9dicte Zimmermann pour l\u2019EHESS (bzim[at]ehess.fr), Florian Fritsch pour l\u2019Universit\u00e9 de Strasbourg (florian.fritsch[at]unistra.fr) ou Mathis Trevisanuto pour SciencesPo Grenoble (contact-projets[at]iepg.fr).<\/p>\n            <\/div>\n              \n    <\/div>\n<\/section>\n\n<section class=\"people-repeater\">\n      <h3 class=\"section-headline\">Chaire Marc Bloch pour le s\u00e9mestre d&#039;\u00e9t\u00e9 2026<\/h3>\n  \n  <div class=\"people-grid\">\n          \n        \n        <a href=\"https:\/\/cmb.hu-berlin.de\/fr\/people\/simon-godard\/\"\n           class=\"person-box person-box-link\"\n           data-person-gender=\"m\"\n           data-lang=\"fr\">\n\n          <div class=\"person-image-wrapper\">\n            <img decoding=\"async\" src=\"https:\/\/cmb.hu-berlin.de\/wp-content\/uploads\/2025\/04\/Simon-Godard-683x1024.jpg\"\n                 alt=\"Simon Godard\"\n                 class=\"person-image\" \/>\n          <\/div>\n\n          <h4 class=\"person-name\">Simon Godard<\/h4>\n\n          <div class=\"person-meta\">\n                          <div class=\"person-position\">\n                <span class=\"genderize\">Assoziierte Forschende<\/span>              <\/div>\n            \n                      <\/div>\n\n        <\/a>\n\n            <\/div>\n<\/section>\n\n\n<section class=\"one-box-text-section\">\n            <h3 class=\"section-headline\">Chercheur.e.s invit\u00e9.e.s dans le cadre de la Chaire Marc Bloch<\/h3>\n    \n    <div class=\"box-container cut\">\n                    <div class=\"text-box\">\n                <ul>\n<li>SoSe 2025:\u00a0Eric Wittersheim\u00a0(EHESS),\u00a0Catherine Maurer\u00a0(Universit\u00e9 de Strasbourg)<\/li>\n<li>WiSe 2024\/2025:\u00a0Eric Wittersheim\u00a0(EHESS)<\/li>\n<li>SoSe 2024:\u00a0Karsten Lehmk\u00fchler\u00a0(Universit\u00e9 de Strasbourg),\u00a0Elissa Mail\u00e4nder\u00a0(SciensesPo Paris)<\/li>\n<li>WiSe 2023\/2024:\u00a0Andr\u00e9 Gunthert\u00a0(EHESS)<\/li>\n<li>WiSe 2022\/2023:\u00a0Roberto Dagnino\u00a0(Universit\u00e9 de Strasbourg),\u00a0Birgit M\u00fcller\u00a0(EHESS)<\/li>\n<li>SoSe 2022:\u00a0Fr\u00e9d\u00e9ric Keck\u00a0(EHESS),\u00a0J\u00e9r\u00e9mie Gauthier\u00a0(Universit\u00e9 de Strasbourg)<\/li>\n<li>WiSe 2021\/2022:\u00a0Serge Reubi\u00a0(Centre Alexandre Koyr\u00e9)<\/li>\n<li>SoSe 2021:\u00a0Klaus Wieland\u00a0(Universit\u00e9 de Strasbourg)<\/li>\n<li>WiSe 2020\/2021:\u00a0Andreas Mayer\u00a0(EHESS),\u00a0Antonin Pottier\u00a0(EHESS)<\/li>\n<li>SoSe 2020:\u00a0Olivier Allard\u00a0(EHESS),\u00a0R\u00e9gis Schlagdenhauffen\u00a0(EHESS)<\/li>\n<li>WiSe 2018\/19 und\u00a0SoSe 2019:\u00a0Masha Cerovic\u00a0(EHESS)<\/li>\n<li>SoSe 2018:\u00a0Aur\u00e9lie Chon\u00e9\u00a0(Universit\u00e9 de Strasbourg)<\/li>\n<li>SoSe 2017:\u00a0Thomas Mohnike\u00a0(Universit\u00e9 de Strasbourg),\u00a0Falk Bretschneider\u00a0(EHESS)<\/li>\n<li>WiSe 2015\/2016: Alexandre Kostka\u00a0(Universit\u00e9 de Strasbourg)<\/li>\n<\/ul>\n            <\/div>\n              \n    <\/div>\n<\/section>","protected":false},"excerpt":{"rendered":"","protected":false},"author":2,"featured_media":0,"parent":20375,"menu_order":0,"comment_status":"closed","ping_status":"closed","template":"page-modular.php","meta":{"_acf_changed":false,"footnotes":""},"class_list":["post-20379","page","type-page","status-publish","hentry"],"acf":[],"_links":{"self":[{"href":"https:\/\/cmb.hu-berlin.de\/fr\/wp-json\/wp\/v2\/pages\/20379","targetHints":{"allow":["GET"]}}],"collection":[{"href":"https:\/\/cmb.hu-berlin.de\/fr\/wp-json\/wp\/v2\/pages"}],"about":[{"href":"https:\/\/cmb.hu-berlin.de\/fr\/wp-json\/wp\/v2\/types\/page"}],"author":[{"embeddable":true,"href":"https:\/\/cmb.hu-berlin.de\/fr\/wp-json\/wp\/v2\/users\/2"}],"replies":[{"embeddable":true,"href":"https:\/\/cmb.hu-berlin.de\/fr\/wp-json\/wp\/v2\/comments?post=20379"}],"version-history":[{"count":8,"href":"https:\/\/cmb.hu-berlin.de\/fr\/wp-json\/wp\/v2\/pages\/20379\/revisions"}],"predecessor-version":[{"id":22756,"href":"https:\/\/cmb.hu-berlin.de\/fr\/wp-json\/wp\/v2\/pages\/20379\/revisions\/22756"}],"up":[{"embeddable":true,"href":"https:\/\/cmb.hu-berlin.de\/fr\/wp-json\/wp\/v2\/pages\/20375"}],"wp:attachment":[{"href":"https:\/\/cmb.hu-berlin.de\/fr\/wp-json\/wp\/v2\/media?parent=20379"}],"curies":[{"name":"wp","href":"https:\/\/api.w.org\/{rel}","templated":true}]}}