{"id":20384,"date":"2025-01-07T12:22:02","date_gmt":"2025-01-07T11:22:02","guid":{"rendered":"https:\/\/cmb.hu-berlin.de\/?page_id=20384"},"modified":"2026-02-23T12:12:53","modified_gmt":"2026-02-23T11:12:53","slug":"institutions-partenaires","status":"publish","type":"page","link":"https:\/\/cmb.hu-berlin.de\/fr\/le-centre-marc-bloch\/cooperations\/institutions-partenaires\/","title":{"rendered":"Institutions partenaires"},"content":{"rendered":"<section class=\"header-section\">\n    <h1 class=\"block-headline\">Institutions partenaires<\/h1>\n\n<\/section>\n\n\n\n<section class=\"one-box-text-section\">\n    \n    <div class=\"box-container cut\">\n                    <div class=\"text-box\">\n                <p>Le Centre Marc Bloch a \u00e9tabli des conventions de coop\u00e9ration avec des partenaires nationaux et internationaux :<\/p>\n            <\/div>\n              \n    <\/div>\n<\/section>\n\n\n<section class=\"two-box-text-section\">\n            <h3 class=\"section-headline\">Partenaires fran\u00e7ais<\/h3>\n    \n    <div class=\"box-container\">\n                    <div class=\"text-box\">\n                <ul>\n<li>\u00c9cole des Hautes \u00c9tudes en Sciences Sociales (EHESS) Paris<\/li>\n<li>\u00c9cole Normale Sup\u00e9rieur Lyon<\/li>\n<li>Sciences Po Paris<\/li>\n<li>Universit\u00e9 de Strasbourg<\/li>\n<li>Sciences Po Grenoble<\/li>\n<\/ul>\n            <\/div>\n                    <\/div>\n<\/section>\n\n\n<section class=\"two-box-text-section\">\n            <h3 class=\"section-headline\">Partenaires allemands<\/h3>\n    \n    <div class=\"box-container\">\n                    <div class=\"text-box\">\n                <ul>\n<li>Berlin Research 50 (BR50) \u2013 Au\u00dferuniversit\u00e4re Forschung in Berlin<\/li>\n<li>Europa-Universit\u00e4t Viadrina Frankfurt (Oder)<\/li>\n<li>Freie Universit\u00e4t Berlin, Dahlem Humanities Center<\/li>\n<li>Helmut-Schmidt-Universit\u00e4t (HSU)\/ Universit\u00e4t der Bundeswehr Hamburg<\/li>\n<li>Humboldt-Universit\u00e4t zu Berlin (An-Institut)<\/li>\n<li>Leibniz-Institut f\u00fcr Europ\u00e4ische Geschichte Mainz<\/li>\n<li>Leuphana Universit\u00e4t L\u00fcneburg<\/li>\n<li>Max Weber Stiftung und ihre Institute (Deutsche geisteswissenschaftliche Institute im Ausland)<\/li>\n<li>Research Centre Global Dynamics an der Universit\u00e4t Leipzig<\/li>\n<\/ul>\n            <\/div>\n                    <\/div>\n<\/section>\n\n\n<section class=\"two-box-text-section\">\n            <h3 class=\"section-headline\">Partenaires internationaux<\/h3>\n    \n    <div class=\"box-container\">\n                    <div class=\"text-box\">\n                <ul>\n<li>Centre Canadien d\u2019\u00c9tudes allemandes et europ\u00e9ennes der Universit\u00e9 de Montr\u00e9al<\/li>\n<li>Central European University in Budapest\/Wien (Department of History, CEU Democracy Institute)<\/li>\n<li>European University Institute Florenz<\/li>\n<li>Maison fran\u00e7aise d\u2019Oxford<\/li>\n<li>Scuola Normale Superiore Pisa<\/li>\n<li>Universit\u00e9 Cheikh Anta Diop Dakar<\/li>\n<\/ul>\n            <\/div>\n                    <\/div>\n<\/section>\n\n\n<section class=\"one-box-text-section\">\n            <h3 class=\"section-headline\">Kooperation<\/h3>\n    \n    <div class=\"box-container cut\">\n                    <div class=\"text-box\">\n                <p>En tant qu\u2019\u00ab\u00a0<strong>Unit\u00e9 mixte des instituts fran\u00e7ais de recherche \u00e0 l\u2019\u00e9tranger<\/strong>\u00a0\u00bb (UMIFRE 14), le Centre Marc Bloch fait partie du <a href=\"http:\/\/www.ifre.fr\/ifre\" data-cke-saved-href=\"http:\/\/www.ifre.fr\/ifre\">r\u00e9seau mondial des instituts de recherche fran\u00e7ais \u00e0 l\u2019\u00e9tranger<\/a>. Le Centre Marc Bloch entretient des relations particuli\u00e8rement \u00e9troites avec les institutions suivantes\u00a0:<\/p>\n<p>&nbsp;<\/p>\n<ul>\n<li>Centre fran\u00e7ais de recherche en sciences sociales (CEFRES), Visegrad<\/li>\n<li>Institut fran\u00e7ais du Proche-Orient (IFPO), Beirut<\/li>\n<li>Centre Jacques-Berque (CJB), Rabat<\/li>\n<li>Institut de recherche sur le Maghreb contemporain (IRMC), Tunis<\/li>\n<\/ul>\n<p>&nbsp;<\/p>\n<p>En outre, le Centre Marc Bloch coop\u00e8re r\u00e9guli\u00e8rement avec des <strong>partenaires r\u00e9gionaux de Berlin<\/strong> et Brandenburg, dont :<\/p>\n<p>&nbsp;<\/p>\n<ul>\n<li>(Einstein) Climate Change Center<\/li>\n<li>Forum Transregionale Studien<\/li>\n<li>Zentrum f\u00fcr Osteuropa- und internationale Studien (ZOiS)<\/li>\n<li>Berlin-Brandenburgische Akademie der Wissenschaften (BBAW)<\/li>\n<li>Hertie School of Governance<\/li>\n<\/ul>\n<p>&nbsp;<\/p>\n<p>Le Centre Marc Bloch joue \u00e9galement un r\u00f4le central dans la pratique franco-allemande de la recherche en sciences humaines et sociales et est un partenaire de longue date des institutions importantes dans ce domaine :<\/p>\n<p>&nbsp;<\/p>\n<ul>\n<li><a href=\"https:\/\/www.dfh-ufa.org\/\" target=\"_blank\" rel=\"noopener noreferrer\">Deutsch-franz\u00f6sische Hochschule<\/a>\u00a0(UFA\/DFH)<\/li>\n<li><a href=\"https:\/\/www.dhi-paris.fr\/home.html\" target=\"_blank\" rel=\"noopener noreferrer\">Deutsches Historisches Institut<\/a>\u00a0(DHI) Paris<\/li>\n<li><a href=\"http:\/\/www.ciera.fr\/\" target=\"_blank\" rel=\"noopener noreferrer\">Centre interdisciplinaire d\u2019\u00e9tudes et de recherches sur l\u2019Allemagne<\/a>\u00a0(CIERA)<\/li>\n<li><a href=\"https:\/\/ifra-francfort.fr\/de\">Institut fran\u00e7ais Frankfurt\/Main\u00a0<\/a>(IFRA)<\/li>\n<li><a href=\"https:\/\/www.dfjw.org\/\" target=\"_blank\" rel=\"noopener noreferrer\">Deutsch-franz\u00f6sisches Jugendwerk<\/a>\u00a0(DFJW)<\/li>\n<\/ul>\n            <\/div>\n              \n    <\/div>\n<\/section>","protected":false},"excerpt":{"rendered":"","protected":false},"author":2,"featured_media":0,"parent":20375,"menu_order":0,"comment_status":"closed","ping_status":"closed","template":"page-modular.php","meta":{"_acf_changed":false,"footnotes":""},"class_list":["post-20384","page","type-page","status-publish","hentry"],"acf":[],"_links":{"self":[{"href":"https:\/\/cmb.hu-berlin.de\/fr\/wp-json\/wp\/v2\/pages\/20384","targetHints":{"allow":["GET"]}}],"collection":[{"href":"https:\/\/cmb.hu-berlin.de\/fr\/wp-json\/wp\/v2\/pages"}],"about":[{"href":"https:\/\/cmb.hu-berlin.de\/fr\/wp-json\/wp\/v2\/types\/page"}],"author":[{"embeddable":true,"href":"https:\/\/cmb.hu-berlin.de\/fr\/wp-json\/wp\/v2\/users\/2"}],"replies":[{"embeddable":true,"href":"https:\/\/cmb.hu-berlin.de\/fr\/wp-json\/wp\/v2\/comments?post=20384"}],"version-history":[{"count":3,"href":"https:\/\/cmb.hu-berlin.de\/fr\/wp-json\/wp\/v2\/pages\/20384\/revisions"}],"predecessor-version":[{"id":22739,"href":"https:\/\/cmb.hu-berlin.de\/fr\/wp-json\/wp\/v2\/pages\/20384\/revisions\/22739"}],"up":[{"embeddable":true,"href":"https:\/\/cmb.hu-berlin.de\/fr\/wp-json\/wp\/v2\/pages\/20375"}],"wp:attachment":[{"href":"https:\/\/cmb.hu-berlin.de\/fr\/wp-json\/wp\/v2\/media?parent=20384"}],"curies":[{"name":"wp","href":"https:\/\/api.w.org\/{rel}","templated":true}]}}