{"id":20387,"date":"2025-03-14T11:11:38","date_gmt":"2025-03-14T10:11:38","guid":{"rendered":"https:\/\/cmb.hu-berlin.de\/?page_id=20387"},"modified":"2026-02-23T14:34:58","modified_gmt":"2026-02-23T13:34:58","slug":"nous-rejoindre","status":"publish","type":"page","link":"https:\/\/cmb.hu-berlin.de\/fr\/le-centre-marc-bloch\/nous-rejoindre\/","title":{"rendered":"Nous rejoindre"},"content":{"rendered":"<section class=\"header-section\">\n    <h1 class=\"block-headline\">Nous rejoindre<\/h1>\n\n<\/section>\n\n\n\t<section class=\"subheadline_section\">\n\t    <h2 class=\"block-subheadline\">Votre s\u00e9jour au Centre Marc Bloch<\/h2>\n\t<\/section>\n\n\n\n<section class=\"one-box-text-section\">\n    \n    <div class=\"box-container cut\">\n                    <div class=\"text-box\">\n                <p>Le Centre Marc Bloch accueille des doctorant\u00b7e.s et des chercheur\u00b7e\u00b7s en sciences humaines et sociales de diff\u00e9rentes disciplines (histoire, sociologie, anthropologie, science politique, droit, \u00e9conomie etc.) et de cultures universitaires vari\u00e9es. Il existe plusieurs possibilit\u00e9s pour suivre les activit\u00e9s du CMB :<\/p>\n<p>&nbsp;<\/p>\n<ul>\n<li>en tant que chercheur\u00b7e\u00b7s CNRS, avec une affectation<\/li>\n<li>comme enseignant\u00b7e-chercheur\u00b7d\u2019une universit\u00e9 fran\u00e7aise, dans le cadre d&rsquo;un accueil en d\u00e9l\u00e9gation du CNRS<\/li>\n<li>en tant que chercheur\u00b7ou doctorant\u00b7e sur contrat de droit local<\/li>\n<li>comme chercheur\u00b7e ou doctorant\u00b7e sur poste financ\u00e9 par un projet sur financement tiers<\/li>\n<li>en tant que doctorant\u00b7e ou chercheur\u00b7e associ\u00e9\u00b7e<\/li>\n<li>en tant que \u00ab Visiting researcher \u00bb ou \u00ab Visiting PhD \u00bb pour les s\u00e9jours de moins de 6 mois<\/li>\n<li>en tant que stagiaire<\/li>\n<\/ul>\n<p>&nbsp;<\/p>\n<p>Il est \u00e9galement possible de participer \u00e0 notre s\u00e9minaire central ou aux s\u00e9minaires de l\u2019un de nos cinq p\u00f4les de recherche en tant qu\u2019auditeur ou auditrice libre.<\/p>\n<p>&nbsp;<\/p>\n<p>Sous <a href=\"https:\/\/cmb.hu-berlin.de\/wp-content\/uploads\/2026\/02\/Statuts-au-CMB_droite-et-devoirs.pdf\"><strong>ce lien<\/strong><\/a>, vous trouverez le tableau r\u00e9capitulatif des modalit\u00e9s selon les diff\u00e9rents statuts.<\/p>\n            <\/div>\n              \n    <\/div>\n<\/section>","protected":false},"excerpt":{"rendered":"","protected":false},"author":2,"featured_media":0,"parent":18269,"menu_order":0,"comment_status":"closed","ping_status":"closed","template":"page-modular.php","meta":{"_acf_changed":false,"footnotes":""},"class_list":["post-20387","page","type-page","status-publish","hentry"],"acf":[],"_links":{"self":[{"href":"https:\/\/cmb.hu-berlin.de\/fr\/wp-json\/wp\/v2\/pages\/20387","targetHints":{"allow":["GET"]}}],"collection":[{"href":"https:\/\/cmb.hu-berlin.de\/fr\/wp-json\/wp\/v2\/pages"}],"about":[{"href":"https:\/\/cmb.hu-berlin.de\/fr\/wp-json\/wp\/v2\/types\/page"}],"author":[{"embeddable":true,"href":"https:\/\/cmb.hu-berlin.de\/fr\/wp-json\/wp\/v2\/users\/2"}],"replies":[{"embeddable":true,"href":"https:\/\/cmb.hu-berlin.de\/fr\/wp-json\/wp\/v2\/comments?post=20387"}],"version-history":[{"count":8,"href":"https:\/\/cmb.hu-berlin.de\/fr\/wp-json\/wp\/v2\/pages\/20387\/revisions"}],"predecessor-version":[{"id":22762,"href":"https:\/\/cmb.hu-berlin.de\/fr\/wp-json\/wp\/v2\/pages\/20387\/revisions\/22762"}],"up":[{"embeddable":true,"href":"https:\/\/cmb.hu-berlin.de\/fr\/wp-json\/wp\/v2\/pages\/18269"}],"wp:attachment":[{"href":"https:\/\/cmb.hu-berlin.de\/fr\/wp-json\/wp\/v2\/media?parent=20387"}],"curies":[{"name":"wp","href":"https:\/\/api.w.org\/{rel}","templated":true}]}}