{"id":20391,"date":"2025-03-17T10:50:55","date_gmt":"2025-03-17T09:50:55","guid":{"rendered":"https:\/\/cmb.hu-berlin.de\/?page_id=20391"},"modified":"2026-02-23T14:48:04","modified_gmt":"2026-02-23T13:48:04","slug":"apres-la-these","status":"publish","type":"page","link":"https:\/\/cmb.hu-berlin.de\/fr\/le-centre-marc-bloch\/nous-rejoindre\/apres-la-these\/","title":{"rendered":"Apr\u00e8s la th\u00e8se"},"content":{"rendered":"<section class=\"header-section\">\n    <h1 class=\"block-headline\">Apr\u00e8s la th\u00e8se<\/h1>\n\n<\/section>\n\n\n\n<section class=\"one-box-text-section\">\n    \n    <div class=\"box-container full\">\n                    <div class=\"text-box\">\n                <p>Il existe diff\u00e9rentes possibilit\u00e9s pour devenir chercheur\u00b7se\u00b7 membre du Centre Marc Bloch :<\/p>\n<p>&nbsp;<\/p>\n<ul>\n<li><strong>Les chercheur\u00b7se\u00b7s statutaires du CNRS<\/strong> peuvent demander une affectation au Centre pour un minimum de deux ans, renouvelable pour une troisi\u00e8me ann\u00e9e. Si vous \u00eates chercheur\u00b7se CNRS et que vous \u00eates int\u00e9ress\u00e9\u00b7e par un s\u00e9jour au CMB, merci de vous adresser directement au directeur\/\u00e0 la directrice du CMB. Parall\u00e8lement votre demande est \u00e0 d\u00e9poser par Email directement aupr\u00e8s du p\u00f4le international de CNRS Sciences humaines &amp; sociales.<\/li>\n<\/ul>\n<p>Calendrier : l\u2019\u00e9ch\u00e9ance pour les candidatures varie selon les ann\u00e9es. Pour le 1er septembre 2026, la date de d\u00e9pot sera annonc\u00e9 en septembre 2025. Les calendriers sont les m\u00eames pour les premi\u00e8res demandes et pour les demandes de prolongation et toutes les demandes sont arbitr\u00e9es par CNRS Sciences humaines &amp; sociales.<\/p>\n<p>La liste des documents \u00e0 fournir et les informations sont disponibles sous <a href=\"https:\/\/www.inshs.cnrs.fr\/fr\/demande-daffectation-dans-une-unite-de-recherche-de-cnrs-sciences-humaines-sociales-letranger-pour\">ce lien<\/a>.<\/p>\n<p>&nbsp;<\/p>\n<ul>\n<li><strong>Les enseignant\u2219e\u2219s-chercheur\u2219se\u2219s en France<\/strong> peuvent s\u00e9journer jusqu\u2019\u00e0 deux ans \u00e0 Berlin par l\u2019interm\u00e9diaire d\u2019un accueil en d\u00e9l\u00e9gation, octroy\u00e9 par le CNRS.<\/li>\n<\/ul>\n<p>\u25ba Ces demandes sont effectu\u00e9es via la plateforme Galaxie g\u00e9r\u00e9e par le MESRE.Pour la campagne 2025-2026, l\u2019\u00e9ch\u00e9ance pour les candidatures \u00e9tait le 25 octobre 2024 (donc ann\u00e9e N-1 par rapport \u00e0 l\u2019ann\u00e9e d\u2019accueil en d\u00e9l\u00e9gation) : https:\/\/www.galaxie.enseignementsup-recherche.gouv.fr\/ensup\/cand_acc_delegation_CNRS.htm<\/p>\n<p>&nbsp;<\/p>\n<ul>\n<li>Le CMB dispose en outre de plusieurs postes de recherche financ\u00e9s par le BMFTR ou le MESRE ou par des projets (ERC, CNRS, ANR-DFG, projets BMFTR). Lorsqu\u2019un tel poste est disponible, il est publi\u00e9 sur la page <a href=\"https:\/\/cmb.hu-berlin.de\/fr\/le-centre-marc-bloch\/offres-de-candidatures\/\">Appels \u00e0 candidatures<\/a>.<\/li>\n<\/ul>\n<p>&nbsp;<\/p>\n<ul>\n<li><strong>Les chercheur\u2219se\u2219s de l\u2019EHESS, <\/strong>de <strong>l\u2019Universit\u00e9 Strasbourg<\/strong> et de <strong>SciencesPo Grenoble<\/strong> peuvent s\u00e9journer au Centre comme professeur\u00b7e invit\u00e9\u00b7e dans le cadre de la \u00ab <a href=\"https:\/\/cmb.hu-berlin.de\/fr\/le-centre-marc-bloch\/cooperations\/chaire-marc-bloch\/\"><strong>Chaire Marc Bloch<\/strong> <\/a>\u00bb.<\/li>\n<\/ul>\n<p>&nbsp;<\/p>\n<ul>\n<li>Les membres de la Facult\u00e9 permanente de <strong>Sciences Po Paris<\/strong> peuvent \u00eatre d\u00e9l\u00e9gu\u00e9s au Centre Marc Bloch dans le cadre de la \u00ab R\u00e9sidence Marc Bloch \u00bb pour une dur\u00e9e allant de 3 \u00e0 6 mois.<\/li>\n<\/ul>\n<p>&nbsp;<\/p>\n<ul>\n<li>Le CMB accueille \u00e9galement des chercheur\u2219se\u2219s Fellow, s\u00e9journant au CMB dans le cadre d\u2019une bourse financ\u00e9e par des institutions tiers (DAAD, Alexander von Humboldt, etc.).<\/li>\n<\/ul>\n<p>&nbsp;<\/p>\n<ul>\n<li>Il est possible de d\u00e9poser une demande d\u2019association au CMB. Celle-ci est valable pour un an, renouvelable. La date limite de d\u00e9p\u00f4t des dossiers est fix\u00e9e au 15 f\u00e9vrier pour la session de mars et au 15 ao\u00fbt pour la session de septembre. Vous trouverez les modalit\u00e9s de candidature \u00e0 l\u2019association <a href=\"https:\/\/cmb.hu-berlin.de\/wp-content\/uploads\/2025\/12\/2024_Modalitaeten_Assoziierung_PhD_DE-FR.pdf\"><strong>ici<\/strong> <\/a>et le formulaire de candidature <a href=\"https:\/\/cmb.hu-berlin.de\/wp-content\/uploads\/2025\/12\/Formulaire_Association.pdf\"><strong>ici<\/strong><\/a>.<\/li>\n<\/ul>\n<p>&nbsp;<\/p>\n<ul>\n<li>Il est \u00e9galement possible de demander le statut de \u00ab Visiting Researcher \u00bb pour un s\u00e9jour de moins de 6 mois. Il vous faut alors envoyer un dossier de candidature contenant CV, projet de recherche et explicitant le but du s\u00e9jour et les possibilit\u00e9s d\u2019insertion \u00e0 bewerbung ( at ) cmb.hu-berlin.de.<\/li>\n<\/ul>\n<p>&nbsp;<\/p>\n<hr \/>\n<p>&nbsp;<\/p>\n<p>Tou\u00b7te\u00b7s les chercheur\u00b7se\u00b7s doivent s\u2019int\u00e9grer dans l\u2019un des cinq p\u00f4les de recherche du CMB et participer activement aux activit\u00e9s du p\u00f4le choisi ainsi qu\u2019\u00e0 la vie scientifique commune du Centre Marc Bloch.<\/p>\n<p>Les droits et obligations des doctorants\/ doctorantes accueilli.e.s au CMB sont d\u00e9crits dans les documents suivants:<\/p>\n            <\/div>\n              \n    <\/div>\n<\/section>\n\n\n<div class=\"wp-block-buttons has-custom-font-size has-medium-font-size is-horizontal is-content-justification-center is-layout-flex wp-container-core-buttons-is-layout-499968f5 wp-block-buttons-is-layout-flex\">\n<div class=\"wp-block-button is-style-outline is-style-outline--1\"><a class=\"wp-block-button__link wp-element-button\" href=\"https:\/\/cmb.hu-berlin.de\/wp-content\/uploads\/2025\/07\/2022_reglement_Institutsordnung.pdf\">R\u00e8glement int\u00e9rieur<\/a><\/div>\n\n\n\n<div class=\"wp-block-button is-style-outline is-style-outline--2\"><a class=\"wp-block-button__link wp-element-button\" href=\"https:\/\/cmb.hu-berlin.de\/wp-content\/uploads\/2025\/07\/2022_Rechte_und_Pflichten_Assoziierten.pdf\">Droits et devoirs des associ\u00e9.e.s<\/a><\/div>\n<\/div>\n\n\n<section class=\"subpage-links-repeater\">\n\t  \t<div class=\"custom-page-links-repeater-wrapper\">\n   \n\n\t\t\t   \n\t\t\t  \t\t\t  \n\n\t\t\t <a href=\"https:\/\/cmb.hu-berlin.de\/fr\/le-centre-marc-bloch\/offres-de-candidatures\/\" class=\"subpage-link\" >\n\t\t\t\t <img decoding=\"async\" src=\"https:\/\/cmb.hu-berlin.de\/wp-content\/themes\/cmb\/assets\/images\/arrow.svg\" alt=\"arrow\" class=\"arrow\">\n\t\t\t\t<h3 class=\"subpage-title\"> Offres d&#8217;emploi actuelles<\/h3>\n\t\t\t  <\/a><br\/>\n\t\t \n\t\t\t  \t\t\t  \n\n\t\t\t <a href=\"https:\/\/cmb.hu-berlin.de\/fr\/forschung\/carriere\/\" class=\"subpage-link\" >\n\t\t\t\t <img decoding=\"async\" src=\"https:\/\/cmb.hu-berlin.de\/wp-content\/themes\/cmb\/assets\/images\/arrow.svg\" alt=\"arrow\" class=\"arrow\">\n\t\t\t\t<h3 class=\"subpage-title\">Financements et carri\u00e8re<\/h3>\n\t\t\t  <\/a><br\/>\n\t\t \t\t\n\t <\/div>\n    <\/div>\n<\/section>","protected":false},"excerpt":{"rendered":"","protected":false},"author":2,"featured_media":0,"parent":20387,"menu_order":0,"comment_status":"closed","ping_status":"closed","template":"page-modular.php","meta":{"_acf_changed":false,"footnotes":""},"class_list":["post-20391","page","type-page","status-publish","hentry"],"acf":[],"_links":{"self":[{"href":"https:\/\/cmb.hu-berlin.de\/fr\/wp-json\/wp\/v2\/pages\/20391","targetHints":{"allow":["GET"]}}],"collection":[{"href":"https:\/\/cmb.hu-berlin.de\/fr\/wp-json\/wp\/v2\/pages"}],"about":[{"href":"https:\/\/cmb.hu-berlin.de\/fr\/wp-json\/wp\/v2\/types\/page"}],"author":[{"embeddable":true,"href":"https:\/\/cmb.hu-berlin.de\/fr\/wp-json\/wp\/v2\/users\/2"}],"replies":[{"embeddable":true,"href":"https:\/\/cmb.hu-berlin.de\/fr\/wp-json\/wp\/v2\/comments?post=20391"}],"version-history":[{"count":7,"href":"https:\/\/cmb.hu-berlin.de\/fr\/wp-json\/wp\/v2\/pages\/20391\/revisions"}],"predecessor-version":[{"id":22769,"href":"https:\/\/cmb.hu-berlin.de\/fr\/wp-json\/wp\/v2\/pages\/20391\/revisions\/22769"}],"up":[{"embeddable":true,"href":"https:\/\/cmb.hu-berlin.de\/fr\/wp-json\/wp\/v2\/pages\/20387"}],"wp:attachment":[{"href":"https:\/\/cmb.hu-berlin.de\/fr\/wp-json\/wp\/v2\/media?parent=20391"}],"curies":[{"name":"wp","href":"https:\/\/api.w.org\/{rel}","templated":true}]}}