{"id":20393,"date":"2025-03-17T10:48:39","date_gmt":"2025-03-17T09:48:39","guid":{"rendered":"https:\/\/cmb.hu-berlin.de\/?page_id=20393"},"modified":"2026-02-23T16:14:49","modified_gmt":"2026-02-23T15:14:49","slug":"avant-la-these","status":"publish","type":"page","link":"https:\/\/cmb.hu-berlin.de\/fr\/le-centre-marc-bloch\/nous-rejoindre\/avant-la-these\/","title":{"rendered":"Avant la th\u00e8se"},"content":{"rendered":"<section class=\"header-section\">\n    <h1 class=\"block-headline\">Avant la th\u00e8se<\/h1>\n\n<\/section>\n\n\n\n<section class=\"one-box-text-section\">\n    \n    <div class=\"box-container full\">\n                    <div class=\"text-box\">\n                <div class=\"default border-gray mb-4\">\n<div id=\"c5\" class=\"text cmb-frame-layout \">\n<p>Il existe diff\u00e9rentes possibilit\u00e9s pour devenir doctorant\u2219e membre du Centre Marc Bloch :<\/p>\n<p>&nbsp;<\/p>\n<ul>\n<li>Le CMB publie \u00e0 intervalles r\u00e9guliers des appels d\u2019offre pour des contrats doctoraux.<\/li>\n<\/ul>\n<p>&nbsp;<\/p>\n<ul>\n<li>Aussi, des bourses d\u2019une dur\u00e9e allant de 3 \u00e0 6 mois \u00e0 destination des doctorant\u2219e\u2219s du CMB pour la r\u00e9daction de fin de th\u00e8se sont mises au concours annuellement.<\/li>\n<\/ul>\n<p>&nbsp;<\/p>\n<ul>\n<li>Il est par ailleurs possible de demander une <a href=\"https:\/\/cmb.hu-berlin.de\/wp-content\/uploads\/2025\/11\/2024_Modalitaeten_Assoziierung_PhD_DE-FR.pdf\"><strong>association au CMB<\/strong><\/a>, valable un an et renouvelable. Le doctorant\u2219e a alors acc\u00e8s \u00e0 notre offre de formation doctorale, participe activement aux travaux d\u2019un de nos p\u00f4les de recherche ainsi qu\u2019\u00e0 la vie scientifique du CMB. Il\u2219elle est encadr\u00e9\u2219e par un tuteur\/une tutrice que les doctorant\u2219e\u2219s peuvent choisir parmi les chercheur\u2219e\u2219s du CMB. Le formulaire de candidature \u00e0 une association est disponible <a href=\"https:\/\/cmb.hu-berlin.de\/wp-content\/uploads\/2025\/12\/Formulaire_Association.pdf\"><strong>ici<\/strong><\/a>.<\/li>\n<\/ul>\n<p>&nbsp;<\/p>\n<ul>\n<li>Enfin, il est \u00e9galement possible de demander le statut de \u00ab Visiting PhD \u00bb pour un s\u00e9jour de moins de 6 mois. Il vous faut alors envoyer un dossier de candidature contenant CV, projet de recherche et explicitant le but du s\u00e9jour et les possibilit\u00e9s d\u2019insertion au CMB \u00e0 bewerbung@cmb.hu-berlin.de<\/li>\n<\/ul>\n<p>&nbsp;<\/p>\n<hr \/>\n<p>Les postes de doctorat et les bourses actuellement disponibles sont publi\u00e9s <a href=\"https:\/\/cmb.hu-berlin.de\/fr\/le-centre-marc-bloch\/offres-de-candidatures\/\">ici<\/a>. Le CMB accueille \u00e9galement des doctorants b\u00e9n\u00e9ficiant de postes ou de bourses financ\u00e9s par des fonds tiers (DAAD, CIERA, S\u00e9nat de Berlin, etc.).<\/p>\n<p>&nbsp;<\/p>\n<p>Les droits et obligations des doctorants\/ doctorantes accueilli.e.s au CMB sont d\u00e9crits dans les documents suivants:<\/p>\n<p>&nbsp;<\/p>\n<\/div>\n<\/div>\n<p><!--more--><\/p>\n            <\/div>\n              \n    <\/div>\n<\/section>\n\n\n<div class=\"wp-block-group is-content-justification-center is-nowrap is-layout-flex wp-container-core-group-is-layout-94bc23d7 wp-block-group-is-layout-flex\">\n<div class=\"wp-block-buttons is-content-justification-center is-layout-flex wp-container-core-buttons-is-layout-16018d1d wp-block-buttons-is-layout-flex\">\n<div class=\"wp-block-button is-style-outline is-style-outline--1\"><a class=\"wp-block-button__link wp-element-button\" href=\"https:\/\/cmb.hu-berlin.de\/wp-content\/uploads\/2025\/07\/2022_reglement_Institutsordnung.pdf\">R\u00e8glement int\u00e9rieur<\/a><\/div>\n\n\n\n<div class=\"wp-block-button is-style-outline is-style-outline--2\"><a class=\"wp-block-button__link wp-element-button\" href=\"https:\/\/cmb.hu-berlin.de\/wp-content\/uploads\/2025\/07\/2022_Rechte_und_Pflichten_Assoziierten.pdf\">Droits et devoirs des associ\u00e9.e.s<\/a><\/div>\n\n\n\n<div class=\"wp-block-button is-style-outline is-style-outline--3\"><a class=\"wp-block-button__link wp-element-button\" href=\"https:\/\/cmb.hu-berlin.de\/wp-content\/uploads\/2025\/12\/charta_doktoranden_fr.pdf\">Charte du tutorat au CMB<\/a><\/div>\n\n\n\n<div class=\"wp-block-button is-style-outline is-style-outline--4\"><a class=\"wp-block-button__link wp-element-button\" href=\"https:\/\/cmb.hu-berlin.de\/wp-content\/uploads\/2025\/12\/CMB_Faltblatt_Dokausbildung.pdf\">Formation doctorale<\/a><\/div>\n<\/div>\n<\/div>\n\n\n\n<section class=\"two-column-text-section\">\n            <h3 class=\"section-headline\">Possibilit\u00e9s de financement pour la th\u00e8se (s\u00e9lection)<\/h3>\n    \n            <div class=\"two-column-content\">\n            <p><strong>1. Financement pour toute la dur\u00e9e du doctorat<\/strong><\/p>\n<p>&nbsp;<\/p>\n<p><u>Financement g\u00e9n\u00e9ral :<\/u><\/p>\n<p>&nbsp;<\/p>\n<ul>\n<li>Universit\u00e4ten<\/li>\n<li>Graduiertenkollegs<\/li>\n<li>Finanzierung im Rahmen eines Forschungsprojekts<\/li>\n<li>DAAD<\/li>\n<li>Elsa-Neumann-Stiftung<\/li>\n<li>InSHS (Institut der Human- und Sozialwissenschaften des CNRS)<\/li>\n<li>Studienstiftung des Deutschen Volkes<\/li>\n<li>MCSA Doctoral Networks der EU<\/li>\n<\/ul>\n<p>&nbsp;<\/p>\n<p><u>Fondations proches des partis politiques :<\/u><\/p>\n<p>&nbsp;<\/p>\n<ul>\n<li>Friedrich Ebert (SPD)<\/li>\n<li>Friedrich Naumann (FDP)<\/li>\n<li>Heinrich B\u00f6ll (B\u00fcndnis 90\/Die Gr\u00fcnen)<\/li>\n<li>Konrad Adenauer (CDU)<\/li>\n<li>Rosa-Luxembourg (Die Linke)<\/li>\n<\/ul>\n<p>&nbsp;<\/p>\n<p><u>Fondations confessionnelles :<\/u><\/p>\n<p>&nbsp;<\/p>\n<ul>\n<li>Avicenna-Studienwerk (muslimisch)<\/li>\n<li>Cusanuswerk Bischh\u00f6fliche Studienf\u00f6rderung (katholisch)<\/li>\n<li>Ernst Ludwig Ehrlich Studienwerk (j\u00fcdisch)<\/li>\n<li>Evangelisches Studienwerk Villigst<\/li>\n<\/ul>\n<p>&nbsp;<\/p>\n<p>&nbsp;<\/p>\n<p><strong>2. Financement pour la phase finale du doctorat<\/strong><\/p>\n<p>&nbsp;<\/p>\n<ul>\n<li>Verl\u00e4ngerung der bestehenden Promotionsf\u00f6rderung<\/li>\n<li>Abschlussstipendien der eigenen Universit\u00e4t<\/li>\n<li>Graduiertenkollegs etc.<\/li>\n<li>Gleichstellungsfonds, Frauenf\u00f6rderung<\/li>\n<li>Liselotte-Pongratz-Stiftung<\/li>\n<li>ZEIT-Stiftung<\/li>\n<li>Fazit-Stiftung<\/li>\n<li>Stiftung Bildung und Wissenschaft<\/li>\n<\/ul>\n<p>&nbsp;<\/p>\n<p><strong>3. Prix de promotion<\/strong><\/p>\n<p>&nbsp;<\/p>\n<ul>\n<li>CIERA (\u00ab Michael Werner \u00bb)<\/li>\n<li>K\u00f6rberstiftung<\/li>\n<li>Prix des universit\u00e9s (EHESS, etc.)<\/li>\n<li>Prix Jean Carbonnier<\/li>\n<li>Studienstiftung des deutschen Volkes (\u201eLieselotte Pongratz\u201c Sozialwissenschaften + \u201eJohannes Zilkens\u201c Geisteswissenschaften)<\/li>\n<li>UFA\/DFH<\/li>\n<li>Liste der Promotionspreise in Frankreich:<br \/>\n<a href=\"https:\/\/okaydoc.fr\/liste-prix-de-these-doctorat\/\" target=\"_blank\" rel=\"noopener noreferrer\">https:\/\/okaydoc.fr\/liste-prix-de-these-doctorat\/<\/a><\/li>\n<\/ul>\n<p>&nbsp;<\/p>\n<p><strong>4. S\u00e9jour de mobilit\u00e9<\/strong><\/p>\n<p>&nbsp;<\/p>\n<ul>\n<li>Acad\u00e9mie Francaise \u2013 Fondation Walter-Zellidja<\/li>\n<li>Franz\u00f6sische Botschaft \u2013 PROCOPE Mobilit\u00e9<\/li>\n<li>Campus France<\/li>\n<li>CIERA<\/li>\n<li>DAAD<\/li>\n<li>Fondation Maison des Sciences de l\u2019Homme<\/li>\n<li>IFRA-SHS<\/li>\n<li>Max Weber Stiftung<\/li>\n<\/ul>\n<p>&nbsp;<\/p>\n<p><strong>5. Moteurs de recherche<\/strong><\/p>\n<p>&nbsp;<\/p>\n<ul>\n<li>HSozKult<\/li>\n<li>InSHS du CNRS<\/li>\n<li>Calenda.org<\/li>\n<li>GIRAF-IFFD<\/li>\n<li><a href=\"https:\/\/www.dgdr.cnrs.fr\/liensutiles\/bourses.htm\" target=\"_blank\" rel=\"noopener noreferrer\">https:\/\/www.dgdr.cnrs.fr\/liensutiles\/bourses.htm<\/a><\/li>\n<li><a href=\"https:\/\/stiftungssuche.de\/\" target=\"_blank\" rel=\"noopener noreferrer\">https:\/\/stiftungssuche.de\/<\/a><\/li>\n<li><a href=\"https:\/\/www.foerderinfo.bund.de\/SiteGlobals\/Forms\/foerderinfo\/bekanntmachungen\/Bekanntmachungen_Formular.html?nn=407088&amp;cl2Categories_Foerderer=bund\" target=\"_blank\" rel=\"noopener noreferrer\">https:\/\/www.foerderinfo.bund.de\/SiteGlobals\/Forms\/foerderinfo\/bekanntmachungen\/Bekanntmachungen_Formular.html?nn=407088&amp;cl2Categories_Foerderer=bund<\/a><\/li>\n<li><a href=\"https:\/\/www.academics.de\/\" target=\"_blank\" rel=\"noopener noreferrer\">https:\/\/www.academics.de\/<\/a><\/li>\n<li><a href=\"https:\/\/www.appelsprojetsrecherche.fr\/\" target=\"_blank\" rel=\"noopener noreferrer\">https:\/\/www.appelsprojetsrecherche.fr\/<\/a><\/li>\n<li><a href=\"https:\/\/inshs.cnrs.fr\/fr\/appels-a-candidature\" target=\"_blank\" rel=\"noopener noreferrer\">https:\/\/inshs.cnrs.fr\/fr\/appels-a-candidature<\/a><\/li>\n<li><a href=\"https:\/\/euraxess.ec.europa.eu\/jobs\" target=\"_blank\" rel=\"noopener noreferrer\">https:\/\/euraxess.ec.europa.eu\/jobs<\/a><\/li>\n<li><a href=\"https:\/\/fundit.fr\/fr\" target=\"_blank\" rel=\"noopener noreferrer\">https:\/\/fundit.fr\/fr<\/a><\/li>\n<li><a href=\"https:\/\/www.mystipendium.de\/\" target=\"_blank\" rel=\"noopener noreferrer\">https:\/\/www.mystipendium.de\/<\/a><\/li>\n<\/ul>\n<p>&nbsp;<\/p>\n        <\/div>\n    <\/section>\n\n\n<div class=\"wp-block-columns is-layout-flex wp-container-core-columns-is-layout-9d6595d7 wp-block-columns-is-layout-flex\">\n<div class=\"wp-block-column is-layout-flow wp-block-column-is-layout-flow\" style=\"flex-basis:100%\"><\/div>\n<\/div>\n","protected":false},"excerpt":{"rendered":"","protected":false},"author":2,"featured_media":0,"parent":20387,"menu_order":0,"comment_status":"closed","ping_status":"closed","template":"page-modular.php","meta":{"_acf_changed":false,"footnotes":""},"class_list":["post-20393","page","type-page","status-publish","hentry"],"acf":[],"_links":{"self":[{"href":"https:\/\/cmb.hu-berlin.de\/fr\/wp-json\/wp\/v2\/pages\/20393","targetHints":{"allow":["GET"]}}],"collection":[{"href":"https:\/\/cmb.hu-berlin.de\/fr\/wp-json\/wp\/v2\/pages"}],"about":[{"href":"https:\/\/cmb.hu-berlin.de\/fr\/wp-json\/wp\/v2\/types\/page"}],"author":[{"embeddable":true,"href":"https:\/\/cmb.hu-berlin.de\/fr\/wp-json\/wp\/v2\/users\/2"}],"replies":[{"embeddable":true,"href":"https:\/\/cmb.hu-berlin.de\/fr\/wp-json\/wp\/v2\/comments?post=20393"}],"version-history":[{"count":12,"href":"https:\/\/cmb.hu-berlin.de\/fr\/wp-json\/wp\/v2\/pages\/20393\/revisions"}],"predecessor-version":[{"id":22834,"href":"https:\/\/cmb.hu-berlin.de\/fr\/wp-json\/wp\/v2\/pages\/20393\/revisions\/22834"}],"up":[{"embeddable":true,"href":"https:\/\/cmb.hu-berlin.de\/fr\/wp-json\/wp\/v2\/pages\/20387"}],"wp:attachment":[{"href":"https:\/\/cmb.hu-berlin.de\/fr\/wp-json\/wp\/v2\/media?parent=20393"}],"curies":[{"name":"wp","href":"https:\/\/api.w.org\/{rel}","templated":true}]}}