{"id":20395,"date":"2025-03-17T10:51:34","date_gmt":"2025-03-17T09:51:34","guid":{"rendered":"https:\/\/cmb.hu-berlin.de\/?page_id=20395"},"modified":"2025-11-27T15:30:43","modified_gmt":"2025-11-27T14:30:43","slug":"etre-stagiaire-au-cmb","status":"publish","type":"page","link":"https:\/\/cmb.hu-berlin.de\/fr\/le-centre-marc-bloch\/nous-rejoindre\/etre-stagiaire-au-cmb\/","title":{"rendered":"\u00catre stagiaire au CMB"},"content":{"rendered":"<section class=\"header-section\">\n    <h1 class=\"block-headline\">\u00catre stagiaire au CMB<\/h1>\n\n<\/section>\n\n\n\n<section class=\"one-box-text-section\">\n    \n    <div class=\"box-container full\">\n                    <div class=\"text-box\">\n                <p>Le Centre Marc Bloch accueille r\u00e9guli\u00e8rement des stagiaires, dans le cadre de\u00a0ses activit\u00e9s d&rsquo;enseignement et de recherche.<\/p>\n<p>&nbsp;<\/p>\n<p>Les contenus du stage peuvent \u00eatre d\u00e9finis \u00e0 partir des travaux de recherche men\u00e9s au CMB ou bien s&rsquo;inscrire dans l&rsquo;administration du Centre.<\/p>\n<p>&nbsp;<\/p>\n<p>De mani\u00e8re g\u00e9n\u00e9rale, vous pouvez acqu\u00e9rir une exp\u00e9rience dans les domaines suivants :<\/p>\n<p>&nbsp;<\/p>\n<ul>\n<li>aper\u00e7u de la gestion financi\u00e8re et de l&rsquo;administration du Centre<\/li>\n<li>d\u00e9couverte de programmes scientifiques et de projets de recherche<\/li>\n<li>organisation de manifestations<\/li>\n<li>r\u00e9daction de rapports scientifiques, de documentations et de r\u00e9sum\u00e9s de r\u00e9sultats d&rsquo;enqu\u00eates<\/li>\n<li>\u00e9tablir des contacts pour de futurs projets de recherche personnels<\/li>\n<\/ul>\n<p>&nbsp;<\/p>\n<p>Dans le paysage scientifique \u00e0 Berlin et dans le Brandenbourg, le Centre souhaite jouer un r\u00f4le pilote en mati\u00e8re d&rsquo;accueil des stagiaires. Pour ce faire, un large processus a \u00e9t\u00e9 engag\u00e9 qui comprend, entre autres, l&rsquo;\u00e9tablissement d&rsquo;une Charte stipulant l&rsquo;essentiel des droits et des devoirs des stagiaires. Pour en savoir plus sur la Charte, <a href=\"https:\/\/cmb.hu-berlin.de\/fr\/le-centre-marc-bloch\/leitbild\/bonnes-pratiques-collectives\/\" data-cke-saved-href=\"t3:\/\/file?uid=7449\">cliquez ici<\/a>.<\/p>\n<p>&nbsp;<\/p>\n<p>Merci d&rsquo;adresser vos candidatures (CV et lettre de motivation) \u00e0 Aur\u00e9lie Denoyer : <a>denoyer\u00a0 ( at ) \u00a0cmb.hu-berlin.de<\/a><\/p>\n            <\/div>\n              \n    <\/div>\n<\/section>\n\n<section class=\"subpage-links-repeater\">\n\t  \t<div class=\"custom-page-links-repeater-wrapper\">\n   \n\n\t\t\t   \n\t\t\t  \t\t\t  \n\n\t\t\t <a href=\"https:\/\/cmb.hu-berlin.de\/fr\/le-centre-marc-bloch\/offres-de-candidatures\/\" class=\"subpage-link\" >\n\t\t\t\t <img decoding=\"async\" src=\"https:\/\/cmb.hu-berlin.de\/wp-content\/themes\/cmb\/assets\/images\/arrow.svg\" alt=\"arrow\" class=\"arrow\">\n\t\t\t\t<h3 class=\"subpage-title\">Appels \u00e0 candidatures <\/h3>\n\t\t\t  <\/a><br\/>\n\t\t \t\t\n\t <\/div>\n    <\/div>\n<\/section>","protected":false},"excerpt":{"rendered":"","protected":false},"author":2,"featured_media":0,"parent":20387,"menu_order":0,"comment_status":"closed","ping_status":"closed","template":"page-modular.php","meta":{"_acf_changed":false,"footnotes":""},"class_list":["post-20395","page","type-page","status-publish","hentry"],"acf":[],"_links":{"self":[{"href":"https:\/\/cmb.hu-berlin.de\/fr\/wp-json\/wp\/v2\/pages\/20395","targetHints":{"allow":["GET"]}}],"collection":[{"href":"https:\/\/cmb.hu-berlin.de\/fr\/wp-json\/wp\/v2\/pages"}],"about":[{"href":"https:\/\/cmb.hu-berlin.de\/fr\/wp-json\/wp\/v2\/types\/page"}],"author":[{"embeddable":true,"href":"https:\/\/cmb.hu-berlin.de\/fr\/wp-json\/wp\/v2\/users\/2"}],"replies":[{"embeddable":true,"href":"https:\/\/cmb.hu-berlin.de\/fr\/wp-json\/wp\/v2\/comments?post=20395"}],"version-history":[{"count":2,"href":"https:\/\/cmb.hu-berlin.de\/fr\/wp-json\/wp\/v2\/pages\/20395\/revisions"}],"predecessor-version":[{"id":20855,"href":"https:\/\/cmb.hu-berlin.de\/fr\/wp-json\/wp\/v2\/pages\/20395\/revisions\/20855"}],"up":[{"embeddable":true,"href":"https:\/\/cmb.hu-berlin.de\/fr\/wp-json\/wp\/v2\/pages\/20387"}],"wp:attachment":[{"href":"https:\/\/cmb.hu-berlin.de\/fr\/wp-json\/wp\/v2\/media?parent=20395"}],"curies":[{"name":"wp","href":"https:\/\/api.w.org\/{rel}","templated":true}]}}