{"id":20397,"date":"2025-03-17T10:53:05","date_gmt":"2025-03-17T09:53:05","guid":{"rendered":"https:\/\/cmb.hu-berlin.de\/?page_id=20397"},"modified":"2026-03-05T14:00:45","modified_gmt":"2026-03-05T13:00:45","slug":"informations-pratiques","status":"publish","type":"page","link":"https:\/\/cmb.hu-berlin.de\/fr\/le-centre-marc-bloch\/nous-rejoindre\/informations-pratiques\/","title":{"rendered":"Informations pratiques"},"content":{"rendered":"<section class=\"header-section\">\n    <h1 class=\"block-headline\">Informations pratiques<\/h1>\n\n<\/section>\n\n\n\n<section class=\"one-box-text-section\">\n            <h3 class=\"section-headline\">Petit guide pratique \u00e0 l\u2019intention du.de la chercheur.e expatri\u00e9.e \u00e0 Berlin<\/h3>\n    \n    <div class=\"box-container cut\">\n                    <div class=\"text-box\">\n                <div class=\"default border-gray mb-4\">\n<header><\/header>\n<header><em>Remarque : nous ne pouvons malheureusement pas garantir l&rsquo;exactitude des informations fournies, celles-ci sont uniquement destin\u00e9es \u00e0 vous aider.<\/em><\/header>\n<\/div>\n<p>&nbsp;<\/p>\n<h2>Trouver un logement<\/h2>\n<div class=\"default border-gray mb-4\">\n<div id=\"c3\" class=\"text cmb-frame-layout \">\n<p>Il est de plus en plus difficile de trouver un logement \u00e0 Berlin, le march\u00e9 du logement s&rsquo;\u00e9tant densifi\u00e9 ces derni\u00e8res ann\u00e9es. Il est donc conseill\u00e9 d&rsquo;anticiper et de trouver un logement avant le d\u00e9part. Les sites internet les plus utilis\u00e9s en mati\u00e8re de recherche de toutes sortes d\u2019habitat sont les suivants :<\/p>\n<p><a href=\"https:\/\/www.immonet.de\/immobilien-mieten.html\" target=\"_blank\" rel=\"noopener noreferrer\" data-cke-saved-href=\"https:\/\/www.immonet.de\/immobilien-mieten.html\">http:\/\/www.immonet.de\/immobilien-mieten.html<\/a><br \/>\n<a href=\"http:\/\/www.immobilienscout24.de\/\" target=\"_blank\" rel=\"noopener noreferrer\" data-cke-saved-href=\"http:\/\/www.immobilienscout24.de\/\">http:\/\/www.immobilienscout24.de\/ <\/a><br \/>\n<a href=\"http:\/\/www.immobilienscout24.de\/\" target=\"_blank\" rel=\"noopener noreferrer\" data-cke-saved-href=\"http:\/\/www.immobilienscout24.de\/\">http:\/\/www.immowelt.de\/<\/a><br \/>\n<a href=\"http:\/\/www.immozentral.com\/\" target=\"_blank\" rel=\"noopener noreferrer\" data-cke-saved-href=\"http:\/\/www.immozentral.com\/\">http:\/\/www.immozentral.com<\/a><br \/>\n<a href=\"https:\/\/housinganywhere.com\/\" target=\"_blank\" rel=\"noopener noreferrer\" data-cke-saved-href=\"https:\/\/housinganywhere.com\/\">https:\/\/housinganywhere.com <\/a><br \/>\n<a href=\"https:\/\/wunderflats.com\/de\" target=\"_blank\" rel=\"noopener noreferrer\" data-cke-saved-href=\"https:\/\/wunderflats.com\/de\">https:\/\/wunderflats.com\/de<\/a><br \/>\n<a href=\"https:\/\/www.hsozkult.de\/lodging\/page\" target=\"_blank\" rel=\"noopener noreferrer\" data-cke-saved-href=\"https:\/\/www.hsozkult.de\/lodging\/page\">https:\/\/www.hsozkult.de\/lodging\/page<\/a><\/p>\n<p>La colocation est tr\u00e8s appr\u00e9ci\u00e9e des Berlinois.e.s \u2013 pas seulement des plus jeunes. Voici plusieurs sites internet qui proposent ce service :<\/p>\n<p><a href=\"http:\/\/www.wg-gesucht.de\" data-cke-saved-href=\"http:\/\/www.wg-gesucht.de\">http:\/\/www.wg-gesucht.de<\/a><br \/>\n<a href=\"https:\/\/housinganywhere.com\" target=\"_blank\" rel=\"noopener noreferrer\" data-cke-saved-href=\"https:\/\/housinganywhere.com\">https:\/\/housinganywhere.com<\/a><br \/>\n<a href=\"https:\/\/www.ebay-kleinanzeigen.de\/stadt\/berlin\/\" data-cke-saved-href=\"https:\/\/www.ebay-kleinanzeigen.de\/stadt\/berlin\/\">https:\/\/www.ebay-kleinanzeigen.de\/stadt\/berlin\/<\/a><br \/>\n<a href=\"https:\/\/www.dsble.de\/alle\/in\/berlin\" data-cke-saved-href=\"https:\/\/www.dsble.de\/alle\/in\/berlin\">https:\/\/www.dsble.de\/alle\/in\/berlin<\/a><\/p>\n<p>&nbsp;<\/p>\n<h2>Formalit\u00e9s administratives<\/h2>\n<h3>S\u2019installer \u00e0 Berlin :<\/h3>\n<p>Dans le cas o\u00f9 votre permis de r\u00e9sidence n\u2019est plus valable, il vous est n\u00e9cessaire d\u2019effectuer quelques d\u00e9marches, la premi\u00e8re d\u2019entre elles, qui est aussi la plus importante, \u00e9tant l\u2019enregistrement \u2013 ou Anmeldung \u2013 dans l\u2019agence (B\u00fcrgeramt ou Meldebeh\u00f6rde) de la mairie de votre quartier ou de tout quartier de la ville de Berlin (RdV en ligne disponible). Ceux\/Celles pour qui le s\u00e9jour n\u2019atteint pas deux mois, ainsi que ceux\/celles dont l\u2019enregistrement dans une commune allemande est actualis\u00e9 et dont le s\u00e9jour ne doit pas exc\u00e9der six mois sont dispens\u00e9s de cette premi\u00e8re d\u00e9marche. Les autres devront l\u2019effectuer sous un d\u00e9lai de quatorze jours apr\u00e8s leur installation. Mieux vaut conserver des photocopies du Meldebescheinigung certifiant l\u2019enregistrement, celles-ci \u00e9tant requises pour l\u2019ouverture d\u2019un compte bancaire ou encore l\u2019inscription en biblioth\u00e8que. Les personnes salari\u00e9es en Allemagne qui auront effectu\u00e9 cette d\u00e9marche recevront leur Lohnsteuerauszug ou Lohnsteurkarte, c\u2019est-\u00e0-dire l\u2019extrait d\u2019imposition indiquant leur enregistrement en tant que potentiel futur travailleur. Si vous ne recevez pas cette carte, vous pouvez vous adresser au Finanzamt. Les fonctionnaires de l&rsquo;Etat fran\u00e7ais expatri\u00e9s peuvent continuer de d\u00e9clarer leurs imp\u00f4ts en France.<\/p>\n<p>&nbsp;<\/p>\n<p>Les documents n\u00e9cessaires sont le formulaire d\u2019inscription \u2013 ou Anmeldungsformular \u2013 t\u00e9l\u00e9chargeable en ligne (les membres d\u00b4une m\u00eame famille, domicili\u00e9s au m\u00eame endroit ne doivent remplir qu\u2019un seul formulaire) ; le Beiblatt zur Anmeldung pour ceux\/celles poss\u00e9dant.e.s un appartement enregistr\u00e9 \u00e0 Berlin et d\u00e9sireux de faire enregistrer une adresse suppl\u00e9mentaire ; le document d\u2019identit\u00e9, \u00e0 savoir carte d\u2019identit\u00e9 ou passeport, de chacune des personnes enregistr\u00e9es (enfants compris), un acte de mariage et un extrait de naissance lors du premier enregistrement (seulement pour les citoyens allemands), ainsi qu\u2019une attestation de domicile (Einzugsbest\u00e4tigung des Wohnungsgebers) de votre bailleur, que celui-ci doit vous d\u00e9livrer dans les deux semaines suivant votre emm\u00e9nagement.<\/p>\n<p>&nbsp;<\/p>\n<p>Remarques :<\/p>\n<ul>\n<li>le PACS n\u2019est pas reconnu en Allemagne entre partenaires de sexe diff\u00e9rents. Si tel est votre cas vous serez enregistr\u00e9s comme \u00ab c\u00e9libataires \u00bb (ledig).<\/li>\n<li>Si vous r\u00e9sidez plus de six mois en Allemagne, nous vous conseillons de vous enregistrer au Consulat\/\u00e0 l&rsquo;Ambassade de votre Etat d&rsquo;origine. Cela \u00e9vite des difficult\u00e9s en cas de vol de vos papiers d&rsquo;idendit\u00e9 par exemple.<\/li>\n<li>Nous vous conseillons de consulter le site du ServicePortal Berlin pour plus d&rsquo;informations.<\/li>\n<\/ul>\n<h3>Banques :<\/h3>\n<p>Pour ouvrir un compte en banque en Allemagne il vous suffit de pr\u00e9senter une pi\u00e8ce d\u2019identit\u00e9 et la Meldebescheinigung. Vous obtiendrez une carte de retrait et de paiement vous permettant de faire vos achats dans la plupart des magasins (EC-Karte). Notez qu\u2019il est plus commun de payer en liquide en Allemagne \u2013 m\u00eame pour des sommes importantes \u2013 et que le paiement par carte de cr\u00e9dit n\u2019est pas toujours possible. En tant que ressortissant de l\u2019Union europ\u00e9enne, vous pourrez payer dans les commerces acceptant le paiement par carte de cr\u00e9dit sans frais. Renseignez-vous aupr\u00e8s de votre banque sur le retrait de liquidit\u00e9 \u00e0 un distributeur automatique \u00e0 l&rsquo;\u00e9tranger.<\/p>\n<p>&nbsp;<\/p>\n<\/div>\n<div id=\"c3\" class=\"text cmb-frame-layout \">\n<h2>Sant\u00e9<\/h2>\n<p>Les chercheur.e.s et employ\u00e9.e.s de l\u2019Etat fran\u00e7ais travaillant en Allemagne restent assujetti.e.s \u00e0 la s\u00e9curit\u00e9 sociale (obligatoire) en France. Trois options de prise en charge et remboursement existent selon les d\u00e9marches que vous faites :<\/p>\n<p>&nbsp;<\/p>\n<p>Pas de d\u00e9marches (payer les factures de m\u00e9decin et m\u00e9dicaments en Allemagne et se faire rembourser en France) :<br \/>\nCette option est la plus simple en termes de d\u00e9marches : il suffit, lors d\u2019une visite chez le m\u00e9decin ou \u00e0 l\u2019h\u00f4pital, de payer la facture et de l\u2019adresser ensuite \u00e0 son centre de s\u00e9curit\u00e9 sociale en France pour se faire rembourser, les taux de remboursement variant d\u2019une s\u00e9curit\u00e9 sociale ou mutuelle \u00e0 l\u2019autre. Le remboursement peut toutefois prendre du temps et les nomenclatures \u00e9tant diff\u00e9rentes entre les deux pays, il est souvent mauvais.<\/p>\n<p>B) Disposer d\u2019une carte europ\u00e9enne d\u2019assurance maladie :<br \/>\nPour en disposer (gratuitement), prendre contact avec sa caisse fran\u00e7aise d\u2019assurance maladie en donnant nom et num\u00e9ro de t\u00e9l\u00e9phone. La caisse allemande prend tous les frais en charge, \u00e0 l\u2019exception des \u00ab frais du traitement \u00bb (Praxisgeb\u00fchr) s\u2019\u00e9levant \u00e0 dix euros pour trois mois \u2013 ils sont alors \u00e0 payer respectivement au m\u00e9decin r\u00e9f\u00e9rent, \u00e0 l\u2019h\u00f4pital et au dentiste ; \u00e9ventuellement d\u2019une partie des frais relatifs \u00e0 l\u2019achat de m\u00e9dicaments.<\/p>\n<p>C) Choisir une caisse allemande de substitution :<br \/>\nIl s\u2019agit ici de choisir une caisse allemande de substitution qui prendra \u00e0 sa charge les co\u00fbts de maladie et d\u2019hospitalisation pendant la dur\u00e9e du s\u00e9jour. C\u2019est alors au m\u00e9decin ou \u00e0 l\u2019h\u00f4pital allemand de s\u2019adresser \u00e0 la caisse de substitution choisie, celle-ci se faisant rembourser par la caisse fran\u00e7aise.<br \/>\nIl est pour cela n\u00e9cessaire que le lieu de r\u00e9sidence se situe sur le sol allemand, que la personne concern\u00e9e et potentiellement malade dispose d\u2019une carte europ\u00e9enne et que la caisse fran\u00e7aise soit tenue inform\u00e9e de la caisse de substitution choisie en Allemagne \u2013 il suffit pour cela de remplir le formulaire S1 et de le faire parvenir \u00e0 la caisse fran\u00e7aise.<br \/>\nVous obtenez dans ce cas une carte d&rsquo;assurance maladie allemande et toutes les d\u00e9marches m\u00e9dicales sont facilit\u00e9es et transparentes.<\/p>\n<p>&nbsp;<\/p>\n<h2>Taxes et cotisations sociales<\/h2>\n<p>Veuillez consulter les sites suivants pour des informations actuelles :<br \/>\nhttp:\/\/www.bundesfinanzministerium.de\/<br \/>\nhttp:\/\/www.bzst.bund.de\/<\/p>\n<p>&nbsp;<\/p>\n<h2>Moyens de transport<\/h2>\n<h3>Voiture et permis de conduire<\/h3>\n<p>Le permis de conduire national d\u2019un ressortissant de l\u2019Union europ\u00e9enne suffit pour circuler librement en Allemagne. Il est cependant utile de faire assurer votre v\u00e9hicule fran\u00e7ais en Allemagne si vous pr\u00e9voyez de circuler souvent avec.<\/p>\n<p>&nbsp;<\/p>\n<h3>Transports en commun<\/h3>\n<p>La ville de Berlin est divis\u00e9e en trois zones : A, B et C. Il est possible de prendre des abonnements au mois pour les zones AB, BC ou ABC, ce choix d\u00e9pendant de votre lieu de r\u00e9sidence. U-Bahn, S-Bahn, Strassenbahn, Bus fonctionnent en continu du lundi matin au dimanche soir. Les tickets et les abonnements s\u2019ach\u00e8tent dans les stations aux automates (souvent sur les quais). Afin de b\u00e9n\u00e9ficier de la carte de r\u00e9duction (tarif stagiaire : Azubi-Ticket), les \u00e9tudiants stagiaires doivent pr\u00e9senter dans une agence de la Berliner Verkehrsgemeinschaft (BVG) un document certifiant leur statut d\u2019\u00e9tudiant ainsi qu\u2019un document du CMB certifiant le stage. Il est possible de transporter son v\u00e9lo dans les S Bahn, les U Bahn et les Strassenbahnen moyennant paiement de la place de son v\u00e9lo (pour le Azubi-Ticket le transport d\u2019un v\u00e9lo est compris dans l\u2019abonnement). Il existe un abonnement de 12 mois payable sous forme de pr\u00e9l\u00e8vement automatique. Notez qu\u2019un ticket de transport peut \u00eatre inclus dans des billets pour des repr\u00e9sentations th\u00e9\u00e2trales, des concerts, des expositions ou des festivals.<br \/>\n\u201eMitnahme\u201c : Les personnes souffrant de handicap et d\u00e9tentrices d\u2019un permis \u2013 Schwerbehindertenausweis mit Beiblatt und g\u00fcltiger Wertmarke \u2013 acc\u00e8dent gratuitement aux transports en commun, ainsi que leurs accompagnateurs et les enfants de moins de 6 ans.<\/p>\n<p>A noter : Toutes les VBB-Umweltkarten (sous forme de billet 7 jours, de billet mensuel, d\u2019abonnement ou de billet annuel) comprennent le transport d\u2019un.e adulte et de 3 enfants de 6 \u00e0 14 ans, du lundi au vendredi \u00e0 partir de 20h, le week-end ainsi que les jours f\u00e9ri\u00e9s.<\/p>\n<p>Pour plus d&rsquo;informations: https:\/\/www.bvg.de\/de<\/p>\n<p>&nbsp;<\/p>\n<h3>V\u00e9lo<\/h3>\n<p>Moyen de locomotion le plus appr\u00e9ci\u00e9 des Berlinois.e.s, vous pourrez vous en procurer d\u2019occasion dans les diff\u00e9rents march\u00e9s aux puces (Mauerpark, Boxhagener Platz et Treptow, etc.), mais \u00e9galement dans des magasins sp\u00e9cialis\u00e9s.<\/p>\n<p>&nbsp;<\/p>\n<h2>G\u00e9n\u00e9ralit\u00e9s et autres remarques<\/h2>\n<h3>Adresses importantes<\/h3>\n<p>Ambassade de France \u00e0 Berlin :<br \/>\nAdresse: Pariser Platz 5 &#8211; 10117 Berlin<br \/>\nT\u00e9l\u00e9phone: 49 (30) 590 03 90 00<br \/>\nFax: 49 (30) 590 03 91 10<br \/>\nSite web: https:\/\/de.ambafrance.org\/la-section-consulaire-de-berlin<\/p>\n<p>Consulat fran\u00e7ais \u00e0 Berlin :<br \/>\nAdresse: Pariser Platz 5 -10117 Berlin<br \/>\n(entr\u00e9e du public : Wilhelmstrasse 69)<br \/>\nT\u00e9l\u00e9phone: 49 (30) 590 03 90 00<br \/>\nFax: 49 (30) 590 03 90 67<br \/>\nSite web: www.consulfrance-berlin.org<\/p>\n<p>Institut fran\u00e7ais de Berlin : http:\/\/berlin.institutfrancais<\/p>\n<p>Portail officiel de la ville de Berlin : http:\/\/www.berlin.de\/\u200b\u200b\u200b\u200b\u200b\u200b\u200b<\/p>\n<p>Remarques<\/p>\n<ul>\n<li>Le service n\u2019\u00e9tant pas inclus, et les salaires des serveu.r.euse.s n\u2019\u00e9tant pas \u00e9lev\u00e9s, il est de bon ton de laisser un pourboire avoisinant les 10% dans les restaurants, caf\u00e9s et bars.<\/li>\n<li>Les contr\u00f4leurs de titres de transport montent dans les rames de m\u00e9tro v\u00eatus en civil + des vestes bleu clair : ne pas s\u2019\u00e9tonner si l\u2019on vous demande avec insistance \u00ab Fahrscheine Bitte ! \u00bb. Ils vous pr\u00e9sentent leur carte de service lors du contr\u00f4le.<\/li>\n<li>Berlin est propri\u00e9t\u00e9 des cyclistes. Il vous faudra vous tenir sur vos gardes et vous \u00e9carter de la piste cyclable \u2013 souvent occupant une partie des trottoirs \u2013 ne vous laissez alors pas surprendre si un cavalier \u00e0 v\u00e9lo furieux vous crie un autoritaire et d\u00e9chirant \u00ab Fahrradweg ! \u00bb.<\/li>\n<\/ul>\n<p>&nbsp;<\/p>\n<h2>Garde d&rsquo;enfants<\/h2>\n<p>Dans <strong><a href=\"https:\/\/cmb.hu-berlin.de\/wp-content\/uploads\/2026\/03\/Conseils-KITA-Berlin-versions-DT-et-FR.pdf\">cette fiche d&rsquo;information sur la garde des enfants<\/a><\/strong>, nous vous proposons quelques conseils utiles pour pr\u00e9parer au mieux votre s\u00e9jour de recherche \u00e0 Berlin si vous avez des enfants.<\/p>\n<\/div>\n<\/div>\n            <\/div>\n              \n    <\/div>\n<\/section>","protected":false},"excerpt":{"rendered":"","protected":false},"author":2,"featured_media":0,"parent":20387,"menu_order":0,"comment_status":"closed","ping_status":"closed","template":"page-modular.php","meta":{"_acf_changed":false,"footnotes":""},"class_list":["post-20397","page","type-page","status-publish","hentry"],"acf":[],"_links":{"self":[{"href":"https:\/\/cmb.hu-berlin.de\/fr\/wp-json\/wp\/v2\/pages\/20397","targetHints":{"allow":["GET"]}}],"collection":[{"href":"https:\/\/cmb.hu-berlin.de\/fr\/wp-json\/wp\/v2\/pages"}],"about":[{"href":"https:\/\/cmb.hu-berlin.de\/fr\/wp-json\/wp\/v2\/types\/page"}],"author":[{"embeddable":true,"href":"https:\/\/cmb.hu-berlin.de\/fr\/wp-json\/wp\/v2\/users\/2"}],"replies":[{"embeddable":true,"href":"https:\/\/cmb.hu-berlin.de\/fr\/wp-json\/wp\/v2\/comments?post=20397"}],"version-history":[{"count":9,"href":"https:\/\/cmb.hu-berlin.de\/fr\/wp-json\/wp\/v2\/pages\/20397\/revisions"}],"predecessor-version":[{"id":23199,"href":"https:\/\/cmb.hu-berlin.de\/fr\/wp-json\/wp\/v2\/pages\/20397\/revisions\/23199"}],"up":[{"embeddable":true,"href":"https:\/\/cmb.hu-berlin.de\/fr\/wp-json\/wp\/v2\/pages\/20387"}],"wp:attachment":[{"href":"https:\/\/cmb.hu-berlin.de\/fr\/wp-json\/wp\/v2\/media?parent=20397"}],"curies":[{"name":"wp","href":"https:\/\/api.w.org\/{rel}","templated":true}]}}