{"id":20420,"date":"2025-01-07T11:45:34","date_gmt":"2025-01-07T10:45:34","guid":{"rendered":"https:\/\/cmb.hu-berlin.de\/?page_id=20420"},"modified":"2026-02-23T16:27:08","modified_gmt":"2026-02-23T15:27:08","slug":"les-poles-de-recherche","status":"publish","type":"page","link":"https:\/\/cmb.hu-berlin.de\/fr\/forschung\/les-poles-de-recherche\/","title":{"rendered":"Les p\u00f4les de recherche"},"content":{"rendered":"<section class=\"header-section\">\n    <h1 class=\"block-headline\">Les p\u00f4les de recherche<\/h1>\n\n<\/section>\n\n\n<section class=\"large-text-section\">\n                <div class=\"content\"><p>Les cinq p\u00f4les de recherche du Centre Marc Bloch r\u00e9unissent des chercheurs et chercheuses et des doctorant.es venu.es d\u2019horizons disciplinaires et nationaux diff\u00e9rents autour de sujets transversaux. Il s\u2019attache \u00e0 susciter la rencontre et la confrontation des traditions scientifiques allemande et fran\u00e7aise \u00e0 travers des projets concrets centr\u00e9s sur un large \u00e9ventail d\u2019objets europ\u00e9ens.<\/p>\n<\/div>\n    <\/section>\n","protected":false},"excerpt":{"rendered":"","protected":false},"author":2,"featured_media":0,"parent":20035,"menu_order":0,"comment_status":"closed","ping_status":"closed","template":"page-forschungsschwerpunkte.php","meta":{"_acf_changed":false,"footnotes":""},"class_list":["post-20420","page","type-page","status-publish","hentry"],"acf":[],"_links":{"self":[{"href":"https:\/\/cmb.hu-berlin.de\/fr\/wp-json\/wp\/v2\/pages\/20420","targetHints":{"allow":["GET"]}}],"collection":[{"href":"https:\/\/cmb.hu-berlin.de\/fr\/wp-json\/wp\/v2\/pages"}],"about":[{"href":"https:\/\/cmb.hu-berlin.de\/fr\/wp-json\/wp\/v2\/types\/page"}],"author":[{"embeddable":true,"href":"https:\/\/cmb.hu-berlin.de\/fr\/wp-json\/wp\/v2\/users\/2"}],"replies":[{"embeddable":true,"href":"https:\/\/cmb.hu-berlin.de\/fr\/wp-json\/wp\/v2\/comments?post=20420"}],"version-history":[{"count":2,"href":"https:\/\/cmb.hu-berlin.de\/fr\/wp-json\/wp\/v2\/pages\/20420\/revisions"}],"predecessor-version":[{"id":22847,"href":"https:\/\/cmb.hu-berlin.de\/fr\/wp-json\/wp\/v2\/pages\/20420\/revisions\/22847"}],"up":[{"embeddable":true,"href":"https:\/\/cmb.hu-berlin.de\/fr\/wp-json\/wp\/v2\/pages\/20035"}],"wp:attachment":[{"href":"https:\/\/cmb.hu-berlin.de\/fr\/wp-json\/wp\/v2\/media?parent=20420"}],"curies":[{"name":"wp","href":"https:\/\/api.w.org\/{rel}","templated":true}]}}