{"id":20426,"date":"2025-01-26T20:44:25","date_gmt":"2025-01-26T19:44:25","guid":{"rendered":"https:\/\/cmb.hu-berlin.de\/?page_id=20426"},"modified":"2026-02-23T16:45:58","modified_gmt":"2026-02-23T15:45:58","slug":"dariah","status":"publish","type":"page","link":"https:\/\/cmb.hu-berlin.de\/fr\/forschung\/18893-2\/dariah\/","title":{"rendered":"DARIAH"},"content":{"rendered":"<section class=\"header-section\">\n    <h1 class=\"block-headline\">DARIAH<\/h1>\n\n<\/section>\n\n\n\t<section class=\"subheadline_section\">\n\t    <h2 class=\"block-subheadline\">Digital Research Infrastructure for the Arts and Humanities<\/h2>\n\t<\/section>\n\n\n<div class=\"wp-block-image\">\n<figure class=\"aligncenter size-large is-resized\"><img loading=\"lazy\" decoding=\"async\" width=\"1024\" height=\"482\" src=\"https:\/\/cmb.hu-berlin.de\/wp-content\/uploads\/2025\/08\/dariah-eu-logo-baseline-1024x482.png\" alt=\"\" class=\"wp-image-18744\" style=\"width:653px;height:auto\" srcset=\"https:\/\/cmb.hu-berlin.de\/wp-content\/uploads\/2025\/08\/dariah-eu-logo-baseline-1024x482.png 1024w, https:\/\/cmb.hu-berlin.de\/wp-content\/uploads\/2025\/08\/dariah-eu-logo-baseline-300x141.png 300w, https:\/\/cmb.hu-berlin.de\/wp-content\/uploads\/2025\/08\/dariah-eu-logo-baseline-768x361.png 768w, https:\/\/cmb.hu-berlin.de\/wp-content\/uploads\/2025\/08\/dariah-eu-logo-baseline-1536x723.png 1536w, https:\/\/cmb.hu-berlin.de\/wp-content\/uploads\/2025\/08\/dariah-eu-logo-baseline-2048x964.png 2048w\" sizes=\"auto, (max-width: 1024px) 100vw, 1024px\" \/><\/figure>\n<\/div>\n\n\n<section class=\"one-box-text-section\">\n    \n    <div class=\"box-container full\">\n                    <div class=\"text-box\">\n                <p>&nbsp;<\/p>\n<p>&nbsp;<\/p>\n<p>Le CMB e.V. h\u00e9berge depuis 2014 la coordination scientifique centrale de l\u2019ERIC DARIAH. L\u2019ERIC (<em>European Research Infrastructure Consortium<\/em>) est une forme juridique sp\u00e9cifique qui facilite l&rsquo;\u00e9tablissement et le fonctionnement d&rsquo;infrastructures de recherche d&rsquo;int\u00e9r\u00eat europ\u00e9en. DARIAH dont l\u2019acronyme signifie <em>Digital Research Infrastructure for the Arts and Humanities<\/em> a pour mission de faciliter l&rsquo;acc\u00e8s aux donn\u00e9es, aux outils, aux services, aux connaissances et aux r\u00e9seaux dont les chercheur.e.s en sciences humaines ont besoin pour produire une excellente recherche scientifique, r\u00e9utilisable, visible et durable.<\/p>\n<p>&nbsp;<\/p>\n<p>Ce champ de recherche nomm\u00e9 \u00ab humanit\u00e9s num\u00e9riques \u00bb \u00e9volue constamment \u00e0 mesure que de nouvelles m\u00e9thodes et pratiques voient le jour, mais on peut g\u00e9n\u00e9ralement la d\u00e9crire comme un lieu de rencontre interdisciplinaire, souvent collaboratif, \u00e0 l&rsquo;intersection de l&rsquo;informatique et des sciences humaines. Les humanit\u00e9s num\u00e9riques sont l\u2019endroit o\u00f9 les disciplines de l&rsquo;ing\u00e9nierie et des sciences humaines combinent leur expertise. En utilisant de nouvelles applications et technologies, de nouveaux types de recherche, d&rsquo;enseignement et de publication sont rendus possibles.<\/p>\n<p>&nbsp;<\/p>\n<p>L\u2019ERIC DARIAH, compos\u00e9 de 19 pays membres auxquels viennent s\u2019ajouter une vingtaine d\u2019institutions scientifiques dans 8 autres pays, rend possible une v\u00e9ritable coop\u00e9ration de recherche \u00e0 l\u2019\u00e9chelle europ\u00e9enne qui permette un \u00e9change de connaissances, de savoir-faire, de donn\u00e9es et d\u2019outils num\u00e9riques. La France accueille son si\u00e8ge social. Les \u00e9quipes de coordination sont h\u00e9berg\u00e9es par le Centre Marc Bloch de Berlin, par l\u2019institut DANS \u00e0 La Haye et par le Trinity College Dublin.<\/p>\n<p>&nbsp;<\/p>\n<p>Les activit\u00e9s de DARIAH sont structur\u00e9es autour de quatre piliers strat\u00e9giques\u00a0:<\/p>\n<ol>\n<li>Le d\u00e9veloppement d\u2019une plateforme num\u00e9rique centralis\u00e9e offrant aux chercheur.e.s les outils, les services et les donn\u00e9es propres \u00e0 faciliter leurs recherches.<\/li>\n<li>L\u2019\u00e9ducation et la formation, en proposant des programmes de formation traditionnel ou en ligne.<\/li>\n<li>La politique scientifique, en \u00e9tant le porte-parole des chercheur.e.s et en d\u00e9fendant leurs int\u00e9r\u00eats au niveau europ\u00e9en (open science, etc.)<\/li>\n<li>L\u2019innovation, en encadrant une vingtaine de groupes de travail interdisciplinaires et transnationaux qui s&rsquo;articulent autour de th\u00e8mes de recherche \u00e9mergents<\/li>\n<\/ol>\n<p>&nbsp;<\/p>\n<p>Depuis sa cr\u00e9ation, l\u2019\u00e9quipe de DARIAH a organis\u00e9 plusieurs ateliers pour les membres du CMB sur des th\u00e8mes comme la gestion des donn\u00e9es, les principes de l\u2019Open Science ou l\u2019\u00e9dition num\u00e9rique. Elle propose par ailleurs un soutien personnalis\u00e9 sur ces questions aux chercheur.e.s et doctorant.e.s du CMB dans le montage et la gestion de leurs projets.<\/p>\n            <\/div>\n              \n    <\/div>\n<\/section>\n\n\n<div class=\"wp-block-buttons is-content-justification-center is-layout-flex wp-container-core-buttons-is-layout-16018d1d wp-block-buttons-is-layout-flex\">\n<div class=\"wp-block-button\"><a class=\"wp-block-button__link wp-element-button\" href=\"https:\/\/www.dariah.eu\/\">Site web de DARIAH-EU<\/a><\/div>\n<\/div>\n","protected":false},"excerpt":{"rendered":"","protected":false},"author":2,"featured_media":0,"parent":18893,"menu_order":0,"comment_status":"closed","ping_status":"closed","template":"page-modular.php","meta":{"_acf_changed":false,"footnotes":""},"class_list":["post-20426","page","type-page","status-publish","hentry"],"acf":[],"_links":{"self":[{"href":"https:\/\/cmb.hu-berlin.de\/fr\/wp-json\/wp\/v2\/pages\/20426","targetHints":{"allow":["GET"]}}],"collection":[{"href":"https:\/\/cmb.hu-berlin.de\/fr\/wp-json\/wp\/v2\/pages"}],"about":[{"href":"https:\/\/cmb.hu-berlin.de\/fr\/wp-json\/wp\/v2\/types\/page"}],"author":[{"embeddable":true,"href":"https:\/\/cmb.hu-berlin.de\/fr\/wp-json\/wp\/v2\/users\/2"}],"replies":[{"embeddable":true,"href":"https:\/\/cmb.hu-berlin.de\/fr\/wp-json\/wp\/v2\/comments?post=20426"}],"version-history":[{"count":3,"href":"https:\/\/cmb.hu-berlin.de\/fr\/wp-json\/wp\/v2\/pages\/20426\/revisions"}],"predecessor-version":[{"id":22918,"href":"https:\/\/cmb.hu-berlin.de\/fr\/wp-json\/wp\/v2\/pages\/20426\/revisions\/22918"}],"up":[{"embeddable":true,"href":"https:\/\/cmb.hu-berlin.de\/fr\/wp-json\/wp\/v2\/pages\/18893"}],"wp:attachment":[{"href":"https:\/\/cmb.hu-berlin.de\/fr\/wp-json\/wp\/v2\/media?parent=20426"}],"curies":[{"name":"wp","href":"https:\/\/api.w.org\/{rel}","templated":true}]}}