{"id":20436,"date":"2025-10-28T12:28:57","date_gmt":"2025-10-28T11:28:57","guid":{"rendered":"https:\/\/cmb.hu-berlin.de\/?page_id=20436"},"modified":"2026-04-09T15:40:49","modified_gmt":"2026-04-09T13:40:49","slug":"pantheonisation","status":"publish","type":"page","link":"https:\/\/cmb.hu-berlin.de\/fr\/evenements\/pantheonisation\/","title":{"rendered":"PANTH\u00c9ONISATION 2026"},"content":{"rendered":"<section class=\"header-section\">\n    <h1 class=\"block-headline\">Panth\u00e9onisation Marc Bloch<\/h1>\n\n<\/section>\n\n\n\t<section class=\"subheadline_section\">\n\t    <h2 class=\"block-subheadline\">S\u00e9quence scientifique et grand public en hommage \u00e0 Marc Bloch<\/h2>\n\t<\/section>\n\n\n\n<div class=\"wp-block-group is-nowrap is-layout-flex wp-container-core-group-is-layout-ad2f72ca wp-block-group-is-layout-flex\">\n<div class=\"wp-block-group is-vertical is-content-justification-right is-nowrap is-layout-flex wp-container-core-group-is-layout-b2895c49 wp-block-group-is-layout-flex\"><\/div>\n<\/div>\n\n\n\n<div class=\"wp-block-group\"><div class=\"wp-block-group__inner-container is-layout-constrained wp-block-group-is-layout-constrained\">\n<section class=\"one-box-text-section\">\n    \n    <div class=\"box-container cut\">\n              \n    <\/div>\n<\/section><\/div><\/div>\n\n\n\n<div class=\"wp-block-group is-content-justification-center is-nowrap is-layout-flex wp-container-core-group-is-layout-94bc23d7 wp-block-group-is-layout-flex\">\n<div class=\"wp-block-group\"><div class=\"wp-block-group__inner-container is-layout-constrained wp-block-group-is-layout-constrained\"><section class=\"image-with-text\" style=\"display: flex; flex-direction: row-reverse;\">\n                <div class=\"text\" style=\"width: 50%; padding: 10px;\">\n            <p class=\"whitespace-break-spaces\">\u00c0 travers sa d\u00e9fense de l\u2019universit\u00e9, ses \u00e9crits sur les m\u00e9faits de la d\u00e9sinformation, et son plaidoyer pour des r\u00e9formes \u00e9ducatives et un monde en paix, la pens\u00e9e de <strong>Marc Bloch<\/strong> r\u00e9sonne avec une actualit\u00e9 marqu\u00e9e par les <span class=\"followup-block followup-block-hidden cursor-pointer outline-none static inline group-hover\/message:[--hover-opacity:1]\" data-question=\"Quelles sont les principales menaces actuelles contre les valeurs d\u00e9mocratiques en Europe selon les experts?\" aria-expanded=\"false\" aria-controls=\"radix-_r_1g5_\" data-state=\"closed\">attaques contre les valeurs d\u00e9mocratiques<\/span> et la <span class=\"followup-block followup-block-hidden cursor-pointer outline-none static inline group-hover\/message:[--hover-opacity:1]\" data-question=\"Quels facteurs contribuent aujourd\u2019hui \u00e0 la fragilit\u00e9 de la paix sur le continent europ\u00e9en?\" aria-expanded=\"false\" aria-controls=\"radix-_r_1g6_\" data-state=\"closed\">fragilit\u00e9 de la paix en Europe<\/span>. Son entr\u00e9e au Panth\u00e9on, annonc\u00e9e pour le <strong>23\u00a0juin 2026<\/strong>, est une occasion de mettre en lumi\u00e8re son h\u00e9ritage intellectuel et son engagement.<\/p>\n<p>&nbsp;<\/p>\n<p>C&rsquo;est dans ce contexte que le\u00a0 <strong>Centre Marc Bloch<\/strong> organise une <strong><span class=\"followup-block followup-block-hidden cursor-pointer outline-none static inline group-hover\/message:[--hover-opacity:1]\" data-question=\"En quoi consiste exactement une approche parascientifique dans le cadre d\u2019un \u00e9v\u00e9nement comme celui-ci?\" aria-expanded=\"false\" aria-controls=\"radix-_r_1g7_\" data-state=\"closed\">s\u00e9quence scientifique et grand public <\/span><\/strong>de janvier \u00e0 juin 2026 pour c\u00e9l\u00e9brer la m\u00e9moire de l&rsquo;historien et r\u00e9sistant <a href=\"https:\/\/cmb.hu-berlin.de\/podcasts\/46-episode-special-marc-bloch-le-pantheon-et-nous\/\">qui a donn\u00e9 son nom \u00e0 notre centre de recherche<\/a>.<\/p>\n        <\/div>\n    <\/section><\/div><\/div>\n<\/div>\n\n\n\n<div class=\"wp-block-group is-layout-grid wp-container-core-group-is-layout-9649a0d9 wp-block-group-is-layout-grid\" style=\"font-size:0px\"><\/div>\n\n\n\n<div class=\"wp-block-group has-small-font-size is-nowrap is-layout-flex wp-container-core-group-is-layout-ad2f72ca wp-block-group-is-layout-flex\"><\/div>\n\n\n\n<p><\/p>\n\n\n\n<div class=\"wp-block-columns are-vertically-aligned-top is-layout-flex wp-container-core-columns-is-layout-9d6595d7 wp-block-columns-is-layout-flex\">\n<div class=\"wp-block-column is-vertically-aligned-top is-layout-flow wp-block-column-is-layout-flow\" style=\"flex-basis:60%\">\n<section class=\"one-box-text-section\">\n    \n    <div class=\"box-container cut\">\n                    <div class=\"text-box\">\n                <ul>\n<li><span class=\"a_GcMg font-feature-liga-off font-feature-clig-off font-feature-calt-off text-strikethrough-none text-decoration-none\"><strong>29 avril 2026 <\/strong><\/span>: <strong>Exposition<\/strong>\u00a0: <a href=\"https:\/\/cmb.hu-berlin.de\/fr\/events\/die-geschichte-sucht-ihren-ort-anaelle-vanel\/\"><em>\u00ab <strong><span class=\"followup-block followup-block-hidden cursor-pointer outline-none static inline group-hover\/message:[--hover-opacity:1]\" data-question=\"Quel est le message ou la symbolique derri\u00e8re le titre de cette exposition artistique?\" aria-expanded=\"false\" aria-controls=\"radix-_r_1g9_\" data-state=\"closed\">L\u2019histoire cherche son lieu<\/span><\/strong> \u00bb<\/em> (Ana\u00eblle Vanel). <\/a><\/li>\n<\/ul>\n<p><span class=\"a_GcMg font-feature-liga-off font-feature-clig-off font-feature-calt-off text-strikethrough-none text-decoration-none\"><a href=\"https:\/\/cmb.hu-berlin.de\/fr\/events\/die-geschichte-sucht-ihren-ort-anaelle-vanel\/\">Vernissage et table ronde avec, Ya\u00eblle Biro, Jan H\u00fcsgen et Mary-Ann Middelkoop.<\/a> <\/span><\/p>\n<p><span class=\"a_GcMg font-feature-liga-off font-feature-clig-off font-feature-calt-off text-strikethrough-none text-decoration-none\">Lieu : CMB<\/span><\/p>\n<p>&nbsp;<\/p>\n<ul>\n<li><strong>27 mai 2026<\/strong> : <a href=\"https:\/\/cmb.hu-berlin.de\/events\/deutsch-franzoesischen-wettbewerbs-fuer-schuelerinnen-und-schueler\/\"><strong>Projet\/concours<\/strong> avec des \u00e9l\u00e8ves du secondaire (France\/Allemagne) sur son \u0153uvre et son h\u00e9ritage. Finale et d\u00e9signation de laur\u00e9at.es.<\/a><\/li>\n<\/ul>\n<p><span class=\"a_GcMg font-feature-liga-off font-feature-clig-off font-feature-calt-off text-strikethrough-none text-decoration-none\">Lieu : CMB<\/span><\/p>\n<p>&nbsp;<\/p>\n<ul>\n<li><a href=\"https:\/\/cmb.hu-berlin.de\/fr\/events\/marc-bloch-vergleichende-geschichten-und-deutsch-franzoesisches-engagement\/\"><strong>28 mai 2026<\/strong> : <strong>Colloque scientifique &#8211; Marc Bloch : Histoires compar\u00e9es et engagement franco-allemand<\/strong><\/a><\/li>\n<\/ul>\n<p><span class=\"a_GcMg font-feature-liga-off font-feature-clig-off font-feature-calt-off text-strikethrough-none text-decoration-none\">Lieu : CMB<\/span><\/p>\n<p>&nbsp;<\/p>\n<ul>\n<li><a href=\"https:\/\/cmb.hu-berlin.de\/fr\/?post_type=event&amp;p=24031\"><strong>28 mai 2026<\/strong> : <strong>C\u00e9r\u00e9monie de restitution<\/strong> \u00e0 la famille de Marc Bloch d&rsquo;ouvrages de sa biblioth\u00e8que spoli\u00e9e.<\/a><\/li>\n<\/ul>\n<p>Lieu : Ambassade de France en Allemagne.<\/p>\n<p>&nbsp;<\/p>\n<ul>\n<li><a href=\"https:\/\/cmb.hu-berlin.de\/fr\/events\/kommentierte-live-uebertragung-der-pantheonisierungszeremonie\/\"><strong>23 juin 2026<\/strong> : <strong>Streaming comment\u00e9<\/strong> de la c\u00e9r\u00e9monie de panth\u00e9onisation.<\/a><\/li>\n<\/ul>\n<p>Lieu : Ambassade de France en Allemagne.<\/p>\n<p>&nbsp;<\/p>\n<ul>\n<li>Une <strong>s\u00e9rie de podcasts<\/strong> : <em>\u00ab Radio Marc Bloch \u00bb : <strong><a href=\"https:\/\/cmb.hu-berlin.de\/fr\/22002-2\/\">\u00ab\u00a0Marc Bloch au Panth\u00e9on !\u00a0\u00bb<\/a><\/strong><\/em><\/li>\n<\/ul>\n<p>&nbsp;<\/p>\n            <\/div>\n              \n    <\/div>\n<\/section><\/div>\n\n\n\n<div class=\"wp-block-column is-vertically-aligned-top is-layout-flow wp-block-column-is-layout-flow\" style=\"flex-basis:30%\">\n<figure class=\"wp-block-image size-full is-style-default\"><img loading=\"lazy\" decoding=\"async\" width=\"605\" height=\"643\" src=\"https:\/\/cmb.hu-berlin.de\/wp-content\/uploads\/2025\/11\/Marc-_Bloch2-2.jpg\" alt=\"\" class=\"wp-image-20960\" srcset=\"https:\/\/cmb.hu-berlin.de\/wp-content\/uploads\/2025\/11\/Marc-_Bloch2-2.jpg 605w, https:\/\/cmb.hu-berlin.de\/wp-content\/uploads\/2025\/11\/Marc-_Bloch2-2-282x300.jpg 282w\" sizes=\"auto, (max-width: 605px) 100vw, 605px\" \/><\/figure>\n<\/div>\n<\/div>\n\n\n\n<section class=\"one-box-text-section\">\n    \n    <div class=\"box-container cut\">\n                    <div class=\"text-box\">\n                <p>&nbsp;<\/p>\n<p class=\"whitespace-break-spaces\" dir=\"auto\">Cette s\u00e9quence vise \u00e0 <strong>promouvoir les enjeux de <span class=\"followup-block followup-block-hidden cursor-pointer outline-none static inline group-hover\/message:[--hover-opacity:1]\" data-question=\"Quels sont les autres projets r\u00e9cents qui visent \u00e0 renforcer la m\u00e9moire et la coop\u00e9ration entre la France et l\u2019Allemagne?\" aria-expanded=\"false\" aria-controls=\"radix-_r_1ga_\" data-state=\"closed\">m\u00e9moire franco-allemands<\/span><\/strong>, \u00e0 sensibiliser le public au r\u00f4le des sciences humaines et sociales, et \u00e0 d\u00e9fendre les valeurs europ\u00e9ennes (<span class=\"followup-block followup-block-hidden cursor-pointer outline-none static inline group-hover\/message:[--hover-opacity:1]\" data-question=\"Quelles initiatives concr\u00e8tes sont mises en place en Europe pour renforcer la libert\u00e9 acad\u00e9mique et lutter contre la d\u00e9sinformation?\" aria-expanded=\"false\" aria-controls=\"radix-_r_1gb_\" data-state=\"closed\">libert\u00e9 acad\u00e9mique, lutte contre la d\u00e9sinformation<\/span>).<\/p>\n<p class=\"whitespace-break-spaces\">\u00c0 travers ses engagements pour l\u2019universit\u00e9, ses r\u00e9flexions sur l\u2019\u00e9ducation et sa vision d\u2019un monde en paix, Marc Bloch incarne une <strong>pens\u00e9e responsable et engag\u00e9e<\/strong>, plus que jamais n\u00e9cessaire aujourd\u2019hui.<\/p>\n            <\/div>\n              \n    <\/div>\n<\/section>\n\n\n<p><\/p>\n","protected":false},"excerpt":{"rendered":"","protected":false},"author":2,"featured_media":0,"parent":20434,"menu_order":0,"comment_status":"closed","ping_status":"closed","template":"page-modular.php","meta":{"_acf_changed":false,"footnotes":""},"class_list":["post-20436","page","type-page","status-publish","hentry"],"acf":[],"_links":{"self":[{"href":"https:\/\/cmb.hu-berlin.de\/fr\/wp-json\/wp\/v2\/pages\/20436","targetHints":{"allow":["GET"]}}],"collection":[{"href":"https:\/\/cmb.hu-berlin.de\/fr\/wp-json\/wp\/v2\/pages"}],"about":[{"href":"https:\/\/cmb.hu-berlin.de\/fr\/wp-json\/wp\/v2\/types\/page"}],"author":[{"embeddable":true,"href":"https:\/\/cmb.hu-berlin.de\/fr\/wp-json\/wp\/v2\/users\/2"}],"replies":[{"embeddable":true,"href":"https:\/\/cmb.hu-berlin.de\/fr\/wp-json\/wp\/v2\/comments?post=20436"}],"version-history":[{"count":98,"href":"https:\/\/cmb.hu-berlin.de\/fr\/wp-json\/wp\/v2\/pages\/20436\/revisions"}],"predecessor-version":[{"id":24055,"href":"https:\/\/cmb.hu-berlin.de\/fr\/wp-json\/wp\/v2\/pages\/20436\/revisions\/24055"}],"up":[{"embeddable":true,"href":"https:\/\/cmb.hu-berlin.de\/fr\/wp-json\/wp\/v2\/pages\/20434"}],"wp:attachment":[{"href":"https:\/\/cmb.hu-berlin.de\/fr\/wp-json\/wp\/v2\/media?parent=20436"}],"curies":[{"name":"wp","href":"https:\/\/api.w.org\/{rel}","templated":true}]}}