{"id":20446,"date":"2025-08-07T15:33:22","date_gmt":"2025-08-07T13:33:22","guid":{"rendered":"https:\/\/cmb.hu-berlin.de\/?page_id=20446"},"modified":"2026-02-23T15:39:57","modified_gmt":"2026-02-23T14:39:57","slug":"seminaire-doctoral","status":"publish","type":"page","link":"https:\/\/cmb.hu-berlin.de\/fr\/forschung\/carriere\/formation-doctorale\/seminaire-doctoral\/","title":{"rendered":"S\u00e9minaire doctoral"},"content":{"rendered":"<section class=\"header-section\">\n    <h1 class=\"block-headline\">S\u00e9minaire doctoral<\/h1>\n\n<\/section>\n\n\n\n<section class=\"one-box-text-section\">\n    \n    <div class=\"box-container full\">\n                    <div class=\"text-box\">\n                <p>Le s\u00e9minaire doctoral constitue un lieu d\u2019\u00e9change scientifique, de formation \u00e0 la recherche et d\u2019int\u00e9gration des doctorant\u00b7e\u00b7s au Centre Marc Bloch. Il est organis\u00e9 par des doctorant\u00b7e\u00b7s du Centre.<\/p>\n            <\/div>\n              \n    <\/div>\n<\/section>\n\n\n<div class=\"wp-block-buttons is-content-justification-center is-layout-flex wp-container-core-buttons-is-layout-16018d1d wp-block-buttons-is-layout-flex\">\n<div class=\"wp-block-button is-style-outline is-style-outline--1\"><a class=\"wp-block-button__link wp-element-button\" href=\"https:\/\/cmb.hu-berlin.de\/wp-content\/uploads\/2025\/12\/CMB_SD_2025_26_programme.pdf\">Programme du s\u00e9minaire doctoral pour le semestre d&rsquo;\u00e9t\u00e9 2025<\/a><\/div>\n<\/div>\n\n\n\n<section class=\"one-box-text-section\">\n    \n    <div class=\"box-container full\">\n                    <div class=\"text-box\">\n                <p>Les s\u00e9ances s\u2019articulent autour de trois axes\u00a0:<\/p>\n<p>&nbsp;<\/p>\n<p><u>1. Suivi individualis\u00e9 de th\u00e8se<\/u><\/p>\n<p>Les doctorant.e.s du CMB ont la possibilit\u00e9 de pr\u00e9senter leurs travaux en cours. Ils et elles sont invit\u00e9\u00b7e\u00b7s \u00e0 axer leur expos\u00e9 sur un aspect de leur activit\u00e9 de recherche, qu\u2019il soit th\u00e9orique, m\u00e9thodologique ou li\u00e9 \u00e0 la r\u00e9daction de la th\u00e8se. Il s\u2019agit \u00e9galement d\u2019interroger la dimension franco-allemande ou internationale des recherches men\u00e9es et de promouvoir la formation \u00e0 l\u2019interdisciplinarit\u00e9.<\/p>\n<p>&nbsp;<\/p>\n<p>2. <u>Formation \u00e0 la recherche<\/u><\/p>\n<p>Le s\u00e9minaire doctoral est une plateforme d\u2019\u00e9change de comp\u00e9tences et d\u2019exp\u00e9riences, o\u00f9 les participant\u00b7e\u00b7s se forment aux m\u00e9thodes de recherche et d\u2019enseignement, se pr\u00e9parent aux diff\u00e9rentes \u00e9tapes du doctorat et se familiarisent avec diff\u00e9rentes pratiques de recherche.<\/p>\n<p>&nbsp;<\/p>\n<p>Diff\u00e9rentes pistes sont envisageables :<\/p>\n<ul>\n<li>Aide \u00e0 l\u2019\u00e9criture scientifique, \u00e0 l\u2019enseignement et \u00e0 la publication<\/li>\n<li>Discussions des approches m\u00e9thodologiques et des traditions de recherche<\/li>\n<li>Initiation aux logiciels (analyse de donn\u00e9es, gestion bibliographique)<\/li>\n<li>Planification et organisation de la th\u00e8se<\/li>\n<li>Gestion du stress induit par le travail de th\u00e8se<\/li>\n<\/ul>\n<p>&nbsp;<\/p>\n<p>3. <u>D\u00e9bouch\u00e9s <\/u><\/p>\n<p>En outre, le s\u00e9minaire doctoral propose des s\u00e9ances autour des d\u00e9bouch\u00e9s postdoctoraux dans et en dehors du monde acad\u00e9mique. En plus de l\u2019exp\u00e9rience des chercheur\u00b7e\u00b7s du Centre, les doctorant\u00b7e\u00b7s b\u00e9n\u00e9ficient des conseils d\u2019intervenant\u00b7e\u00b7s ext\u00e9rieur\u00b7e\u00b7s, form\u00e9\u00b7e\u00b7s \u00e0 la recherche, issu\u00b7e\u00b7s de diff\u00e9rents domaines professionnels tels que l\u2019administration, la diplomatie culturelle et scientifique, les fondations culturelles ou encore le conseil aux pouvoirs publics.<\/p>\n<p>&nbsp;<\/p>\n<p>Contacts\u00a0: <a href=\"https:\/\/cmb.hu-berlin.de\/people\/jonas-nickel\/\">Jonas Nickel <\/a>et <a href=\"https:\/\/cmb.hu-berlin.de\/people\/hugo-zusslin\/\">Hugo Zusslin<\/a><\/p>\n            <\/div>\n              \n    <\/div>\n<\/section>\n\n\n<section class=\"cmb-block cmb-block--events-list\">\n      <div class=\"event-list\"><!-- matches former template wrapper -->\n              <a href=\"https:\/\/cmb.hu-berlin.de\/fr\/events\/mieux-respirer-en-ville-reguler-la-mobilite-quotidienne-des-menages-modestes-a-des-fins-environnementales-le-cas-de-la-mise-en-oeuvre-contrariee-des-zones-a-faibles-emissions-en-france\/\" class=\"event-link event-item\">\n          <div class=\"event-image\">\n                          <img decoding=\"async\" src=\"https:\/\/cmb.hu-berlin.de\/wp-content\/themes\/cmb\/assets\/images\/fallback-event.jpg\" alt=\"Event Image\">\n                      <\/div>\n\n          <div class=\"event-content\">\n            <div class=\"event-date\">\n                              <p>17.06.2026<\/p>\n                                  <p>16:00<\/p>\n                                          <\/div>\n\n            <div class=\"event-title-wrapper\">\n              <h3 class=\"event-title\">Mieux respirer en ville ? R\u00e9guler la mobilit\u00e9  quotidienne des m\u00e9nages modestes \u00e0 des fins  environnementales : le cas de la mise en oeuvre  contrari\u00e9e des Zones \u00e0 Faibles Emissions en France<\/h3>\n                              <p class=\"event-subtitle\">avec Jade Charbonnier (Paris\/Berlin)<\/p>\n                          <\/div>\n\n            <div class=\"event-more-wrapper\">\n                              <p class=\"event-categories\">Expos\u00e9\/Conf\u00e9rence S\u00e9minaire doctoral<\/p>\n              \n                              <p class=\"event-venue\">\n                  <svg id=\"venue_icon\" xmlns=\"http:\/\/www.w3.org\/2000\/svg\" viewBox=\"0 0 43.47 43.47\" aria-hidden=\"true\" focusable=\"false\">\n                    <path d=\"M21.73,3c10.33,0,18.73,8.4,18.73,18.73s-8.4,18.73-18.73,18.73S3,32.07,3,21.73,11.4,3,21.73,3M21.73,0C9.73,0,0,9.73,0,21.73s9.73,21.73,21.73,21.73,21.73-9.73,21.73-21.73S33.74,0,21.73,0h0Z\"\/>\n                    <circle cx=\"21.73\" cy=\"21.73\" r=\"10.25\"\/>\n                  <\/svg>\n                  Salle Simmel                <\/p>\n                          <\/div>\n          <\/div>\n        <\/a>\n          <\/div>\n  <\/section>","protected":false},"excerpt":{"rendered":"","protected":false},"author":2,"featured_media":0,"parent":21247,"menu_order":0,"comment_status":"closed","ping_status":"closed","template":"page-modular.php","meta":{"_acf_changed":false,"footnotes":""},"class_list":["post-20446","page","type-page","status-publish","hentry"],"acf":[],"_links":{"self":[{"href":"https:\/\/cmb.hu-berlin.de\/fr\/wp-json\/wp\/v2\/pages\/20446","targetHints":{"allow":["GET"]}}],"collection":[{"href":"https:\/\/cmb.hu-berlin.de\/fr\/wp-json\/wp\/v2\/pages"}],"about":[{"href":"https:\/\/cmb.hu-berlin.de\/fr\/wp-json\/wp\/v2\/types\/page"}],"author":[{"embeddable":true,"href":"https:\/\/cmb.hu-berlin.de\/fr\/wp-json\/wp\/v2\/users\/2"}],"replies":[{"embeddable":true,"href":"https:\/\/cmb.hu-berlin.de\/fr\/wp-json\/wp\/v2\/comments?post=20446"}],"version-history":[{"count":7,"href":"https:\/\/cmb.hu-berlin.de\/fr\/wp-json\/wp\/v2\/pages\/20446\/revisions"}],"predecessor-version":[{"id":22816,"href":"https:\/\/cmb.hu-berlin.de\/fr\/wp-json\/wp\/v2\/pages\/20446\/revisions\/22816"}],"up":[{"embeddable":true,"href":"https:\/\/cmb.hu-berlin.de\/fr\/wp-json\/wp\/v2\/pages\/21247"}],"wp:attachment":[{"href":"https:\/\/cmb.hu-berlin.de\/fr\/wp-json\/wp\/v2\/media?parent=20446"}],"curies":[{"name":"wp","href":"https:\/\/api.w.org\/{rel}","templated":true}]}}