{"id":20450,"date":"2025-01-08T10:07:08","date_gmt":"2025-01-08T09:07:08","guid":{"rendered":"https:\/\/cmb.hu-berlin.de\/?page_id=20450"},"modified":"2025-11-20T16:00:33","modified_gmt":"2025-11-20T15:00:33","slug":"presse","status":"publish","type":"page","link":"https:\/\/cmb.hu-berlin.de\/fr\/presse\/","title":{"rendered":"Presse"},"content":{"rendered":"<section class=\"people-repeater\">\n  \n  <div class=\"people-grid\">\n          \n              <\/div>\n<\/section>\n\n\n<section class=\"one-box-text-section\">\n    \n    <div class=\"box-container full\">\n                    <div class=\"text-box\">\n                <p>Die Verwendung der Logos und Bilder ist kostenlos. Wir bitten Sie aber, zwecks Absprache vor der Verwendung mit uns Kontakt aufzunehmen.<\/p>\n<p>&nbsp;<\/p>\n<p>Die Verwendung des Logos Centre Marc Bloch ist generell genehmigungspflichtig. Zu nichtkommerziellen Werbezwecken, insbesondere in Druckwerken und auf Ihrer Homepage gestatten wir die Nutzung unter den nachfolgenden Bedingungen, wobei diese Genehmigung durch uns widerrufen werden kann.<br \/>\n1. Sie \u00fcbermitteln uns die Seite des Druckwerkes oder Ihrer Homepage, auf der das Logo erscheint, im Entwurf vorab. Des Weiteren teilen Sie uns bei elektronisch zug\u00e4nglichen Seiten die URL mit. Nach einer entsprechenden schriftlichen Freigabe durch uns sind Sie berechtigt, unser Instituts-Logo in der genehmigten Weise zu benutzen.<br \/>\n2. Sie werden uns \u00fcber geplante \u00c4nderungen der Seite, die unser Logo tr\u00e4gt, und des Anwendungsfalles umgehend vorab informieren und sind nach unserer Zustimmung zur Nutzung unseres Logos auch auf der ge\u00e4nderten Seite berechtigt.<\/p>\n<p>&nbsp;<\/p>\n<p>3. Bei der Nutzung in HTML-Dokumenten muss das Logo einen Hyperlink auf die folgende Seite unseres Zentrums enthalten: www.cmb.hu-berlin.de. Sie sind verpflichtet, unsere Seite vollst\u00e4ndig neu zu laden (nach Belieben auch in einem neuen Fenster), ohne dass die Seite in einen Rahmen gesetzt wird.<\/p>\n<p>4. Bei der Nutzung unseres Logos in Druckwerken oder auf CD, DVD, etc. \u00fcbermitteln Sie uns bitte innerhalb einer Woche nach dem Druck ein Vervielf\u00e4ltigungsst\u00fcck der betreffenden Publikation.<\/p>\n<p>Sind Sie an einer Nutzung unseres Logos nach den dargestellten Grunds\u00e4tzen interessiert, bitten wir Sie, dieses Schreiben auszudrucken, rechtswirksam zu unterzeichnen und an diese Adresse (communication (@) cmb.hu-berlin.de) zu senden.<\/p>\n            <\/div>\n              \n    <\/div>\n<\/section>\n\n\n<p><\/p>\n","protected":false},"excerpt":{"rendered":"","protected":false},"author":2,"featured_media":0,"parent":0,"menu_order":0,"comment_status":"closed","ping_status":"closed","template":"page-presse.php","meta":{"_acf_changed":false,"footnotes":""},"class_list":["post-20450","page","type-page","status-publish","hentry"],"acf":[],"_links":{"self":[{"href":"https:\/\/cmb.hu-berlin.de\/fr\/wp-json\/wp\/v2\/pages\/20450","targetHints":{"allow":["GET"]}}],"collection":[{"href":"https:\/\/cmb.hu-berlin.de\/fr\/wp-json\/wp\/v2\/pages"}],"about":[{"href":"https:\/\/cmb.hu-berlin.de\/fr\/wp-json\/wp\/v2\/types\/page"}],"author":[{"embeddable":true,"href":"https:\/\/cmb.hu-berlin.de\/fr\/wp-json\/wp\/v2\/users\/2"}],"replies":[{"embeddable":true,"href":"https:\/\/cmb.hu-berlin.de\/fr\/wp-json\/wp\/v2\/comments?post=20450"}],"version-history":[{"count":1,"href":"https:\/\/cmb.hu-berlin.de\/fr\/wp-json\/wp\/v2\/pages\/20450\/revisions"}],"predecessor-version":[{"id":20451,"href":"https:\/\/cmb.hu-berlin.de\/fr\/wp-json\/wp\/v2\/pages\/20450\/revisions\/20451"}],"wp:attachment":[{"href":"https:\/\/cmb.hu-berlin.de\/fr\/wp-json\/wp\/v2\/media?parent=20450"}],"curies":[{"name":"wp","href":"https:\/\/api.w.org\/{rel}","templated":true}]}}