{"id":20452,"date":"2025-03-14T13:46:49","date_gmt":"2025-03-14T12:46:49","guid":{"rendered":"https:\/\/cmb.hu-berlin.de\/?page_id=20452"},"modified":"2026-02-23T17:28:27","modified_gmt":"2026-02-23T16:28:27","slug":"podcast-radio-marc-bloch","status":"publish","type":"page","link":"https:\/\/cmb.hu-berlin.de\/fr\/presse\/podcast-radio-marc-bloch\/","title":{"rendered":"Podcast \u00ab\u00a0Radio Marc Bloch\u00a0\u00bb"},"content":{"rendered":"\n<section class=\"one-box-text-section\">\n    \n    <div class=\"box-container full\">\n                    <div class=\"text-box\">\n                <p>Radio Marc Bloch est un podcast produit par le Centre Marc Bloch, le centre franco-allemand de sciences humaines et sociales situ\u00e9 \u00e0 Berlin. Au travers de 5 rubriques (Dialogues, Contrastes, D\u00e9clic, Enqu\u00eates de terrain et Partenaires), enregistr\u00e9es en fran\u00e7ais, en allemand ou en anglais, Radio Marc Bloch vous permet de retrouver l&rsquo;actualit\u00e9 de nos 250 chercheuses et chercheurs et de nos nombreux partenaires. Des conflits politiques \u00e0 l\u2019\u00e9cologie en passant par les migrations, la globalisation ou la philosophie, nous aborderons sur cette cha\u00eene une large palette de sujets pour examiner ensemble l\u2019\u00e9volution de nos soci\u00e9t\u00e9s europ\u00e9ennes. Bonne \u00e9coute, en esp\u00e9rant vous retrouver \u00e0 la Friedrichstra\u00dfe, au c\u0153ur de Berlin pour l&rsquo;une de nos nombreuses manifestations!<\/p>\n            <\/div>\n              \n    <\/div>\n<\/section>","protected":false},"excerpt":{"rendered":"","protected":false},"author":2,"featured_media":0,"parent":20450,"menu_order":0,"comment_status":"closed","ping_status":"closed","template":"page-podcasts.php","meta":{"_acf_changed":false,"footnotes":""},"class_list":["post-20452","page","type-page","status-publish","hentry"],"acf":[],"_links":{"self":[{"href":"https:\/\/cmb.hu-berlin.de\/fr\/wp-json\/wp\/v2\/pages\/20452","targetHints":{"allow":["GET"]}}],"collection":[{"href":"https:\/\/cmb.hu-berlin.de\/fr\/wp-json\/wp\/v2\/pages"}],"about":[{"href":"https:\/\/cmb.hu-berlin.de\/fr\/wp-json\/wp\/v2\/types\/page"}],"author":[{"embeddable":true,"href":"https:\/\/cmb.hu-berlin.de\/fr\/wp-json\/wp\/v2\/users\/2"}],"replies":[{"embeddable":true,"href":"https:\/\/cmb.hu-berlin.de\/fr\/wp-json\/wp\/v2\/comments?post=20452"}],"version-history":[{"count":3,"href":"https:\/\/cmb.hu-berlin.de\/fr\/wp-json\/wp\/v2\/pages\/20452\/revisions"}],"predecessor-version":[{"id":22947,"href":"https:\/\/cmb.hu-berlin.de\/fr\/wp-json\/wp\/v2\/pages\/20452\/revisions\/22947"}],"up":[{"embeddable":true,"href":"https:\/\/cmb.hu-berlin.de\/fr\/wp-json\/wp\/v2\/pages\/20450"}],"wp:attachment":[{"href":"https:\/\/cmb.hu-berlin.de\/fr\/wp-json\/wp\/v2\/media?parent=20452"}],"curies":[{"name":"wp","href":"https:\/\/api.w.org\/{rel}","templated":true}]}}