{"id":20750,"date":"2025-08-11T15:43:23","date_gmt":"2025-08-11T13:43:23","guid":{"rendered":"https:\/\/cmb.hu-berlin.de\/kontakt\/"},"modified":"2025-11-27T11:53:20","modified_gmt":"2025-11-27T10:53:20","slug":"kontakt","status":"publish","type":"page","link":"https:\/\/cmb.hu-berlin.de\/fr\/kontakt\/","title":{"rendered":"Contact"},"content":{"rendered":"<section class=\"header-section\">\n    <h1 class=\"block-headline\">Contact<\/h1>\n\n<\/section>\n\n\n\n<div class=\"wp-block-media-text has-media-on-the-right is-stacked-on-mobile\" style=\"grid-template-columns:auto 38%\"><div class=\"wp-block-media-text__content\">\n<p><\/p>\n\n\n\n<section class=\"one-box-text-section\">\n    \n    <div class=\"box-container full\">\n                    <div class=\"text-box\">\n                <p>Centre Marc Bloch<br \/>\nFriedrichstra\u00dfe 191,<br \/>\nD-10117 Berlin<\/p>\n<p>&nbsp;<\/p>\n<p>T\u00e9l. +49(0) 30 \/ 20 93 70700 oder 70741<\/p>\n<p>Email: <em>communication (at) cmb.hu-berlin.de<\/em><\/p>\n            <\/div>\n              \n    <\/div>\n<\/section>\n\n\n<div style=\"height:100px\" aria-hidden=\"true\" class=\"wp-block-spacer\"><\/div>\n<\/div><figure class=\"wp-block-media-text__media\"><img loading=\"lazy\" decoding=\"async\" width=\"1024\" height=\"768\" src=\"https:\/\/cmb.hu-berlin.de\/wp-content\/uploads\/2025\/08\/thumbnail_20200821_085423-1024x768.jpg\" alt=\"\" class=\"wp-image-18673 size-full\" srcset=\"https:\/\/cmb.hu-berlin.de\/wp-content\/uploads\/2025\/08\/thumbnail_20200821_085423-1024x768.jpg 1024w, https:\/\/cmb.hu-berlin.de\/wp-content\/uploads\/2025\/08\/thumbnail_20200821_085423-300x225.jpg 300w, https:\/\/cmb.hu-berlin.de\/wp-content\/uploads\/2025\/08\/thumbnail_20200821_085423-768x576.jpg 768w, https:\/\/cmb.hu-berlin.de\/wp-content\/uploads\/2025\/08\/thumbnail_20200821_085423.jpg 1280w\" sizes=\"auto, (max-width: 1024px) 100vw, 1024px\" \/><\/figure><\/div>\n\n\n\n<div style=\"height:100px\" aria-hidden=\"true\" class=\"wp-block-spacer\"><\/div>\n\n\n\n<div class=\"wp-block-group is-content-justification-center is-nowrap is-layout-flex wp-container-core-group-is-layout-94bc23d7 wp-block-group-is-layout-flex\">\n<div class=\"wp-block-columns are-vertically-aligned-center is-layout-flex wp-container-core-columns-is-layout-9d6595d7 wp-block-columns-is-layout-flex\">\n<div class=\"wp-block-column is-vertically-aligned-center is-layout-flow wp-block-column-is-layout-flow\" style=\"flex-basis:100%\">\n<iframe loading=\"lazy\" width=\"100%\" height=\"350\" frameborder=\"0\" scrolling=\"no\" marginheight=\"0\" marginwidth=\"0\" src=\"https:\/\/www.openstreetmap.org\/export\/embed.html?bbox=13.382356166839601%2C52.50783047640853%2C13.396475315093994%2C52.513641915188465&amp;layer=hot&amp;marker=52.510736291858535%2C13.389415740966797\" style=\"border: 1px solid black\"><\/iframe><br\/><small><a href=\"https:\/\/www.openstreetmap.org\/?mlat=52.51074&amp;mlon=13.38942#map=17\/52.51074\/13.38942&amp;layers=H\">View Larger Map<\/a><\/small>\n<\/div>\n<\/div>\n<\/div>\n\n\n\n<section class=\"one-box-text-section\">\n    \n    <div class=\"box-container cut\">\n                    <div class=\"text-box\">\n                <h2>Acc\u00e8s:<\/h2>\n<p>&nbsp;<\/p>\n<p>\u2013 <strong>Depuis la gare centrale (Hauptbahnhof) :<\/strong><\/p>\n<p>&nbsp;<\/p>\n<p>Prendre le S-Bahn (S5, S75 ou S7) jusqu\u2019\u00e0 la station <strong>Friedrichstra\u00dfe<\/strong>, puis changer pour le m\u00e9tro (U6) en direction d\u2019<strong>Alt-Mariendorf<\/strong> jusqu\u2019\u00e0 la station <strong>Stadtmitte<\/strong>. Le Centre (Friedrichstra\u00dfe 191) se trouve directement \u00e0 la sortie du m\u00e9tro <strong>Stadtmitte<\/strong> (sortie Kronenstra\u00dfe\/Anton-Wilhelm-Amo-Stra\u00dfe).<\/p>\n<p>&nbsp;<\/p>\n<div class=\"flex min-w-0 flex-1 flex-col\">\n<div class=\"flex w-full flex-col gap-2 break-words\" dir=\"auto\">\n<div>\n<div class=\"markdown-container-style max-w-none gap-1 overflow-x-visible py-0.5 pb-4 font-normal text-wrap break-words select-text\" data-message-part-type=\"answer\" data-testid=\"text-message-part\">\n<p class=\"whitespace-break-spaces\">\u2013 <strong>Depuis l\u2019a\u00e9roport de Berlin (BER) :<\/strong><\/p>\n<p>&nbsp;<\/p>\n<p class=\"whitespace-break-spaces\">Prendre l\u2019une des lignes suivantes jusqu\u2019\u00e0 la station <strong>Friedrichstra\u00dfe<\/strong> :<\/p>\n<p class=\"whitespace-break-spaces\">\u2013 FEX<\/p>\n<p class=\"whitespace-break-spaces\">\u2013 RE 8, RE 7, RE 2<\/p>\n<p class=\"whitespace-break-spaces\">\u2013 S3, S5, S7, S9<\/p>\n<p>&nbsp;<\/p>\n<p class=\"whitespace-break-spaces\">\u00c0 Friedrichstra\u00dfe, changer pour le m\u00e9tro (U6) en direction d\u2019<strong>Alt-Mariendorf<\/strong> jusqu\u2019\u00e0 la station <strong>Stadtmitte<\/strong>. Le Centre (Friedrichstra\u00dfe 191) se trouve directement \u00e0 la sortie du m\u00e9tro <strong>Stadtmitte<\/strong> (sortie Kronenstra\u00dfe\/Anton-Wilhelm-Amo-Stra\u00dfe).<\/p>\n<\/div>\n<\/div>\n<\/div>\n<\/div>\n<p>&nbsp;<\/p>\n<p>&nbsp;<\/p>\n            <\/div>\n              \n    <\/div>\n<\/section>","protected":false},"excerpt":{"rendered":"<p>View Larger Map<\/p>\n","protected":false},"author":2,"featured_media":0,"parent":0,"menu_order":0,"comment_status":"closed","ping_status":"closed","template":"page-modular.php","meta":{"_acf_changed":false,"footnotes":""},"class_list":["post-20750","page","type-page","status-publish","hentry"],"acf":[],"_links":{"self":[{"href":"https:\/\/cmb.hu-berlin.de\/fr\/wp-json\/wp\/v2\/pages\/20750","targetHints":{"allow":["GET"]}}],"collection":[{"href":"https:\/\/cmb.hu-berlin.de\/fr\/wp-json\/wp\/v2\/pages"}],"about":[{"href":"https:\/\/cmb.hu-berlin.de\/fr\/wp-json\/wp\/v2\/types\/page"}],"author":[{"embeddable":true,"href":"https:\/\/cmb.hu-berlin.de\/fr\/wp-json\/wp\/v2\/users\/2"}],"replies":[{"embeddable":true,"href":"https:\/\/cmb.hu-berlin.de\/fr\/wp-json\/wp\/v2\/comments?post=20750"}],"version-history":[{"count":6,"href":"https:\/\/cmb.hu-berlin.de\/fr\/wp-json\/wp\/v2\/pages\/20750\/revisions"}],"predecessor-version":[{"id":20781,"href":"https:\/\/cmb.hu-berlin.de\/fr\/wp-json\/wp\/v2\/pages\/20750\/revisions\/20781"}],"wp:attachment":[{"href":"https:\/\/cmb.hu-berlin.de\/fr\/wp-json\/wp\/v2\/media?parent=20750"}],"curies":[{"name":"wp","href":"https:\/\/api.w.org\/{rel}","templated":true}]}}