{"id":20841,"date":"2025-01-26T20:48:33","date_gmt":"2025-01-26T19:48:33","guid":{"rendered":"https:\/\/cmb.hu-berlin.de\/forschung\/karrierefoerderung\/"},"modified":"2026-02-23T15:14:56","modified_gmt":"2026-02-23T14:14:56","slug":"carriere","status":"publish","type":"page","link":"https:\/\/cmb.hu-berlin.de\/fr\/forschung\/carriere\/","title":{"rendered":"Financements et carri\u00e8re"},"content":{"rendered":"<section class=\"header-section\">\n    <h1 class=\"block-headline\">Financements et carri\u00e8re<\/h1>\n\n<\/section>\n\n\n\n<section class=\"one-box-text-section\">\n    \n    <div class=\"box-container cut\">\n                    <div class=\"text-box\">\n                <p>Le d\u00e9veloppement professionnel de ses chercheurs et doctorants est une pr\u00e9occupation centrale du CMB. Il soutient les parcours professionnels individuels de ses employ\u00e9s scientifiques gr\u00e2ce \u00e0 une formation doctorale diversifi\u00e9e et conseille et accompagne les chercheurs titulaires d&rsquo;un doctorat dans leur <b>d\u00e9veloppement professionnel<\/b>, en particulier pendant la phase postdoctorale.<\/p>\n<p>&nbsp;<\/p>\n<p>\u00c0 cette fin, le CMB propose r\u00e9guli\u00e8rement \u00e0 ses chercheurs des <b>r\u00e9unions d&rsquo;information collectives<\/b> sur les questions relatives au financement de la recherche et aux demandes de projets financ\u00e9s par des fonds tiers, ainsi que sur les possibilit\u00e9s de carri\u00e8re scientifique en Allemagne et en France.<\/p>\n<p>&nbsp;<\/p>\n<p>En outre, les collaborateurs du CMB peuvent b\u00e9n\u00e9ficier de <b>conseils individuels<\/b> en mati\u00e8re de <b>demandes de financement et de fonds tiers<\/b>, ainsi que de <b>conseils personnalis\u00e9s<\/b> et cibl\u00e9s en mati\u00e8re de <b>carri\u00e8re et d&rsquo;orientation professionnelle<\/b>.<\/p>\n            <\/div>\n              \n    <\/div>\n<\/section>\n\n<section class=\"subpage-links-repeater\">\n\t  \t<div class=\"custom-page-links-repeater-wrapper\">\n   \n\n\t\t\t   \n\t\t\t  \t\t\t  \n\n\t\t\t <a href=\"https:\/\/cmb.hu-berlin.de\/fr\/forschung\/carriere\/antragsberatung\/\" class=\"subpage-link\" >\n\t\t\t\t <img decoding=\"async\" src=\"https:\/\/cmb.hu-berlin.de\/wp-content\/themes\/cmb\/assets\/images\/arrow.svg\" alt=\"arrow\" class=\"arrow\">\n\t\t\t\t<h3 class=\"subpage-title\">Demandes de financements<\/h3>\n\t\t\t  <\/a><br\/>\n\t\t \n\t\t\t  \t\t\t  \n\n\t\t\t <a href=\"https:\/\/cmb.hu-berlin.de\/fr\/forschung\/carriere\/service-orientation-professionnelle\/\" class=\"subpage-link\" >\n\t\t\t\t <img decoding=\"async\" src=\"https:\/\/cmb.hu-berlin.de\/wp-content\/themes\/cmb\/assets\/images\/arrow.svg\" alt=\"arrow\" class=\"arrow\">\n\t\t\t\t<h3 class=\"subpage-title\">Orientation professionelle<\/h3>\n\t\t\t  <\/a><br\/>\n\t\t \n\t\t\t  \t\t\t  \n\n\t\t\t <a href=\"https:\/\/cmb.hu-berlin.de\/fr\/forschung\/carriere\/formation-doctorale\/\" class=\"subpage-link\" >\n\t\t\t\t <img decoding=\"async\" src=\"https:\/\/cmb.hu-berlin.de\/wp-content\/themes\/cmb\/assets\/images\/arrow.svg\" alt=\"arrow\" class=\"arrow\">\n\t\t\t\t<h3 class=\"subpage-title\">Formation doctorale<\/h3>\n\t\t\t  <\/a><br\/>\n\t\t \t\t\n\t <\/div>\n    <\/div>\n<\/section>\n\n\n<section class=\"one-box-text-section\">\n            <h3 class=\"section-headline\">Prochains \u00e9v\u00e8nements<\/h3>\n    \n    <div class=\"box-container full\">\n              \n    <\/div>\n<\/section>\n\n\n<section class=\"cmb-block cmb-block--events-list\">\n      <p class=\"events-list__empty\">No events found for this selection.<\/p>\n  <\/section>\n\n\n<div class=\"wp-block-buttons is-content-justification-center is-layout-flex wp-container-core-buttons-is-layout-16018d1d wp-block-buttons-is-layout-flex\">\n<div class=\"wp-block-button is-style-outline is-style-outline--1\"><a class=\"wp-block-button__link wp-element-button\">Programme SoSe 2026: D\u00e9veloppement professionnel au CMB<\/a><\/div>\n<\/div>\n\n\n<section class=\"people-repeater\">\n      <h3 class=\"section-headline\">Forschungsreferentin<\/h3>\n  \n  <div class=\"people-grid\">\n          \n        \n        <a href=\"https:\/\/cmb.hu-berlin.de\/fr\/people\/alix-winter\/\"\n           class=\"person-box person-box-link\"\n           data-person-gender=\"f\"\n           data-lang=\"fr\">\n\n          <div class=\"person-image-wrapper\">\n            <img decoding=\"async\" src=\"https:\/\/cmb.hu-berlin.de\/wp-content\/uploads\/2025\/04\/csm_Portraits_Alix_947Mai_11_2021_Sarah_Wiltschek_1_-_Kopie_89879de0d3.jpg\"\n                 alt=\"Alix Winter\"\n                 class=\"person-image\" \/>\n          <\/div>\n\n          <h4 class=\"person-name\">Alix Winter<\/h4>\n\n          <div class=\"person-meta\">\n                          <div class=\"person-position\">\n                <span class=\"genderize\">Forschungs- und Karrieref\u00f6rderung<\/span>, <span class=\"genderize\">Referentin f\u00fcr Kooperationen<\/span>              <\/div>\n            \n                      <\/div>\n\n        <\/a>\n\n            <\/div>\n<\/section>","protected":false},"excerpt":{"rendered":"","protected":false},"author":1,"featured_media":0,"parent":20035,"menu_order":0,"comment_status":"closed","ping_status":"closed","template":"page-modular.php","meta":{"_acf_changed":false,"footnotes":""},"class_list":["post-20841","page","type-page","status-publish","hentry"],"acf":[],"_links":{"self":[{"href":"https:\/\/cmb.hu-berlin.de\/fr\/wp-json\/wp\/v2\/pages\/20841","targetHints":{"allow":["GET"]}}],"collection":[{"href":"https:\/\/cmb.hu-berlin.de\/fr\/wp-json\/wp\/v2\/pages"}],"about":[{"href":"https:\/\/cmb.hu-berlin.de\/fr\/wp-json\/wp\/v2\/types\/page"}],"author":[{"embeddable":true,"href":"https:\/\/cmb.hu-berlin.de\/fr\/wp-json\/wp\/v2\/users\/1"}],"replies":[{"embeddable":true,"href":"https:\/\/cmb.hu-berlin.de\/fr\/wp-json\/wp\/v2\/comments?post=20841"}],"version-history":[{"count":6,"href":"https:\/\/cmb.hu-berlin.de\/fr\/wp-json\/wp\/v2\/pages\/20841\/revisions"}],"predecessor-version":[{"id":22796,"href":"https:\/\/cmb.hu-berlin.de\/fr\/wp-json\/wp\/v2\/pages\/20841\/revisions\/22796"}],"up":[{"embeddable":true,"href":"https:\/\/cmb.hu-berlin.de\/fr\/wp-json\/wp\/v2\/pages\/20035"}],"wp:attachment":[{"href":"https:\/\/cmb.hu-berlin.de\/fr\/wp-json\/wp\/v2\/media?parent=20841"}],"curies":[{"name":"wp","href":"https:\/\/api.w.org\/{rel}","templated":true}]}}