{"id":20922,"date":"2025-04-11T10:57:07","date_gmt":"2025-04-11T08:57:07","guid":{"rendered":"https:\/\/cmb.hu-berlin.de\/le-centre-marc-bloch\/instances\/koordinationsrat-des-an-instituts\/"},"modified":"2026-02-23T11:07:37","modified_gmt":"2026-02-23T10:07:37","slug":"comite-de-coordination-de-lan-institut","status":"publish","type":"page","link":"https:\/\/cmb.hu-berlin.de\/fr\/le-centre-marc-bloch\/instances\/comite-de-coordination-de-lan-institut\/","title":{"rendered":"Comit\u00e9 de coordination de l&rsquo;An-Institut"},"content":{"rendered":"<section class=\"header-section\">\n    <h1 class=\"block-headline\">Comit\u00e9 de coordination de l&#039;An-Institut<\/h1>\n\n<\/section>\n\n\n\n<section class=\"one-box-text-section\">\n    \n    <div class=\"box-container cut\">\n                    <div class=\"text-box\">\n                <p>Depuis mars 2011, le Centre Marc Bloch est reconnu par l\u2019Universit\u00e9 Humboldt de Berlin en tant qu\u2019<em>An-Institut<\/em>. Ce statut est partag\u00e9 par une s\u00e9rie d\u2019institutions sp\u00e9cialis\u00e9es dans la recherche et la formation continue et permet de nouer un partenariat privil\u00e9gi\u00e9 avec l\u2019Universit\u00e9 Humboldt. Quatre facult\u00e9s participent \u00e0 cette coop\u00e9ration p\u00e9renne : la facult\u00e9 de Droit, la facult\u00e9 de Philosophie, la facult\u00e9 de Linguistique et des Sciences litt\u00e9raires, ainsi que la facult\u00e9 des Sciences sociales, Sciences de la culture et Sciences de l&rsquo;\u00e9ducation.<\/p>\n<p>&nbsp;<\/p>\n<p>L\u2019obtention de ce statut t\u00e9moigne de l\u2019int\u00e9gration croissante du Centre Marc Bloch dans le paysage universitaire berlinois.<\/p>\n<p>&nbsp;<\/p>\n<p>La coop\u00e9ration scientifique est assur\u00e9e par un Conseil de coordination \u2013 pr\u00e9vu par le contrat de coop\u00e9ration \u2013 qui d\u00e9cide des aspects scientifiques, op\u00e9rationnels, financiers et l\u00e9gaux des relations de coop\u00e9ration. Le Conseil de coordination est constitu\u00e9 actuellement des doyen.ne.s des facult\u00e9s impliqu\u00e9es, de la direction du CMB ainsi que de deux membres externes. Actuellement le Conseil de coordination est pr\u00e9sid\u00e9 par<a href=\"https:\/\/www.sowi.hu-berlin.de\/de\/lehrbereiche\/osteuropa\/team\/silviavonsteinsdorff\" data-cke-saved-href=\"https:\/\/www.sowi.hu-berlin.de\/de\/lehrbereiche\/osteuropa\/team\/silviavonsteinsdorff\"> Prof. Dr. Silvia von Steinsdorff<\/a>, vice-doyenne pour la recherche et les affaires internationales \u00e0 la facult\u00e9 des sciences culturelles, \u00e9ducatives et sociales de l&rsquo;universit\u00e9 Humboldt.<\/p>\n<p>&nbsp;<\/p>\n<p>La liste des diff\u00e9rents <em>An-Institute<\/em> de l\u2019Universit\u00e9 Humboldt est disponible <a href=\"https:\/\/www.hu-berlin.de\/forschung-lehre\/kooperationen\/an-institute\">ici<\/a>.<\/p>\n            <\/div>\n              \n    <\/div>\n<\/section>","protected":false},"excerpt":{"rendered":"","protected":false},"author":1,"featured_media":0,"parent":17472,"menu_order":0,"comment_status":"closed","ping_status":"closed","template":"page-modular.php","meta":{"_acf_changed":false,"footnotes":""},"class_list":["post-20922","page","type-page","status-publish","hentry"],"acf":[],"_links":{"self":[{"href":"https:\/\/cmb.hu-berlin.de\/fr\/wp-json\/wp\/v2\/pages\/20922","targetHints":{"allow":["GET"]}}],"collection":[{"href":"https:\/\/cmb.hu-berlin.de\/fr\/wp-json\/wp\/v2\/pages"}],"about":[{"href":"https:\/\/cmb.hu-berlin.de\/fr\/wp-json\/wp\/v2\/types\/page"}],"author":[{"embeddable":true,"href":"https:\/\/cmb.hu-berlin.de\/fr\/wp-json\/wp\/v2\/users\/1"}],"replies":[{"embeddable":true,"href":"https:\/\/cmb.hu-berlin.de\/fr\/wp-json\/wp\/v2\/comments?post=20922"}],"version-history":[{"count":2,"href":"https:\/\/cmb.hu-berlin.de\/fr\/wp-json\/wp\/v2\/pages\/20922\/revisions"}],"predecessor-version":[{"id":22714,"href":"https:\/\/cmb.hu-berlin.de\/fr\/wp-json\/wp\/v2\/pages\/20922\/revisions\/22714"}],"up":[{"embeddable":true,"href":"https:\/\/cmb.hu-berlin.de\/fr\/wp-json\/wp\/v2\/pages\/17472"}],"wp:attachment":[{"href":"https:\/\/cmb.hu-berlin.de\/fr\/wp-json\/wp\/v2\/media?parent=20922"}],"curies":[{"name":"wp","href":"https:\/\/api.w.org\/{rel}","templated":true}]}}