{"id":20925,"date":"2025-04-11T10:58:01","date_gmt":"2025-04-11T08:58:01","guid":{"rendered":"https:\/\/cmb.hu-berlin.de\/le-centre-marc-bloch\/instances\/ethikkomitee\/"},"modified":"2026-02-23T11:06:38","modified_gmt":"2026-02-23T10:06:38","slug":"comite-de-deontologie","status":"publish","type":"page","link":"https:\/\/cmb.hu-berlin.de\/fr\/le-centre-marc-bloch\/instances\/comite-de-deontologie\/","title":{"rendered":"Comit\u00e9 de d\u00e9ontologie"},"content":{"rendered":"<section class=\"header-section\">\n    <h1 class=\"block-headline\">Comit\u00e9 de d\u00e9ontologie<\/h1>\n\n<\/section>\n\n\n\n<section class=\"one-box-text-section\">\n    \n    <div class=\"box-container cut\">\n                    <div class=\"text-box\">\n                <p>Au besoin, la direction convoque un comit\u00e9 de d\u00e9ontologie, au sein duquel si\u00e8gent en principe les responsables des p\u00f4les de recherche, les d\u00e9l\u00e9gu\u00e9.e.s \u00e0 l\u2019\u00e9galit\u00e9 et les membres de la direction. En outre, la direction peut nommer d&rsquo;autres chercheur.e.s ou doctorant.e.s au sein du comit\u00e9 de d\u00e9ontologie ou les inviter \u00e0 y participer.<\/p>\n            <\/div>\n              \n    <\/div>\n<\/section>\n\n\n<div class=\"wp-block-buttons is-content-justification-left is-layout-flex wp-container-core-buttons-is-layout-fdcfc74e wp-block-buttons-is-layout-flex\">\n<div class=\"wp-block-button has-custom-width wp-block-button__width-50 is-style-outline is-style-outline--1\"><a class=\"wp-block-button__link wp-element-button\" href=\"https:\/\/cmb.hu-berlin.de\/wp-content\/uploads\/2026\/02\/2023_Bonnes-pratiques-FR.pdf\">Charte des bonnes pratiques<\/a><\/div>\n\n\n\n\n\n<div class=\"wp-block-button has-custom-width wp-block-button__width-50 is-style-outline is-style-outline--3\"><a class=\"wp-block-button__link wp-element-button\" href=\"https:\/\/cmb.hu-berlin.de\/wp-content\/uploads\/2025\/11\/2018_Lignes-directrices-des-bonnes-pratiques-scientifiques-_FR.pdf\">Lignes directrices des bonnes pratiques scientifiques<\/a><\/div>\n<\/div>\n","protected":false},"excerpt":{"rendered":"","protected":false},"author":1,"featured_media":0,"parent":17472,"menu_order":0,"comment_status":"closed","ping_status":"closed","template":"page-modular.php","meta":{"_acf_changed":false,"footnotes":""},"class_list":["post-20925","page","type-page","status-publish","hentry"],"acf":[],"_links":{"self":[{"href":"https:\/\/cmb.hu-berlin.de\/fr\/wp-json\/wp\/v2\/pages\/20925","targetHints":{"allow":["GET"]}}],"collection":[{"href":"https:\/\/cmb.hu-berlin.de\/fr\/wp-json\/wp\/v2\/pages"}],"about":[{"href":"https:\/\/cmb.hu-berlin.de\/fr\/wp-json\/wp\/v2\/types\/page"}],"author":[{"embeddable":true,"href":"https:\/\/cmb.hu-berlin.de\/fr\/wp-json\/wp\/v2\/users\/1"}],"replies":[{"embeddable":true,"href":"https:\/\/cmb.hu-berlin.de\/fr\/wp-json\/wp\/v2\/comments?post=20925"}],"version-history":[{"count":5,"href":"https:\/\/cmb.hu-berlin.de\/fr\/wp-json\/wp\/v2\/pages\/20925\/revisions"}],"predecessor-version":[{"id":22713,"href":"https:\/\/cmb.hu-berlin.de\/fr\/wp-json\/wp\/v2\/pages\/20925\/revisions\/22713"}],"up":[{"embeddable":true,"href":"https:\/\/cmb.hu-berlin.de\/fr\/wp-json\/wp\/v2\/pages\/17472"}],"wp:attachment":[{"href":"https:\/\/cmb.hu-berlin.de\/fr\/wp-json\/wp\/v2\/media?parent=20925"}],"curies":[{"name":"wp","href":"https:\/\/api.w.org\/{rel}","templated":true}]}}