{"id":20935,"date":"2025-04-11T10:52:52","date_gmt":"2025-04-11T08:52:52","guid":{"rendered":"https:\/\/cmb.hu-berlin.de\/le-centre-marc-bloch\/instances\/institutsrat\/"},"modified":"2026-02-23T11:33:49","modified_gmt":"2026-02-23T10:33:49","slug":"le-conseil-de-laboratoire","status":"publish","type":"page","link":"https:\/\/cmb.hu-berlin.de\/fr\/le-centre-marc-bloch\/instances\/le-conseil-de-laboratoire\/","title":{"rendered":"Le Conseil de laboratoire"},"content":{"rendered":"<section class=\"header-section\">\n    <h1 class=\"block-headline\">Le Conseil de laboratoire<\/h1>\n\n<\/section>\n\n\n\n<section class=\"one-box-text-section\">\n    \n    <div class=\"box-container cut\">\n                    <div class=\"text-box\">\n                <p>Le Conseil de laboratoire a un r\u00f4le consultatif. Il est consult\u00e9 par le directeur\/la directrice sur :<\/p>\n<p>&nbsp;<\/p>\n<ul>\n<li>La politique scientifique du laboratoire<\/li>\n<li>Les demandes de financement<\/li>\n<li>La nomination de membres \u00e0 des fonctions particuli\u00e8res<\/li>\n<li>Le plan de formation du CMB<\/li>\n<\/ul>\n<p>&nbsp;<\/p>\n<p>R\u00e9uni au moins 5 fois par an, il est pr\u00e9sid\u00e9 par le directeur\/la directrice du CMB. Le Conseil est tenu inform\u00e9 par la direction du CMB de la politique des tutelles et de leurs incidences sur le d\u00e9veloppement du CMB ainsi que du rattachement des nouveaux membres. Le r\u00e8glement int\u00e9rieur du Centre Marc Bloch fixe avec pr\u00e9cision les <a href=\"https:\/\/cmb.hu-berlin.de\/wp-content\/uploads\/2025\/11\/2024_Informationsblatt-zum-Institutsrat.pdf\">modalit\u00e9s de fonctionnement du Conseil de laboratoire<\/a>.<\/p>\n<p>Les membres de droit du Conseil de laboratoire sont : le directeur\/la directrice, les directeurs\/directrices adjoint.e.s, le\/la secr\u00e9taire g\u00e9n\u00e9rale du CMB e.V., l\u2019administrateur\/l\u2019administratrice\u00a0de l\u2019UMIFRE d\u00e9tach\u00e9.e par le CNRS, le\/la d\u00e9l\u00e9gu\u00e9.e \u00e0 l\u2019\u00e9galit\u00e9 ainsi que le \/ la\u00a0r\u00e9f\u00e9rent.e du groupe de travail \u00ab Protection climatique. Sont repr\u00e9sent\u00e9.e.s au sein du Conseil de laboratoire les chercheur.e.s, les doctorant.e.s et le personnel administratif du Centre. Les membres nomm\u00e9s ou \u00e9lus du Conseil de laboratoire ont un mandat d\u2019un an, renouvelable.<\/p>\n            <\/div>\n              \n    <\/div>\n<\/section>\n\n\n<section class=\"two-box-text-section\">\n            <h3 class=\"section-headline\">Membres \u00e9lus<\/h3>\n    \n    <div class=\"box-container\">\n                    <div class=\"text-box\">\n                <h3><strong>Chercheur.e.s statutaires :<\/strong><\/h3>\n<p>&nbsp;<\/p>\n<p><a href=\"https:\/\/cmb.hu-berlin.de\/people\/susann-baller\/\">Susann Baller<\/a><\/p>\n<p><a href=\"https:\/\/cmb.hu-berlin.de\/people\/isabelle-guinaudeau\/\">Isabelle Guinaudeau<\/a><\/p>\n<p><a href=\"https:\/\/cmb.hu-berlin.de\/people\/18506\/\">Thibaut Menoux<\/a><\/p>\n<p><a href=\"https:\/\/cmb.hu-berlin.de\/people\/julie-sissia\/\">Julie Sissia<\/a><\/p>\n<p>&nbsp;<\/p>\n<h5>Suppl\u00e9ant.es<\/h5>\n<p><a href=\"https:\/\/cmb.hu-berlin.de\/people\/denis-laborde\/\">Denis Laborde<\/a><\/p>\n<p><a href=\"https:\/\/cmb.hu-berlin.de\/people\/nathalie-moine\/\">Nathalie Moine<\/a><\/p>\n<p>&nbsp;<\/p>\n<h3><strong>Chercheur.e.s associ\u00e9.e.s:<\/strong><\/h3>\n<p>&nbsp;<\/p>\n<p><a href=\"https:\/\/cmb.hu-berlin.de\/people\/yasmin-afshar\/\">Yasmin Afshar<\/a><\/p>\n<p><a href=\"https:\/\/cmb.hu-berlin.de\/people\/romain-tiquet\/\">Romain Tiquet<\/a><\/p>\n<p>&nbsp;<\/p>\n<h5>Suppl\u00e9ante<\/h5>\n<p><a href=\"https:\/\/cmb.hu-berlin.de\/people\/laure-piguet\/\">Laure Piguet<\/a><\/p>\n<p>&nbsp;<\/p>\n<h3><strong>Doctorant.e.s et doctorant.e.s associ\u00e9.e.s:<\/strong><\/h3>\n<p>&nbsp;<\/p>\n<p><a href=\"https:\/\/cmb.hu-berlin.de\/people\/johanna-marie-behr\/\">Johanna Behr<\/a><\/p>\n<p>Nelssy Kinzonzi<\/p>\n<p><a href=\"https:\/\/cmb.hu-berlin.de\/people\/shain-morisse\/\">Shain Morisse<\/a><\/p>\n<p><a href=\"https:\/\/cmb.hu-berlin.de\/people\/jonas-nickel\/\">Jonas Nickel<\/a><\/p>\n<p>&nbsp;<\/p>\n<h5>Suppl\u00e9ants<\/h5>\n<p><a href=\"https:\/\/cmb.hu-berlin.de\/people\/cannelle-gignoux\/\">Cannelle Gignoux<\/a><\/p>\n<p><a href=\"https:\/\/cmb.hu-berlin.de\/people\/marc-lozano\/\">Marc Lozano<\/a><\/p>\n            <\/div>\n                            <div class=\"text-box\">\n                <h3><strong>Administration<\/strong><\/h3>\n<p>&nbsp;<\/p>\n<p><a href=\"https:\/\/cmb.hu-berlin.de\/people\/philon-griesel\/\">Philon Griesel<\/a><\/p>\n<p>&nbsp;<\/p>\n<h5>Suppl\u00e9ante<\/h5>\n<p><a href=\"https:\/\/cmb.hu-berlin.de\/people\/alix-winter\/\">Alix Winter<\/a><\/p>\n<p>&nbsp;<\/p>\n<h3><strong>D\u00e9l\u00e9gu\u00e9.e.s \u00e0 l&rsquo;\u00e9galit\u00e9:<\/strong><\/h3>\n<p>&nbsp;<\/p>\n<p><a href=\"https:\/\/cmb.hu-berlin.de\/people\/nur-yasemin-ural\/\">Yasemin Nur Ural<\/a><\/p>\n<p><a href=\"https:\/\/cmb.hu-berlin.de\/people\/josephine-starke\/\">Josephine Starke<\/a><\/p>\n<p>&nbsp;<\/p>\n<h3><strong>R\u00e9f\u00e9rent.es Climat:<\/strong><\/h3>\n<p>&nbsp;<\/p>\n<p><a href=\"https:\/\/cmb.hu-berlin.de\/people\/benjamin-beuerle\/\">Benjamin Beuerle\u00a0<\/a><\/p>\n<p><a href=\"https:\/\/cmb.hu-berlin.de\/people\/lucile-debras\/\">Lucile Debras\u00a0<\/a><\/p>\n            <\/div>\n            <\/div>\n<\/section>\n\n\n<div class=\"wp-block-columns is-layout-flex wp-container-core-columns-is-layout-9d6595d7 wp-block-columns-is-layout-flex\">\n<div class=\"wp-block-column is-layout-flow wp-block-column-is-layout-flow\" style=\"flex-basis:100%\"><\/div>\n<\/div>\n\n\n\n<div class=\"wp-block-columns is-layout-flex wp-container-core-columns-is-layout-9d6595d7 wp-block-columns-is-layout-flex\">\n<div class=\"wp-block-column is-layout-flow wp-block-column-is-layout-flow\" style=\"flex-basis:100%\"><\/div>\n<\/div>\n","protected":false},"excerpt":{"rendered":"","protected":false},"author":1,"featured_media":0,"parent":17472,"menu_order":0,"comment_status":"closed","ping_status":"closed","template":"page-modular.php","meta":{"_acf_changed":false,"footnotes":""},"class_list":["post-20935","page","type-page","status-publish","hentry"],"acf":[],"_links":{"self":[{"href":"https:\/\/cmb.hu-berlin.de\/fr\/wp-json\/wp\/v2\/pages\/20935","targetHints":{"allow":["GET"]}}],"collection":[{"href":"https:\/\/cmb.hu-berlin.de\/fr\/wp-json\/wp\/v2\/pages"}],"about":[{"href":"https:\/\/cmb.hu-berlin.de\/fr\/wp-json\/wp\/v2\/types\/page"}],"author":[{"embeddable":true,"href":"https:\/\/cmb.hu-berlin.de\/fr\/wp-json\/wp\/v2\/users\/1"}],"replies":[{"embeddable":true,"href":"https:\/\/cmb.hu-berlin.de\/fr\/wp-json\/wp\/v2\/comments?post=20935"}],"version-history":[{"count":12,"href":"https:\/\/cmb.hu-berlin.de\/fr\/wp-json\/wp\/v2\/pages\/20935\/revisions"}],"predecessor-version":[{"id":22717,"href":"https:\/\/cmb.hu-berlin.de\/fr\/wp-json\/wp\/v2\/pages\/20935\/revisions\/22717"}],"up":[{"embeddable":true,"href":"https:\/\/cmb.hu-berlin.de\/fr\/wp-json\/wp\/v2\/pages\/17472"}],"wp:attachment":[{"href":"https:\/\/cmb.hu-berlin.de\/fr\/wp-json\/wp\/v2\/media?parent=20935"}],"curies":[{"name":"wp","href":"https:\/\/api.w.org\/{rel}","templated":true}]}}