{"id":20945,"date":"2025-04-11T10:47:20","date_gmt":"2025-04-11T08:47:20","guid":{"rendered":"https:\/\/cmb.hu-berlin.de\/le-centre-marc-bloch\/instances\/mitgliederversammlung\/"},"modified":"2026-02-23T09:42:02","modified_gmt":"2026-02-23T08:42:02","slug":"lassemblee-des-membres","status":"publish","type":"page","link":"https:\/\/cmb.hu-berlin.de\/fr\/le-centre-marc-bloch\/instances\/lassemblee-des-membres\/","title":{"rendered":"L&rsquo;Assembl\u00e9e des membres"},"content":{"rendered":"<section class=\"header-section\">\n    <h1 class=\"block-headline\">L&#039;Assembl\u00e9e des membres<\/h1>\n\n<\/section>\n\n\n\n<section class=\"one-box-text-section\">\n    \n    <div class=\"box-container cut\">\n                    <div class=\"text-box\">\n                <p>L\u2019Assembl\u00e9e des membres (au nombre de 7) prend les d\u00e9cisions relatives \u00e0 la r\u00e9alisation des buts de l\u2019Association et fixe les conditions g\u00e9n\u00e9rales du travail de l\u2019Association. Elle \u00e9lit en son sein un.e pr\u00e9sident.e, et ses d\u00e9cisions sont prises \u00e0 la majorit\u00e9 des deux tiers. Elle est comp\u00e9tente notamment pour se prononcer sur le budget provisoire; accepter le rapport d&rsquo;activit\u00e9; approuver les comptes certifi\u00e9s en fin d\u2019exercice et donner quitus au <em>Vorstand<\/em>; ou encore statuer sur les modifications des statuts.<\/p>\n<p>&nbsp;<\/p>\n<p>L&rsquo;Assembl\u00e9e des membres retient notamment \u00e0 la majorit\u00e9 des deux tiers les candidat.e.s aux postes de directeur\/directrice et de directeur\/directrice adjoint.e apr\u00e8s s\u00e9lection et classement du Conseil scientifique. Elle propose le\/la candidat.e retenu.e pour chacun des postes \u00e0 la validation conjointe du Minist\u00e8re f\u00e9d\u00e9ral de de la Recherche, la Technologie et de l&rsquo;Espace allemand (BMFTR) et du Minist\u00e8re de l\u2019Europe et des Affaires \u00e9trang\u00e8res fran\u00e7ais (MEAE). Cette validation fait l\u2019objet d\u2019une nomination, selon le cas, par le BMBF ou par le MEAE.<\/p>\n            <\/div>\n              \n    <\/div>\n<\/section>\n\n\n<section class=\"two-box-text-section\">\n            <h3 class=\"section-headline\">Membres fondateurs de l&#039;association<\/h3>\n    \n    <div class=\"box-container\">\n                    <div class=\"text-box\">\n                <p>Les sept membres fondateurs de l\u2019Association sont :<\/p>\n<p>&nbsp;<\/p>\n<p><strong>du c\u00f4t\u00e9 allemand<\/strong><\/p>\n<ul>\n<li>la R\u00e9publique f\u00e9d\u00e9rale d\u2019Allemagne, repr\u00e9sent\u00e9e par le Minist\u00e8re f\u00e9d\u00e9ral de la Recherche, la Technologie et de l&rsquo;Espace (BMFTR)<\/li>\n<li>le Land de Berlin, repr\u00e9sent\u00e9e par un\/e repr\u00e9sentant\/e de l&rsquo;administration du S\u00e9nat en charge de la recherche<\/li>\n<li>le Wissenschaftskolleg zu Berlin \u2013 Institute for Advanced Study<\/li>\n<\/ul>\n<p>&nbsp;<\/p>\n<p><strong>du c\u00f4t\u00e9 fran\u00e7ais<\/strong><\/p>\n<ul>\n<li>la R\u00e9publique fran\u00e7aise, repr\u00e9sent\u00e9e en commun par le Minist\u00e8re de l&rsquo;Europe et des Affaires \u00e9trang\u00e8res (MEAE) et par le Minist\u00e8re de l\u2019Enseignement sup\u00e9rieur et de la Recherche et de l&rsquo;espace (MESRE)<\/li>\n<li>le Centre national de la recherche scientifique (CNRS)<\/li>\n<li>l\u2019\u00c9cole des Hautes \u00c9tudes en Sciences Sociales (EHESS)<\/li>\n<\/ul>\n<p>&nbsp;<\/p>\n<p>et l\u2019Universit\u00e9 franco-allemande (UFA).<\/p>\n            <\/div>\n                    <\/div>\n<\/section>","protected":false},"excerpt":{"rendered":"","protected":false},"author":1,"featured_media":0,"parent":17472,"menu_order":0,"comment_status":"closed","ping_status":"closed","template":"page-modular.php","meta":{"_acf_changed":false,"footnotes":""},"class_list":["post-20945","page","type-page","status-publish","hentry"],"acf":[],"_links":{"self":[{"href":"https:\/\/cmb.hu-berlin.de\/fr\/wp-json\/wp\/v2\/pages\/20945","targetHints":{"allow":["GET"]}}],"collection":[{"href":"https:\/\/cmb.hu-berlin.de\/fr\/wp-json\/wp\/v2\/pages"}],"about":[{"href":"https:\/\/cmb.hu-berlin.de\/fr\/wp-json\/wp\/v2\/types\/page"}],"author":[{"embeddable":true,"href":"https:\/\/cmb.hu-berlin.de\/fr\/wp-json\/wp\/v2\/users\/1"}],"replies":[{"embeddable":true,"href":"https:\/\/cmb.hu-berlin.de\/fr\/wp-json\/wp\/v2\/comments?post=20945"}],"version-history":[{"count":3,"href":"https:\/\/cmb.hu-berlin.de\/fr\/wp-json\/wp\/v2\/pages\/20945\/revisions"}],"predecessor-version":[{"id":22682,"href":"https:\/\/cmb.hu-berlin.de\/fr\/wp-json\/wp\/v2\/pages\/20945\/revisions\/22682"}],"up":[{"embeddable":true,"href":"https:\/\/cmb.hu-berlin.de\/fr\/wp-json\/wp\/v2\/pages\/17472"}],"wp:attachment":[{"href":"https:\/\/cmb.hu-berlin.de\/fr\/wp-json\/wp\/v2\/media?parent=20945"}],"curies":[{"name":"wp","href":"https:\/\/api.w.org\/{rel}","templated":true}]}}