{"id":21068,"date":"2025-04-11T10:50:38","date_gmt":"2025-04-11T08:50:38","guid":{"rendered":"https:\/\/cmb.hu-berlin.de\/le-centre-marc-bloch\/instances\/vorstand-directoire\/"},"modified":"2026-02-23T09:50:55","modified_gmt":"2026-02-23T08:50:55","slug":"vorstand-directoire","status":"publish","type":"page","link":"https:\/\/cmb.hu-berlin.de\/fr\/le-centre-marc-bloch\/instances\/vorstand-directoire\/","title":{"rendered":"Vorstand (directoire)"},"content":{"rendered":"<section class=\"header-section\">\n    <h1 class=\"block-headline\">Vorstand (directoire)<\/h1>\n\n<\/section>\n\n\n\n<section class=\"one-box-text-section\">\n    \n    <div class=\"box-container cut\">\n                    <div class=\"text-box\">\n                <p>Le Vorstand (directoire) est l&rsquo;instance ex\u00e9cutive du Verein sous l&rsquo;autorit\u00e9 de l&rsquo;Assembl\u00e9e des membres. Le Vorstand est compos\u00e9 du directeur\/de la directrice et des deux directeurs\/directrices adjoint.e.s, il poss\u00e8de un mandat de deux ann\u00e9es, qui peut \u00eatre renouvel\u00e9 pour deux ans. Les membres de la direction sont nomm\u00e9s par le MEAE et\/ou par le BMFTR sur proposition de l&rsquo;Assembl\u00e9e des membres et apr\u00e8s audition et classement des candidat.e.s par le Conseil scientifique. Les membres de la direction sont salari\u00e9.e.s de leurs tutelles respectives. Le Conseil scientifique et l&rsquo;Assembl\u00e9e des membres s&rsquo;attachent \u00e0 mettre en \u0153uvre une direction \u00ab fran\u00e7aise \u00bb et \u00ab allemande \u00bb altern\u00e9e.<\/p>\n            <\/div>\n              \n    <\/div>\n<\/section>\n\n<section class=\"people-repeater\">\n  \n  <div class=\"people-grid\">\n          \n        \n        <a href=\"https:\/\/cmb.hu-berlin.de\/fr\/people\/17704\/\"\n           class=\"person-box person-box-link\"\n           data-person-gender=\"m\"\n           data-lang=\"fr\">\n\n          <div class=\"person-image-wrapper\">\n            <img decoding=\"async\" src=\"https:\/\/cmb.hu-berlin.de\/wp-content\/uploads\/2025\/04\/IMG_5251-683x1024.jpg\"\n                 alt=\"Jay Rowel\"\n                 class=\"person-image\" \/>\n          <\/div>\n\n          <h4 class=\"person-name\">Jay Rowel<\/h4>\n\n          <div class=\"person-meta\">\n                          <div class=\"person-position\">\n                <span class=\"genderize\">Direktor<\/span>              <\/div>\n            \n                      <\/div>\n\n        <\/a>\n\n      \n        \n        <a href=\"https:\/\/cmb.hu-berlin.de\/fr\/people\/18877\/\"\n           class=\"person-box person-box-link\"\n           data-person-gender=\"m\"\n           data-lang=\"fr\">\n\n          <div class=\"person-image-wrapper\">\n            <img decoding=\"async\" src=\"https:\/\/cmb.hu-berlin.de\/wp-content\/uploads\/2025\/04\/PortraitFabien_CentreMarcBloch-683x1024.jpg\"\n                 alt=\"\"\n                 class=\"person-image\" \/>\n          <\/div>\n\n          <h4 class=\"person-name\"><\/h4>\n\n          <div class=\"person-meta\">\n                          <div class=\"person-position\">\n                <span class=\"genderize\">Stellvertretender Direktor<\/span>              <\/div>\n            \n                      <\/div>\n\n        <\/a>\n\n      \n              <\/div>\n<\/section>\n\n\n<p><\/p>\n","protected":false},"excerpt":{"rendered":"","protected":false},"author":1,"featured_media":0,"parent":17472,"menu_order":0,"comment_status":"closed","ping_status":"closed","template":"page-modular.php","meta":{"_acf_changed":false,"footnotes":""},"class_list":["post-21068","page","type-page","status-publish","hentry"],"acf":[],"_links":{"self":[{"href":"https:\/\/cmb.hu-berlin.de\/fr\/wp-json\/wp\/v2\/pages\/21068","targetHints":{"allow":["GET"]}}],"collection":[{"href":"https:\/\/cmb.hu-berlin.de\/fr\/wp-json\/wp\/v2\/pages"}],"about":[{"href":"https:\/\/cmb.hu-berlin.de\/fr\/wp-json\/wp\/v2\/types\/page"}],"author":[{"embeddable":true,"href":"https:\/\/cmb.hu-berlin.de\/fr\/wp-json\/wp\/v2\/users\/1"}],"replies":[{"embeddable":true,"href":"https:\/\/cmb.hu-berlin.de\/fr\/wp-json\/wp\/v2\/comments?post=21068"}],"version-history":[{"count":2,"href":"https:\/\/cmb.hu-berlin.de\/fr\/wp-json\/wp\/v2\/pages\/21068\/revisions"}],"predecessor-version":[{"id":22686,"href":"https:\/\/cmb.hu-berlin.de\/fr\/wp-json\/wp\/v2\/pages\/21068\/revisions\/22686"}],"up":[{"embeddable":true,"href":"https:\/\/cmb.hu-berlin.de\/fr\/wp-json\/wp\/v2\/pages\/17472"}],"wp:attachment":[{"href":"https:\/\/cmb.hu-berlin.de\/fr\/wp-json\/wp\/v2\/media?parent=21068"}],"curies":[{"name":"wp","href":"https:\/\/api.w.org\/{rel}","templated":true}]}}