{"id":21247,"date":"2025-03-17T11:02:43","date_gmt":"2025-03-17T10:02:43","guid":{"rendered":"https:\/\/cmb.hu-berlin.de\/forschung\/carriere\/angebote-fuer-promovierende\/"},"modified":"2026-02-23T15:31:42","modified_gmt":"2026-02-23T14:31:42","slug":"formation-doctorale","status":"publish","type":"page","link":"https:\/\/cmb.hu-berlin.de\/fr\/forschung\/carriere\/formation-doctorale\/","title":{"rendered":"Formation doctorale"},"content":{"rendered":"<section class=\"header-section\">\n    <h1 class=\"block-headline\">Formation doctorale<\/h1>\n\n<\/section>\n\n\n\t<section class=\"subheadline_section\">\n\t    <h2 class=\"block-subheadline\">Les six outils de la formation doctorale au Centre Marc Bloch<\/h2>\n\t<\/section>\n\n\n\n<section class=\"one-box-text-section\">\n    \n    <div class=\"box-container full\">\n                    <div class=\"text-box\">\n                <h3>Tutorat<\/h3>\n<p>Les doctorant.es b\u00e9n\u00e9ficient au cours de leur s\u00e9jour au Centre Marc Bloch de la pr\u00e9sence d\u2019un.e tuteur\/tutrice. Le tutorat est un accompagnement dans l&rsquo;apprentissage du m\u00e9tier de la recherche, le tuteur ou la tutrice \u00e9tant un interlocuteur qui ne se substitue pas au directeur ou \u00e0 la directrice de th\u00e8se. L&rsquo;engagement r\u00e9ciproque que constitue le tutorat est formalis\u00e9 par la signature conjointe d\u2019une \u00ab Charte du tutorat \u00bb.<\/p>\n<p>&nbsp;<\/p>\n<h3>Formation \u00e0 la recherche<\/h3>\n<p>Les doctorant.es ont acc\u00e8s \u00e0 un grand nombre de s\u00e9minaires au cours desquels ils participent \u00e0 des \u00e9changes intensifs sur les th\u00e9ories, les m\u00e9thodes et les pratiques de la recherche en sciences humaines et sociales. Outre le \u00ab s\u00e9minaire central \u00bb qui a lieu chaque deuxi\u00e8me lundi du semestre, les groupes de travail du CMB organisent \u00e9galement de nombreuses manifestations. Des s\u00e9minaires m\u00e9thodologiques et la \u00ab Journ\u00e9e des doctorants \u00bb compl\u00e8tent la formation. En outre, les doctorant.es du Centre ont acc\u00e8s \u00e0 de nombreuses manifestations pertinentes des universit\u00e9s berlinoises. A la fin de son s\u00e9jour, le\/la doctorant.e peut se faire d\u00e9livrer par le CMB une attestation de ses activit\u00e9s dans le cadre de la formation.<\/p>\n<p>&nbsp;<\/p>\n<h3>Qualification professionnelle<\/h3>\n<p>Le CMB organise r\u00e9guli\u00e8rement des ateliers visant \u00e0 fournir des qualifications cl\u00e9s pour des domaines professionnels autres que les sciences. Ces \u00e9v\u00e9nements s&rsquo;appuient notamment sur l&rsquo;exp\u00e9rience d&rsquo;anciens membres du Centre et sur l&rsquo;expertise d&rsquo;organisations partenaires reconnues dans le domaine des qualifications professionnelles pour les chercheurs et chercheuses en sciences humaines et sociales.<\/p>\n<p>&nbsp;<\/p>\n<h3>L&rsquo;organisation de manifestations<\/h3>\n<p>Les doctorant.es sont invit\u00e9.es \u00e0 participer \u00e0 l\u2019organisation du s\u00e9minaire du p\u00f4le de recherche auquel ils et elles sont rattach\u00e9.es. Ils et elles ont \u00e9galement la possibilit\u00e9 d\u2019organiser des manifestations scientifiques sur leurs th\u00e8mes de recherche, ainsi qu\u2019une manifestation scientifique interdisciplinaire d\u2019envergure gr\u00e2ce au programme \u00ab Junges Forum \u00bb. Les coop\u00e9rations franco\u00ad-allemandes, l\u2019intensification des coop\u00e9rations avec des institutions berlinoises, fran\u00e7aises et allemandes, les \u00e9changes entre doctorant.e.s ainsi que le dialogue interdisciplinaire sont encourag\u00e9s.<\/p>\n<p>&nbsp;<\/p>\n<h3>lmplication dans la vie institutionnelle<\/h3>\n<p>Le Centre encourage l&rsquo;engagement des doctorant.es dans la vie de l&rsquo;institution : Elles et ils \u00e9lisent des repr\u00e9sentant.es des doctorant.es qui participent au Conseil de laboratoire ainsi qu\u2019aux commissions de recrutement et d&rsquo;attribution des bourses et elles et ils participent \u00e0 l\u2019animation des s\u00e9minaires de recherche ou \u00e0 l\u2019organisation de manifestations scientifiques et d&rsquo;\u00e9v\u00e9nements culturels.<\/p>\n<p>&nbsp;<\/p>\n<h3>Financement<\/h3>\n<p>Le Centre Marc Bloch finance des contrats doctoraux de longue dur\u00e9e, il propose \u00e9galement des bourses de fin de th\u00e8se. Il s\u2019emploie \u00e0 developper des financements doctoraux sur projet et soutient par ailleurs le montage de dossiers scientifiques ainsi que les demandes de financement des doctorant.e.s aupr\u00e8s d&rsquo;institutions tierces, fran\u00e7aises ou allemandes.<\/p>\n            <\/div>\n              \n    <\/div>\n<\/section>\n\n<section class=\"subpage-links-repeater\">\n\t          <h3 class=\"section-headline\">Options de participation<\/h3>\n    \t<div class=\"custom-page-links-repeater-wrapper\">\n   \n\n\t\t\t   \n\t\t\t  \t\t\t  \n\n\t\t\t <a href=\"https:\/\/cmb.hu-berlin.de\/fr\/forschung\/carriere\/formation-doctorale\/seminaire-doctoral\/\" class=\"subpage-link\" >\n\t\t\t\t <img decoding=\"async\" src=\"https:\/\/cmb.hu-berlin.de\/wp-content\/themes\/cmb\/assets\/images\/arrow.svg\" alt=\"arrow\" class=\"arrow\">\n\t\t\t\t<h3 class=\"subpage-title\">S\u00e9minaire doctoral<\/h3>\n\t\t\t  <\/a><br\/>\n\t\t \n\t\t\t  \t\t\t  \n\n\t\t\t <a href=\"https:\/\/cmb.hu-berlin.de\/fr\/forschung\/carriere\/formation-doctorale\/marc-bloch-forum\/\" class=\"subpage-link\" >\n\t\t\t\t <img decoding=\"async\" src=\"https:\/\/cmb.hu-berlin.de\/wp-content\/themes\/cmb\/assets\/images\/arrow.svg\" alt=\"arrow\" class=\"arrow\">\n\t\t\t\t<h3 class=\"subpage-title\">Marc Bloch Forum<\/h3>\n\t\t\t  <\/a><br\/>\n\t\t \n\t\t\t  \t\t\t  \n\n\t\t\t <a href=\"https:\/\/cmb.hu-berlin.de\/fr\/forschung\/carriere\/formation-doctorale\/18969-2\/\" class=\"subpage-link\" >\n\t\t\t\t <img decoding=\"async\" src=\"https:\/\/cmb.hu-berlin.de\/wp-content\/themes\/cmb\/assets\/images\/arrow.svg\" alt=\"arrow\" class=\"arrow\">\n\t\t\t\t<h3 class=\"subpage-title\">Enseignement : S\u00e9minaires Marc Bloch<\/h3>\n\t\t\t  <\/a><br\/>\n\t\t \n\t\t\t  \t\t\t  \n\n\t\t\t <a href=\"https:\/\/cmb.hu-berlin.de\/fr\/evenements\/deutsch-franzoesisches-kolloquium\/\" class=\"subpage-link\" >\n\t\t\t\t <img decoding=\"async\" src=\"https:\/\/cmb.hu-berlin.de\/wp-content\/themes\/cmb\/assets\/images\/arrow.svg\" alt=\"arrow\" class=\"arrow\">\n\t\t\t\t<h3 class=\"subpage-title\">Colloque franco-allemand<\/h3>\n\t\t\t  <\/a><br\/>\n\t\t \t\t\n\t <\/div>\n    <\/div>\n<\/section>\n\n\n<section class=\"two-box-text-section\">\n    \n    <div class=\"box-container\">\n                    <\/div>\n<\/section>","protected":false},"excerpt":{"rendered":"","protected":false},"author":1,"featured_media":0,"parent":20841,"menu_order":0,"comment_status":"closed","ping_status":"closed","template":"page-modular.php","meta":{"_acf_changed":false,"footnotes":""},"class_list":["post-21247","page","type-page","status-publish","hentry"],"acf":[],"_links":{"self":[{"href":"https:\/\/cmb.hu-berlin.de\/fr\/wp-json\/wp\/v2\/pages\/21247","targetHints":{"allow":["GET"]}}],"collection":[{"href":"https:\/\/cmb.hu-berlin.de\/fr\/wp-json\/wp\/v2\/pages"}],"about":[{"href":"https:\/\/cmb.hu-berlin.de\/fr\/wp-json\/wp\/v2\/types\/page"}],"author":[{"embeddable":true,"href":"https:\/\/cmb.hu-berlin.de\/fr\/wp-json\/wp\/v2\/users\/1"}],"replies":[{"embeddable":true,"href":"https:\/\/cmb.hu-berlin.de\/fr\/wp-json\/wp\/v2\/comments?post=21247"}],"version-history":[{"count":5,"href":"https:\/\/cmb.hu-berlin.de\/fr\/wp-json\/wp\/v2\/pages\/21247\/revisions"}],"predecessor-version":[{"id":22807,"href":"https:\/\/cmb.hu-berlin.de\/fr\/wp-json\/wp\/v2\/pages\/21247\/revisions\/22807"}],"up":[{"embeddable":true,"href":"https:\/\/cmb.hu-berlin.de\/fr\/wp-json\/wp\/v2\/pages\/20841"}],"wp:attachment":[{"href":"https:\/\/cmb.hu-berlin.de\/fr\/wp-json\/wp\/v2\/media?parent=21247"}],"curies":[{"name":"wp","href":"https:\/\/api.w.org\/{rel}","templated":true}]}}