{"id":21252,"date":"2025-08-11T14:55:46","date_gmt":"2025-08-11T12:55:46","guid":{"rendered":"https:\/\/cmb.hu-berlin.de\/forschung\/carriere\/formation-doctorale\/marc-bloch-forum\/"},"modified":"2026-02-23T15:54:51","modified_gmt":"2026-02-23T14:54:51","slug":"marc-bloch-forum","status":"publish","type":"page","link":"https:\/\/cmb.hu-berlin.de\/fr\/forschung\/carriere\/formation-doctorale\/marc-bloch-forum\/","title":{"rendered":"Forum Marc Bloch"},"content":{"rendered":"<section class=\"header-section\">\n    <h1 class=\"block-headline\">Forum Marc Bloch<\/h1>\n\n<\/section>\n\n\n\n<section class=\"one-box-text-section\">\n    \n    <div class=\"box-container full\">\n                    <div class=\"text-box\">\n                <p>Ce programme permet aux doctorant(e)s et aux jeunes docteurs d\u2019organiser et de cofinancer des manifestations scientifiques (ateliers, journ\u00e9es d\u2019\u00e9tude, colloques) dans le cadre des axes de recherche du CMB. Priorit\u00e9 est donn\u00e9e aux coop\u00e9rations avec des institutions berlinoises, allemandes et fran\u00e7aises et aux coop\u00e9rations franco-allemandes ainsi qu\u2019\u00e0 l\u2019\u00e9change entre les disciplines.<\/p>\n<p>&nbsp;<\/p>\n<p>Contact: denoyer [at] cmb.hu-berlin.de<\/p>\n<p>&nbsp;<\/p>\n            <\/div>\n              \n    <\/div>\n<\/section>\n\n\n<section class=\"one-box-text-section\">\n            <h3 class=\"section-headline\">Colloques pass\u00e9s<\/h3>\n    \n    <div class=\"box-container cut\">\n                    <div class=\"text-box\">\n                <p>22-23 avril 2024 \u00ab\u00a0Franchir les fronti\u00e8res : Recherche sur la mobilit\u00e9 transnationale des personnes, des id\u00e9es et des objets en Europea\u00a0\u00bb &#8211; Organisation: S\u00e9gol\u00e8ne Bulot, Cedric J\u00fcrgensen, Alicia Vogt und Coline Rousteau. Cooperation avec Frankreichzentrum der Universit\u00e4t Leipzig.<\/p>\n<p>&nbsp;<\/p>\n<p>15. -16. mai 2023 \u00ab\u00a0<a href=\"https:\/\/cmb.hu-berlin.de\/kalender\/termin\/elise-huchet-forum-marc-bloch-politiques-de-la-traduction\" data-cke-saved-href=\"https:\/\/cmb.hu-berlin.de\/kalender\/termin\/elise-huchet-forum-marc-bloch-politiques-de-la-traduction\">Politiques de la traduction<\/a>\u00a0\u00bb &#8211;\u00a0Alessandro Colleoni (Centre de recherches sur les arts et la langage, EHESS \u2013 CMB), Elise Huchet (Laboratoire du changement social et politique, Universite Paris-Cite \u2013 CMB), Silvia Pieroni (Dipartimento di filosofia e comunicazione, Universita di Bologna), Lilja Walliser (Institut f\u00fcr Philosophie, Freie Universit\u00e4t Berlin)<\/p>\n<p>&nbsp;<\/p>\n<p>12. \u2013 14.10.2022 \u00ab\u00a0<a href=\"https:\/\/cmb.hu-berlin.de\/fr\/agenda\/evenement\/junges-forum-2022-das-imaginaere-in-krisenzeiten\" data-cke-saved-href=\"https:\/\/cmb.hu-berlin.de\/fr\/agenda\/evenement\/junges-forum-2022-das-imaginaere-in-krisenzeiten\">L&rsquo;imaginaire en temps de crise<\/a><strong>\u00a0\u00bb &#8211;\u00a0<\/strong>Colloque international r\u00e9unissant sciences sociales, culturelles et m\u00e9diatiques; Avec des contributions de 13 jeunes chercheurs en allemand, fran\u00e7ais et anglais; Table ronde en coop\u00e9ration avec le projet de recherche \u00ab MultipleCrises: Covid-19 and the Entanglements of Public Health, Security and Ecology in Europe \u00bb (CMB), financ\u00e9 par le BMBF; Organisation: Katrin Herms, J\u00e9r\u00e9mie Th\u00e9rond, Fr\u00e9d\u00e9ric Guillaume Gass-Quintero<\/p>\n<p>&nbsp;<\/p>\n<p>09. \u2013 11. juin 2021 \u00ab\u00a0Masse et individu dans la modernit\u00e9 capitaliste\u00a0\u00bb. Organisateurs :\u00a0Yasmin Afshar (Humboldt-Universit\u00e4t zu Berlin \/Centre Marc Bloch),\u00a0Nicolas Lema (Universit\u00e9 Paris 1 Panth\u00e9on-Sorbonne),\u00a0Sara Minelli (Christian-Albrechts-Universit\u00e4t zu Kiel\/Centre Marc Bloch),\u00a0Ernesto Ruiz-Eldredge (Goethe-Universit\u00e4t Frankfurt\/Universit\u00e9 de Poitiers)<\/p>\n<p>&nbsp;<\/p>\n<p>14 et 15 septembre 2020 \u00ab\u00a0Thinking about violence in Africa through women\u2019s experiences: vulnerability &amp; subversion\u00a0\u00bb. Organisateurs : Isabell Schr\u00f6der (IAAW \/ HU) et J\u00e9r\u00e9mie Th\u00e9rond ( CMB \/ EHESS \/ JWGU )<\/p>\n<p>&nbsp;<\/p>\n<p>2-3 mai 2019 \u00a0\u00bb Wie wirkm\u00e4chtig sind Erz\u00e4hlungen? Zum Verh\u00e4ltnis von Narration und Macht \u00ab\u00a0. Organisateurs : Antonino Sorci et Eva S. Wagner<\/p>\n<p>&nbsp;<\/p>\n<p>16-18 janvier 2019 \u00ab\u00a0Politique de la Non-identit\u00e9\u00a0\u00bb. Organisateurs : Salima Na\u00eft Ahmed, CMB\/UPJV, Amiens, Frank M\u00fcller, FU Berlin\/CMB, Eliette Pinel, Ecole Polytechnique\/CMB<\/p>\n<p>&nbsp;<\/p>\n<p>10 et 11 juillet 2018 \u00ab\u00a0Jenseits der disziplin\u00e4ren Grenzen. Praktiken der historischen Sozialwissenschaften in Frankreich und Deutschland\u00a0\u00bb. Organisateurs : Claire Tomasella (CMB).<\/p>\n<p>&nbsp;<\/p>\n<p>19 et 20 octobre 2017 \u00a0\u00bb Rasse und Recht: franz\u00f6sische und deutsche Querschnittsperspektiven\u00a0\u00bb. Organisateurs : Leander Beinlich (Max Planck Institute for Comparative Public Law and International Law), Robin Caballero (Humboldt-Universit\u00e4t zu Berlin\/Paris 1 Panth\u00e9on-Sorbonne), Alexandra Laffitte (Paris-Sud University \u2013 Paris 11), Laurence Meyer (Paris 1 Panth\u00e9on-Sorbonne\/Centre Marc Bloch Berlin) and Milan Tahraoui (Max Planck Institute for Comparative Public Law and International Law\/Paris 1 Panth\u00e9on-Sorbonne).<\/p>\n<p>&nbsp;<\/p>\n<p>9 juin 2016 \u201e<em>Thick Comparison<\/em> in der Gewaltforschung? Zu M\u00f6glichkeiten und Grenzen eines Vergleichs von Gewaltsituationen\u201c. Organisateurs: Katharina Schmitten, CMB et Janis Nalbadidacis, HU Berlin.<\/p>\n<p>&nbsp;<\/p>\n<p>1er et 2 octobre 2015\u00a0 \u201eMigrations et fronti\u00e8res : La construction de fronti\u00e8res par des pratiques administratives et sociales (des ann\u00e9es 1880 \u00e0 nos jours)\u201c. Organisateurs : Irina M\u00fctzelburg, Christina Reimann und Gesine Wallem (CMB).<\/p>\n<p>&nbsp;<\/p>\n<p>12 et 13 mars 2015\u00a0 \u201eLes pratiques de subjectivation entre <em>Bildung<\/em> et travail\u201c. Organisateurs : Julien Acquatella, CMB, Cornelia Schendzielorz, CMB, et Lisa-Maria Schmidt, Alice-Salomon-Hochschule Berlin<\/p>\n            <\/div>\n              \n    <\/div>\n<\/section>","protected":false},"excerpt":{"rendered":"","protected":false},"author":2,"featured_media":0,"parent":21247,"menu_order":0,"comment_status":"closed","ping_status":"closed","template":"page-modular.php","meta":{"_acf_changed":false,"footnotes":""},"class_list":["post-21252","page","type-page","status-publish","hentry"],"acf":[],"_links":{"self":[{"href":"https:\/\/cmb.hu-berlin.de\/fr\/wp-json\/wp\/v2\/pages\/21252","targetHints":{"allow":["GET"]}}],"collection":[{"href":"https:\/\/cmb.hu-berlin.de\/fr\/wp-json\/wp\/v2\/pages"}],"about":[{"href":"https:\/\/cmb.hu-berlin.de\/fr\/wp-json\/wp\/v2\/types\/page"}],"author":[{"embeddable":true,"href":"https:\/\/cmb.hu-berlin.de\/fr\/wp-json\/wp\/v2\/users\/2"}],"replies":[{"embeddable":true,"href":"https:\/\/cmb.hu-berlin.de\/fr\/wp-json\/wp\/v2\/comments?post=21252"}],"version-history":[{"count":5,"href":"https:\/\/cmb.hu-berlin.de\/fr\/wp-json\/wp\/v2\/pages\/21252\/revisions"}],"predecessor-version":[{"id":22826,"href":"https:\/\/cmb.hu-berlin.de\/fr\/wp-json\/wp\/v2\/pages\/21252\/revisions\/22826"}],"up":[{"embeddable":true,"href":"https:\/\/cmb.hu-berlin.de\/fr\/wp-json\/wp\/v2\/pages\/21247"}],"wp:attachment":[{"href":"https:\/\/cmb.hu-berlin.de\/fr\/wp-json\/wp\/v2\/media?parent=21252"}],"curies":[{"name":"wp","href":"https:\/\/api.w.org\/{rel}","templated":true}]}}