{"id":21256,"date":"2025-03-17T11:00:45","date_gmt":"2025-03-17T10:00:45","guid":{"rendered":"https:\/\/cmb.hu-berlin.de\/forschung\/carriere\/antragsberatung\/"},"modified":"2026-02-23T15:20:10","modified_gmt":"2026-02-23T14:20:10","slug":"antragsberatung","status":"publish","type":"page","link":"https:\/\/cmb.hu-berlin.de\/fr\/forschung\/carriere\/antragsberatung\/","title":{"rendered":"Demandes de financements"},"content":{"rendered":"<section class=\"header-section\">\n    <h1 class=\"block-headline\">Demandes de financements<\/h1>\n\n<\/section>\n\n\n\n<section class=\"one-box-text-section\">\n    \n    <div class=\"box-container cut\">\n                    <div class=\"text-box\">\n                <p>L&rsquo;une des possibilit\u00e9s de travailler au CMB est que notre centre de recherche accueille votre propre projet de recherche soutenu par des financements tiers. Les programmes de financement les plus courants et leurs d\u00e9lais de mise au concours sont indiqu\u00e9s dans la liste ci-dessous.<\/p>\n<p>&nbsp;<\/p>\n<p>Il existe \u00e9galement une vaste palette d\u2019autres institutions qui financent des projets de recherche. Le CMB informe r\u00e9guli\u00e8rement ses chercheur.e.s et doctorant.e.s sur les possibilit\u00e9s de financement de projets lors de r\u00e9unions d&rsquo;\u00e9change et d&rsquo;information cibl\u00e9es.<\/p>\n<p>&nbsp;<\/p>\n<p>Vous trouverez ici le programme du semestre des r\u00e9unions d&rsquo;informations sur les financements et parcours de carri\u00e8re. Pour participer en ligne, merci de vous inscrire aupr\u00e8s de : cooperation (a) cmb.hu-berlin.de<\/p>\n<p>&nbsp;<\/p>\n            <\/div>\n              \n    <\/div>\n<\/section>\n\n\n<div class=\"wp-block-buttons has-custom-font-size has-medium-font-size is-content-justification-center is-layout-flex wp-container-core-buttons-is-layout-16018d1d wp-block-buttons-is-layout-flex\">\n<div class=\"wp-block-button is-style-outline is-style-outline--1\"><a class=\"wp-block-button__link wp-element-button\">Programme WiSe 25\/26: D\u00e9veloppement professionnel au CMB<\/a><\/div>\n<\/div>\n\n\n\n<section class=\"one-box-text-section\">\n    \n    <div class=\"box-container full\">\n                    <div class=\"text-box\">\n                <table class=\"contenttable\">\n<tbody>\n<tr>\n<td><strong>F\u00f6rderprogramm\u00a0 \u00a0 \u00a0 \u00a0 \u00a0 \u00a0 \u00a0 \u00a0 \u00a0 \u00a0 \u00a0 \u00a0 \u00a0 \u00a0 \u00a0 \u00a0 \u00a0 \u00a0 \u00a0 \u00a0 \u00a0 \u00a0 \u00a0 \u00a0 \u00a0 \u00a0\u00a0<\/strong><\/td>\n<td><strong>H\u00f6he der F\u00f6rderung\u00a0 \u00a0 \u00a0 \u00a0 \u00a0 \u00a0 \u00a0 \u00a0 \u00a0 \u00a0 \u00a0 \u00a0 \u00a0 \u00a0 \u00a0 \u00a0 \u00a0 \u00a0 \u00a0 \u00a0 \u00a0<\/strong><\/td>\n<td><strong>Laufzeit\u00a0 \u00a0 \u00a0 \u00a0 \u00a0 \u00a0 \u00a0\u00a0<\/strong><\/td>\n<td><strong>Deadline\u00a0 \u00a0 \u00a0 \u00a0 \u00a0 \u00a0 \u00a0 \u00a0 \u00a0 \u00a0 \u00a0\u00a0<\/strong><\/td>\n<\/tr>\n<tr>\n<td>ANR \u2013A\u00e0P g\u00e9n\u00e9rique<\/td>\n<td>200.000-300.000 pro Partner<\/td>\n<td>3 Jahre<\/td>\n<td>J\u00e4hrlich im Oktober<\/td>\n<\/tr>\n<tr>\n<td>ANR-DFG<\/td>\n<td>max. 900.000<\/td>\n<td>3 Jahre<\/td>\n<td>J\u00e4hrlich im M\u00e4rz<\/td>\n<\/tr>\n<tr>\n<td>DFG \u2013 Emmy Noether<\/td>\n<td>Personal- und Sachmittel f\u00fcr eine Forschungsgruppe<\/td>\n<td>6 Jahre<\/td>\n<td>fortlaufend<\/td>\n<\/tr>\n<tr>\n<td>DFG \u2013Forschungsgruppen<\/td>\n<td>Personal- und Sachmittel f\u00fcr eine gr\u00f6\u00dfere Forschungsruppe<\/td>\n<td>6-8 Jahre<\/td>\n<td>fortlaufend<\/td>\n<\/tr>\n<tr>\n<td>ERC Advanced Grant<\/td>\n<td>2,5 Mi0.<\/td>\n<td>5 Jahre<\/td>\n<td>J\u00e4hrlich im Fr\u00fchjahr<\/td>\n<\/tr>\n<tr>\n<td>ERC Consolidator Grant<\/td>\n<td>2 Mio.<\/td>\n<td>5 Jahre<\/td>\n<td>J\u00e4hrlich im Winter<\/td>\n<\/tr>\n<tr>\n<td>ERC Starting Grant<\/td>\n<td>1,5 Mio.<\/td>\n<td>5 Jahre<\/td>\n<td>J\u00e4hrlich im Herbst<\/td>\n<\/tr>\n<tr>\n<td>Fritz-Thyssen-Stiftung<\/td>\n<td>Personal- und Sachmittel<\/td>\n<td>3 Jahre<\/td>\n<td>2 x j\u00e4hrlich (Feb u. Sept.)<\/td>\n<\/tr>\n<tr>\n<td>Horizon Europe \u2013 Cluster 2, div. Calls<\/td>\n<td>2-4 Mio.<\/td>\n<td>3 Jahre<\/td>\n<td>wechselnd<\/td>\n<\/tr>\n<tr>\n<td>VW-Stiftung \u201eOpus Magnum\u201c-Vertretungsprofessur<\/td>\n<td>max. 195.000<\/td>\n<td>1,5 Jahre<\/td>\n<td>wechselnd<\/td>\n<\/tr>\n<tr>\n<td>VW-Stiftung Kooperationsprojekte<\/td>\n<td>max. 1,3 Mio.<\/td>\n<td>5 Jahre<\/td>\n<td>wechselnd<\/td>\n<\/tr>\n<tr>\n<td>VW-Stiftung Pioniervorhaben<\/td>\n<td>max. 500.000<\/td>\n<td>3 Jahre<\/td>\n<td>wechselnd<\/td>\n<\/tr>\n<\/tbody>\n<\/table>\n            <\/div>\n              \n    <\/div>\n<\/section>","protected":false},"excerpt":{"rendered":"","protected":false},"author":1,"featured_media":0,"parent":20841,"menu_order":0,"comment_status":"closed","ping_status":"closed","template":"page-modular.php","meta":{"_acf_changed":false,"footnotes":""},"class_list":["post-21256","page","type-page","status-publish","hentry"],"acf":[],"_links":{"self":[{"href":"https:\/\/cmb.hu-berlin.de\/fr\/wp-json\/wp\/v2\/pages\/21256","targetHints":{"allow":["GET"]}}],"collection":[{"href":"https:\/\/cmb.hu-berlin.de\/fr\/wp-json\/wp\/v2\/pages"}],"about":[{"href":"https:\/\/cmb.hu-berlin.de\/fr\/wp-json\/wp\/v2\/types\/page"}],"author":[{"embeddable":true,"href":"https:\/\/cmb.hu-berlin.de\/fr\/wp-json\/wp\/v2\/users\/1"}],"replies":[{"embeddable":true,"href":"https:\/\/cmb.hu-berlin.de\/fr\/wp-json\/wp\/v2\/comments?post=21256"}],"version-history":[{"count":2,"href":"https:\/\/cmb.hu-berlin.de\/fr\/wp-json\/wp\/v2\/pages\/21256\/revisions"}],"predecessor-version":[{"id":22779,"href":"https:\/\/cmb.hu-berlin.de\/fr\/wp-json\/wp\/v2\/pages\/21256\/revisions\/22779"}],"up":[{"embeddable":true,"href":"https:\/\/cmb.hu-berlin.de\/fr\/wp-json\/wp\/v2\/pages\/20841"}],"wp:attachment":[{"href":"https:\/\/cmb.hu-berlin.de\/fr\/wp-json\/wp\/v2\/media?parent=21256"}],"curies":[{"name":"wp","href":"https:\/\/api.w.org\/{rel}","templated":true}]}}