{"id":21262,"date":"2025-03-17T11:01:52","date_gmt":"2025-03-17T10:01:52","guid":{"rendered":"https:\/\/cmb.hu-berlin.de\/forschung\/carriere\/karriereberatung\/"},"modified":"2026-02-23T15:23:46","modified_gmt":"2026-02-23T14:23:46","slug":"service-orientation-professionnelle","status":"publish","type":"page","link":"https:\/\/cmb.hu-berlin.de\/fr\/forschung\/carriere\/service-orientation-professionnelle\/","title":{"rendered":"Orientation professionnelle"},"content":{"rendered":"<section class=\"header-section\">\n    <h1 class=\"block-headline\">Orientation professionnelle<\/h1>\n\n<\/section>\n\n\n\n<section class=\"one-box-text-section\">\n    \n    <div class=\"box-container cut\">\n                    <div class=\"text-box\">\n                <p>Eb 2025, le CMB a mis en place un service d&rsquo;orientation professionnelle pour les post-doctorant.es. Il r\u00e9pond ainsi \u00e0 la demande croissante d&rsquo;orientation professionnelle dans un contexte o\u00f9 les perspectives de carri\u00e8re \u00e0 long terme dans le domaine scientifique sont limit\u00e9es. Les post-doctorant.es salari\u00e9.es et les doctorant.es en phase finale peuvent b\u00e9n\u00e9ficier aupr\u00e8s de la charg\u00e9e de recherche d&rsquo;une s\u00e9rie de conseils individuels en mati\u00e8re d&rsquo;orientation professionnelle, de clarification de leur profil et d&rsquo;\u00e9laboration de strat\u00e9gies de candidature.<\/p>\n<p>&nbsp;<\/p>\n<p>Nous collaborons avec des instituts du r\u00e9seau des \u00e9tablissements de recherche extra-universitaires BR50 et de la Berlin University Alliance, mais aussi avec divers partenaires ext\u00e9rieurs au monde scientifique. Gr\u00e2ce \u00e0 ce r\u00e9seau r\u00e9gional, nous pouvons soutenir de mani\u00e8re cibl\u00e9e des chercheurs individuels, par exemple en organisant des s\u00e9minaires sur le d\u00e9veloppement des comp\u00e9tences ou sur l&rsquo;ouverture d&rsquo;options de carri\u00e8re dans des domaines scientifiques ou non scientifiques.<\/p>\n<p>&nbsp;<\/p>\n<p>Le domaine du conseil en mati\u00e8re de financement et de carri\u00e8re est coordonn\u00e9 et mis en \u0153uvre par la charg\u00e9e de recherche. Contact : alix.winter [at] cmb.hu-berlin.de<\/p>\n            <\/div>\n              \n    <\/div>\n<\/section>","protected":false},"excerpt":{"rendered":"","protected":false},"author":1,"featured_media":0,"parent":20841,"menu_order":0,"comment_status":"closed","ping_status":"closed","template":"page-modular.php","meta":{"_acf_changed":false,"footnotes":""},"class_list":["post-21262","page","type-page","status-publish","hentry"],"acf":[],"_links":{"self":[{"href":"https:\/\/cmb.hu-berlin.de\/fr\/wp-json\/wp\/v2\/pages\/21262","targetHints":{"allow":["GET"]}}],"collection":[{"href":"https:\/\/cmb.hu-berlin.de\/fr\/wp-json\/wp\/v2\/pages"}],"about":[{"href":"https:\/\/cmb.hu-berlin.de\/fr\/wp-json\/wp\/v2\/types\/page"}],"author":[{"embeddable":true,"href":"https:\/\/cmb.hu-berlin.de\/fr\/wp-json\/wp\/v2\/users\/1"}],"replies":[{"embeddable":true,"href":"https:\/\/cmb.hu-berlin.de\/fr\/wp-json\/wp\/v2\/comments?post=21262"}],"version-history":[{"count":4,"href":"https:\/\/cmb.hu-berlin.de\/fr\/wp-json\/wp\/v2\/pages\/21262\/revisions"}],"predecessor-version":[{"id":22802,"href":"https:\/\/cmb.hu-berlin.de\/fr\/wp-json\/wp\/v2\/pages\/21262\/revisions\/22802"}],"up":[{"embeddable":true,"href":"https:\/\/cmb.hu-berlin.de\/fr\/wp-json\/wp\/v2\/pages\/20841"}],"wp:attachment":[{"href":"https:\/\/cmb.hu-berlin.de\/fr\/wp-json\/wp\/v2\/media?parent=21262"}],"curies":[{"name":"wp","href":"https:\/\/api.w.org\/{rel}","templated":true}]}}