{"id":22333,"date":"2026-02-02T13:37:50","date_gmt":"2026-02-02T12:37:50","guid":{"rendered":"https:\/\/cmb.hu-berlin.de\/israel-palaestina-und-die-europaeischen-gesellschaften\/"},"modified":"2026-02-02T14:53:23","modified_gmt":"2026-02-02T13:53:23","slug":"israel-palaestina-und-die-europaeischen-gesellschaften","status":"publish","type":"page","link":"https:\/\/cmb.hu-berlin.de\/fr\/israel-palaestina-und-die-europaeischen-gesellschaften\/","title":{"rendered":"Israel, Pal\u00e4stina und die europ\u00e4ischen Gesellschaften"},"content":{"rendered":"<section class=\"header-section\">\n    <h1 class=\"block-headline\">Isra\u00ebl, Palestine et les soci\u00e9t\u00e9s europ\u00e9ennes<\/h1>\n\n<\/section>\n\n\n\t<section class=\"subheadline_section\">\n\t    <h2 class=\"block-subheadline\">Cycle de manifestations scientifiques du Centre Marc Bloch<\/h2>\n\t<\/section>\n\n\n\n<section class=\"one-box-text-section\">\n    \n    <div class=\"box-container full\">\n                    <div class=\"text-box\">\n                <p>Le 7 octobre 2023 a marqu\u00e9 le d\u00e9but d\u2019une nouvelle s\u00e9quence du conflit isra\u00e9lo-palestinien, enclenchant une escalade de violence sans pr\u00e9c\u00e9dent dans la r\u00e9gion, face \u00e0 laquelle nos soci\u00e9t\u00e9s europ\u00e9ennes se sont retrouv\u00e9es profond\u00e9ment fragment\u00e9es et d\u00e9munies. Sans surprise, notre collectif de recherche a lui aussi \u00e9t\u00e9 vivement affect\u00e9 et divis\u00e9.<\/p>\n<p>&nbsp;<\/p>\n<p>En tant que centre de recherche franco-allemand fond\u00e9 sur des valeurs de pluralisme et dialogue entre disciplines mais aussi entre chercheuses et chercheurs d\u2019horizons et de sensibilit\u00e9s diff\u00e9rents, le Centre Marc Bloch a donc souhait\u00e9 proposer, tout au long de l\u2019ann\u00e9e 2024, un cycle d\u2019\u00e9v\u00e9nements scientifiques pour \u00e9clairer certains aspects (g\u00e9o)politiques, sociaux et culturels de ce conflit et de ses r\u00e9percussions en Europe, afin que les discussions et d\u00e9saccords puissent trouver un espace d\u2019expression. Notre conviction \u00e9tait que porter un regard franco-allemand et comparatif sur ce conflit pouvait contribuer \u00e0 interroger et \u00e0 rendre intelligible les mouvements et opinions politiques auxquels les soci\u00e9t\u00e9s sont confront\u00e9es.<\/p>\n<p>&nbsp;<\/p>\n<p>La programmation a ainsi consist\u00e9 \u00e0 pr\u00e9senter les r\u00e9sultats de la recherche en sciences humaines et sociales men\u00e9e par des coll\u00e8gues situ\u00e9s principalement en France et en Allemagne mais aussi d\u2019autres chercheuses et chercheurs sur place, et directement impact\u00e9s par la guerre. Par un concours de circonstances, ce cycle a \u00e9t\u00e9 rendu possible par un financement exceptionnel octroy\u00e9 par le MESR et le CNRS, fl\u00e9ch\u00e9 sur la th\u00e9matique des conflits.<\/p>\n            <\/div>\n              \n    <\/div>\n<\/section>\n\n<div class=\"wp-block-image\">\n<figure class=\"aligncenter size-large\"><img loading=\"lazy\" decoding=\"async\" width=\"1024\" height=\"672\" src=\"https:\/\/cmb.hu-berlin.de\/wp-content\/uploads\/2026\/02\/ProgrammposterWiSe_Isreal_FR_4-1-1024x672.png\" alt=\"\" class=\"wp-image-22314\" srcset=\"https:\/\/cmb.hu-berlin.de\/wp-content\/uploads\/2026\/02\/ProgrammposterWiSe_Isreal_FR_4-1-1024x672.png 1024w, https:\/\/cmb.hu-berlin.de\/wp-content\/uploads\/2026\/02\/ProgrammposterWiSe_Isreal_FR_4-1-300x197.png 300w, https:\/\/cmb.hu-berlin.de\/wp-content\/uploads\/2026\/02\/ProgrammposterWiSe_Isreal_FR_4-1-768x504.png 768w, https:\/\/cmb.hu-berlin.de\/wp-content\/uploads\/2026\/02\/ProgrammposterWiSe_Isreal_FR_4-1-1536x1009.png 1536w, https:\/\/cmb.hu-berlin.de\/wp-content\/uploads\/2026\/02\/ProgrammposterWiSe_Isreal_FR_4-1.png 1678w\" sizes=\"auto, (max-width: 1024px) 100vw, 1024px\" \/><\/figure>\n<\/div>\n\n\n<section class=\"one-box-text-section\">\n    \n    <div class=\"box-container full\">\n                    <div class=\"text-box\">\n                <p>Nous avons choisis de reproduire ci-dessous l\u2019int\u00e9gralit\u00e9 du programme et de la trentaine d\u2019\u00e9v\u00e9nements organis\u00e9s tous formats confondus. Cette liste n\u2019est pas anecdotique. Elle t\u00e9moigne de l\u2019effort consenti pour faire intervenir des coll\u00e8gues et partenaires institutionnels d\u2019horizons diff\u00e9rents, mais surtout pour exposer une diversit\u00e9 de points de vue et de controverses. Elle est constitu\u00e9e en grande majorit\u00e9 de chercheuses et chercheurs tout en conservant un espace pour des acteurs politiques et de la soci\u00e9t\u00e9 civile, comme lors du colloque organis\u00e9 avec la fondation Genshagen en octobre 2024\u00a0 ou bien des s\u00e9ances de cin\u00e9-club.<\/p>\n<p>&nbsp;<\/p>\n<p>Ce programme t\u00e9moigne aussi de la capacit\u00e9 \u00e0 faire varier les formats de recherche: pr\u00e9sentations d\u2019ouvrages, organisation de colloques, conf\u00e9rences, table-ronde, podcasts, cin\u00e9-club, o\u00f9 chercheuses et chercheurs se sont la plupart du temps efforc\u00e9s, courageusement, de porter une analyse sur la situation actuelle, alors m\u00eame que leurs recherches ne couvraient pas n\u00e9cessairement la p\u00e9riode. En ces temps o\u00f9 les pressions s\u2019exercent de tous bords sur l\u2019universit\u00e9 et les sciences sociales, il faut saluer l\u2019engagement des intervenantes et intervenants, mais aussi du public.<\/p>\n<p>&nbsp;<\/p>\n<p>Si la participation aux diff\u00e9rentes manifestations \u00e9tait in\u00e9gale, on notera toutefois que les \u00e9pisodes de Radio Marc Bloch consacr\u00e9s au cycle Isra\u00ebl, Palestine et les soci\u00e9t\u00e9s europ\u00e9ennes, ont \u00e9t\u00e9 tr\u00e8s \u00e9cout\u00e9s. Nous avons par ailleurs saisi ce cycle comme une opportunit\u00e9 pour exp\u00e9rimenter un nouveau format de podcast\u00a0: \u00ab\u00a0Archiv\u2019 Marc Bloch\u00a0\u00bb, donnant la possibilit\u00e9 de r\u00e9\u00e9couter certaines conf\u00e9rences et de faire vivre ce cycle pour l\u2019avenir. Un choix avait par ailleurs \u00e9t\u00e9 fait en amont de rester sur une communication minimale, limit\u00e9e \u00e0 nos membres, nos tutelles et nos partenaires et rarement expos\u00e9e sur les r\u00e9seaux sociaux,\u00a0afin de garantir \u00e0 nos intervenantes et intervenants un \u00ab\u00a0<em>safe space<\/em>\u00a0\u00bb pour exposer leurs analyses.<\/p>\n<p>&nbsp;<\/p>\n<p>Certains s\u00e9minaires ont par ailleurs \u00e9t\u00e9 l\u2019occasion pour des chercheuses et chercheurs de se rencontrer et de nouer des liens qui pourront peut-\u00eatre d\u00e9boucher sur de nouveaux programmes de recherche et publications conjointes. L\u00e0 encore, le Centre Marc Bloch a \u00e9t\u00e9 dans sa mission d\u2019\u00eatre une plateforme de dialogue et d\u2019\u00e9change pour la coop\u00e9ration scientifique europ\u00e9enne et internationale.<\/p>\n<p>&nbsp;<\/p>\n<p>Ce cycle n\u2019aura \u00e9videmment pas permis de surmonter les d\u00e9saccords, mais il s\u2019est inscrit pleinement dans la mission du Centre Marc Bloch consistant \u00e0 restituer la complexit\u00e9 des ph\u00e9nom\u00e8nes sociaux dans un climat respectueux, et en r\u00e9sistant \u00e0 toute forme de simplification m\u00e9diatique et de prescription politique, face aux injonctions incessantes \u00e0 \u00ab\u00a0choisir son camp\u00a0\u00bb. Sans pr\u00e9tendre \u00e0 la (r\u00e9)conciliation, le Centre Marc Bloch a su, au travers de ce cycle, constituer un espace d\u2019expression d\u2019une pluralit\u00e9 de perspectives et de controverses scientifiques.<\/p>\n            <\/div>\n              \n    <\/div>\n<\/section>\n\n\t<section class=\"subheadline_section\">\n\t    <h2 class=\"block-subheadline\">Podcast Radio Marc Bloch<\/h2>\n\t<\/section>\n\n\n\n<iframe name=\"Ausha Podcast Player\" frameborder=\"0\" loading=\"lazy\" id=\"ausha-7mT4\" height=\"220\" style=\"border: none; width:100%; height:220px\" src=\"https:\/\/player.ausha.co\/?showId=zYGdJsV1pPdX&#038;color=%23751CBF&#038;multishow=false&#038;playlist=false&#038;dark=false&#038;t=0&#038;podcastId=Om60WhkEVwqE&#038;v=3&#038;playerId=ausha-7mT4\"><\/iframe><script src=\"https:\/\/player.ausha.co\/ausha-player.js\"><\/script>\n\n\n\n<iframe name=\"Ausha Podcast Player\" frameborder=\"0\" loading=\"lazy\" id=\"ausha-kJlh\" height=\"220\" style=\"border: none; width:100%; height:220px\" src=\"https:\/\/player.ausha.co\/?showId=zYGdJsV1pPdX&#038;color=%23751CBF&#038;multishow=false&#038;playlist=false&#038;dark=false&#038;t=0&#038;podcastId=8wmgxfqN5Zz1&#038;v=3&#038;playerId=ausha-kJlh\"><\/iframe><script src=\"https:\/\/player.ausha.co\/ausha-player.js\"><\/script>\n\n\n\n<iframe name=\"Ausha Podcast Player\" frameborder=\"0\" loading=\"lazy\" id=\"ausha-IiPI\" height=\"220\" style=\"border: none; width:100%; height:220px\" src=\"https:\/\/player.ausha.co\/?showId=zYGdJsV1pPdX&#038;color=%23751CBF&#038;multishow=false&#038;playlist=false&#038;dark=false&#038;t=0&#038;podcastId=9KVe9IenYxEK&#038;v=3&#038;playerId=ausha-IiPI\"><\/iframe><script src=\"https:\/\/player.ausha.co\/ausha-player.js\"><\/script>\n\n\n\n<iframe name=\"Ausha Podcast Player\" frameborder=\"0\" loading=\"lazy\" id=\"ausha-hNvl\" height=\"220\" style=\"border: none; width:100%; height:220px\" src=\"https:\/\/player.ausha.co\/?showId=zYGdJsV1pPdX&#038;color=%23751CBF&#038;multishow=false&#038;playlist=false&#038;dark=false&#038;t=0&#038;podcastId=2VX1NIYqDa76&#038;v=3&#038;playerId=ausha-hNvl\"><\/iframe><script src=\"https:\/\/player.ausha.co\/ausha-player.js\"><\/script>\n\n\n\t<section class=\"subheadline_section\">\n\t    <h2 class=\"block-subheadline\">Cycle de manifestations<\/h2>\n\t<\/section>\n\n\n\n<section class=\"one-box-text-section\">\n    \n    <div class=\"box-container cut\">\n                    <div class=\"text-box\">\n                <p><strong>14.02.2024 &#8211; S\u00e9minaire<\/strong> Une histoire sociale du \u00ab combat de la v\u00e9rit\u00e9 palestinienne \u00bb (M. Darwich) : production de savoir et r\u00e9volution au Centre de Recherches de l\u2019OLP (Beyrouth, 1965-1983), Candice Raymond, CNRS<\/p>\n<p>&nbsp;<\/p>\n<p><strong>5.03.2024 &#8211; Conf\u00e9rence<\/strong> Two Peoples in One Land? History, Politics, and Religion in Palestine\/ Israel, Prof. Dr. Gudrun Kr\u00e4mer, Freie Universit\u00e4t Berlin<\/p>\n<p>&nbsp;<\/p>\n<p><strong>25.03.2024 &#8211;\u00a0 Table-ronde hybride<\/strong> \u00ab\u00a0How to cover the war. The Israel-Palestine-Conflict in the German and French Media\u201d, table-ronde hybride Berlin-Paris-Tel Aviv (en coop\u00e9ration avec le CIERA, l\u2019Institut historique allemand de Paris et le DAAD \u00e0 Tel Aviv).<\/p>\n<p>&nbsp;<\/p>\n<p><strong>29.04.2024 <\/strong>&#8211; <strong>S\u00e9minaire de lectures<\/strong> \u00ab\u00a0Entre anti-discrimination et conflit politique. R\u00e9flexions sur la situation dans les universit\u00e9s et l&rsquo;enseignement sup\u00e9rieur en Allemagne\u00a0\u00bb, avec la participation de Teresa Koloma Beck (Helmut Schmidt Universit\u00e4t). S\u00e9ance pr\u00e9c\u00e9d\u00e9e d&rsquo;une pr\u00e9sentation d&rsquo;un\u00a0<strong>dossier de ressources s<\/strong><strong>cientifiques consacr\u00e9 \u00e0\u00a0l&rsquo;antis\u00e9mitisme<\/strong><\/p>\n<p>&nbsp;<\/p>\n<p><strong>15.05.2024 <\/strong>&#8211; <strong>Pr\u00e9sentation d\u2019ouvrage<\/strong> \u201cPricing Lives. The Political Art of Measurement, Oxford University Press, 2023\u201d, Ariel Colonomos (Sciences Po-CERI)<\/p>\n<p>&nbsp;<\/p>\n<p><strong>16.05.2024 &#8211; Pr\u00e9sentation d\u2019ouvrage<\/strong> \u201cArab Berlin. Dynamics of Transformation, Transcript, 2023\u201d, Hanan Badr (Salzburg Universit\u00e4t), Nahed Samour (Humboldt Universit\u00e4t)<\/p>\n<p>&nbsp;<\/p>\n<p><strong>21.05.2024 <\/strong>&#8211; <strong>Journ\u00e9e d\u2019\u00e9tudes<\/strong> \u201cResponsabilit\u00e9 historique et Staatsr\u00e4son\u201d. ArchiV Marc Bloch, , Tagung: Historische Verantwortung und deutsche Staatsr\u00e4son, 20 Mai 2024<\/p>\n<p>&nbsp;<\/p>\n<p><strong>04.06.2024 &#8211; Conf\u00e9rence<\/strong> \u201cWhy a No State Solution\u201d, Mohammad Bamyeh (Pittsburgh University)<\/p>\n<p>&nbsp;<\/p>\n<p><strong>10.06.2024<\/strong>\u00a0 <strong>Projection de film<\/strong> \u201cJocelyne Saab et la r\u00e9sistance palestinienne\u00a0\u00bb (Liban \u2013 80\u2019s)<\/p>\n<p>&nbsp;<\/p>\n<p><strong>11.06.2024 S\u00e9minaire<\/strong> \u201cJocelyne Saab, ou la cam\u00e9ra comme arme de solidarit\u00e9 internationale. Filmer la lutte des autres pour repenser son engagement politique\u201d avec Mathilde Rouxel<\/p>\n<p>&nbsp;<\/p>\n<p><strong>18.06.2024 &#8211; Workshop<\/strong> \u201cDisplacement and Exile between Europe and the Middle East\u201d, une coop\u00e9ration entre le CMB et Forum Transregionale Studien\/EUME<\/p>\n<p>&nbsp;<\/p>\n<p><strong>08.07.2024<\/strong> &#8211; <strong>Pr\u00e9sentation d\u2019ouvrage <\/strong>\u201cDes morts en guerre. R\u00e9tention des corps et figures du martyr en Palestine, Karthala, 2022\u201d, St\u00e9phanie Latte-Abdallah (CNRS)<\/p>\n<p>&nbsp;<\/p>\n<p><strong>08.07.2024 Projection de film<\/strong> \u00ab\u00a0Jaffa &#8211; La m\u00e9canique de l&rsquo;orange\u00a0\u00bb (2009)<\/p>\n<p>&nbsp;<\/p>\n<p><strong>9.10.2024 &#8211;<\/strong> <strong>Table ronde<\/strong> avec Khaled Fahmy, Leyla Dakhli, Nayera Soliman\u00a0et Esther M\u00f6ller autour du th\u00e8me \u00ab\u00a0Writing Middle Eastern History from Elsewhere\u00a0\u00bb, Forum Transregionale Studien (14h-16h) (en coop\u00e9ration avec EUME)<\/p>\n<p>&nbsp;<\/p>\n<p><strong>9.10.2024 &#8211;<\/strong>\u00a0 <strong>Conf\u00e9rence,\u00a0<\/strong>Khaled Fahmy (Tufts University), \u00ab\u00a0The History of the Egyptian Missile Project in the 1950s and 1960s\u00a0\u00bb, en coop\u00e9ration avec EUME au Forum Transregionale Studien (17h-18h30)<\/p>\n<p>&nbsp;<\/p>\n<p><strong>14.10.2024<\/strong> &#8211; <strong>Conf\u00e9rence,<\/strong>\u00a0Hanna Lerner (Tel Aviv University), \u00ab\u00a0Permissive and unpermissive constitution making: the case of Israel\u00a0\u00bb, Centre Marc Bloch, Salle Tillion (18h-20h). \u00a0Archiv\u2019 Marc Bloch, Why does Israel need a Constitution? A comparative perspective. Hanna Lerner (Tel Aviv University)<\/p>\n<p>&nbsp;<\/p>\n<p><strong>15.10.2024 &#8211;<\/strong> <strong>Discussion interne,\u00a0<\/strong>Hanna Lerner (Tel Aviv University), \u00ab\u00a0Constitution-making at a time of democratic instability: academic mobilizations for a Constituent Assembly in Israel\u00a0\u00bb, Centre Marc Bloch, Salle Tillion (14h-16h)<\/p>\n<p>&nbsp;<\/p>\n<p><strong>16.10.2024 &#8211;<\/strong> <strong>S\u00e9minaire Central,<\/strong>\u00a0Danny Trom (EHESS), \u00ab\u00a0L\u2019\u00c9tat de l\u2019exil: les Juifs, l\u2019Europe, Isra\u00ebl\u00a0\u00bb, Centre Marc Bloch, Salle Tillion (10h-12h)<\/p>\n<p>&nbsp;<\/p>\n<p><strong>17-18.10.2024 &#8211; Colloque<\/strong>\u00a0\u00ab\u00a0La d\u00e9mocratie \u00e0 l&rsquo;\u00e9preuve: l&rsquo;Europe face \u00e0 l&rsquo;antis\u00e9mitisme et au racisme\u00a0\u00bb, en partenariat avec la Fondation Genshagen (sur invitation seulement)<\/p>\n<p>&nbsp;<\/p>\n<p><strong>06.11.2024 &#8211;<\/strong> <strong>Conf\u00e9rence<\/strong>, Alain Dieckhoff (Sciences Po, CERI)\u00a0\u00ab\u00a0La soci\u00e9t\u00e9 isra\u00e9lienne en temps de guerre\u00a0\u00bb (18h-20h, salle Simmel)<\/p>\n<p>&nbsp;<\/p>\n<p><strong>15.11.2024\u00a0 <\/strong> <strong>Projection de film <\/strong>\u00ab\u00a0From Ground Zero\u00a0\u00bb (18h30, Sputnik Kino )<\/p>\n<p>&nbsp;<\/p>\n<p><strong>19.11.2024 &#8211;<\/strong> <strong>Conf\u00e9rence,<\/strong>\u00a0Ophir L\u00e9vy (Universit\u00e9 Paris VIII) et Emmanuel Ta\u00efeb (Sciences Po Lyon) \u00ab\u00a0Le conflit isra\u00e9lo-palestinien au miroir des s\u00e9ries t\u00e9l\u00e9vis\u00e9es\u00a0\u00bb (18h-20h, salle Tillion)<\/p>\n<p>&nbsp;<\/p>\n<p><strong>28.11.2024 &#8211; Pr\u00e9sentation d&rsquo;ouvrage<\/strong>, Vincent Lemire (Universit\u00e9 Gustave Eiffel), \u00ab\u00a0Histoire de J\u00e9rusalem\u00a0\u00bb, (Les Ar\u00e8nes, 2022) (18h-20h salle Simmel)<\/p>\n<p>&nbsp;<\/p>\n<p><strong>16.12.2024 &#8211; Projection de film\u00a0<\/strong> \u00ab\u00a0<u>Trauma in Nahost -Der 7. Oktober und die Folgen\u00a0\u00bb<\/u><\/p>\n<p>&nbsp;<\/p>\n<p><strong>13.01. 2025 &#8211;<\/strong> <strong>Conf\u00e9rence,\u00a0<\/strong>Val\u00e9rie Rosoux (Universit\u00e9 Catholique de Louvain), Charles Tenebaum tcb (Sciences Po Lille), Rudolf Sch\u00fc\u00dfler (Bayreuth Universit\u00e4t), \u00ab\u00a0Mediation and ethics of war in the israeli-palestinian conflict\u00a0\u00bb\u00a0 (14h-16h salle Tillion)<\/p>\n<h3><\/h3>\n<p>&nbsp;<\/p>\n<p>&nbsp;<\/p>\n<p>&nbsp;<\/p>\n<p>&nbsp;<\/p>\n            <\/div>\n              \n    <\/div>\n<\/section>","protected":false},"excerpt":{"rendered":"","protected":false},"author":2,"featured_media":0,"parent":0,"menu_order":0,"comment_status":"closed","ping_status":"closed","template":"page-modular.php","meta":{"_acf_changed":false,"footnotes":""},"class_list":["post-22333","page","type-page","status-publish","hentry"],"acf":[],"_links":{"self":[{"href":"https:\/\/cmb.hu-berlin.de\/fr\/wp-json\/wp\/v2\/pages\/22333","targetHints":{"allow":["GET"]}}],"collection":[{"href":"https:\/\/cmb.hu-berlin.de\/fr\/wp-json\/wp\/v2\/pages"}],"about":[{"href":"https:\/\/cmb.hu-berlin.de\/fr\/wp-json\/wp\/v2\/types\/page"}],"author":[{"embeddable":true,"href":"https:\/\/cmb.hu-berlin.de\/fr\/wp-json\/wp\/v2\/users\/2"}],"replies":[{"embeddable":true,"href":"https:\/\/cmb.hu-berlin.de\/fr\/wp-json\/wp\/v2\/comments?post=22333"}],"version-history":[{"count":5,"href":"https:\/\/cmb.hu-berlin.de\/fr\/wp-json\/wp\/v2\/pages\/22333\/revisions"}],"predecessor-version":[{"id":22343,"href":"https:\/\/cmb.hu-berlin.de\/fr\/wp-json\/wp\/v2\/pages\/22333\/revisions\/22343"}],"wp:attachment":[{"href":"https:\/\/cmb.hu-berlin.de\/fr\/wp-json\/wp\/v2\/media?parent=22333"}],"curies":[{"name":"wp","href":"https:\/\/api.w.org\/{rel}","templated":true}]}}