{"id":23988,"date":"2026-02-17T10:07:07","date_gmt":"2026-02-17T09:07:07","guid":{"rendered":"https:\/\/cmb.hu-berlin.de\/?page_id=23988"},"modified":"2026-04-07T17:27:28","modified_gmt":"2026-04-07T15:27:28","slug":"evenements-passes","status":"publish","type":"page","link":"https:\/\/cmb.hu-berlin.de\/fr\/evenements-passes\/","title":{"rendered":"\u00e9v\u00e9nements pass\u00e9s"},"content":{"rendered":"\n<p id=\"tw-target-text\"><\/p>\n","protected":false},"excerpt":{"rendered":"","protected":false},"author":1,"featured_media":0,"parent":0,"menu_order":0,"comment_status":"closed","ping_status":"closed","template":"page-veranstaltungen-past.php","meta":{"_acf_changed":false,"footnotes":""},"class_list":["post-23988","page","type-page","status-publish","hentry"],"acf":[],"_links":{"self":[{"href":"https:\/\/cmb.hu-berlin.de\/fr\/wp-json\/wp\/v2\/pages\/23988","targetHints":{"allow":["GET"]}}],"collection":[{"href":"https:\/\/cmb.hu-berlin.de\/fr\/wp-json\/wp\/v2\/pages"}],"about":[{"href":"https:\/\/cmb.hu-berlin.de\/fr\/wp-json\/wp\/v2\/types\/page"}],"author":[{"embeddable":true,"href":"https:\/\/cmb.hu-berlin.de\/fr\/wp-json\/wp\/v2\/users\/1"}],"replies":[{"embeddable":true,"href":"https:\/\/cmb.hu-berlin.de\/fr\/wp-json\/wp\/v2\/comments?post=23988"}],"version-history":[{"count":1,"href":"https:\/\/cmb.hu-berlin.de\/fr\/wp-json\/wp\/v2\/pages\/23988\/revisions"}],"predecessor-version":[{"id":23989,"href":"https:\/\/cmb.hu-berlin.de\/fr\/wp-json\/wp\/v2\/pages\/23988\/revisions\/23989"}],"wp:attachment":[{"href":"https:\/\/cmb.hu-berlin.de\/fr\/wp-json\/wp\/v2\/media?parent=23988"}],"curies":[{"name":"wp","href":"https:\/\/api.w.org\/{rel}","templated":true}]}}