{"id":24314,"date":"2026-04-16T10:50:40","date_gmt":"2026-04-16T08:50:40","guid":{"rendered":"https:\/\/cmb.hu-berlin.de\/ki-am-cmb\/"},"modified":"2026-04-27T11:38:15","modified_gmt":"2026-04-27T09:38:15","slug":"ki-am-cmb","status":"publish","type":"page","link":"https:\/\/cmb.hu-berlin.de\/fr\/ki-am-cmb\/","title":{"rendered":"KI am CMB"},"content":{"rendered":"<section class=\"header-section\">\n    <h1 class=\"block-headline\">Intelligence artificiel au CMB<\/h1>\n\n<\/section>\n\n\n\t<section class=\"subheadline_section\">\n\t    <h2 class=\"block-subheadline\">Ce que l&#039;intelligence artificielle fait aux sciences humaines et sociales \u2013 et ce que les sciences humaines et sociales en font.<\/h2>\n\t<\/section>\n\n\n\n<section class=\"one-box-text-section\">\n    \n    <div class=\"box-container cut\">\n                    <div class=\"text-box\">\n                <p>\u201eDie Fragen, die wir an die Vergangenheit stellen, werden von unseren gegenw\u00e4rtigen Anliegen bestimmt.\u201c (Marc Bloch)<\/p>\n<p>Cette s\u00e9rie de manifestations comprend des <strong>ateliers pratiques<\/strong> destin\u00e9s aux chercheurs et au personnel du Centre Marc Bloch, ainsi que des <strong>s\u00e9minaires<\/strong> ouverts \u00e0 un large public, qui proposent une r\u00e9flexion critique sur l&rsquo;impact de l&rsquo;IA sur la recherche en sciences humaines et sociales.<\/p>\n<p>L&rsquo;ensemble de la s\u00e9rie se d\u00e9roulera en format hybride.<\/p>\n            <\/div>\n              \n    <\/div>\n<\/section>\n\n\n<div class=\"wp-block-columns is-layout-flex wp-container-core-columns-is-layout-9d6595d7 wp-block-columns-is-layout-flex\">\n<div class=\"wp-block-column is-layout-flow wp-block-column-is-layout-flow\">\t<section class=\"subheadline_section\">\n\t    <h2 class=\"block-subheadline\">S\u00e9minaires de r\u00e9flexion<\/h2>\n\t<\/section>\n\n\n\n<section class=\"cmb-block cmb-block--events-list\">\n      <div class=\"event-list\"><!-- matches former template wrapper -->\n              <a href=\"https:\/\/cmb.hu-berlin.de\/fr\/events\/comment-fonctionne-lia-comprendre-avant-dutiliser-ou-de-refuser\/\" class=\"event-link event-item\">\n          <div class=\"event-image\">\n                          <img decoding=\"async\" width=\"218\" height=\"300\" src=\"https:\/\/cmb.hu-berlin.de\/wp-content\/uploads\/2026\/04\/kopf_freigestellt-218x300.jpg\" class=\"attachment-medium size-medium wp-post-image\" alt=\"\" loading=\"lazy\" srcset=\"https:\/\/cmb.hu-berlin.de\/wp-content\/uploads\/2026\/04\/kopf_freigestellt-218x300.jpg 218w, https:\/\/cmb.hu-berlin.de\/wp-content\/uploads\/2026\/04\/kopf_freigestellt.jpg 712w\" sizes=\"auto, (max-width: 218px) 100vw, 218px\" \/>                      <\/div>\n\n          <div class=\"event-content\">\n            <div class=\"event-date\">\n                              <p>11.05.2026<\/p>\n                                  <p>18:00<\/p>\n                                          <\/div>\n\n            <div class=\"event-title-wrapper\">\n              <h3 class=\"event-title\">Comment fonctionne l&rsquo;IA ?  Comprendre avant d&rsquo;utiliser (ou de refuser)<\/h3>\n                              <p class=\"event-subtitle\">Anne Baillot (DARIAH) und Luis Sattelmeyer (CMB)<\/p>\n                          <\/div>\n\n            <div class=\"event-more-wrapper\">\n                              <p class=\"event-categories\">IA au CMB &#8211; s\u00e9minaire<\/p>\n              \n                              <p class=\"event-venue\">\n                  <svg id=\"venue_icon\" xmlns=\"http:\/\/www.w3.org\/2000\/svg\" viewBox=\"0 0 43.47 43.47\" aria-hidden=\"true\" focusable=\"false\">\n                    <path d=\"M21.73,3c10.33,0,18.73,8.4,18.73,18.73s-8.4,18.73-18.73,18.73S3,32.07,3,21.73,11.4,3,21.73,3M21.73,0C9.73,0,0,9.73,0,21.73s9.73,21.73,21.73,21.73,21.73-9.73,21.73-21.73S33.74,0,21.73,0h0Z\"\/>\n                    <circle cx=\"21.73\" cy=\"21.73\" r=\"10.25\"\/>\n                  <\/svg>\n                  Centre Marc Bloch, salle Germaine Tillion                <\/p>\n                          <\/div>\n          <\/div>\n        <\/a>\n              <a href=\"https:\/\/cmb.hu-berlin.de\/fr\/events\/ki-fragen-von-umwelt-ethik-und-verantwortung\/\" class=\"event-link event-item\">\n          <div class=\"event-image\">\n                          <img decoding=\"async\" width=\"218\" height=\"300\" src=\"https:\/\/cmb.hu-berlin.de\/wp-content\/uploads\/2026\/04\/kopf_freigestellt-218x300.jpg\" class=\"attachment-medium size-medium wp-post-image\" alt=\"\" loading=\"lazy\" srcset=\"https:\/\/cmb.hu-berlin.de\/wp-content\/uploads\/2026\/04\/kopf_freigestellt-218x300.jpg 218w, https:\/\/cmb.hu-berlin.de\/wp-content\/uploads\/2026\/04\/kopf_freigestellt.jpg 712w\" sizes=\"auto, (max-width: 218px) 100vw, 218px\" \/>                      <\/div>\n\n          <div class=\"event-content\">\n            <div class=\"event-date\">\n                              <p>3.06.2026<\/p>\n                                  <p>18:00<\/p>\n                                          <\/div>\n\n            <div class=\"event-title-wrapper\">\n              <h3 class=\"event-title\">KI: Fragen von Umwelt, Ethik und Verantwortung<\/h3>\n                              <p class=\"event-subtitle\">Rainer Rehak (Weizenbauminsitut)<\/p>\n                          <\/div>\n\n            <div class=\"event-more-wrapper\">\n                              <p class=\"event-categories\">IA au CMB &#8211; s\u00e9minaire<\/p>\n              \n                              <p class=\"event-venue\">\n                  <svg id=\"venue_icon\" xmlns=\"http:\/\/www.w3.org\/2000\/svg\" viewBox=\"0 0 43.47 43.47\" aria-hidden=\"true\" focusable=\"false\">\n                    <path d=\"M21.73,3c10.33,0,18.73,8.4,18.73,18.73s-8.4,18.73-18.73,18.73S3,32.07,3,21.73,11.4,3,21.73,3M21.73,0C9.73,0,0,9.73,0,21.73s9.73,21.73,21.73,21.73,21.73-9.73,21.73-21.73S33.74,0,21.73,0h0Z\"\/>\n                    <circle cx=\"21.73\" cy=\"21.73\" r=\"10.25\"\/>\n                  <\/svg>\n                  Centre Marc Bloch, salle Germaine Tillion                <\/p>\n                          <\/div>\n          <\/div>\n        <\/a>\n              <a href=\"https:\/\/cmb.hu-berlin.de\/fr\/events\/revolution-oder-evolution\/\" class=\"event-link event-item\">\n          <div class=\"event-image\">\n                          <img decoding=\"async\" width=\"218\" height=\"300\" src=\"https:\/\/cmb.hu-berlin.de\/wp-content\/uploads\/2026\/04\/kopf_freigestellt-1-218x300.jpg\" class=\"attachment-medium size-medium wp-post-image\" alt=\"\" loading=\"lazy\" srcset=\"https:\/\/cmb.hu-berlin.de\/wp-content\/uploads\/2026\/04\/kopf_freigestellt-1-218x300.jpg 218w, https:\/\/cmb.hu-berlin.de\/wp-content\/uploads\/2026\/04\/kopf_freigestellt-1.jpg 712w\" sizes=\"auto, (max-width: 218px) 100vw, 218px\" \/>                      <\/div>\n\n          <div class=\"event-content\">\n            <div class=\"event-date\">\n                              <p>6.07.2026<\/p>\n                                  <p>18:00<\/p>\n                                          <\/div>\n\n            <div class=\"event-title-wrapper\">\n              <h3 class=\"event-title\">Revolution oder Evolution?<\/h3>\n                              <p class=\"event-subtitle\">Thorsten Hiltmann (Humboldt-Universit\u00e4t)<\/p>\n                          <\/div>\n\n            <div class=\"event-more-wrapper\">\n                              <p class=\"event-categories\">IA au CMB &#8211; s\u00e9minaire<\/p>\n              \n                              <p class=\"event-venue\">\n                  <svg id=\"venue_icon\" xmlns=\"http:\/\/www.w3.org\/2000\/svg\" viewBox=\"0 0 43.47 43.47\" aria-hidden=\"true\" focusable=\"false\">\n                    <path d=\"M21.73,3c10.33,0,18.73,8.4,18.73,18.73s-8.4,18.73-18.73,18.73S3,32.07,3,21.73,11.4,3,21.73,3M21.73,0C9.73,0,0,9.73,0,21.73s9.73,21.73,21.73,21.73,21.73-9.73,21.73-21.73S33.74,0,21.73,0h0Z\"\/>\n                    <circle cx=\"21.73\" cy=\"21.73\" r=\"10.25\"\/>\n                  <\/svg>\n                  Centre Marc Bloch, salle Germaine Tillion                <\/p>\n                          <\/div>\n          <\/div>\n        <\/a>\n          <\/div>\n  <\/section><\/div>\n\n\n\n<div class=\"wp-block-column is-layout-flow wp-block-column-is-layout-flow\">\t<section class=\"subheadline_section\">\n\t    <h2 class=\"block-subheadline\">Ateliers pratiques<\/h2>\n\t<\/section>\n\n\n\n<section class=\"cmb-block cmb-block--events-list\">\n      <div class=\"event-list\"><!-- matches former template wrapper -->\n              <a href=\"https:\/\/cmb.hu-berlin.de\/fr\/events\/prompter-avec-raison-comment-formuler-une-demande-et-quand-sarreter\/\" class=\"event-link event-item\">\n          <div class=\"event-image\">\n                          <img decoding=\"async\" width=\"218\" height=\"300\" src=\"https:\/\/cmb.hu-berlin.de\/wp-content\/uploads\/2026\/04\/kopf_freigestellt-218x300.jpg\" class=\"attachment-medium size-medium wp-post-image\" alt=\"\" loading=\"lazy\" srcset=\"https:\/\/cmb.hu-berlin.de\/wp-content\/uploads\/2026\/04\/kopf_freigestellt-218x300.jpg 218w, https:\/\/cmb.hu-berlin.de\/wp-content\/uploads\/2026\/04\/kopf_freigestellt.jpg 712w\" sizes=\"auto, (max-width: 218px) 100vw, 218px\" \/>                      <\/div>\n\n          <div class=\"event-content\">\n            <div class=\"event-date\">\n                              <p>12.05.2026<\/p>\n                                  <p>12:00<\/p>\n                                          <\/div>\n\n            <div class=\"event-title-wrapper\">\n              <h3 class=\"event-title\">Prompter avec raison : comment formuler une demande&#8230; et quand s&rsquo;arr\u00eater ?<\/h3>\n                              <p class=\"event-subtitle\">Luis Sattelmeyer (CMB)<\/p>\n                          <\/div>\n\n            <div class=\"event-more-wrapper\">\n                              <p class=\"event-categories\">IA au CMB \u2013 atelier<\/p>\n              \n                              <p class=\"event-venue\">\n                  <svg id=\"venue_icon\" xmlns=\"http:\/\/www.w3.org\/2000\/svg\" viewBox=\"0 0 43.47 43.47\" aria-hidden=\"true\" focusable=\"false\">\n                    <path d=\"M21.73,3c10.33,0,18.73,8.4,18.73,18.73s-8.4,18.73-18.73,18.73S3,32.07,3,21.73,11.4,3,21.73,3M21.73,0C9.73,0,0,9.73,0,21.73s9.73,21.73,21.73,21.73,21.73-9.73,21.73-21.73S33.74,0,21.73,0h0Z\"\/>\n                    <circle cx=\"21.73\" cy=\"21.73\" r=\"10.25\"\/>\n                  <\/svg>\n                  Centre Marc Bloch, salle Germaine Tillion                <\/p>\n                          <\/div>\n          <\/div>\n        <\/a>\n              <a href=\"https:\/\/cmb.hu-berlin.de\/fr\/events\/arbeitsorganisation-als-persoenliches-wissennetz-zettelkasten-prinzip-nach-luhmann-und-obsidian\/\" class=\"event-link event-item\">\n          <div class=\"event-image\">\n                          <img decoding=\"async\" src=\"https:\/\/cmb.hu-berlin.de\/wp-content\/themes\/cmb\/assets\/images\/fallback-event.jpg\" alt=\"Event Image\">\n                      <\/div>\n\n          <div class=\"event-content\">\n            <div class=\"event-date\">\n                              <p>2.06.2026<\/p>\n                                  <p>12:00<\/p>\n                                          <\/div>\n\n            <div class=\"event-title-wrapper\">\n              <h3 class=\"event-title\">Arbeitsorganisation als pers\u00f6nliches Wissennetz. Zettelkasten-Prinzip nach Luhmann und Obsidian<\/h3>\n                              <p class=\"event-subtitle\">Mit Lennart Vincent Schmidt (ZZF, CMB)<\/p>\n                          <\/div>\n\n            <div class=\"event-more-wrapper\">\n                              <p class=\"event-categories\">IA au CMB \u2013 atelier<\/p>\n              \n                              <p class=\"event-venue\">\n                  <svg id=\"venue_icon\" xmlns=\"http:\/\/www.w3.org\/2000\/svg\" viewBox=\"0 0 43.47 43.47\" aria-hidden=\"true\" focusable=\"false\">\n                    <path d=\"M21.73,3c10.33,0,18.73,8.4,18.73,18.73s-8.4,18.73-18.73,18.73S3,32.07,3,21.73,11.4,3,21.73,3M21.73,0C9.73,0,0,9.73,0,21.73s9.73,21.73,21.73,21.73,21.73-9.73,21.73-21.73S33.74,0,21.73,0h0Z\"\/>\n                    <circle cx=\"21.73\" cy=\"21.73\" r=\"10.25\"\/>\n                  <\/svg>\n                  Centre Marc Bloch, salle Georg Simmel                <\/p>\n                          <\/div>\n          <\/div>\n        <\/a>\n              <a href=\"https:\/\/cmb.hu-berlin.de\/fr\/events\/wie-kann-man-ki-fuer-bewerbungen-benutzen\/\" class=\"event-link event-item\">\n          <div class=\"event-image\">\n                          <img decoding=\"async\" width=\"218\" height=\"300\" src=\"https:\/\/cmb.hu-berlin.de\/wp-content\/uploads\/2026\/04\/kopf_freigestellt-218x300.jpg\" class=\"attachment-medium size-medium wp-post-image\" alt=\"\" loading=\"lazy\" srcset=\"https:\/\/cmb.hu-berlin.de\/wp-content\/uploads\/2026\/04\/kopf_freigestellt-218x300.jpg 218w, https:\/\/cmb.hu-berlin.de\/wp-content\/uploads\/2026\/04\/kopf_freigestellt.jpg 712w\" sizes=\"auto, (max-width: 218px) 100vw, 218px\" \/>                      <\/div>\n\n          <div class=\"event-content\">\n            <div class=\"event-date\">\n                              <p>29.06.2026<\/p>\n                                  <p>12:00<\/p>\n                                          <\/div>\n\n            <div class=\"event-title-wrapper\">\n              <h3 class=\"event-title\">Wie kann man KI f\u00fcr Bewerbungen benutzen?<\/h3>\n                              <p class=\"event-subtitle\">Alix Winter (CMB) &amp; Katrin Hoffmann (ZOiS)<\/p>\n                          <\/div>\n\n            <div class=\"event-more-wrapper\">\n                              <p class=\"event-categories\">IA au CMB \u2013 atelier<\/p>\n              \n                              <p class=\"event-venue\">\n                  <svg id=\"venue_icon\" xmlns=\"http:\/\/www.w3.org\/2000\/svg\" viewBox=\"0 0 43.47 43.47\" aria-hidden=\"true\" focusable=\"false\">\n                    <path d=\"M21.73,3c10.33,0,18.73,8.4,18.73,18.73s-8.4,18.73-18.73,18.73S3,32.07,3,21.73,11.4,3,21.73,3M21.73,0C9.73,0,0,9.73,0,21.73s9.73,21.73,21.73,21.73,21.73-9.73,21.73-21.73S33.74,0,21.73,0h0Z\"\/>\n                    <circle cx=\"21.73\" cy=\"21.73\" r=\"10.25\"\/>\n                  <\/svg>\n                  Centre Marc Bloch, salle Georg Simmel                <\/p>\n                          <\/div>\n          <\/div>\n        <\/a>\n          <\/div>\n  <\/section><\/div>\n<\/div>\n\n\n\n<section class=\"one-box-text-section\">\n            <h3 class=\"section-headline\">\u00e9v\u00e9nements pass\u00e9s<\/h3>\n    \n    <div class=\"box-container cut\">\n              \n    <\/div>\n<\/section>\n\n\n<section class=\"cmb-block cmb-block--events-list\">\n      <p class=\"events-list__empty\">No events found for this selection.<\/p>\n  <\/section>","protected":false},"excerpt":{"rendered":"","protected":false},"author":2,"featured_media":0,"parent":0,"menu_order":0,"comment_status":"closed","ping_status":"closed","template":"page-modular.php","meta":{"_acf_changed":false,"footnotes":""},"class_list":["post-24314","page","type-page","status-publish","hentry"],"acf":[],"_links":{"self":[{"href":"https:\/\/cmb.hu-berlin.de\/fr\/wp-json\/wp\/v2\/pages\/24314","targetHints":{"allow":["GET"]}}],"collection":[{"href":"https:\/\/cmb.hu-berlin.de\/fr\/wp-json\/wp\/v2\/pages"}],"about":[{"href":"https:\/\/cmb.hu-berlin.de\/fr\/wp-json\/wp\/v2\/types\/page"}],"author":[{"embeddable":true,"href":"https:\/\/cmb.hu-berlin.de\/fr\/wp-json\/wp\/v2\/users\/2"}],"replies":[{"embeddable":true,"href":"https:\/\/cmb.hu-berlin.de\/fr\/wp-json\/wp\/v2\/comments?post=24314"}],"version-history":[{"count":18,"href":"https:\/\/cmb.hu-berlin.de\/fr\/wp-json\/wp\/v2\/pages\/24314\/revisions"}],"predecessor-version":[{"id":24731,"href":"https:\/\/cmb.hu-berlin.de\/fr\/wp-json\/wp\/v2\/pages\/24314\/revisions\/24731"}],"wp:attachment":[{"href":"https:\/\/cmb.hu-berlin.de\/fr\/wp-json\/wp\/v2\/media?parent=24314"}],"curies":[{"name":"wp","href":"https:\/\/api.w.org\/{rel}","templated":true}]}}