{"id":24395,"date":"2026-04-17T08:17:22","date_gmt":"2026-04-17T06:17:22","guid":{"rendered":"https:\/\/cmb.hu-berlin.de\/ringvorlesung-80-jahre-danach\/"},"modified":"2026-04-17T10:06:00","modified_gmt":"2026-04-17T08:06:00","slug":"ringvorlesung-80-jahre-danach","status":"publish","type":"page","link":"https:\/\/cmb.hu-berlin.de\/fr\/ringvorlesung-80-jahre-danach\/","title":{"rendered":"80 ans apr\u00e8s&#8230;"},"content":{"rendered":"<section class=\"header-section\">\n    <h1 class=\"block-headline\">Cycle de conf\u00e9rences &quot;80 ans apr\u00e8s&#8230;&quot;<\/h1>\n\n<\/section>\n\n\n\t<section class=\"subheadline_section\">\n\t    <h2 class=\"block-subheadline\">\u00ab Les questions que nous posons au pass\u00e9 sont dict\u00e9es par nos pr\u00e9occupations pr\u00e9sentes&quot; (Marc Bloch)<\/h2>\n\t<\/section>\n\n\n\n<section class=\"one-box-text-section\">\n    \n    <div class=\"box-container cut\">\n                    <div class=\"text-box\">\n                <p>Le cycle de conf\u00e9rences propose une r\u00e9flexion interdisciplinaire sur l\u2019h\u00e9ritage de l\u2019ordre mondial n\u00e9 en 1945, \u00e0 un moment o\u00f9 ses fondements juridiques, politiques et moraux sont profond\u00e9ment remis en question. Chaque s\u00e9ance adopte une d\u00e9marche r\u00e9gressive, partant des enjeux contemporains \u2013 conflits, justice internationale, recompositions g\u00e9opolitiques, m\u00e9moires en tension, etc. \u2013 pour interroger ce qu\u2019il reste aujourd\u2019hui de 1945. Inspir\u00e9e par la m\u00e9thode de Marc Bloch, cette approche invite \u00e0 croiser les regards de l\u2019histoire, du droit, de la science politique ou encore de la sociologie notamment, sur un espace europ\u00e9en en mutation contrainte.<\/p>\n<p>Le pass\u00e9 peut-il encore nous aider \u00e0 comrpendre le monde dans lequel nous vivions\u00a0?<\/p>\n<p>Notre pr\u00e9sent nous permet-il de mieux estimer le legs des temps\u00a0?<\/p>\n            <\/div>\n              \n    <\/div>\n<\/section>\n\n\n<section class=\"cmb-block cmb-block--events-list\">\n      <div class=\"event-list\"><!-- matches former template wrapper -->\n              <a href=\"https:\/\/cmb.hu-berlin.de\/fr\/events\/voelkerstrafrecht-1945-2026-zwischen-norm-politik-und-praxis\/\" class=\"event-link event-item\">\n          <div class=\"event-image\">\n                          <img decoding=\"async\" src=\"https:\/\/cmb.hu-berlin.de\/wp-content\/themes\/cmb\/assets\/images\/fallback-event.jpg\" alt=\"Event Image\">\n                      <\/div>\n\n          <div class=\"event-content\">\n            <div class=\"event-date\">\n                              <p>4.05.2026<\/p>\n                                  <p>18:00<\/p>\n                                          <\/div>\n\n            <div class=\"event-title-wrapper\">\n              <h3 class=\"event-title\">Droit p\u00e9nal international 1945 \/2026 : entre normes, politique et pratiques<\/h3>\n                              <p class=\"event-subtitle\">Annette Weinke (Friedrich-Schiller-Universit\u00e4t Jena), Alexander Schwarz (European Center for Constitutional and Human Rights e.V., ECCHR), Mathias Delori (Sciences Po \/ CERI)<\/p>\n                          <\/div>\n\n            <div class=\"event-more-wrapper\">\n                              <p class=\"event-categories\">80 ans apr\u00e8s<\/p>\n              \n                          <\/div>\n          <\/div>\n        <\/a>\n          <\/div>\n  <\/section>","protected":false},"excerpt":{"rendered":"","protected":false},"author":3,"featured_media":0,"parent":0,"menu_order":0,"comment_status":"closed","ping_status":"closed","template":"page-modular.php","meta":{"_acf_changed":false,"footnotes":""},"class_list":["post-24395","page","type-page","status-publish","hentry"],"acf":[],"_links":{"self":[{"href":"https:\/\/cmb.hu-berlin.de\/fr\/wp-json\/wp\/v2\/pages\/24395","targetHints":{"allow":["GET"]}}],"collection":[{"href":"https:\/\/cmb.hu-berlin.de\/fr\/wp-json\/wp\/v2\/pages"}],"about":[{"href":"https:\/\/cmb.hu-berlin.de\/fr\/wp-json\/wp\/v2\/types\/page"}],"author":[{"embeddable":true,"href":"https:\/\/cmb.hu-berlin.de\/fr\/wp-json\/wp\/v2\/users\/3"}],"replies":[{"embeddable":true,"href":"https:\/\/cmb.hu-berlin.de\/fr\/wp-json\/wp\/v2\/comments?post=24395"}],"version-history":[{"count":5,"href":"https:\/\/cmb.hu-berlin.de\/fr\/wp-json\/wp\/v2\/pages\/24395\/revisions"}],"predecessor-version":[{"id":24403,"href":"https:\/\/cmb.hu-berlin.de\/fr\/wp-json\/wp\/v2\/pages\/24395\/revisions\/24403"}],"wp:attachment":[{"href":"https:\/\/cmb.hu-berlin.de\/fr\/wp-json\/wp\/v2\/media?parent=24395"}],"curies":[{"name":"wp","href":"https:\/\/api.w.org\/{rel}","templated":true}]}}