{"id":24857,"date":"2025-01-02T22:41:23","date_gmt":"2025-01-02T21:41:23","guid":{"rendered":"https:\/\/cmb.hu-berlin.de\/datenschutz\/"},"modified":"2026-04-30T13:01:25","modified_gmt":"2026-04-30T11:01:25","slug":"datenschutz","status":"publish","type":"page","link":"https:\/\/cmb.hu-berlin.de\/fr\/datenschutz\/","title":{"rendered":"Datenschutz"},"content":{"rendered":"\n<section class=\"one-box-text-section\">\n            <h3 class=\"section-headline\">Datenschutz<\/h3>\n    \n    <div class=\"box-container full\">\n                    <div class=\"text-box\">\n                <p>Stand: 08.10.2025<\/p>\n<p>Das Centre Marc Bloch e.V. beachtet die Vorschriften der Datenschutz-Grundverordnung des Bundesdatenschutz- und Telemediengesetzes. Die folgenden Informationen beschreiben wie personenbezogene Daten der Nutzerinnen und Nutzer der Website des Centre Marc Bloch e.V. verarbeitet werden.<\/p>\n<p>Kontaktdaten der Verantwortlichen<\/p>\n<p>Verantwortlich f\u00fcr die Verarbeitung Ihrer personenbezogenen Daten gem\u00e4\u00df den datenschutzrechtlichen Bestimmungen ist:<\/p>\n<p>Centre Marc Bloch e.V.<br \/>\nFriedrichstra\u00dfe 191<br \/>\nD-10117 Berlin<\/p>\n<p>datenschutz(at)cmb.hu-berlin.de<\/p>\n<p>Die Einhaltung der geltenden Datenschutzvorschriften wird \u00fcberwacht durch den Datenschutzbeauftragten des Instituts, namentlich:<\/p>\n<p>Dr. Aur\u00e9lie Denoyer<\/p>\n<p>Centre Marc Bloch e.V.<br \/>\nFriedrichstrasse 191<\/p>\n<p>D-10117 Berlin<br \/>\n+49 30 20 93 70 703<\/p>\n<p>&nbsp;<\/p>\n<p>Allgemeine Informationen zur Datenverarbeitung<\/p>\n<p>Erstellung von Logfiles<\/p>\n<p>Beim Besuch der Website des Centre Marc Bloch e.V. sendet Ihr Browser automatisch Informationen an den Webserver des Centre Marc Bloch e.V.. Diese werden in sogenannten \u201eLogfiles\u201c gespeichert und f\u00fcr einen Zeitraum von zwei Monaten aufbewahrt und danach gel\u00f6scht. Wir ben\u00f6tigen und verarbeiten diese Informationen ausschlie\u00dflich um einen reibungslose Bereitstellung der Website zu gew\u00e4hrleisten und gegebenenfalls technische Probleme beheben zu k\u00f6nnen. Folgende Daten werden in den Logfiles vor\u00fcbergehend gespeichert:<\/p>\n<p>Datum und Uhrzeit des Aufrufs<br \/>\nIhre IP-Adresse<br \/>\nDatum und Uhrzeit Ihres Zugriffs auf die Seite<br \/>\nAdresse der aufgerufenen Seite<br \/>\nAdresse der zuvor besuchten Webseite (Referrer), sofern diese auf uns verlinkte<br \/>\nName und Version Ihres Browsers\/Betriebssystems (sofern \u00fcbertragen)<\/p>\n<p>Webanalyse<\/p>\n<p>Das Centre Marc Bloch e.V. nutzt das Open-Source-Werkzeug Matomo (ehemals Piwik) zur statistischen Auswertung der Nutzung der Website des Centre Marc Bloch e.V.. Mithilfe von Cookies und JavaScript werden verschiedene Informationen auf Ihrem Computer gesammelt und an den Webserver des Centre Marc Bloch e.V. \u00fcbertragen. Folgende Informationen werden hierbei gesammelt und gespeichert:<\/p>\n<p>IP-Adresse, durch Verk\u00fcrzen anonymisiert<br \/>\nZwei Matomo-Cookies zur Unterscheidung verschiedener Besucher<br \/>\nZuvor besuchte URL (Referrer), sofern diese auf uns verlinkte<br \/>\nName und Version des Betriebssystems<br \/>\nName, Version und Spracheinstellung des Browsers<\/p>\n<p>Die statistische Auswertung dieser Daten ist im Ergebnis anonym. Das Centre Marc Bloch e.V. verwendet die IP-Adressen nicht, um Besucherinnen und Besucher zu identifizieren.<br \/>\nSie k\u00f6nnen der \u00dcbertragung dieser Daten mithilfe des unten stehenden Opt-Out Links widersprechen.<\/p>\n<p>Verwendung von Cookies<\/p>\n<p>Beim Besuch der Website des Centre Marc Bloch e.V. werden kleine Textdateien, sogenannte Cookies, in Ihrem Browser abgelegt. Beim Login in die Internen Webseiten des Centre Marc Bloch e.V. wird ein sogenanntes Sitzungs-Cookie erstellt, damit Sie f\u00fcr die Dauer der Browser-Sitzung auf unserer Website angemeldet bleiben k\u00f6nnen. Weiterhin legt der vom Centre Marc Bloch e.V. genutzte Webanalysedienst Matomo (s.o.) ebenfalls Cookies in Ihrem Browser ab.<\/p>\n<p>Zur Verbesserung der Qualit\u00e4t der Website des Centre Marc Bloch e.V. werden zudem externe Dienste genutzt, f\u00fcr die weitere Cookies in Ihrem Browser erstellt werden k\u00f6nnen. Die vom Centre Marc Bloch e.V. genutzten externen Dienste sind:<\/p>\n<p>YouTube<br \/>\nOpenStreetMap<\/p>\n<p>Sie k\u00f6nnen Ihren Browser so einstellen, dass dieser Sie \u00fcber das Setzen von Cookies informiert und Ihnen die M\u00f6glichkeit gibt, \u00fcber die Annahme oder den Ausschluss von einzelnen Cookies f\u00fcr Ihre Browser-Session zu entscheiden.<\/p>\n<p>Newsletter<\/p>\n<p>Das CMB informiert interessierte Personen \u00fcber 16 Jahren in regelm\u00e4\u00dfigen Abst\u00e4nden auf dem Wege eines Newsletters \u00fcber die Arbeit des Instituts. Welche personenbezogenen Daten bei der Bestellung des Newsletters an den f\u00fcr die Verarbeitung Verantwortlichen \u00fcbermittelt werden, ergibt sich aus der E-Mail Anfrage.<\/p>\n<p>Der Newsletter des CMB kann von der betroffenen Person grunds\u00e4tzlich nur dann empfangen werden, wenn (1) die betroffene Person \u00fcber eine g\u00fcltige E-Mail-Adresse verf\u00fcgt und (2) die betroffene Person sich f\u00fcr den Newsletter-Versand registriert.<\/p>\n<p>Die im Rahmen einer Anmeldung zum Newsletter erhobenen personenbezogenen Daten werden zum Versand des Newsletters und zum Versand von Informationen bez\u00fcglich der wichtigsten wissenschaftlichen Veranstaltungen des CMB verwendet. Ein Tracking \u00fcber sog. Z\u00e4hlpixel findet nicht statt. Es erfolgt keine Weitergabe der im Rahmen des Newsletter-Dienstes erhobenen personenbezogenen Daten an Dritte. Das Abonnement des Newsletters kann durch die betroffene Person jederzeit gek\u00fcndigt werden, am einfachsten per Antwortmail an die Versand-Adresse des Newsletters. Die Einwilligung in die Speicherung personenbezogener Daten (Name, Email), die die betroffene Person dem CMB f\u00fcr den Newsletter-Versand erteilt hat, kann jederzeit widerrufen werden. Alle f\u00fcr den Newsletterversand erhobenen Daten werden unmittelbar nach einer Abmeldung gel\u00f6scht.<\/p>\n<p>&nbsp;<\/p>\n<p>Externe Anbieter<\/p>\n<p>YouTube<\/p>\n<p>Zum Anzeigen und Abspielen von Videos auf der Website des Centre Marc Bloch e.V. verwendet das Centre Marc Bloch e.V. Video-Einbettungen des Videoportals \u201eYouTube\u201c (YouTube LLC., 901 Cherry Ave., 94066 San Bruno, CA), einem Unternehmen der Google LLC., 1600 Amphitheater Parkway, Mountain View, CA 94043 USA. Die YouTube-Einbettungen erkennen Sie an dem YouTube-Logo auf den betroffenen Seiten.<\/p>\n<p>F\u00fcr die auf den Webseiten des Centre Marc Bloch e.V. genutzten YouTube Einbettungen ist der \u201eerweiterete Datenschutzmodus\u201c aktiviert. Hierbei wird auf die Erfassung des Nutzerverhaltens mithilfe von Cookies durch YouTube verzichtet.<\/p>\n<p>Beim Aufrufen einer Seite mit einer YouTube-Einbettung, wird eine Verbindung zwischen Ihrem Browser und den YouTube-Servern hergestellt. Das Centre Marc Bloch e.V. hat keinen Einfluss auf diese Verbindungen und die Weiterverarbeitung Ihrer Daten durch die YouTube LLC.<\/p>\n<p>Wenn Sie ein YouTube-Benutzerkonto haben und nicht m\u00f6chten, dass YouTube \u00fcber diese Website Daten \u00fcber Sie sammelt und mit Ihren bei YouTube gespeicherten Mitgliedsdaten verkn\u00fcpft, m\u00fcssen Sie sich vor Ihrem Besuch dieser Website bei YouTube ausloggen. Weitere Informationen zum Umgang von YouTube mit Ihren Daten erhalten Sie in der Datenschutzerkl\u00e4rung von Google:<\/p>\n<p>policies.google.com\/privacy.<\/p>\n<p>Open Street Map<\/p>\n<p>Zur Darstellung einer Kartenansicht auf der Kontakt-Seite der Website des Centre Marc Bloch e.V., wird der Karten-Dienst OpenStreetMap (OpenStreetMap Foundation, 132 Maney Hill Road, Sutton Coldfield, West Midlands B72 1JU, United Kingdom), verwendet. Zur Darstellung der Karte stellt Ihr Browser eine Verbindung zu den OSMF-Servern her. Das Centre Marc Bloch e.V. hat keinen Einfluss auf diese Verbindungen und die Weiterverarbeitung Ihrer Daten durch die OSMF. Weitere Informationen zum Umgang der OSMF mit Ihren Daten erhalten Sie in der Datenschutzerkl\u00e4rung der OSMF:<\/p>\n<p>wiki.osmfoundation.org\/wiki\/Privacy_Policy<\/p>\n<p>Datensicherheit<\/p>\n<p>Um die Sicherheit Ihrer Daten w\u00e4hrend der \u00dcbertragung zwischen Ihrem Browser und dem Web-Server des Centre Marc Bloch e.V. zu sch\u00fctzen, verwenden wir dem aktuellen Stand der Technik entsprechende Verschl\u00fcsselungsverfahren. Hierzu geh\u00f6rt unter anderem die Verwendung des SSL-Protokolls (Secure Socket Layer).<\/p>\n<p>Links zu externen Websites<\/p>\n<p>Die Website des Centre Marc Bloch e.V. enth\u00e4lt Links zu Websites von anderen, mit uns nicht verbundenen Anbietern. Sollten durch das Klicken dieser Links Daten an Dritte \u00fcbertragen werden, so kann das Centre Marc Bloch e.V. hierauf keinen Einfluss nehmen und haftet hierf\u00fcr nicht.<\/p>\n<p>Ihre Rechte<\/p>\n<p>Als Betroffene haben Sie folgende Rechte:<\/p>\n<p>in dem dort bezeichneten Umfang Auskunft \u00fcber Ihre von uns verarbeiteten personenbezogenen Daten zu verlangen (Art. 15 DSGVO);<br \/>\nunverz\u00fcglich die Berichtigung unrichtiger oder Vervollst\u00e4ndigung Ihrer bei uns gespeicherten personenbezogenen Daten zu verlangen (Art. 16 DSGVO);<br \/>\ndie L\u00f6schung Ihrer bei uns gespeicherten personenbezogenen Daten zu verlangen (Art. 17 DSGVO);<br \/>\ndie Einschr\u00e4nkung der Verarbeitung Ihrer personenbezogenen Daten zu verlangen (Art. 18 DSGVO );<br \/>\nIhre personenbezogenen Daten, die Sie uns bereitgestellt haben, in einem strukturierten, g\u00e4ngigen und maschinenlesebaren Format zu erhalten oder die \u00dcbermittlung an einen anderen Verantwortlichen zu verlangen (Art. 20 DSGVO);<br \/>\nsich bei einer Aufsichtsbeh\u00f6rde zu beschweren (Art. 77 DSGVO).<\/p>\n<p>Bei Fragen zur Erhebung, Verarbeitung oder Nutzung Ihrer personenbezogenen Daten sowie f\u00fcr Ausk\u00fcnfte, Berichtigung, Einschr\u00e4nkung der Verarbeitung oder L\u00f6schung von Daten wenden Sie sich bitte jederzeit per E-Mail an datenschutz(at)cmb.hu-berlin.de.<\/p>\n<p>\u00c4nderung unserer Datenschutzbestimmungen<\/p>\n<p>Wir behalten uns das Recht vor, diese Datenschutzerkl\u00e4rung jederzeit mit Wirkung f\u00fcr die Zukunft anzupassen. Eine aktuelle Version der Datenschutzrichtlinien des Centre Marc Bloch e.V. ist auf der Website einsehbar.<\/p>\n            <\/div>\n              \n    <\/div>\n<\/section>","protected":false},"excerpt":{"rendered":"","protected":false},"author":1,"featured_media":0,"parent":0,"menu_order":0,"comment_status":"closed","ping_status":"closed","template":"page-modular.php","meta":{"_acf_changed":false,"footnotes":""},"class_list":["post-24857","page","type-page","status-publish","hentry"],"acf":[],"_links":{"self":[{"href":"https:\/\/cmb.hu-berlin.de\/fr\/wp-json\/wp\/v2\/pages\/24857","targetHints":{"allow":["GET"]}}],"collection":[{"href":"https:\/\/cmb.hu-berlin.de\/fr\/wp-json\/wp\/v2\/pages"}],"about":[{"href":"https:\/\/cmb.hu-berlin.de\/fr\/wp-json\/wp\/v2\/types\/page"}],"author":[{"embeddable":true,"href":"https:\/\/cmb.hu-berlin.de\/fr\/wp-json\/wp\/v2\/users\/1"}],"replies":[{"embeddable":true,"href":"https:\/\/cmb.hu-berlin.de\/fr\/wp-json\/wp\/v2\/comments?post=24857"}],"version-history":[{"count":3,"href":"https:\/\/cmb.hu-berlin.de\/fr\/wp-json\/wp\/v2\/pages\/24857\/revisions"}],"predecessor-version":[{"id":24882,"href":"https:\/\/cmb.hu-berlin.de\/fr\/wp-json\/wp\/v2\/pages\/24857\/revisions\/24882"}],"wp:attachment":[{"href":"https:\/\/cmb.hu-berlin.de\/fr\/wp-json\/wp\/v2\/media?parent=24857"}],"curies":[{"name":"wp","href":"https:\/\/api.w.org\/{rel}","templated":true}]}}