{"id":24870,"date":"2025-01-02T22:40:59","date_gmt":"2025-01-02T21:40:59","guid":{"rendered":"https:\/\/cmb.hu-berlin.de\/impressum\/"},"modified":"2026-04-30T13:26:54","modified_gmt":"2026-04-30T11:26:54","slug":"impressum","status":"publish","type":"page","link":"https:\/\/cmb.hu-berlin.de\/fr\/impressum\/","title":{"rendered":"Impressum"},"content":{"rendered":"\n<section class=\"one-box-text-section\">\n    \n    <div class=\"box-container cut\">\n                    <div class=\"text-box\">\n                <p><strong>Centre Marc Bloch e.V.<\/strong><\/p>\n<p>Friedrichstra\u00dfe 191<br \/>\nD-10117 Berlin<\/p>\n<p>T\u00e9l. +49(0) 30 \/ 20 93 70700 ou 70707<br \/>\nFax +49(0) 30 \/ 20 93 70701<\/p>\n<hr \/>\n<p><strong>Forme juridique :<\/strong><\/p>\n<p>Centre Marc Bloch \u2013 Centre franco-allemand de recherche en sciences humaines et sociales \u2013 association d\u00e9clar\u00e9e bas\u00e9e \u00e0 Berlin. Enregistr\u00e9 au Amtsgericht de Charlottenburg (VR 3437 2B)<br \/>\nUMIFRE-MAE-CNRS N\u00b014 (Unit\u00e9 Mixte des Instituts Fran\u00e7ais de Recherche \u00e0 l\u2019Etranger) et UAR-CNRS 3130 (Unit\u00e9 de Service et de Recherche)<\/p>\n<p><strong>Repr\u00e9sentant l\u00e9gal :<\/strong><\/p>\n<p>Jay Rowell, directeur du Centre Marc Bloch<\/p>\n<p><strong>Charg\u00e9s de la communication scientifique :<\/strong><br \/>\nCamille Colleu &amp; Philon Griesel :\u00a0<a href=\"mailto:vas@cmb.hu-berlin.de\" data-cke-saved-href=\"mailto:vas@cmb.hu-berlin.de\"><span class=\"emailAddress selectable\">communication@cmb.hu-berlin.de<\/span><\/a><\/p>\n<p><strong>Conception du site Internet\u00a0:<\/strong><\/p>\n<p>Camille Colleu, Philon Griesel, Aur\u00e9lie Denoyer, Jens Ludewig<\/p>\n<p><strong>Design du site Internet\u00a0:<\/strong><\/p>\n<p>Jens Ludewig<\/p>\n<p><strong>D\u00e9veloppeurs du site Internet\u00a0:<\/strong><\/p>\n<p>Jens Ludewig \u2013 Studio Bens<br \/>\n<a title=\"Link zur Website von PORTACHTZIG\" href=\"https:\/\/www.portachtzig.com\" data-cke-saved-href=\"https:\/\/www.portachtzig.com\">studio-bens.com<\/a><\/p>\n<hr \/>\n<p><strong>Avertissement<\/strong><\/p>\n<p>Les informations pr\u00e9sentes sur ce site Internet ont valeur d\u2019indications. Bien que la traduction des textes officiels ainsi que la v\u00e9rification des contenus et des informations soient r\u00e9alis\u00e9es avec le plus grand soin, le Centre Marc Bloch d\u00e9cline toute responsabilit\u00e9 quant \u00e0 l\u2019exactitude des textes publi\u00e9s.<\/p>\n<p>De nombreux liens redirigeant vers des sources officielles fran\u00e7aises ou \u00e9trang\u00e8res sont disponibles sur les diverses pages du site afin de permettre au lecteur\/\u00e0 la lectrice d\u2019acc\u00e9der plus facilement \u00e0 ces sources. Le Centre d\u00e9cline \u00e9galement toute responsabilit\u00e9 concernant le contenu et la forme de ces sources, dont seuls les op\u00e9rateurs des sites concern\u00e9s sont responsables.<\/p>\n<hr \/>\n            <\/div>\n              \n    <\/div>\n<\/section>","protected":false},"excerpt":{"rendered":"","protected":false},"author":1,"featured_media":0,"parent":0,"menu_order":0,"comment_status":"closed","ping_status":"closed","template":"page-modular.php","meta":{"_acf_changed":false,"footnotes":""},"class_list":["post-24870","page","type-page","status-publish","hentry"],"acf":[],"_links":{"self":[{"href":"https:\/\/cmb.hu-berlin.de\/fr\/wp-json\/wp\/v2\/pages\/24870","targetHints":{"allow":["GET"]}}],"collection":[{"href":"https:\/\/cmb.hu-berlin.de\/fr\/wp-json\/wp\/v2\/pages"}],"about":[{"href":"https:\/\/cmb.hu-berlin.de\/fr\/wp-json\/wp\/v2\/types\/page"}],"author":[{"embeddable":true,"href":"https:\/\/cmb.hu-berlin.de\/fr\/wp-json\/wp\/v2\/users\/1"}],"replies":[{"embeddable":true,"href":"https:\/\/cmb.hu-berlin.de\/fr\/wp-json\/wp\/v2\/comments?post=24870"}],"version-history":[{"count":1,"href":"https:\/\/cmb.hu-berlin.de\/fr\/wp-json\/wp\/v2\/pages\/24870\/revisions"}],"predecessor-version":[{"id":24873,"href":"https:\/\/cmb.hu-berlin.de\/fr\/wp-json\/wp\/v2\/pages\/24870\/revisions\/24873"}],"wp:attachment":[{"href":"https:\/\/cmb.hu-berlin.de\/fr\/wp-json\/wp\/v2\/media?parent=24870"}],"curies":[{"name":"wp","href":"https:\/\/api.w.org\/{rel}","templated":true}]}}